{"id":84,"date":"2022-05-19T06:20:39","date_gmt":"2022-05-19T06:20:39","guid":{"rendered":"http:\/\/kugundua.eu\/?page_id=84"},"modified":"2026-03-28T13:50:33","modified_gmt":"2026-03-28T13:50:33","slug":"boedapest","status":"publish","type":"page","link":"https:\/\/kugundua.eu\/pl_pl\/miasta-wegry\/co-zobaczyc-w-budapeszcie\/","title":{"rendered":"Budapeszt"},"content":{"rendered":"<div data-colibri-id=\"84-c1\" class=\"style-1099 style-local-84-c1 position-relative\">\n  <!---->\n  <div data-colibri-component=\"section\" data-colibri-id=\"84-c2\" id=\"content\" class=\"h-section h-section-global-spacing d-flex align-items-lg-center align-items-md-center align-items-center style-1100 style-local-84-c2 position-relative\">\n    <!---->\n    <!---->\n    <div class=\"h-section-grid-container h-section-boxed-container\">\n      <div data-colibri-id=\"84-c22\" class=\"h-row-container gutters-row-lg-2 gutters-row-md-2 gutters-row-2 gutters-row-v-lg-2 gutters-row-v-md-2 gutters-row-v-2 style-1112 style-local-84-c22 position-relative\">\n        <!---->\n        <div class=\"h-row justify-content-lg-center justify-content-md-center justify-content-center align-items-lg-stretch align-items-md-stretch align-items-stretch gutters-col-lg-2 gutters-col-md-2 gutters-col-2 gutters-col-v-lg-2 gutters-col-v-md-2 gutters-col-v-2\">\n          <!---->\n          <div class=\"h-column h-column-container d-flex h-col-lg-auto h-col-md-auto h-col-auto style-1113-outer style-local-84-c23-outer\">\n            <div data-colibri-id=\"84-c23\" class=\"d-flex h-flex-basis h-column__inner h-px-lg-2 h-px-md-2 h-px-2 v-inner-lg-2 v-inner-md-2 v-inner-2 style-1113 style-local-84-c23 position-relative\">\n              <!---->\n              <!---->\n              <div class=\"w-100 h-y-container h-column__content h-column__v-align flex-basis-100 align-self-lg-start align-self-md-start align-self-start\">\n                <!---->\n                <div data-colibri-id=\"84-c24\" class=\"h-global-transition-all h-heading style-1114 style-local-84-c24 position-relative h-element\">\n                  <!---->\n                  <div class=\"h-heading__outer style-1114 style-local-84-c24\">\n                    <!---->\n                    <!---->\n                    <h2 class=\"\">Budapeszt<\/h2>\n                  <\/div>\n                <\/div>\n                <div data-colibri-id=\"84-c25\" class=\"h-lead h-text h-text-component style-1115 style-local-84-c25 position-relative h-element\">\n                  <!---->\n                  <!---->\n                  <div class=\"\">\n                    <p>Budapeszt le\u017cy po obu stronach Dunaju. W 1873 roku Buda i \u00d3buda po zachodniej stronie Dunaju zosta\u0142y po\u0142\u0105czone z Pesztem po wschodniej stronie Dunaju, tworz\u0105c miasto, kt\u00f3re znamy dzisiaj. Miasto liczy 1,7 miliona mieszka\u0144c\u00f3w.&nbsp;<\/p>\n                  <\/div>\n                <\/div>\n              <\/div>\n            <\/div>\n          <\/div>\n        <\/div>\n      <\/div>\n      <div data-colibri-id=\"84-c3\" class=\"h-row-container gutters-row-lg-2 gutters-row-md-2 gutters-row-2 gutters-row-v-lg-2 gutters-row-v-md-2 gutters-row-v-2 style-1101 style-local-84-c3 position-relative\">\n        <!---->\n        <div class=\"h-row justify-content-lg-center justify-content-md-center justify-content-center align-items-lg-stretch align-items-md-stretch align-items-stretch gutters-col-lg-2 gutters-col-md-2 gutters-col-2 gutters-col-v-lg-2 gutters-col-v-md-2 gutters-col-v-2\">\n          <!---->\n          <div class=\"h-column h-column-container d-flex h-col-lg-auto h-col-md-auto h-col-auto style-1102-outer style-local-84-c4-outer\">\n            <div data-colibri-id=\"84-c4\" class=\"d-flex h-flex-basis h-column__inner h-px-lg-0 h-px-md-0 h-px-0 v-inner-lg-0 v-inner-md-0 v-inner-0 style-1102 style-local-84-c4 position-relative\">\n              <!---->\n              <!---->\n              <div class=\"w-100 h-y-container h-column__content h-column__v-align flex-basis-100 align-self-lg-start align-self-md-start align-self-start\">\n                <!---->\n                <div data-colibri-id=\"84-c5\" class=\"h-row-container gutters-row-lg-2 gutters-row-md-2 gutters-row-2 gutters-row-v-lg-2 gutters-row-v-md-2 gutters-row-v-2 style-1103 style-local-84-c5 position-relative\">\n                  <!---->\n                  <div class=\"h-row justify-content-lg-center justify-content-md-center justify-content-center align-items-lg-stretch align-items-md-stretch align-items-stretch gutters-col-lg-2 gutters-col-md-2 gutters-col-2 gutters-col-v-lg-2 gutters-col-v-md-2 gutters-col-v-2\">\n                    <!---->\n                    <div class=\"h-column h-column-container d-flex h-col-lg-auto h-col-md-auto h-col-auto style-1104-outer style-local-84-c6-outer\">\n                      <div data-colibri-id=\"84-c6\" class=\"d-flex h-flex-basis h-column__inner h-px-lg-0 h-px-md-0 h-px-0 v-inner-lg-0 v-inner-md-0 v-inner-0 style-1104 style-local-84-c6 position-relative\">\n                        <!---->\n                        <!---->\n                        <div class=\"w-100 h-y-container h-column__content h-column__v-align flex-basis-100 align-self-lg-center align-self-md-center align-self-center\">\n                          <!---->\n                          <div data-colibri-id=\"84-c7\" class=\"h-text h-text-component style-1106 style-local-84-c7 position-relative h-element\">\n                            <!---->\n                            <!---->\n                            <div class=\"\">\n                              <p>W\u0119gierski budynek parlamentu znajduje si\u0119 w pi\u0119knej lokalizacji nad Dunajem. Jest to trzeci co do wielko\u015bci budynek parlamentu w Europie. Budynek parlamentu z pewno\u015bci\u0105 warto odwiedzi\u0107 zar\u00f3wno noc\u0105, jak i wewn\u0105trz.&nbsp;\n                                <br>\n                                <br>Po drugiej stronie Dunaju, naprzeciwko budynku parlamentu, znajduje si\u0119 Bastion Rybaka. Zosta\u0142 zbudowany na cze\u015b\u0107 1000-lecia W\u0119gier. St\u0105d rozci\u0105ga si\u0119 pi\u0119kny widok na Peszt.&nbsp;\n                                <br>\n                                <br>Na Wzg\u00f3rzu Zamkowym, gdzie znajduje si\u0119 Bastion Rybaka, znajduje si\u0119 Ko\u015bci\u00f3\u0142 Macieja z pi\u0119knymi witra\u017cami, wyj\u0105tkow\u0105 posadzk\u0105 i wspania\u0142ymi obrazami. Zamek Buda, podobnie jak Bastion Rybaka i Ko\u015bci\u00f3\u0142 Macieja, znajduje si\u0119 po stronie Buda miasta. W tym starym pa\u0142acu kr\u00f3lewskim znajduje si\u0119 W\u0119gierska Galeria Narodowa, narodowa Biblioteka Szechenyiego oraz Budapeszte\u0144skie Muzeum Historyczne.<\/p>\n                              <p>&nbsp;<\/p>\n                              <p>\n                                <br>\n                              <\/p>\n                            <\/div>\n                          <\/div>\n                        <\/div>\n                      <\/div>\n                    <\/div>\n                    <div class=\"h-column h-column-container d-flex h-col-lg-auto h-col-md-auto h-col-auto style-1107-outer style-local-84-c8-outer\">\n                      <div data-colibri-id=\"84-c8\" class=\"d-flex h-flex-basis h-column__inner h-ui-empty-state-container h-px-lg-0 h-px-md-0 h-px-0 v-inner-lg-0 v-inner-md-0 v-inner-0 style-1107 style-local-84-c8 position-relative\">\n                        <!---->\n                        <!---->\n                        <div class=\"w-100 h-y-container h-column__content h-column__v-align flex-basis-100\">\n                          <!---->\n                        <\/div>\n                      <\/div>\n                    <\/div>\n                  <\/div>\n                <\/div>\n                <div data-colibri-id=\"84-c9\" class=\"h-row-container gutters-row-lg-2 gutters-row-md-2 gutters-row-2 gutters-row-v-lg-2 gutters-row-v-md-2 gutters-row-v-2 style-1103 style-local-84-c9 position-relative\">\n                  <!---->\n                  <div class=\"h-row justify-content-lg-center justify-content-md-center justify-content-center align-items-lg-stretch align-items-md-stretch align-items-stretch gutters-col-lg-2 gutters-col-md-2 gutters-col-2 gutters-col-v-lg-2 gutters-col-v-md-2 gutters-col-v-2\">\n                    <!---->\n                    <div class=\"h-column h-column-container d-flex h-col-lg-auto h-col-md-auto h-col-auto style-1108-outer style-local-84-c10-outer\">\n                      <div data-colibri-id=\"84-c10\" class=\"d-flex h-flex-basis h-column__inner h-ui-empty-state-container h-px-lg-0 h-px-md-0 h-px-0 v-inner-lg-0 v-inner-md-0 v-inner-0 style-1108 style-local-84-c10 position-relative\">\n                        <!---->\n                        <!---->\n                        <div class=\"w-100 h-y-container h-column__content h-column__v-align flex-basis-100\">\n                          <!---->\n                        <\/div>\n                      <\/div>\n                    <\/div>\n                    <div class=\"h-column h-column-container d-flex h-col-lg-auto h-col-md-auto h-col-auto style-1104-outer style-local-84-c11-outer\">\n                      <div data-colibri-id=\"84-c11\" class=\"d-flex h-flex-basis h-column__inner h-px-lg-0 h-px-md-0 h-px-0 v-inner-lg-0 v-inner-md-0 v-inner-0 style-1104 style-local-84-c11 position-relative\">\n                        <!---->\n                        <!---->\n                        <div class=\"w-100 h-y-container h-column__content h-column__v-align flex-basis-100 align-self-lg-center align-self-md-center align-self-center\">\n                          <!---->\n                          <div data-colibri-id=\"84-c12\" class=\"h-text h-text-component style-1106 style-local-84-c12 position-relative h-element\">\n                            <!---->\n                            <!---->\n                            <div class=\"\">\n                              <p>Wyspa Ma\u0142gorzaty to park wyspowy po\u015brodku Dunaju. Tutaj mo\u017cna zrelaksowa\u0107 si\u0119 po d\u0142ugim spacerze, urz\u0105dzi\u0107 piknik lub kontynuowa\u0107 spacer po parku. Najbardziej znan\u0105 atrakcj\u0105 w parku jest fontanna muzyczna, kt\u00f3ra gra przez 15 minut ka\u017cdej pe\u0142nej godziny, a o 21:00 daje godzinny, fantastyczny pokaz.&nbsp;<\/p>\n                              <p>\n                                <br>\n                              <\/p>\n                            <\/div>\n                          <\/div>\n                        <\/div>\n                      <\/div>\n                    <\/div>\n                  <\/div>\n                <\/div>\n                <div data-colibri-id=\"84-c13\" class=\"h-row-container gutters-row-lg-2 gutters-row-md-2 gutters-row-2 gutters-row-v-lg-2 gutters-row-v-md-2 gutters-row-v-2 style-1103 style-local-84-c13 position-relative\">\n                  <!---->\n                  <div class=\"h-row justify-content-lg-center justify-content-md-center justify-content-center align-items-lg-stretch align-items-md-stretch align-items-stretch gutters-col-lg-2 gutters-col-md-2 gutters-col-2 gutters-col-v-lg-2 gutters-col-v-md-2 gutters-col-v-2\">\n                    <!---->\n                    <div class=\"h-column h-column-container d-flex h-col-lg-auto h-col-md-auto h-col-auto style-1104-outer style-local-84-c14-outer\">\n                      <div data-colibri-id=\"84-c14\" class=\"d-flex h-flex-basis h-column__inner h-px-lg-0 h-px-md-0 h-px-0 v-inner-lg-0 v-inner-md-0 v-inner-0 style-1104 style-local-84-c14 position-relative\">\n                        <!---->\n                        <!---->\n                        <div class=\"w-100 h-y-container h-column__content h-column__v-align flex-basis-100 align-self-lg-center align-self-md-center align-self-center\">\n                          <!---->\n                          <div data-colibri-id=\"84-c15\" class=\"h-text h-text-component style-1106 style-local-84-c15 position-relative h-element\">\n                            <!---->\n                            <!---->\n                            <div class=\"\">\n                              <p>\n                                <br>\n                              <\/p>\n                              <p>\n                                <br>\n                              <\/p>\n                              <p>Bazylika \u015bw. Stefana to najwi\u0119kszy ko\u015bci\u00f3\u0142 w Budapeszcie, po\u0142o\u017cony na pi\u0119knym placu po stronie Pesztu nad Dunajem. W tym ko\u015bciele znajduje si\u0119 wa\u017cna relikwia: r\u0119ka kr\u00f3la Stefana, pierwszego kr\u00f3la W\u0119gier. Wie\u017ca ko\u015bcielna r\u00f3wnie\u017c jest dost\u0119pna do wspinaczki i oferuje pi\u0119kny widok na to wspania\u0142e miasto.&nbsp;\n                                <br>\n                                <br>Most \u0141a\u0144cuchowy \u0142\u0105czy Bud\u0119 i Peszt, a przeprawa jest warta uwagi zar\u00f3wno w ci\u0105gu dnia, jak i w nocy. Wielka Hala Targowa to jedna z najpi\u0119kniejszych hal targowych w Europie. Mo\u017cna tu przyjemnie spacerowa\u0107. Za Placem Bohater\u00f3w znajduje si\u0119 V\u00e1rosliget, park miejski Budapesztu. W tym parku znajduje si\u0119 zamek Vajdahunyad, ogr\u00f3d zoologiczny i k\u0105pielisko Sz\u00e9chenyi. Jest te\u017c ma\u0142e jezioro, gdzie mo\u017cna wypo\u017cyczy\u0107 \u0142\u00f3dki. Zim\u0105 zmienia si\u0119 ono w lodowisko.&nbsp;<\/p>\n                              <p>\n                                <br>\n                              <\/p>\n                            <\/div>\n                          <\/div>\n                        <\/div>\n                      <\/div>\n                    <\/div>\n                    <div class=\"h-column h-column-container d-flex h-col-lg-auto h-col-md-auto h-col-auto style-1111-outer style-local-84-c16-outer\">\n                      <div data-colibri-id=\"84-c16\" class=\"d-flex h-flex-basis h-column__inner h-ui-empty-state-container h-px-lg-0 h-px-md-0 h-px-0 v-inner-lg-0 v-inner-md-0 v-inner-0 style-1111 style-local-84-c16 position-relative\">\n                        <!---->\n                        <!---->\n                        <div class=\"w-100 h-y-container h-column__content h-column__v-align flex-basis-100\">\n                          <!---->\n                        <\/div>\n                      <\/div>\n                    <\/div>\n                  <\/div>\n                <\/div>\n              <\/div>\n            <\/div>\n          <\/div>\n        <\/div>\n      <\/div>\n      <div data-colibri-id=\"84-c17\" class=\"h-row-container gutters-row-lg-2 gutters-row-md-2 gutters-row-0 gutters-row-v-lg-2 gutters-row-v-md-2 gutters-row-v-2 style-1119 style-local-84-c17 position-relative\">\n        <!---->\n        <div class=\"h-row justify-content-lg-center justify-content-md-center justify-content-center align-items-lg-stretch align-items-md-stretch align-items-stretch gutters-col-lg-2 gutters-col-md-2 gutters-col-0 gutters-col-v-lg-2 gutters-col-v-md-2 gutters-col-v-2\">\n          <!---->\n          <div class=\"h-column h-column-container d-flex h-col-lg-auto h-col-md-auto h-col-auto style-1120-outer style-local-84-c18-outer\">\n            <div data-colibri-id=\"84-c18\" class=\"d-flex h-flex-basis h-column__inner h-px-lg-2 h-px-md-2 h-px-2 v-inner-lg-2 v-inner-md-2 v-inner-2 style-1120 style-local-84-c18 position-relative\">\n              <!---->\n              <!---->\n              <div class=\"w-100 h-y-container h-column__content h-column__v-align flex-basis-100 align-self-lg-start align-self-md-start align-self-start\">\n                <!---->\n                <div data-colibri-id=\"84-c19\" class=\"h-text h-text-component style-1121 style-local-84-c19 position-relative h-element\">\n                  <!---->\n                  <!---->\n                  <div class=\"\">\n                    <p>Plac Bohater\u00f3w zosta\u0142 zbudowany z okazji tysi\u0105clecia W\u0119gier i jest najwi\u0119kszym placem w Budapeszcie. W \u015brodku placu stoi Pomnik Tysi\u0105clecia, kt\u00f3ry upami\u0119tnia histori\u0119 W\u0119gier oraz siedem plemion, kt\u00f3re za\u0142o\u017cy\u0142y W\u0119gry.&nbsp;<\/p>\n                    <p>Dodatkowo w Budapeszcie jest wiele innych atrakcji, a tak\u017ce mn\u00f3stwo kawiarenek, w kt\u00f3rych mo\u017cna delektowa\u0107 si\u0119 pyszn\u0105 przek\u0105sk\u0105 i napojem.&nbsp;<\/p>\n                    <p>\n                      <br>\n                    <\/p>\n                  <\/div>\n                <\/div>\n                <div data-colibri-id=\"84-c20\" class=\"h-x-container style-1124 style-local-84-c20 position-relative h-element\">\n                  <!---->\n                  <div class=\"h-x-container-inner style-dynamic-84-c20-group style-1124-spacing style-local-84-c20-spacing\"><span class=\"h-button__outer style-650-outer style-local-84-c21-outer d-inline-flex h-element\"><a h-use-smooth-scroll=\"true\" href=\"https:\/\/welovebudapest.com\"  data-colibri-id=\"84-c21\" class=\"d-flex w-100 align-items-center h-button justify-content-lg-center justify-content-md-center justify-content-center style-650 style-local-84-c21 position-relative\"><!----><!----> <span>Strona internetowa<\/span><\/a>\n                    <\/span>\n                  <\/div>\n                <\/div>\n              <\/div>\n            <\/div>\n          <\/div>\n        <\/div>\n      <\/div>\n    <\/div>\n  <\/div>\n<\/div>","protected":false},"excerpt":{"rendered":"<p>Boedapest Boedapest is gelegen aan weerszijde van de Donau. In 1873 werden Boeda en \u00d3buda aan de Westerlijke oever van de Donau met Pest aan de Oostelijke oever van de Donau, de stad die het nu is. De stad telt 1,7 miljoen inwoners.&nbsp; Het Hongaars parlementsgebouw ligt op een prachtige plek aan de Donau. Het [&hellip;]<\/p>\n","protected":false},"author":1,"featured_media":0,"parent":126,"menu_order":2,"comment_status":"closed","ping_status":"closed","template":"page-templates\/full-width-page.php","meta":{"footnotes":""},"class_list":["post-84","page","type-page","status-publish","hentry"],"yoast_head":"<!-- This site is optimized with the Yoast SEO plugin v27.5 - https:\/\/yoast.com\/product\/yoast-seo-wordpress\/ -->\n<title>Boedapest<\/title>\n<meta name=\"description\" content=\"Boedapest is de hoofdstad van Hongarije en is ongeveer 5 kwartier rijden vanaf de camping. Een dagje Boedapest is zeker een aanrader.\" \/>\n<meta name=\"robots\" content=\"index, follow, max-snippet:-1, max-image-preview:large, max-video-preview:-1\" \/>\n<link rel=\"canonical\" href=\"https:\/\/kugundua.eu\/pl_pl\/miasta-wegry\/co-zobaczyc-w-budapeszcie\/\" \/>\n<meta property=\"og:locale\" content=\"pl_PL\" \/>\n<meta property=\"og:type\" content=\"article\" \/>\n<meta property=\"og:title\" content=\"Boedapest\" \/>\n<meta property=\"og:description\" content=\"Boedapest is de hoofdstad van Hongarije en is ongeveer 5 kwartier rijden vanaf de camping. Een dagje Boedapest is zeker een aanrader.\" \/>\n<meta property=\"og:url\" content=\"https:\/\/kugundua.eu\/pl_pl\/miasta-wegry\/co-zobaczyc-w-budapeszcie\/\" \/>\n<meta property=\"og:site_name\" content=\"Camping Kugundua\" \/>\n<meta property=\"article:publisher\" content=\"https:\/\/www.facebook.com\/Kugundua\/\" \/>\n<meta property=\"article:modified_time\" content=\"2026-03-28T13:50:33+00:00\" \/>\n<meta name=\"twitter:card\" content=\"summary_large_image\" \/>\n<meta name=\"twitter:label1\" content=\"Szacowany czas czytania\" \/>\n\t<meta name=\"twitter:data1\" content=\"3 minuty\" \/>\n<script type=\"application\/ld+json\" class=\"yoast-schema-graph\">{\"@context\":\"https:\\\/\\\/schema.org\",\"@graph\":[{\"@type\":\"WebPage\",\"@id\":\"https:\\\/\\\/kugundua.eu\\\/steden\\\/boedapest\\\/\",\"url\":\"https:\\\/\\\/kugundua.eu\\\/steden\\\/boedapest\\\/\",\"name\":\"Boedapest\",\"isPartOf\":{\"@id\":\"https:\\\/\\\/kugundua.eu\\\/#website\"},\"datePublished\":\"2022-05-19T06:20:39+00:00\",\"dateModified\":\"2026-03-28T13:50:33+00:00\",\"description\":\"Boedapest is de hoofdstad van Hongarije en is ongeveer 5 kwartier rijden vanaf de camping. Een dagje Boedapest is zeker een aanrader.\",\"breadcrumb\":{\"@id\":\"https:\\\/\\\/kugundua.eu\\\/steden\\\/boedapest\\\/#breadcrumb\"},\"inLanguage\":\"pl-PL\",\"potentialAction\":[{\"@type\":\"ReadAction\",\"target\":[\"https:\\\/\\\/kugundua.eu\\\/steden\\\/boedapest\\\/\"]}]},{\"@type\":\"BreadcrumbList\",\"@id\":\"https:\\\/\\\/kugundua.eu\\\/steden\\\/boedapest\\\/#breadcrumb\",\"itemListElement\":[{\"@type\":\"ListItem\",\"position\":1,\"name\":\"Home\",\"item\":\"https:\\\/\\\/kugundua.eu\\\/\"},{\"@type\":\"ListItem\",\"position\":2,\"name\":\"Steden\",\"item\":\"https:\\\/\\\/kugundua.eu\\\/steden\\\/\"},{\"@type\":\"ListItem\",\"position\":3,\"name\":\"Boedapest\"}]},{\"@type\":\"WebSite\",\"@id\":\"https:\\\/\\\/kugundua.eu\\\/#website\",\"url\":\"https:\\\/\\\/kugundua.eu\\\/\",\"name\":\"Camping Kugundua\",\"description\":\"Be Active &amp; Chill Out\",\"publisher\":{\"@id\":\"https:\\\/\\\/kugundua.eu\\\/#organization\"},\"potentialAction\":[{\"@type\":\"SearchAction\",\"target\":{\"@type\":\"EntryPoint\",\"urlTemplate\":\"https:\\\/\\\/kugundua.eu\\\/?s={search_term_string}\"},\"query-input\":{\"@type\":\"PropertyValueSpecification\",\"valueRequired\":true,\"valueName\":\"search_term_string\"}}],\"inLanguage\":\"pl-PL\"},{\"@type\":\"Organization\",\"@id\":\"https:\\\/\\\/kugundua.eu\\\/#organization\",\"name\":\"Kugundua\",\"url\":\"https:\\\/\\\/kugundua.eu\\\/\",\"logo\":{\"@type\":\"ImageObject\",\"inLanguage\":\"pl-PL\",\"@id\":\"https:\\\/\\\/kugundua.eu\\\/#\\\/schema\\\/logo\\\/image\\\/\",\"url\":\"https:\\\/\\\/kugundua.eu\\\/wp-content\\\/uploads\\\/2022\\\/12\\\/cropped-cropped-Kugundua-Logo-Outline-Transparant151-1.png\",\"contentUrl\":\"https:\\\/\\\/kugundua.eu\\\/wp-content\\\/uploads\\\/2022\\\/12\\\/cropped-cropped-Kugundua-Logo-Outline-Transparant151-1.png\",\"width\":185,\"height\":151,\"caption\":\"Kugundua\"},\"image\":{\"@id\":\"https:\\\/\\\/kugundua.eu\\\/#\\\/schema\\\/logo\\\/image\\\/\"},\"sameAs\":[\"https:\\\/\\\/www.facebook.com\\\/Kugundua\\\/\",\"https:\\\/\\\/www.instagram.com\\\/kugundua.hu\\\/\",\"https:\\\/\\\/www.youtube.com\\\/channel\\\/UCIVA4wWJvf5lmgWvJfxKIJQ\"]}]}<\/script>\n<!-- \/ Yoast SEO plugin. -->","yoast_head_json":{"title":"Budapeszt","description":"Budapeszt jest stolic\u0105 W\u0119gier i znajduje si\u0119 oko\u0142o 15 minut jazdy od kempingu. Zaleca si\u0119 sp\u0119dzenie dnia w Budapeszcie.","robots":{"index":"index","follow":"follow","max-snippet":"max-snippet:-1","max-image-preview":"max-image-preview:large","max-video-preview":"max-video-preview:-1"},"canonical":"https:\/\/kugundua.eu\/pl_pl\/miasta-wegry\/co-zobaczyc-w-budapeszcie\/","og_locale":"pl_PL","og_type":"article","og_title":"Boedapest","og_description":"Boedapest is de hoofdstad van Hongarije en is ongeveer 5 kwartier rijden vanaf de camping. Een dagje Boedapest is zeker een aanrader.","og_url":"https:\/\/kugundua.eu\/pl_pl\/miasta-wegry\/co-zobaczyc-w-budapeszcie\/","og_site_name":"Camping Kugundua","article_publisher":"https:\/\/www.facebook.com\/Kugundua\/","article_modified_time":"2026-03-28T13:50:33+00:00","twitter_card":"summary_large_image","twitter_misc":{"Szacowany czas czytania":"3 minuty"},"schema":{"@context":"https:\/\/schema.org","@graph":[{"@type":"WebPage","@id":"https:\/\/kugundua.eu\/steden\/boedapest\/","url":"https:\/\/kugundua.eu\/steden\/boedapest\/","name":"Budapeszt","isPartOf":{"@id":"https:\/\/kugundua.eu\/#website"},"datePublished":"2022-05-19T06:20:39+00:00","dateModified":"2026-03-28T13:50:33+00:00","description":"Budapeszt jest stolic\u0105 W\u0119gier i znajduje si\u0119 oko\u0142o 15 minut jazdy od kempingu. Zaleca si\u0119 sp\u0119dzenie dnia w Budapeszcie.","breadcrumb":{"@id":"https:\/\/kugundua.eu\/steden\/boedapest\/#breadcrumb"},"inLanguage":"pl-PL","potentialAction":[{"@type":"ReadAction","target":["https:\/\/kugundua.eu\/steden\/boedapest\/"]}]},{"@type":"BreadcrumbList","@id":"https:\/\/kugundua.eu\/steden\/boedapest\/#breadcrumb","itemListElement":[{"@type":"ListItem","position":1,"name":"Home","item":"https:\/\/kugundua.eu\/"},{"@type":"ListItem","position":2,"name":"Steden","item":"https:\/\/kugundua.eu\/steden\/"},{"@type":"ListItem","position":3,"name":"Boedapest"}]},{"@type":"WebSite","@id":"https:\/\/kugundua.eu\/#website","url":"https:\/\/kugundua.eu\/","name":"Kemping Kugundua","description":"B\u0105d\u017a aktywny i zrelaksuj si\u0119","publisher":{"@id":"https:\/\/kugundua.eu\/#organization"},"potentialAction":[{"@type":"SearchAction","target":{"@type":"EntryPoint","urlTemplate":"https:\/\/kugundua.eu\/?s={search_term_string}"},"query-input":{"@type":"PropertyValueSpecification","valueRequired":true,"valueName":"search_term_string"}}],"inLanguage":"pl-PL"},{"@type":"Organization","@id":"https:\/\/kugundua.eu\/#organization","name":"Kugundua","url":"https:\/\/kugundua.eu\/","logo":{"@type":"ImageObject","inLanguage":"pl-PL","@id":"https:\/\/kugundua.eu\/#\/schema\/logo\/image\/","url":"https:\/\/kugundua.eu\/wp-content\/uploads\/2022\/12\/cropped-cropped-Kugundua-Logo-Outline-Transparant151-1.png","contentUrl":"https:\/\/kugundua.eu\/wp-content\/uploads\/2022\/12\/cropped-cropped-Kugundua-Logo-Outline-Transparant151-1.png","width":185,"height":151,"caption":"Kugundua"},"image":{"@id":"https:\/\/kugundua.eu\/#\/schema\/logo\/image\/"},"sameAs":["https:\/\/www.facebook.com\/Kugundua\/","https:\/\/www.instagram.com\/kugundua.hu\/","https:\/\/www.youtube.com\/channel\/UCIVA4wWJvf5lmgWvJfxKIJQ"]}]}},"_links":{"self":[{"href":"https:\/\/kugundua.eu\/pl_pl\/wp-json\/wp\/v2\/pages\/84","targetHints":{"allow":["GET"]}}],"collection":[{"href":"https:\/\/kugundua.eu\/pl_pl\/wp-json\/wp\/v2\/pages"}],"about":[{"href":"https:\/\/kugundua.eu\/pl_pl\/wp-json\/wp\/v2\/types\/page"}],"author":[{"embeddable":true,"href":"https:\/\/kugundua.eu\/pl_pl\/wp-json\/wp\/v2\/users\/1"}],"replies":[{"embeddable":true,"href":"https:\/\/kugundua.eu\/pl_pl\/wp-json\/wp\/v2\/comments?post=84"}],"version-history":[{"count":10,"href":"https:\/\/kugundua.eu\/pl_pl\/wp-json\/wp\/v2\/pages\/84\/revisions"}],"predecessor-version":[{"id":26312,"href":"https:\/\/kugundua.eu\/pl_pl\/wp-json\/wp\/v2\/pages\/84\/revisions\/26312"}],"up":[{"embeddable":true,"href":"https:\/\/kugundua.eu\/pl_pl\/wp-json\/wp\/v2\/pages\/126"}],"wp:attachment":[{"href":"https:\/\/kugundua.eu\/pl_pl\/wp-json\/wp\/v2\/media?parent=84"}],"curies":[{"name":"wp","href":"https:\/\/api.w.org\/{rel}","templated":true}]}}