{"id":52,"date":"2022-05-19T06:13:48","date_gmt":"2022-05-19T06:13:48","guid":{"rendered":"http:\/\/kugundua.eu\/?page_id=52"},"modified":"2026-03-28T13:07:33","modified_gmt":"2026-03-28T13:07:33","slug":"vissen-in-hongarije","status":"publish","type":"page","link":"https:\/\/kugundua.eu\/pl_pl\/aktywny-wypoczynek-kemping-wegry\/lowienie-karpi-wegry\/","title":{"rendered":"W\u0119dkarstwo"},"content":{"rendered":"<div data-colibri-id=\"52-c1\" class=\"style-956 style-local-52-c1 position-relative\">\n  <!---->\n  <div data-colibri-component=\"section\" data-colibri-id=\"52-c2\" id=\"about\" class=\"h-section h-section-global-spacing d-flex align-items-lg-center align-items-md-center align-items-center style-957 style-local-52-c2 position-relative\">\n    <!---->\n    <!---->\n    <div class=\"h-section-grid-container h-section-boxed-container\">\n      <div data-colibri-id=\"52-c5\" class=\"h-row-container gutters-row-lg-2 gutters-row-md-2 gutters-row-2 gutters-row-v-lg-2 gutters-row-v-md-2 gutters-row-v-2 style-962 style-local-52-c5 position-relative\">\n        <!---->\n        <div class=\"h-row justify-content-lg-center justify-content-md-center justify-content-center align-items-lg-stretch align-items-md-stretch align-items-stretch gutters-col-lg-2 gutters-col-md-2 gutters-col-2 gutters-col-v-lg-2 gutters-col-v-md-2 gutters-col-v-2\">\n          <!---->\n          <div class=\"h-column h-column-container d-flex h-col-lg-auto h-col-md-auto h-col-auto style-963-outer style-local-52-c6-outer\">\n            <div data-colibri-id=\"52-c6\" class=\"d-flex h-flex-basis h-column__inner h-px-lg-2 h-px-md-2 h-px-2 v-inner-lg-2 v-inner-md-2 v-inner-2 style-963 style-local-52-c6 position-relative\">\n              <!---->\n              <!---->\n              <div class=\"w-100 h-y-container h-column__content h-column__v-align flex-basis-100 align-self-lg-start align-self-md-start align-self-start\">\n                <!---->\n                <div data-colibri-id=\"52-c7\" class=\"h-global-transition-all h-heading style-965 style-local-52-c7 position-relative h-element\">\n                  <!---->\n                  <div class=\"h-heading__outer style-965 style-local-52-c7\">\n                    <!---->\n                    <!---->\n                    <h2 class=\"\">W\u0119dkowanie na W\u0119grzech<\/h2>\n                  <\/div>\n                <\/div>\n                <div data-colibri-id=\"52-c8\" class=\"h-lead h-text h-text-component style-966 style-local-52-c8 position-relative h-element\">\n                  <!---->\n                  <!---->\n                  <div class=\"\">\n                    <p>W\u0119dkowanie na W\u0119grzech mo\u017ce by\u0107 bardzo udane. Wielu W\u0119gr\u00f3w \u0142owi ryby dla relaksu, ale oczywi\u015bcie tak\u017ce po to, by p\u00f3\u017aniej spo\u017cy\u0107 je z ca\u0142\u0105 rodzin\u0105 podczas obfitej kolacji.\n                      <br>\n                      <br>Na W\u0119grzech \u0142owi si\u0119 du\u017co karpia, ale tak\u017ce suma, suma kar\u0142owatego, pospolitego, sandacza, jesiotra, brzany, bassa s\u0142onecznego i wschodnioeuropejsk\u0105 odmian\u0119 sandacza. Ponadto, mo\u017cna tam znale\u017a\u0107 wszystkie gatunki ryb, kt\u00f3re wyst\u0119puj\u0105 r\u00f3wnie\u017c w wodach Holandii.&nbsp;\n                      <br>\n                      <br>Nad Jeziorem Tisza mo\u017cna znale\u017a\u0107 r\u00f3\u017cne gatunki ryb dzi\u0119ki po\u0142\u0105czeniu wielu g\u0142\u0119boko\u015bci, szybko p\u0142yn\u0105cej i stoj\u0105cej wody. Dodatkowo, powsta\u0142 bogaty \u015bwiat ro\u015blin i zwierz\u0105t. Nad Jeziorem Tisza masz du\u017c\u0105 szans\u0119 na z\u0142owienie gigantycznego suma. Karpie, szczupaki i okonie s\u0105 r\u00f3wnie\u017c obficie obecne.&nbsp;\n                      <br>\n                      <br>Z dniem 1 stycznia 2019 roku zmieni\u0142y si\u0119 przepisy dotycz\u0105ce zezwole\u0144 na w\u0119dkowanie na W\u0119grzech. Aby m\u00f3c w\u0119dkowa\u0107, wymagana jest rejestracja w\u0119dkarska. Cz\u0119\u015bci\u0105 rejestracji jest z\u0142o\u017cenie wniosku o w\u0119giersk\u0105 kart\u0119 w\u0119dkarsk\u0105, kt\u00f3ra zast\u0119puje star\u0105 papierow\u0105 kart\u0119 w\u0119dkarsk\u0105. Do z\u0142o\u017cenia tego wniosku nale\u017cy zda\u0107 ma\u0142y test. Otrzymuje si\u0119 20 pyta\u0144, a po ich rozwi\u0105zaniu mo\u017cna ubiega\u0107 si\u0119 o kart\u0119 w\u0119dkarsk\u0105. Nie zapomnij zabra\u0107 ze sob\u0105 r\u00f3wnie\u017c swojego holenderskiego zezwolenia\/karty w\u0119dkarskiej.&nbsp;\n                      <br>\n                      <br>Niezb\u0119dne zezwolenie mo\u017cna naby\u0107 w wielu punktach informacji turystycznej, a w wi\u0119kszych miastach w biurach MOHOSZ (biura informacji o w\u0119dkarstwie). Dost\u0119pne s\u0105 zezwolenia zar\u00f3wno d\u0142ugoterminowe, jak i kr\u00f3tkoterminowe, takie jak dzienne lub tygodniowe. W ten spos\u00f3b mo\u017cna cieszy\u0107 si\u0119 relaksuj\u0105cym w\u0119dkowaniem na W\u0119grzech.&nbsp;\n                      <br>\n                      <br>\n                    <\/p>\n                  <\/div>\n                <\/div>\n              <\/div>\n            <\/div>\n          <\/div>\n        <\/div>\n      <\/div>\n      <div data-colibri-id=\"52-c3\" class=\"h-row-container gutters-row-lg-0 gutters-row-md-0 gutters-row-0 gutters-row-v-lg-0 gutters-row-v-md-0 gutters-row-v-0 style-958 style-local-52-c3 h-overflow-hidden position-relative\">\n        <!---->\n        <div class=\"h-row justify-content-lg-center justify-content-md-center justify-content-center align-items-lg-end align-items-md-end align-items-end gutters-col-lg-0 gutters-col-md-0 gutters-col-0 gutters-col-v-lg-0 gutters-col-v-md-0 gutters-col-v-0\">\n          <!---->\n          <div class=\"h-column h-column-container d-flex h-col-lg-auto h-col-md-auto h-col-auto align-self-lg-end align-self-md-end align-self-end style-960-outer style-local-52-c4-outer\">\n            <div data-colibri-id=\"52-c4\" class=\"d-flex h-flex-basis h-column__inner h-ui-empty-state-container h-px-lg-0 h-px-md-0 h-px-0 v-inner-lg-0 v-inner-md-0 v-inner-0 style-960 style-local-52-c4 position-relative\">\n              <!---->\n              <!---->\n              <div class=\"w-100 h-y-container h-column__content h-column__v-align flex-basis-100\">\n                <!---->\n              <\/div>\n            <\/div>\n          <\/div>\n        <\/div>\n      <\/div>\n    <\/div>\n  <\/div>\n  <div data-colibri-component=\"section\" data-colibri-id=\"52-c9\" id=\"custom\" class=\"h-section h-section-global-spacing d-flex align-items-lg-center align-items-md-center align-items-center style-1472 style-local-52-c9 position-relative\">\n    <!---->\n    <!---->\n    <div class=\"h-section-grid-container h-section-boxed-container\">\n      <!---->\n      <div data-colibri-id=\"52-c10\" class=\"h-row-container gutters-row-lg-2 gutters-row-md-2 gutters-row-0 gutters-row-v-lg-2 gutters-row-v-md-2 gutters-row-v-2 style-1473 style-local-52-c10 position-relative\">\n        <!---->\n        <div class=\"h-row justify-content-lg-center justify-content-md-center justify-content-center align-items-lg-stretch align-items-md-stretch align-items-stretch gutters-col-lg-2 gutters-col-md-2 gutters-col-0 gutters-col-v-lg-2 gutters-col-v-md-2 gutters-col-v-2\">\n          <!---->\n          <div class=\"h-column h-column-container d-flex h-col-lg-auto h-col-md-auto h-col-auto style-1474-outer style-local-52-c11-outer\">\n            <div data-colibri-id=\"52-c11\" class=\"d-flex h-flex-basis h-column__inner h-px-lg-2 h-px-md-2 h-px-2 v-inner-lg-2 v-inner-md-2 v-inner-2 style-1474 style-local-52-c11 position-relative\">\n              <!---->\n              <!---->\n              <div class=\"w-100 h-y-container h-column__content h-column__v-align flex-basis-100 align-self-lg-start align-self-md-start align-self-start\">\n                <!---->\n                <div data-colibri-id=\"52-c12\" class=\"h-x-container style-1475 style-local-52-c12 position-relative h-element\">\n                  <!---->\n                  <div class=\"h-x-container-inner style-dynamic-52-c12-group style-1475-spacing style-local-52-c12-spacing\"><span class=\"h-button__outer style-568-outer style-local-52-c13-outer d-inline-flex h-element\"><a h-use-smooth-scroll=\"true\" href=\"https:\/\/kugundua.eu\/pl_pl\/aktywny-wypoczynek-kemping-wegry\/\"  data-colibri-id=\"52-c13\" class=\"d-flex w-100 align-items-center h-button justify-content-lg-center justify-content-md-center justify-content-center style-568 style-local-52-c13 position-relative\"><!----><!----> <span>Powr\u00f3t do Aktywnych<\/span><\/a>\n                    <\/span>\n                  <\/div>\n                <\/div>\n              <\/div>\n            <\/div>\n          <\/div>\n        <\/div>\n      <\/div>\n    <\/div>\n  <\/div>\n<\/div>","protected":false},"excerpt":{"rendered":"<p>Vissen in Hongarije Vissen in Hongarije kan heel goed. Veel Hongaren doen aan vissen voor de ontspanning, maar natuurlijk ook om deze vervolgens met het hele gezin te nuttigen tijdens een uitgebreid diner. In Hongarije wordt er veel op karper gevist, maar ook de meerval, dwergmerval, de houting, marene, sterlet, barbeel, zonnebaars en de Oost-Europese [&hellip;]<\/p>\n","protected":false},"author":1,"featured_media":0,"parent":125,"menu_order":7,"comment_status":"closed","ping_status":"closed","template":"page-templates\/full-width-page.php","meta":{"footnotes":""},"class_list":["post-52","page","type-page","status-publish","hentry"],"yoast_head":"<!-- This site is optimized with the Yoast SEO plugin v27.5 - https:\/\/yoast.com\/product\/yoast-seo-wordpress\/ -->\n<title>Vissen in Hongarije<\/title>\n<meta name=\"description\" content=\"Vissen in Hongarije is onder de Hongaren zelf erg populair. In de buurt van de camping ligt een grote visvijver en kan ook in het Tiszameer.\" \/>\n<meta name=\"robots\" content=\"index, follow, max-snippet:-1, max-image-preview:large, max-video-preview:-1\" \/>\n<link rel=\"canonical\" href=\"https:\/\/kugundua.eu\/pl_pl\/aktywny-wypoczynek-kemping-wegry\/lowienie-karpi-wegry\/\" \/>\n<meta property=\"og:locale\" content=\"pl_PL\" \/>\n<meta property=\"og:type\" content=\"article\" \/>\n<meta property=\"og:title\" content=\"Vissen in Hongarije\" \/>\n<meta property=\"og:description\" content=\"Vissen in Hongarije is onder de Hongaren zelf erg populair. In de buurt van de camping ligt een grote visvijver en kan ook in het Tiszameer.\" \/>\n<meta property=\"og:url\" content=\"https:\/\/kugundua.eu\/pl_pl\/aktywny-wypoczynek-kemping-wegry\/lowienie-karpi-wegry\/\" \/>\n<meta property=\"og:site_name\" content=\"Camping Kugundua\" \/>\n<meta property=\"article:publisher\" content=\"https:\/\/www.facebook.com\/Kugundua\/\" \/>\n<meta property=\"article:modified_time\" content=\"2026-03-28T13:07:33+00:00\" \/>\n<meta name=\"twitter:card\" content=\"summary_large_image\" \/>\n<meta name=\"twitter:label1\" content=\"Szacowany czas czytania\" \/>\n\t<meta name=\"twitter:data1\" content=\"2 minuty\" \/>\n<script type=\"application\/ld+json\" class=\"yoast-schema-graph\">{\"@context\":\"https:\\\/\\\/schema.org\",\"@graph\":[{\"@type\":\"WebPage\",\"@id\":\"https:\\\/\\\/kugundua.eu\\\/actief-omgeving-camping-hongarije\\\/vissen-in-hongarije\\\/\",\"url\":\"https:\\\/\\\/kugundua.eu\\\/actief-omgeving-camping-hongarije\\\/vissen-in-hongarije\\\/\",\"name\":\"Vissen in Hongarije\",\"isPartOf\":{\"@id\":\"https:\\\/\\\/kugundua.eu\\\/#website\"},\"datePublished\":\"2022-05-19T06:13:48+00:00\",\"dateModified\":\"2026-03-28T13:07:33+00:00\",\"description\":\"Vissen in Hongarije is onder de Hongaren zelf erg populair. In de buurt van de camping ligt een grote visvijver en kan ook in het Tiszameer.\",\"breadcrumb\":{\"@id\":\"https:\\\/\\\/kugundua.eu\\\/actief-omgeving-camping-hongarije\\\/vissen-in-hongarije\\\/#breadcrumb\"},\"inLanguage\":\"pl-PL\",\"potentialAction\":[{\"@type\":\"ReadAction\",\"target\":[\"https:\\\/\\\/kugundua.eu\\\/actief-omgeving-camping-hongarije\\\/vissen-in-hongarije\\\/\"]}]},{\"@type\":\"BreadcrumbList\",\"@id\":\"https:\\\/\\\/kugundua.eu\\\/actief-omgeving-camping-hongarije\\\/vissen-in-hongarije\\\/#breadcrumb\",\"itemListElement\":[{\"@type\":\"ListItem\",\"position\":1,\"name\":\"Home\",\"item\":\"https:\\\/\\\/kugundua.eu\\\/\"},{\"@type\":\"ListItem\",\"position\":2,\"name\":\"Actief\",\"item\":\"https:\\\/\\\/kugundua.eu\\\/actief-omgeving-camping-hongarije\\\/\"},{\"@type\":\"ListItem\",\"position\":3,\"name\":\"Vissen\"}]},{\"@type\":\"WebSite\",\"@id\":\"https:\\\/\\\/kugundua.eu\\\/#website\",\"url\":\"https:\\\/\\\/kugundua.eu\\\/\",\"name\":\"Camping Kugundua\",\"description\":\"Be Active &amp; Chill Out\",\"publisher\":{\"@id\":\"https:\\\/\\\/kugundua.eu\\\/#organization\"},\"potentialAction\":[{\"@type\":\"SearchAction\",\"target\":{\"@type\":\"EntryPoint\",\"urlTemplate\":\"https:\\\/\\\/kugundua.eu\\\/?s={search_term_string}\"},\"query-input\":{\"@type\":\"PropertyValueSpecification\",\"valueRequired\":true,\"valueName\":\"search_term_string\"}}],\"inLanguage\":\"pl-PL\"},{\"@type\":\"Organization\",\"@id\":\"https:\\\/\\\/kugundua.eu\\\/#organization\",\"name\":\"Kugundua\",\"url\":\"https:\\\/\\\/kugundua.eu\\\/\",\"logo\":{\"@type\":\"ImageObject\",\"inLanguage\":\"pl-PL\",\"@id\":\"https:\\\/\\\/kugundua.eu\\\/#\\\/schema\\\/logo\\\/image\\\/\",\"url\":\"https:\\\/\\\/kugundua.eu\\\/wp-content\\\/uploads\\\/2022\\\/12\\\/cropped-cropped-Kugundua-Logo-Outline-Transparant151-1.png\",\"contentUrl\":\"https:\\\/\\\/kugundua.eu\\\/wp-content\\\/uploads\\\/2022\\\/12\\\/cropped-cropped-Kugundua-Logo-Outline-Transparant151-1.png\",\"width\":185,\"height\":151,\"caption\":\"Kugundua\"},\"image\":{\"@id\":\"https:\\\/\\\/kugundua.eu\\\/#\\\/schema\\\/logo\\\/image\\\/\"},\"sameAs\":[\"https:\\\/\\\/www.facebook.com\\\/Kugundua\\\/\",\"https:\\\/\\\/www.instagram.com\\\/kugundua.hu\\\/\",\"https:\\\/\\\/www.youtube.com\\\/channel\\\/UCIVA4wWJvf5lmgWvJfxKIJQ\"]}]}<\/script>\n<!-- \/ Yoast SEO plugin. -->","yoast_head_json":{"title":"W\u0119dkowanie na W\u0119grzech","description":"W\u0119dkarstwo na W\u0119grzech jest bardzo popularne w\u015br\u00f3d samych W\u0119gr\u00f3w. W pobli\u017cu kempingu znajduje si\u0119 du\u017cy staw rybny, mo\u017cna te\u017c \u0142owi\u0107 ryby w jeziorze Cisa.","robots":{"index":"index","follow":"follow","max-snippet":"max-snippet:-1","max-image-preview":"max-image-preview:large","max-video-preview":"max-video-preview:-1"},"canonical":"https:\/\/kugundua.eu\/pl_pl\/aktywny-wypoczynek-kemping-wegry\/lowienie-karpi-wegry\/","og_locale":"pl_PL","og_type":"article","og_title":"Vissen in Hongarije","og_description":"Vissen in Hongarije is onder de Hongaren zelf erg populair. In de buurt van de camping ligt een grote visvijver en kan ook in het Tiszameer.","og_url":"https:\/\/kugundua.eu\/pl_pl\/aktywny-wypoczynek-kemping-wegry\/lowienie-karpi-wegry\/","og_site_name":"Camping Kugundua","article_publisher":"https:\/\/www.facebook.com\/Kugundua\/","article_modified_time":"2026-03-28T13:07:33+00:00","twitter_card":"summary_large_image","twitter_misc":{"Szacowany czas czytania":"2 minuty"},"schema":{"@context":"https:\/\/schema.org","@graph":[{"@type":"WebPage","@id":"https:\/\/kugundua.eu\/actief-omgeving-camping-hongarije\/vissen-in-hongarije\/","url":"https:\/\/kugundua.eu\/actief-omgeving-camping-hongarije\/vissen-in-hongarije\/","name":"W\u0119dkowanie na W\u0119grzech","isPartOf":{"@id":"https:\/\/kugundua.eu\/#website"},"datePublished":"2022-05-19T06:13:48+00:00","dateModified":"2026-03-28T13:07:33+00:00","description":"W\u0119dkarstwo na W\u0119grzech jest bardzo popularne w\u015br\u00f3d samych W\u0119gr\u00f3w. W pobli\u017cu kempingu znajduje si\u0119 du\u017cy staw rybny, mo\u017cna te\u017c \u0142owi\u0107 ryby w jeziorze Cisa.","breadcrumb":{"@id":"https:\/\/kugundua.eu\/actief-omgeving-camping-hongarije\/vissen-in-hongarije\/#breadcrumb"},"inLanguage":"pl-PL","potentialAction":[{"@type":"ReadAction","target":["https:\/\/kugundua.eu\/actief-omgeving-camping-hongarije\/vissen-in-hongarije\/"]}]},{"@type":"BreadcrumbList","@id":"https:\/\/kugundua.eu\/actief-omgeving-camping-hongarije\/vissen-in-hongarije\/#breadcrumb","itemListElement":[{"@type":"ListItem","position":1,"name":"Home","item":"https:\/\/kugundua.eu\/"},{"@type":"ListItem","position":2,"name":"Actief","item":"https:\/\/kugundua.eu\/actief-omgeving-camping-hongarije\/"},{"@type":"ListItem","position":3,"name":"Vissen"}]},{"@type":"WebSite","@id":"https:\/\/kugundua.eu\/#website","url":"https:\/\/kugundua.eu\/","name":"Kemping Kugundua","description":"B\u0105d\u017a aktywny i zrelaksuj si\u0119","publisher":{"@id":"https:\/\/kugundua.eu\/#organization"},"potentialAction":[{"@type":"SearchAction","target":{"@type":"EntryPoint","urlTemplate":"https:\/\/kugundua.eu\/?s={search_term_string}"},"query-input":{"@type":"PropertyValueSpecification","valueRequired":true,"valueName":"search_term_string"}}],"inLanguage":"pl-PL"},{"@type":"Organization","@id":"https:\/\/kugundua.eu\/#organization","name":"Kugundua","url":"https:\/\/kugundua.eu\/","logo":{"@type":"ImageObject","inLanguage":"pl-PL","@id":"https:\/\/kugundua.eu\/#\/schema\/logo\/image\/","url":"https:\/\/kugundua.eu\/wp-content\/uploads\/2022\/12\/cropped-cropped-Kugundua-Logo-Outline-Transparant151-1.png","contentUrl":"https:\/\/kugundua.eu\/wp-content\/uploads\/2022\/12\/cropped-cropped-Kugundua-Logo-Outline-Transparant151-1.png","width":185,"height":151,"caption":"Kugundua"},"image":{"@id":"https:\/\/kugundua.eu\/#\/schema\/logo\/image\/"},"sameAs":["https:\/\/www.facebook.com\/Kugundua\/","https:\/\/www.instagram.com\/kugundua.hu\/","https:\/\/www.youtube.com\/channel\/UCIVA4wWJvf5lmgWvJfxKIJQ"]}]}},"_links":{"self":[{"href":"https:\/\/kugundua.eu\/pl_pl\/wp-json\/wp\/v2\/pages\/52","targetHints":{"allow":["GET"]}}],"collection":[{"href":"https:\/\/kugundua.eu\/pl_pl\/wp-json\/wp\/v2\/pages"}],"about":[{"href":"https:\/\/kugundua.eu\/pl_pl\/wp-json\/wp\/v2\/types\/page"}],"author":[{"embeddable":true,"href":"https:\/\/kugundua.eu\/pl_pl\/wp-json\/wp\/v2\/users\/1"}],"replies":[{"embeddable":true,"href":"https:\/\/kugundua.eu\/pl_pl\/wp-json\/wp\/v2\/comments?post=52"}],"version-history":[{"count":11,"href":"https:\/\/kugundua.eu\/pl_pl\/wp-json\/wp\/v2\/pages\/52\/revisions"}],"predecessor-version":[{"id":26175,"href":"https:\/\/kugundua.eu\/pl_pl\/wp-json\/wp\/v2\/pages\/52\/revisions\/26175"}],"up":[{"embeddable":true,"href":"https:\/\/kugundua.eu\/pl_pl\/wp-json\/wp\/v2\/pages\/125"}],"wp:attachment":[{"href":"https:\/\/kugundua.eu\/pl_pl\/wp-json\/wp\/v2\/media?parent=52"}],"curies":[{"name":"wp","href":"https:\/\/api.w.org\/{rel}","templated":true}]}}