{"id":200,"date":"2022-05-20T09:33:46","date_gmt":"2022-05-20T09:33:46","guid":{"rendered":"http:\/\/kugundua.eu\/?page_id=200"},"modified":"2026-03-28T14:08:44","modified_gmt":"2026-03-28T14:08:44","slug":"gelej","status":"publish","type":"page","link":"https:\/\/kugundua.eu\/pl_pl\/miasta-wegry\/gelej\/","title":{"rendered":"Gelej"},"content":{"rendered":"<div data-colibri-id=\"200-c1\" class=\"style-1125 style-local-200-c1 position-relative\">\n  <!---->\n  <div data-colibri-component=\"section\" data-colibri-id=\"200-c2\" id=\"content\" class=\"h-section h-section-global-spacing d-flex align-items-lg-center align-items-md-center align-items-center style-1126 style-local-200-c2 position-relative\">\n    <!---->\n    <!---->\n    <div class=\"h-section-grid-container h-section-boxed-container\">\n      <div data-colibri-id=\"200-c23\" class=\"h-row-container gutters-row-lg-2 gutters-row-md-2 gutters-row-2 gutters-row-v-lg-2 gutters-row-v-md-2 gutters-row-v-2 style-1138 style-local-200-c23 position-relative\">\n        <!---->\n        <div class=\"h-row justify-content-lg-center justify-content-md-center justify-content-center align-items-lg-stretch align-items-md-stretch align-items-stretch gutters-col-lg-2 gutters-col-md-2 gutters-col-2 gutters-col-v-lg-2 gutters-col-v-md-2 gutters-col-v-2\">\n          <!---->\n          <div class=\"h-column h-column-container d-flex h-col-lg-auto h-col-md-auto h-col-auto style-1139-outer style-local-200-c24-outer\">\n            <div data-colibri-id=\"200-c24\" class=\"d-flex h-flex-basis h-column__inner h-px-lg-2 h-px-md-2 h-px-2 v-inner-lg-2 v-inner-md-2 v-inner-2 style-1139 style-local-200-c24 position-relative\">\n              <!---->\n              <!---->\n              <div class=\"w-100 h-y-container h-column__content h-column__v-align flex-basis-100 align-self-lg-start align-self-md-start align-self-start\">\n                <!---->\n                <div data-colibri-id=\"200-c25\" class=\"h-global-transition-all h-heading style-1140 style-local-200-c25 position-relative h-element\">\n                  <!---->\n                  <div class=\"h-heading__outer style-1140 style-local-200-c25\">\n                    <!---->\n                    <!---->\n                    <h2 class=\"\">Gelej<\/h2>\n                  <\/div>\n                <\/div>\n                <div data-colibri-id=\"200-c26\" class=\"h-lead h-text h-text-component style-1141 style-local-200-c26 position-relative h-element\">\n                  <!---->\n                  <!---->\n                  <div class=\"\">\n                    <p>Gelej to spokojna wioska licz\u0105ca oko\u0142o 700 mieszka\u0144c\u00f3w. W odleg\u0142o\u015bci spaceru od kempingu znajduje si\u0119 plac wiejski z ma\u0142ym supermarketem, kawiarni\u0105, ratuszem i poczt\u0105. Znajdziesz tu r\u00f3wnie\u017c ko\u015bci\u00f3\u0142 reformowany oraz plac zabaw dla dzieci. Tu\u017c poza wiosk\u0105 znajduje si\u0119 sklep z serem i produktami mlecznymi, w kt\u00f3rym sprzedawane s\u0105 lokalnie produkowane wyroby.&nbsp;<\/p>\n                  <\/div>\n                <\/div>\n              <\/div>\n            <\/div>\n          <\/div>\n        <\/div>\n      <\/div>\n      <div data-colibri-id=\"200-c3\" class=\"h-row-container gutters-row-lg-2 gutters-row-md-2 gutters-row-2 gutters-row-v-lg-2 gutters-row-v-md-2 gutters-row-v-2 style-1127 style-local-200-c3 position-relative\">\n        <!---->\n        <div class=\"h-row justify-content-lg-center justify-content-md-center justify-content-center align-items-lg-stretch align-items-md-stretch align-items-stretch gutters-col-lg-2 gutters-col-md-2 gutters-col-2 gutters-col-v-lg-2 gutters-col-v-md-2 gutters-col-v-2\">\n          <!---->\n          <div class=\"h-column h-column-container d-flex h-col-lg-auto h-col-md-auto h-col-auto style-1128-outer style-local-200-c4-outer\">\n            <div data-colibri-id=\"200-c4\" class=\"d-flex h-flex-basis h-column__inner h-px-lg-0 h-px-md-0 h-px-0 v-inner-lg-0 v-inner-md-0 v-inner-0 style-1128 style-local-200-c4 position-relative\">\n              <!---->\n              <!---->\n              <div class=\"w-100 h-y-container h-column__content h-column__v-align flex-basis-100 align-self-lg-start align-self-md-start align-self-start\">\n                <!---->\n                <div data-colibri-id=\"200-c5\" class=\"h-row-container gutters-row-lg-2 gutters-row-md-2 gutters-row-2 gutters-row-v-lg-2 gutters-row-v-md-2 gutters-row-v-2 style-1129 style-local-200-c5 position-relative\">\n                  <!---->\n                  <div class=\"h-row justify-content-lg-center justify-content-md-center justify-content-center align-items-lg-stretch align-items-md-stretch align-items-stretch gutters-col-lg-2 gutters-col-md-2 gutters-col-2 gutters-col-v-lg-2 gutters-col-v-md-2 gutters-col-v-2\">\n                    <!---->\n                    <div class=\"h-column h-column-container d-flex h-col-lg-auto h-col-md-auto h-col-auto style-1130-outer style-local-200-c6-outer\">\n                      <div data-colibri-id=\"200-c6\" class=\"d-flex h-flex-basis h-column__inner h-px-lg-0 h-px-md-0 h-px-0 v-inner-lg-0 v-inner-md-0 v-inner-0 style-1130 style-local-200-c6 position-relative\">\n                        <!---->\n                        <!---->\n                        <div class=\"w-100 h-y-container h-column__content h-column__v-align flex-basis-100 align-self-lg-center align-self-md-center align-self-center\">\n                          <!---->\n                          <div data-colibri-id=\"200-c7\" class=\"h-global-transition-all h-heading style-1131 style-local-200-c7 position-relative h-element\">\n                            <!---->\n                            <div class=\"h-heading__outer style-1131 style-local-200-c7\">\n                              <!---->\n                              <!---->\n                              <h4 class=\"\">Autentyczne piwnice winne<\/h4>\n                            <\/div>\n                          <\/div>\n                          <div data-colibri-id=\"200-c8\" class=\"h-text h-text-component style-1132 style-local-200-c8 position-relative h-element\">\n                            <!---->\n                            <!---->\n                            <div class=\"\">\n                              <p>Tu\u017c poza wiosk\u0105, w odleg\u0142o\u015bci spaceru od kempingu, znajduje si\u0119 ma\u0142a mini-wioska z piwnicami winami, Geleji Pinc\u00e9k. W tych piwnicach wino przechowywano w sta\u0142ej temperaturze i wilgotno\u015bci. Dzi\u0119ki temu wina mog\u0142y by\u0107 przechowywane i dojrzewa\u0142y przez d\u0142u\u017cszy czas.&nbsp;<\/p>\n                            <\/div>\n                          <\/div>\n                        <\/div>\n                      <\/div>\n                    <\/div>\n                    <div class=\"h-column h-column-container d-flex h-col-lg-auto h-col-md-auto h-col-auto style-1133-outer style-local-200-c9-outer\">\n                      <div data-colibri-id=\"200-c9\" class=\"d-flex h-flex-basis h-column__inner h-ui-empty-state-container h-px-lg-0 h-px-md-0 h-px-0 v-inner-lg-0 v-inner-md-0 v-inner-0 style-1133 style-local-200-c9 position-relative\">\n                        <!---->\n                        <!---->\n                        <div class=\"w-100 h-y-container h-column__content h-column__v-align flex-basis-100\">\n                          <!---->\n                        <\/div>\n                      <\/div>\n                    <\/div>\n                  <\/div>\n                <\/div>\n                <div data-colibri-id=\"200-c10\" class=\"h-row-container gutters-row-lg-2 gutters-row-md-2 gutters-row-2 gutters-row-v-lg-2 gutters-row-v-md-2 gutters-row-v-2 style-1129 style-local-200-c10 position-relative\">\n                  <!---->\n                  <div class=\"h-row justify-content-lg-center justify-content-md-center justify-content-center align-items-lg-stretch align-items-md-stretch align-items-stretch gutters-col-lg-2 gutters-col-md-2 gutters-col-2 gutters-col-v-lg-2 gutters-col-v-md-2 gutters-col-v-2\">\n                    <!---->\n                    <div class=\"h-column h-column-container d-flex h-col-lg-auto h-col-md-auto h-col-auto style-1134-outer style-local-200-c11-outer\">\n                      <div data-colibri-id=\"200-c11\" class=\"d-flex h-flex-basis h-column__inner h-ui-empty-state-container h-px-lg-0 h-px-md-0 h-px-0 v-inner-lg-0 v-inner-md-0 v-inner-0 style-1134 style-local-200-c11 position-relative\">\n                        <!---->\n                        <!---->\n                        <div class=\"w-100 h-y-container h-column__content h-column__v-align flex-basis-100\">\n                          <!---->\n                        <\/div>\n                      <\/div>\n                    <\/div>\n                    <div class=\"h-column h-column-container d-flex h-col-lg-auto h-col-md-auto h-col-auto style-1130-outer style-local-200-c12-outer\">\n                      <div data-colibri-id=\"200-c12\" class=\"d-flex h-flex-basis h-column__inner h-px-lg-0 h-px-md-0 h-px-0 v-inner-lg-0 v-inner-md-0 v-inner-0 style-1130 style-local-200-c12 position-relative\">\n                        <!---->\n                        <!---->\n                        <div class=\"w-100 h-y-container h-column__content h-column__v-align flex-basis-100 align-self-lg-center align-self-md-center align-self-center\">\n                          <!---->\n                          <div data-colibri-id=\"200-c13\" class=\"h-global-transition-all h-heading style-1131 style-local-200-c13 position-relative h-element\">\n                            <!---->\n                            <div class=\"h-heading__outer style-1131 style-local-200-c13\">\n                              <!---->\n                              <!---->\n                              <h4 class=\"\">Borsodi-Mez\u0151s\u00e9g T\u00e1jv\u00e9delmi K\u00f6rzet <\/h4>\n                            <\/div>\n                          <\/div>\n                          <div data-colibri-id=\"200-c14\" class=\"h-text h-text-component style-1132 style-local-200-c14 position-relative h-element\">\n                            <!---->\n                            <!---->\n                            <div class=\"\">\n                              <p>Wzd\u0142u\u017c granicy wioski znajduje si\u0119 Park Krajobrazowy Borsodi-Mez\u0151s\u00e9g T\u00e1jv\u00e9delmi K\u00f6rzet. W tym rejonie wci\u0105\u017c znajduj\u0105 si\u0119 farmy hodowlane. Mo\u017cna tu wspaniale spacerowa\u0107 i je\u017adzi\u0107 na rowerze po nieutwardzonych drogach, gdzie spotkasz pasterzy z stadami kr\u00f3w lub owiec. W kierunku Jeziora Tisza znajduje si\u0119 r\u00f3wnie\u017c stado koni. Obszar ten charakteryzuje si\u0119 dwoma cz\u0119\u015bciami: stepem (Puszta) i terenami zalewowymi.&nbsp;<\/p>\n                            <\/div>\n                          <\/div>\n                        <\/div>\n                      <\/div>\n                    <\/div>\n                  <\/div>\n                <\/div>\n                <div data-colibri-id=\"200-c15\" class=\"h-row-container gutters-row-lg-2 gutters-row-md-2 gutters-row-2 gutters-row-v-lg-2 gutters-row-v-md-2 gutters-row-v-2 style-1129 style-local-200-c15 position-relative\">\n                  <!---->\n                  <div class=\"h-row justify-content-lg-center justify-content-md-center justify-content-center align-items-lg-stretch align-items-md-stretch align-items-stretch gutters-col-lg-2 gutters-col-md-2 gutters-col-2 gutters-col-v-lg-2 gutters-col-v-md-2 gutters-col-v-2\">\n                    <!---->\n                    <div class=\"h-column h-column-container d-flex h-col-lg-auto h-col-md-auto h-col-auto style-1130-outer style-local-200-c16-outer\">\n                      <div data-colibri-id=\"200-c16\" class=\"d-flex h-flex-basis h-column__inner h-px-lg-0 h-px-md-0 h-px-0 v-inner-lg-0 v-inner-md-0 v-inner-0 style-1130 style-local-200-c16 position-relative\">\n                        <!---->\n                        <!---->\n                        <div class=\"w-100 h-y-container h-column__content h-column__v-align flex-basis-100 align-self-lg-center align-self-md-center align-self-center\">\n                          <!---->\n                          <div data-colibri-id=\"200-c17\" class=\"h-text h-text-component style-1132 style-local-200-c17 position-relative h-element\">\n                            <!---->\n                            <!---->\n                            <div class=\"\">\n                              <p>\n                                <br>\n                              <\/p>\n                              <p>\n                                <br>\n                              <\/p>\n                              <p><span style=\"color: rgb(4, 4, 4); font-family: &quot;Open Sans&quot;; font-size: 16px; font-weight: 400;\">Tutaj mo\u017cna znale\u017a\u0107 r\u00f3\u017cne gatunki ptak\u00f3w: myszo\u0142owa, jastrz\u0119bia i or\u0142a morskiego.&nbsp;<\/span>\n                                <br>\n                                <br>Na Pusztach mo\u017cna spotka\u0107 wiewi\u00f3rk\u0119 ziemn\u0105, w\u0119giersk\u0105 mysz skoczka i wiele gatunk\u00f3w motyli. Zdecydowanie warto wybra\u0107 si\u0119 tu na przyjemny spacer i cieszy\u0107 si\u0119 szerokim, rozleg\u0142ym widokiem.&nbsp;<\/p>\n                              <p>\n                                <br>\n                              <\/p>\n                            <\/div>\n                          <\/div>\n                          <div data-colibri-id=\"200-c18\" class=\"h-x-container style-1142 style-local-200-c18 position-relative h-element\">\n                            <!---->\n                            <div class=\"h-x-container-inner style-dynamic-200-c18-group style-1142-spacing style-local-200-c18-spacing\"><span class=\"h-button__outer style-650-outer style-local-200-c19-outer d-inline-flex h-element\"><a h-use-smooth-scroll=\"true\" href=\"https:\/\/uj.gelej.hu\"  data-colibri-id=\"200-c19\" class=\"d-flex w-100 align-items-center h-button justify-content-lg-center justify-content-md-center justify-content-center style-650 style-local-200-c19 position-relative\"><!----><!----> <span>Strona internetowa Gelej<\/span><\/a>\n                              <\/span>\n                            <\/div>\n                          <\/div>\n                          <div data-colibri-id=\"200-c20\" class=\"h-x-container style-1144 style-local-200-c20 position-relative h-element\">\n                            <!---->\n                            <div class=\"h-x-container-inner style-dynamic-200-c20-group style-1144-spacing style-local-200-c20-spacing\"><span class=\"h-button__outer style-650-outer style-local-200-c21-outer d-inline-flex h-element\"><a h-use-smooth-scroll=\"true\" href=\"https:\/\/www.bnpi.hu\/en\/borsodi-mezoseg-tajvedelmi-korzet\"  data-colibri-id=\"200-c21\" class=\"d-flex w-100 align-items-center h-button justify-content-lg-center justify-content-md-center justify-content-center style-650 style-local-200-c21 position-relative\"><!----><!----> <span>Strona internetowa Parku Narodowego<\/span><\/a>\n                              <\/span>\n                            <\/div>\n                          <\/div>\n                        <\/div>\n                      <\/div>\n                    <\/div>\n                    <div class=\"h-column h-column-container d-flex h-col-lg-auto h-col-md-auto h-col-auto style-1137-outer style-local-200-c22-outer\">\n                      <div data-colibri-id=\"200-c22\" class=\"d-flex h-flex-basis h-column__inner h-ui-empty-state-container h-px-lg-0 h-px-md-0 h-px-0 v-inner-lg-0 v-inner-md-0 v-inner-0 style-1137 style-local-200-c22 position-relative\">\n                        <!---->\n                        <!---->\n                        <div class=\"w-100 h-y-container h-column__content h-column__v-align flex-basis-100\">\n                          <!---->\n                        <\/div>\n                      <\/div>\n                    <\/div>\n                  <\/div>\n                <\/div>\n              <\/div>\n            <\/div>\n          <\/div>\n        <\/div>\n      <\/div>\n    <\/div>\n  <\/div>\n<\/div>","protected":false},"excerpt":{"rendered":"<p>Gelej Gelej is een rustig dorp met ongeveer 700 inwoners. Op loopafstand van de camping is het dorpsplein met een supermarktje, caf\u00e9tje, gemeentehuis en postkantoor. Hier vind je de gereformeerde kerk en een speelplaats voor de kinderen. Net buiten het dorp bevindt zich een Kaas- en zuivelhandel met lokaal gemaakte producten.&nbsp; Authentieke wijnkelders Net buiten [&hellip;]<\/p>\n","protected":false},"author":1,"featured_media":0,"parent":126,"menu_order":1,"comment_status":"closed","ping_status":"closed","template":"page-templates\/full-width-page.php","meta":{"footnotes":""},"class_list":["post-200","page","type-page","status-publish","hentry"],"yoast_head":"<!-- This site is optimized with the Yoast SEO plugin v27.5 - https:\/\/yoast.com\/product\/yoast-seo-wordpress\/ -->\n<title>Gelej<\/title>\n<meta name=\"description\" content=\"Gelej is het dorp waarin onze camping staat. Het is een klein, rustig en gemoedelijk dorp. Er is een supermarkt, bar, postkantoor en school.\" \/>\n<meta name=\"robots\" content=\"index, follow, max-snippet:-1, max-image-preview:large, max-video-preview:-1\" \/>\n<link rel=\"canonical\" href=\"https:\/\/kugundua.eu\/pl_pl\/miasta-wegry\/gelej\/\" \/>\n<meta property=\"og:locale\" content=\"pl_PL\" \/>\n<meta property=\"og:type\" content=\"article\" \/>\n<meta property=\"og:title\" content=\"Gelej\" \/>\n<meta property=\"og:description\" content=\"Gelej is het dorp waarin onze camping staat. Het is een klein, rustig en gemoedelijk dorp. Er is een supermarkt, bar, postkantoor en school.\" \/>\n<meta property=\"og:url\" content=\"https:\/\/kugundua.eu\/pl_pl\/miasta-wegry\/gelej\/\" \/>\n<meta property=\"og:site_name\" content=\"Camping Kugundua\" \/>\n<meta property=\"article:publisher\" content=\"https:\/\/www.facebook.com\/Kugundua\/\" \/>\n<meta property=\"article:modified_time\" content=\"2026-03-28T14:08:44+00:00\" \/>\n<meta name=\"twitter:card\" content=\"summary_large_image\" \/>\n<meta name=\"twitter:label1\" content=\"Szacowany czas czytania\" \/>\n\t<meta name=\"twitter:data1\" content=\"2 minuty\" \/>\n<script type=\"application\/ld+json\" class=\"yoast-schema-graph\">{\"@context\":\"https:\\\/\\\/schema.org\",\"@graph\":[{\"@type\":\"WebPage\",\"@id\":\"https:\\\/\\\/kugundua.eu\\\/steden\\\/gelej\\\/\",\"url\":\"https:\\\/\\\/kugundua.eu\\\/steden\\\/gelej\\\/\",\"name\":\"Gelej\",\"isPartOf\":{\"@id\":\"https:\\\/\\\/kugundua.eu\\\/#website\"},\"datePublished\":\"2022-05-20T09:33:46+00:00\",\"dateModified\":\"2026-03-28T14:08:44+00:00\",\"description\":\"Gelej is het dorp waarin onze camping staat. Het is een klein, rustig en gemoedelijk dorp. Er is een supermarkt, bar, postkantoor en school.\",\"breadcrumb\":{\"@id\":\"https:\\\/\\\/kugundua.eu\\\/steden\\\/gelej\\\/#breadcrumb\"},\"inLanguage\":\"pl-PL\",\"potentialAction\":[{\"@type\":\"ReadAction\",\"target\":[\"https:\\\/\\\/kugundua.eu\\\/steden\\\/gelej\\\/\"]}]},{\"@type\":\"BreadcrumbList\",\"@id\":\"https:\\\/\\\/kugundua.eu\\\/steden\\\/gelej\\\/#breadcrumb\",\"itemListElement\":[{\"@type\":\"ListItem\",\"position\":1,\"name\":\"Home\",\"item\":\"https:\\\/\\\/kugundua.eu\\\/\"},{\"@type\":\"ListItem\",\"position\":2,\"name\":\"Steden\",\"item\":\"https:\\\/\\\/kugundua.eu\\\/steden\\\/\"},{\"@type\":\"ListItem\",\"position\":3,\"name\":\"Gelej\"}]},{\"@type\":\"WebSite\",\"@id\":\"https:\\\/\\\/kugundua.eu\\\/#website\",\"url\":\"https:\\\/\\\/kugundua.eu\\\/\",\"name\":\"Camping Kugundua\",\"description\":\"Be Active &amp; Chill Out\",\"publisher\":{\"@id\":\"https:\\\/\\\/kugundua.eu\\\/#organization\"},\"potentialAction\":[{\"@type\":\"SearchAction\",\"target\":{\"@type\":\"EntryPoint\",\"urlTemplate\":\"https:\\\/\\\/kugundua.eu\\\/?s={search_term_string}\"},\"query-input\":{\"@type\":\"PropertyValueSpecification\",\"valueRequired\":true,\"valueName\":\"search_term_string\"}}],\"inLanguage\":\"pl-PL\"},{\"@type\":\"Organization\",\"@id\":\"https:\\\/\\\/kugundua.eu\\\/#organization\",\"name\":\"Kugundua\",\"url\":\"https:\\\/\\\/kugundua.eu\\\/\",\"logo\":{\"@type\":\"ImageObject\",\"inLanguage\":\"pl-PL\",\"@id\":\"https:\\\/\\\/kugundua.eu\\\/#\\\/schema\\\/logo\\\/image\\\/\",\"url\":\"https:\\\/\\\/kugundua.eu\\\/wp-content\\\/uploads\\\/2022\\\/12\\\/cropped-cropped-Kugundua-Logo-Outline-Transparant151-1.png\",\"contentUrl\":\"https:\\\/\\\/kugundua.eu\\\/wp-content\\\/uploads\\\/2022\\\/12\\\/cropped-cropped-Kugundua-Logo-Outline-Transparant151-1.png\",\"width\":185,\"height\":151,\"caption\":\"Kugundua\"},\"image\":{\"@id\":\"https:\\\/\\\/kugundua.eu\\\/#\\\/schema\\\/logo\\\/image\\\/\"},\"sameAs\":[\"https:\\\/\\\/www.facebook.com\\\/Kugundua\\\/\",\"https:\\\/\\\/www.instagram.com\\\/kugundua.hu\\\/\",\"https:\\\/\\\/www.youtube.com\\\/channel\\\/UCIVA4wWJvf5lmgWvJfxKIJQ\"]}]}<\/script>\n<!-- \/ Yoast SEO plugin. -->","yoast_head_json":{"title":"Gelej","description":"Gelej to miejscowo\u015b\u0107, w kt\u00f3rej znajduje si\u0119 nasz kemping. Jest to ma\u0142a, spokojna i przyjazna wioska. Znajduje si\u0119 tu supermarket, bar, poczta i szko\u0142a.","robots":{"index":"index","follow":"follow","max-snippet":"max-snippet:-1","max-image-preview":"max-image-preview:large","max-video-preview":"max-video-preview:-1"},"canonical":"https:\/\/kugundua.eu\/pl_pl\/miasta-wegry\/gelej\/","og_locale":"pl_PL","og_type":"article","og_title":"Gelej","og_description":"Gelej is het dorp waarin onze camping staat. Het is een klein, rustig en gemoedelijk dorp. Er is een supermarkt, bar, postkantoor en school.","og_url":"https:\/\/kugundua.eu\/pl_pl\/miasta-wegry\/gelej\/","og_site_name":"Camping Kugundua","article_publisher":"https:\/\/www.facebook.com\/Kugundua\/","article_modified_time":"2026-03-28T14:08:44+00:00","twitter_card":"summary_large_image","twitter_misc":{"Szacowany czas czytania":"2 minuty"},"schema":{"@context":"https:\/\/schema.org","@graph":[{"@type":"WebPage","@id":"https:\/\/kugundua.eu\/steden\/gelej\/","url":"https:\/\/kugundua.eu\/steden\/gelej\/","name":"Gelej","isPartOf":{"@id":"https:\/\/kugundua.eu\/#website"},"datePublished":"2022-05-20T09:33:46+00:00","dateModified":"2026-03-28T14:08:44+00:00","description":"Gelej to miejscowo\u015b\u0107, w kt\u00f3rej znajduje si\u0119 nasz kemping. Jest to ma\u0142a, spokojna i przyjazna wioska. Znajduje si\u0119 tu supermarket, bar, poczta i szko\u0142a.","breadcrumb":{"@id":"https:\/\/kugundua.eu\/steden\/gelej\/#breadcrumb"},"inLanguage":"pl-PL","potentialAction":[{"@type":"ReadAction","target":["https:\/\/kugundua.eu\/steden\/gelej\/"]}]},{"@type":"BreadcrumbList","@id":"https:\/\/kugundua.eu\/steden\/gelej\/#breadcrumb","itemListElement":[{"@type":"ListItem","position":1,"name":"Home","item":"https:\/\/kugundua.eu\/"},{"@type":"ListItem","position":2,"name":"Steden","item":"https:\/\/kugundua.eu\/steden\/"},{"@type":"ListItem","position":3,"name":"Gelej"}]},{"@type":"WebSite","@id":"https:\/\/kugundua.eu\/#website","url":"https:\/\/kugundua.eu\/","name":"Kemping Kugundua","description":"B\u0105d\u017a aktywny i zrelaksuj si\u0119","publisher":{"@id":"https:\/\/kugundua.eu\/#organization"},"potentialAction":[{"@type":"SearchAction","target":{"@type":"EntryPoint","urlTemplate":"https:\/\/kugundua.eu\/?s={search_term_string}"},"query-input":{"@type":"PropertyValueSpecification","valueRequired":true,"valueName":"search_term_string"}}],"inLanguage":"pl-PL"},{"@type":"Organization","@id":"https:\/\/kugundua.eu\/#organization","name":"Kugundua","url":"https:\/\/kugundua.eu\/","logo":{"@type":"ImageObject","inLanguage":"pl-PL","@id":"https:\/\/kugundua.eu\/#\/schema\/logo\/image\/","url":"https:\/\/kugundua.eu\/wp-content\/uploads\/2022\/12\/cropped-cropped-Kugundua-Logo-Outline-Transparant151-1.png","contentUrl":"https:\/\/kugundua.eu\/wp-content\/uploads\/2022\/12\/cropped-cropped-Kugundua-Logo-Outline-Transparant151-1.png","width":185,"height":151,"caption":"Kugundua"},"image":{"@id":"https:\/\/kugundua.eu\/#\/schema\/logo\/image\/"},"sameAs":["https:\/\/www.facebook.com\/Kugundua\/","https:\/\/www.instagram.com\/kugundua.hu\/","https:\/\/www.youtube.com\/channel\/UCIVA4wWJvf5lmgWvJfxKIJQ"]}]}},"_links":{"self":[{"href":"https:\/\/kugundua.eu\/pl_pl\/wp-json\/wp\/v2\/pages\/200","targetHints":{"allow":["GET"]}}],"collection":[{"href":"https:\/\/kugundua.eu\/pl_pl\/wp-json\/wp\/v2\/pages"}],"about":[{"href":"https:\/\/kugundua.eu\/pl_pl\/wp-json\/wp\/v2\/types\/page"}],"author":[{"embeddable":true,"href":"https:\/\/kugundua.eu\/pl_pl\/wp-json\/wp\/v2\/users\/1"}],"replies":[{"embeddable":true,"href":"https:\/\/kugundua.eu\/pl_pl\/wp-json\/wp\/v2\/comments?post=200"}],"version-history":[{"count":6,"href":"https:\/\/kugundua.eu\/pl_pl\/wp-json\/wp\/v2\/pages\/200\/revisions"}],"predecessor-version":[{"id":26342,"href":"https:\/\/kugundua.eu\/pl_pl\/wp-json\/wp\/v2\/pages\/200\/revisions\/26342"}],"up":[{"embeddable":true,"href":"https:\/\/kugundua.eu\/pl_pl\/wp-json\/wp\/v2\/pages\/126"}],"wp:attachment":[{"href":"https:\/\/kugundua.eu\/pl_pl\/wp-json\/wp\/v2\/media?parent=200"}],"curies":[{"name":"wp","href":"https:\/\/api.w.org\/{rel}","templated":true}]}}