{"id":130,"date":"2022-05-19T06:49:13","date_gmt":"2022-05-19T06:49:13","guid":{"rendered":"http:\/\/kugundua.eu\/?page_id=130"},"modified":"2026-03-28T13:44:40","modified_gmt":"2026-03-28T13:44:40","slug":"tisza-meer","status":"publish","type":"page","link":"https:\/\/kugundua.eu\/pl_pl\/natura-wegry\/jezioro-tisza-wegry\/","title":{"rendered":"Jezioro Cisa"},"content":{"rendered":"<div data-colibri-id=\"130-c1\" class=\"style-931 style-local-130-c1 position-relative\">\n  <!---->\n  <div data-colibri-component=\"section\" data-colibri-id=\"130-c2\" id=\"about\" class=\"h-section h-section-global-spacing d-flex align-items-lg-center align-items-md-center align-items-center style-932 style-local-130-c2 position-relative\">\n    <!---->\n    <!---->\n    <div class=\"h-section-grid-container h-section-boxed-container\">\n      <div data-colibri-id=\"130-c7\" class=\"h-row-container gutters-row-lg-2 gutters-row-md-2 gutters-row-2 gutters-row-v-lg-2 gutters-row-v-md-2 gutters-row-v-2 style-937 style-local-130-c7 position-relative\">\n        <!---->\n        <div class=\"h-row justify-content-lg-center justify-content-md-center justify-content-center align-items-lg-stretch align-items-md-stretch align-items-stretch gutters-col-lg-2 gutters-col-md-2 gutters-col-2 gutters-col-v-lg-2 gutters-col-v-md-2 gutters-col-v-2\">\n          <!---->\n          <div class=\"h-column h-column-container d-flex h-col-lg-auto h-col-md-auto h-col-auto style-938-outer style-local-130-c8-outer\">\n            <div data-colibri-id=\"130-c8\" class=\"d-flex h-flex-basis h-column__inner h-px-lg-2 h-px-md-2 h-px-2 v-inner-lg-2 v-inner-md-2 v-inner-2 style-938 style-local-130-c8 position-relative\">\n              <!---->\n              <!---->\n              <div class=\"w-100 h-y-container h-column__content h-column__v-align flex-basis-100 align-self-lg-start align-self-md-start align-self-start\">\n                <!---->\n                <div data-colibri-id=\"130-c9\" class=\"h-global-transition-all h-heading style-940 style-local-130-c9 position-relative h-element\">\n                  <!---->\n                  <div class=\"h-heading__outer style-940 style-local-130-c9\">\n                    <!---->\n                    <!---->\n                    <h2 class=\"\">Jezioro Cisa<\/h2>\n                  <\/div>\n                <\/div>\n                <div data-colibri-id=\"130-c10\" class=\"h-lead h-text h-text-component style-941 style-local-130-c10 position-relative h-element\">\n                  <!---->\n                  <!---->\n                  <div class=\"\">\n                    <p>Po jeziorze Balaton, Jezioro Cisa jest najwi\u0119kszym jeziorem na W\u0119grzech. Ze swoj\u0105 powierzchni\u0105 127 km\u00b2 jest prawdziwym cudem natury. Znajduje si\u0119 na Wielkiej Nizinie W\u0119gierskiej, niedaleko Parku Narodowego Hortob\u00e1gy. W tym rozleg\u0142ym, bagiennym obszarze mo\u017cna spotka\u0107 tysi\u0105ce ptak\u00f3w. R\u00f3wnie\u017c liczba bocian\u00f3w jest imponuj\u0105ca \u2013 w ka\u017cdej w\u0119gierskiej wiosce przygotowano dziesi\u0105tki miejsc l\u0119gowych na s\u0142upach elektrycznych i latarniach.&nbsp;\n                      <br>\n                      <br>Pi\u0119kne Jezioro Cisa ma r\u00f3\u017cne g\u0142\u0119boko\u015bci. P\u0142ytka, szybko nagrzewaj\u0105ca si\u0119 woda jest idealna do p\u0142ywania, a g\u0142\u0119bsze partie jeziora doskonale nadaj\u0105 si\u0119 do uprawiania sport\u00f3w wodnych. Jezioro Cisa jest zdecydowanie warte odwiedzenia dla tych, kt\u00f3rzy kochaj\u0105 przyrod\u0119 i aktywno\u015b\u0107 na \u015bwie\u017cym powietrzu. Niezale\u017cnie od tego, czy lubisz w\u0119dkowanie, \u017ceglowanie, piesze w\u0119dr\u00f3wki, jazd\u0119 na rowerze, opalanie si\u0119 czy p\u0142ywanie \u2013 tutaj wszystko jest mo\u017cliwe. Dla dzieci jest nawet prawdziwa piracka wyspa, na kt\u00f3rej czeka mn\u00f3stwo przyg\u00f3d.\n                      <br>\n                      <br>Jezioro Cisa znajduje si\u0119 oko\u0142o 30 minut jazdy samochodem od naszego kempingu. Jednak czas dojazdu zale\u017cy od tego, co chcesz zwiedzi\u0107 wok\u00f3\u0142 jeziora.\n                      <br>\n                      <br>\n                    <\/p>\n                  <\/div>\n                <\/div>\n              <\/div>\n            <\/div>\n          <\/div>\n        <\/div>\n      <\/div>\n      <div data-colibri-id=\"130-c3\" class=\"h-row-container gutters-row-lg-0 gutters-row-md-0 gutters-row-0 gutters-row-v-lg-0 gutters-row-v-md-0 gutters-row-v-0 style-933 style-local-130-c3 h-overflow-hidden position-relative\">\n        <!---->\n        <div class=\"h-row justify-content-lg-center justify-content-md-center justify-content-center align-items-lg-end align-items-md-end align-items-end gutters-col-lg-0 gutters-col-md-0 gutters-col-0 gutters-col-v-lg-0 gutters-col-v-md-0 gutters-col-v-0\">\n          <!---->\n          <div class=\"h-column h-column-container d-flex h-col-lg-auto h-col-md-auto h-col-auto align-self-lg-end align-self-md-end align-self-end style-934-outer style-local-130-c4-outer\">\n            <div data-colibri-id=\"130-c4\" class=\"d-flex h-flex-basis h-column__inner h-ui-empty-state-container h-px-lg-0 h-px-md-0 h-px-0 v-inner-lg-0 v-inner-md-0 v-inner-0 style-934 style-local-130-c4 position-relative\">\n              <!---->\n              <!---->\n              <div class=\"w-100 h-y-container h-column__content h-column__v-align flex-basis-100\">\n                <!---->\n              <\/div>\n            <\/div>\n          <\/div>\n          <div class=\"h-column h-column-container d-flex h-col-lg-auto h-col-md-auto h-col-auto align-self-lg-end align-self-md-end align-self-end style-935-outer style-local-130-c5-outer\">\n            <div data-colibri-id=\"130-c5\" class=\"d-flex h-flex-basis h-column__inner h-ui-empty-state-container h-px-lg-0 h-px-md-0 h-px-0 v-inner-lg-0 v-inner-md-0 v-inner-0 style-935 style-local-130-c5 position-relative\">\n              <!---->\n              <!---->\n              <div class=\"w-100 h-y-container h-column__content h-column__v-align flex-basis-100\">\n                <!---->\n              <\/div>\n            <\/div>\n          <\/div>\n          <div class=\"h-column h-column-container d-flex h-col-lg-auto h-col-md-auto h-col-auto align-self-lg-end align-self-md-end align-self-end style-936-outer style-local-130-c6-outer\">\n            <div data-colibri-id=\"130-c6\" class=\"d-flex h-flex-basis h-column__inner h-ui-empty-state-container h-px-lg-0 h-px-md-0 h-px-0 v-inner-lg-0 v-inner-md-0 v-inner-0 style-936 style-local-130-c6 position-relative\">\n              <!---->\n              <!---->\n              <div class=\"w-100 h-y-container h-column__content h-column__v-align flex-basis-100\">\n                <!---->\n              <\/div>\n            <\/div>\n          <\/div>\n        <\/div>\n      <\/div>\n    <\/div>\n  <\/div>\n  <div data-colibri-component=\"section\" data-colibri-id=\"130-c11\" id=\"about-2\" class=\"h-section h-section-global-spacing d-flex align-items-lg-center align-items-md-center align-items-center style-944 style-local-130-c11 position-relative\">\n    <!---->\n    <!---->\n    <div class=\"h-section-grid-container h-section-boxed-container\">\n      <div data-colibri-id=\"130-c16\" class=\"h-row-container gutters-row-lg-2 gutters-row-md-2 gutters-row-2 gutters-row-v-lg-2 gutters-row-v-md-2 gutters-row-v-2 style-949 style-local-130-c16 position-relative\">\n        <!---->\n        <div class=\"h-row justify-content-lg-center justify-content-md-center justify-content-center align-items-lg-stretch align-items-md-stretch align-items-stretch gutters-col-lg-2 gutters-col-md-2 gutters-col-2 gutters-col-v-lg-2 gutters-col-v-md-2 gutters-col-v-2\">\n          <!---->\n          <div class=\"h-column h-column-container d-flex h-col-lg-auto h-col-md-auto h-col-auto style-950-outer style-local-130-c17-outer\">\n            <div data-colibri-id=\"130-c17\" class=\"d-flex h-flex-basis h-column__inner h-px-lg-2 h-px-md-2 h-px-2 v-inner-lg-2 v-inner-md-2 v-inner-2 style-950 style-local-130-c17 position-relative\">\n              <!---->\n              <!---->\n              <div class=\"w-100 h-y-container h-column__content h-column__v-align flex-basis-100 align-self-lg-start align-self-md-start align-self-start\">\n                <!---->\n                <div data-colibri-id=\"130-c18\" class=\"h-global-transition-all h-heading style-940 style-local-130-c18 position-relative h-element\">\n                  <!---->\n                  <div class=\"h-heading__outer style-940 style-local-130-c18\">\n                    <!---->\n                    <!---->\n                    <h2 class=\"\">Tisza-tavi \u00d6kocentrum<\/h2>\n                  <\/div>\n                <\/div>\n                <div data-colibri-id=\"130-c19\" class=\"h-lead h-text h-text-component style-941 style-local-130-c19 position-relative h-element\">\n                  <!---->\n                  <!---->\n                  <div class=\"\">\n                    <p>Ten kompleks nad Jeziorem Cisa powsta\u0142, aby zebra\u0107 i zaprezentowa\u0107 niesamowit\u0105 przyrod\u0119 oraz dzik\u0105 faun\u0119 Doliny Cisy i Jeziora Cisa. Zosta\u0142 otwarty dla publiczno\u015bci 27 kwietnia 2012 roku. G\u0142\u00f3wny budynek Ekocentrum Jeziora Cisa, zaprojektowany przez architekta L\u00e1szl\u00f3 Kertaia, laureata Nagrody Ybla, symbolizuje ogromnego l\u0105duj\u0105cego ptaka. To inspiruj\u0105ce arcydzie\u0142o architektury oferuje ca\u0142odniowy program z wystawami sta\u0142ymi i czasowymi, sal\u0105 konferencyjno-eventow\u0105, kinem 3D, wystaw\u0105 \u201eNoc w lesie\u201d prezentuj\u0105c\u0105 gady i p\u0142azy w terrariach, dzieci\u0119c\u0105 sal\u0105 zabaw \u201eZaczarowany \u015bwiat wodny\u201d oraz wie\u017c\u0105 widokow\u0105. Panoramiczny widok z tarasu zapiera dech w piersiach \u2013 w jednym kierunku rozci\u0105ga si\u0119 Jezioro Cisa, a w drugim pasma g\u00f3rskie M\u00e1tra i B\u00fckk.\n                      <br>\n                      <br>Mo\u017cna r\u00f3wnie\u017c odby\u0107 wycieczk\u0119 z przewodnikiem po Jeziorze Cisa (obecnie dost\u0119pna tylko w j\u0119zyku w\u0119gierskim), a na zewn\u0105trz znajduje si\u0119 du\u017cy plac zabaw i mini zoo dla dzieci.\n                      <br>\n                      <br>Przy wej\u015bciu mo\u017cesz poprosi\u0107 o urz\u0105dzenie audioprzewodnika (bezp\u0142atnie), aby otrzyma\u0107 informacje w j\u0119zyku angielskim, niemieckim, polskim lub w\u0119gierskim.\n                      <br>\n                      <br>Ekocentrum Jeziora Cisa znajduje si\u0119 w Poroszl\u00f3 i jest oddalone o oko\u0142o 30 minut jazdy samochodem od naszego kempingu.<\/p>\n                  <\/div>\n                <\/div>\n                <div data-colibri-id=\"130-c20\" class=\"h-x-container style-954 style-local-130-c20 position-relative h-element\">\n                  <!---->\n                  <div class=\"h-x-container-inner style-dynamic-130-c20-group style-954-spacing style-local-130-c20-spacing\"><span class=\"h-button__outer style-650-outer style-local-130-c21-outer d-inline-flex h-element\"><a h-use-smooth-scroll=\"true\" href=\"https:\/\/www.tiszataviokocentrum.hu\/?lang=2\"  data-colibri-id=\"130-c21\" class=\"d-flex w-100 align-items-center h-button justify-content-lg-center justify-content-md-center justify-content-center style-650 style-local-130-c21 position-relative\"><!----><!----> <span>Strona internetowa<\/span><\/a>\n                    <\/span>\n                  <\/div>\n                <\/div>\n              <\/div>\n            <\/div>\n          <\/div>\n        <\/div>\n      <\/div>\n      <div data-colibri-id=\"130-c12\" class=\"h-row-container gutters-row-lg-0 gutters-row-md-0 gutters-row-0 gutters-row-v-lg-0 gutters-row-v-md-0 gutters-row-v-0 style-945 style-local-130-c12 h-overflow-hidden position-relative\">\n        <!---->\n        <div class=\"h-row justify-content-lg-center justify-content-md-center justify-content-center align-items-lg-end align-items-md-end align-items-end gutters-col-lg-0 gutters-col-md-0 gutters-col-0 gutters-col-v-lg-0 gutters-col-v-md-0 gutters-col-v-0\">\n          <!---->\n          <div class=\"h-column h-column-container d-flex h-col-lg-auto h-col-md-auto h-col-auto align-self-lg-end align-self-md-end align-self-end style-946-outer style-local-130-c13-outer\">\n            <div data-colibri-id=\"130-c13\" class=\"d-flex h-flex-basis h-column__inner h-ui-empty-state-container h-px-lg-0 h-px-md-0 h-px-0 v-inner-lg-0 v-inner-md-0 v-inner-0 style-946 style-local-130-c13 position-relative\">\n              <!---->\n              <!---->\n              <div class=\"w-100 h-y-container h-column__content h-column__v-align flex-basis-100\">\n                <!---->\n              <\/div>\n            <\/div>\n          <\/div>\n          <div class=\"h-column h-column-container d-flex h-col-lg-auto h-col-md-auto h-col-auto align-self-lg-end align-self-md-end align-self-end style-947-outer style-local-130-c14-outer\">\n            <div data-colibri-id=\"130-c14\" class=\"d-flex h-flex-basis h-column__inner h-ui-empty-state-container h-px-lg-0 h-px-md-0 h-px-0 v-inner-lg-0 v-inner-md-0 v-inner-0 style-947 style-local-130-c14 position-relative\">\n              <!---->\n              <!---->\n              <div class=\"w-100 h-y-container h-column__content h-column__v-align flex-basis-100\">\n                <!---->\n              <\/div>\n            <\/div>\n          <\/div>\n          <div class=\"h-column h-column-container d-flex h-col-lg-auto h-col-md-auto h-col-auto align-self-lg-end align-self-md-end align-self-end style-948-outer style-local-130-c15-outer\">\n            <div data-colibri-id=\"130-c15\" class=\"d-flex h-flex-basis h-column__inner h-ui-empty-state-container h-px-lg-0 h-px-md-0 h-px-0 v-inner-lg-0 v-inner-md-0 v-inner-0 style-948 style-local-130-c15 position-relative\">\n              <!---->\n              <!---->\n              <div class=\"w-100 h-y-container h-column__content h-column__v-align flex-basis-100\">\n                <!---->\n              <\/div>\n            <\/div>\n          <\/div>\n        <\/div>\n      <\/div>\n    <\/div>\n  <\/div>\n<\/div>","protected":false},"excerpt":{"rendered":"<p>Tiszameer Na het Balatonmeer is het Tiszameer het grootste meer van Hongarije. Het Tiszameer is met zijn oppervlakte van 127 km2 een wonder van de natuur. Het ligt in de grote Hongaarse laagvlakte en vlakbij het National park Hortob\u00e1gy. Duizenden vogels kun je hier vinden in het grote moerasachtige gebied. Ook de hoeveelheid ooievaars, waarvoor [&hellip;]<\/p>\n","protected":false},"author":1,"featured_media":0,"parent":108,"menu_order":2,"comment_status":"closed","ping_status":"closed","template":"page-templates\/full-width-page.php","meta":{"footnotes":""},"class_list":["post-130","page","type-page","status-publish","hentry"],"yoast_head":"<!-- This site is optimized with the Yoast SEO plugin v27.5 - https:\/\/yoast.com\/product\/yoast-seo-wordpress\/ -->\n<title>Tiszameer (Tisza-to)<\/title>\n<meta name=\"description\" content=\"Na het Balatonmeer is het Tiszameer het grootste meer van Hongarije. Het is met zijn oppervlakte van 127 km2 een wonder van de natuur.\" \/>\n<meta name=\"robots\" content=\"index, follow, max-snippet:-1, max-image-preview:large, max-video-preview:-1\" \/>\n<link rel=\"canonical\" href=\"https:\/\/kugundua.eu\/pl_pl\/natura-wegry\/jezioro-tisza-wegry\/\" \/>\n<meta property=\"og:locale\" content=\"pl_PL\" \/>\n<meta property=\"og:type\" content=\"article\" \/>\n<meta property=\"og:title\" content=\"Tiszameer (Tisza-to)\" \/>\n<meta property=\"og:description\" content=\"Na het Balatonmeer is het Tiszameer het grootste meer van Hongarije. Het is met zijn oppervlakte van 127 km2 een wonder van de natuur.\" \/>\n<meta property=\"og:url\" content=\"https:\/\/kugundua.eu\/pl_pl\/natura-wegry\/jezioro-tisza-wegry\/\" \/>\n<meta property=\"og:site_name\" content=\"Camping Kugundua\" \/>\n<meta property=\"article:publisher\" content=\"https:\/\/www.facebook.com\/Kugundua\/\" \/>\n<meta property=\"article:modified_time\" content=\"2026-03-28T13:44:40+00:00\" \/>\n<meta name=\"twitter:card\" content=\"summary_large_image\" \/>\n<meta name=\"twitter:label1\" content=\"Szacowany czas czytania\" \/>\n\t<meta name=\"twitter:data1\" content=\"2 minuty\" \/>\n<script type=\"application\/ld+json\" class=\"yoast-schema-graph\">{\"@context\":\"https:\\\/\\\/schema.org\",\"@graph\":[{\"@type\":\"WebPage\",\"@id\":\"https:\\\/\\\/kugundua.eu\\\/natuur\\\/tisza-meer\\\/\",\"url\":\"https:\\\/\\\/kugundua.eu\\\/natuur\\\/tisza-meer\\\/\",\"name\":\"Tiszameer (Tisza-to)\",\"isPartOf\":{\"@id\":\"https:\\\/\\\/kugundua.eu\\\/#website\"},\"datePublished\":\"2022-05-19T06:49:13+00:00\",\"dateModified\":\"2026-03-28T13:44:40+00:00\",\"description\":\"Na het Balatonmeer is het Tiszameer het grootste meer van Hongarije. Het is met zijn oppervlakte van 127 km2 een wonder van de natuur.\",\"breadcrumb\":{\"@id\":\"https:\\\/\\\/kugundua.eu\\\/natuur\\\/tisza-meer\\\/#breadcrumb\"},\"inLanguage\":\"pl-PL\",\"potentialAction\":[{\"@type\":\"ReadAction\",\"target\":[\"https:\\\/\\\/kugundua.eu\\\/natuur\\\/tisza-meer\\\/\"]}]},{\"@type\":\"BreadcrumbList\",\"@id\":\"https:\\\/\\\/kugundua.eu\\\/natuur\\\/tisza-meer\\\/#breadcrumb\",\"itemListElement\":[{\"@type\":\"ListItem\",\"position\":1,\"name\":\"Home\",\"item\":\"https:\\\/\\\/kugundua.eu\\\/\"},{\"@type\":\"ListItem\",\"position\":2,\"name\":\"Natuur\",\"item\":\"https:\\\/\\\/kugundua.eu\\\/natuur\\\/\"},{\"@type\":\"ListItem\",\"position\":3,\"name\":\"Tiszameer\"}]},{\"@type\":\"WebSite\",\"@id\":\"https:\\\/\\\/kugundua.eu\\\/#website\",\"url\":\"https:\\\/\\\/kugundua.eu\\\/\",\"name\":\"Camping Kugundua\",\"description\":\"Be Active &amp; Chill Out\",\"publisher\":{\"@id\":\"https:\\\/\\\/kugundua.eu\\\/#organization\"},\"potentialAction\":[{\"@type\":\"SearchAction\",\"target\":{\"@type\":\"EntryPoint\",\"urlTemplate\":\"https:\\\/\\\/kugundua.eu\\\/?s={search_term_string}\"},\"query-input\":{\"@type\":\"PropertyValueSpecification\",\"valueRequired\":true,\"valueName\":\"search_term_string\"}}],\"inLanguage\":\"pl-PL\"},{\"@type\":\"Organization\",\"@id\":\"https:\\\/\\\/kugundua.eu\\\/#organization\",\"name\":\"Kugundua\",\"url\":\"https:\\\/\\\/kugundua.eu\\\/\",\"logo\":{\"@type\":\"ImageObject\",\"inLanguage\":\"pl-PL\",\"@id\":\"https:\\\/\\\/kugundua.eu\\\/#\\\/schema\\\/logo\\\/image\\\/\",\"url\":\"https:\\\/\\\/kugundua.eu\\\/wp-content\\\/uploads\\\/2022\\\/12\\\/cropped-cropped-Kugundua-Logo-Outline-Transparant151-1.png\",\"contentUrl\":\"https:\\\/\\\/kugundua.eu\\\/wp-content\\\/uploads\\\/2022\\\/12\\\/cropped-cropped-Kugundua-Logo-Outline-Transparant151-1.png\",\"width\":185,\"height\":151,\"caption\":\"Kugundua\"},\"image\":{\"@id\":\"https:\\\/\\\/kugundua.eu\\\/#\\\/schema\\\/logo\\\/image\\\/\"},\"sameAs\":[\"https:\\\/\\\/www.facebook.com\\\/Kugundua\\\/\",\"https:\\\/\\\/www.instagram.com\\\/kugundua.hu\\\/\",\"https:\\\/\\\/www.youtube.com\\\/channel\\\/UCIVA4wWJvf5lmgWvJfxKIJQ\"]}]}<\/script>\n<!-- \/ Yoast SEO plugin. -->","yoast_head_json":{"title":"Jezioro Cisa (Tisza-to)","description":"Jezioro Cisa jest najwi\u0119kszym po Balatonie jeziorem na W\u0119grzech. Zajmuje powierzchni\u0119 127 km2 i jest cudem natury.","robots":{"index":"index","follow":"follow","max-snippet":"max-snippet:-1","max-image-preview":"max-image-preview:large","max-video-preview":"max-video-preview:-1"},"canonical":"https:\/\/kugundua.eu\/pl_pl\/natura-wegry\/jezioro-tisza-wegry\/","og_locale":"pl_PL","og_type":"article","og_title":"Tiszameer (Tisza-to)","og_description":"Na het Balatonmeer is het Tiszameer het grootste meer van Hongarije. Het is met zijn oppervlakte van 127 km2 een wonder van de natuur.","og_url":"https:\/\/kugundua.eu\/pl_pl\/natura-wegry\/jezioro-tisza-wegry\/","og_site_name":"Camping Kugundua","article_publisher":"https:\/\/www.facebook.com\/Kugundua\/","article_modified_time":"2026-03-28T13:44:40+00:00","twitter_card":"summary_large_image","twitter_misc":{"Szacowany czas czytania":"2 minuty"},"schema":{"@context":"https:\/\/schema.org","@graph":[{"@type":"WebPage","@id":"https:\/\/kugundua.eu\/natuur\/tisza-meer\/","url":"https:\/\/kugundua.eu\/natuur\/tisza-meer\/","name":"Jezioro Cisa (Tisza-to)","isPartOf":{"@id":"https:\/\/kugundua.eu\/#website"},"datePublished":"2022-05-19T06:49:13+00:00","dateModified":"2026-03-28T13:44:40+00:00","description":"Jezioro Cisa jest najwi\u0119kszym po Balatonie jeziorem na W\u0119grzech. Zajmuje powierzchni\u0119 127 km2 i jest cudem natury.","breadcrumb":{"@id":"https:\/\/kugundua.eu\/natuur\/tisza-meer\/#breadcrumb"},"inLanguage":"pl-PL","potentialAction":[{"@type":"ReadAction","target":["https:\/\/kugundua.eu\/natuur\/tisza-meer\/"]}]},{"@type":"BreadcrumbList","@id":"https:\/\/kugundua.eu\/natuur\/tisza-meer\/#breadcrumb","itemListElement":[{"@type":"ListItem","position":1,"name":"Home","item":"https:\/\/kugundua.eu\/"},{"@type":"ListItem","position":2,"name":"Natuur","item":"https:\/\/kugundua.eu\/natuur\/"},{"@type":"ListItem","position":3,"name":"Tiszameer"}]},{"@type":"WebSite","@id":"https:\/\/kugundua.eu\/#website","url":"https:\/\/kugundua.eu\/","name":"Kemping Kugundua","description":"B\u0105d\u017a aktywny i zrelaksuj si\u0119","publisher":{"@id":"https:\/\/kugundua.eu\/#organization"},"potentialAction":[{"@type":"SearchAction","target":{"@type":"EntryPoint","urlTemplate":"https:\/\/kugundua.eu\/?s={search_term_string}"},"query-input":{"@type":"PropertyValueSpecification","valueRequired":true,"valueName":"search_term_string"}}],"inLanguage":"pl-PL"},{"@type":"Organization","@id":"https:\/\/kugundua.eu\/#organization","name":"Kugundua","url":"https:\/\/kugundua.eu\/","logo":{"@type":"ImageObject","inLanguage":"pl-PL","@id":"https:\/\/kugundua.eu\/#\/schema\/logo\/image\/","url":"https:\/\/kugundua.eu\/wp-content\/uploads\/2022\/12\/cropped-cropped-Kugundua-Logo-Outline-Transparant151-1.png","contentUrl":"https:\/\/kugundua.eu\/wp-content\/uploads\/2022\/12\/cropped-cropped-Kugundua-Logo-Outline-Transparant151-1.png","width":185,"height":151,"caption":"Kugundua"},"image":{"@id":"https:\/\/kugundua.eu\/#\/schema\/logo\/image\/"},"sameAs":["https:\/\/www.facebook.com\/Kugundua\/","https:\/\/www.instagram.com\/kugundua.hu\/","https:\/\/www.youtube.com\/channel\/UCIVA4wWJvf5lmgWvJfxKIJQ"]}]}},"_links":{"self":[{"href":"https:\/\/kugundua.eu\/pl_pl\/wp-json\/wp\/v2\/pages\/130","targetHints":{"allow":["GET"]}}],"collection":[{"href":"https:\/\/kugundua.eu\/pl_pl\/wp-json\/wp\/v2\/pages"}],"about":[{"href":"https:\/\/kugundua.eu\/pl_pl\/wp-json\/wp\/v2\/types\/page"}],"author":[{"embeddable":true,"href":"https:\/\/kugundua.eu\/pl_pl\/wp-json\/wp\/v2\/users\/1"}],"replies":[{"embeddable":true,"href":"https:\/\/kugundua.eu\/pl_pl\/wp-json\/wp\/v2\/comments?post=130"}],"version-history":[{"count":9,"href":"https:\/\/kugundua.eu\/pl_pl\/wp-json\/wp\/v2\/pages\/130\/revisions"}],"predecessor-version":[{"id":26291,"href":"https:\/\/kugundua.eu\/pl_pl\/wp-json\/wp\/v2\/pages\/130\/revisions\/26291"}],"up":[{"embeddable":true,"href":"https:\/\/kugundua.eu\/pl_pl\/wp-json\/wp\/v2\/pages\/108"}],"wp:attachment":[{"href":"https:\/\/kugundua.eu\/pl_pl\/wp-json\/wp\/v2\/media?parent=130"}],"curies":[{"name":"wp","href":"https:\/\/api.w.org\/{rel}","templated":true}]}}