{"id":84,"date":"2022-05-19T06:20:39","date_gmt":"2022-05-19T06:20:39","guid":{"rendered":"http:\/\/kugundua.eu\/?page_id=84"},"modified":"2026-03-28T13:50:33","modified_gmt":"2026-03-28T13:50:33","slug":"boedapest","status":"publish","type":"page","link":"https:\/\/kugundua.eu\/hu_hu\/varosok-magyarorszag\/budapest-latnivalok\/","title":{"rendered":"Budapest"},"content":{"rendered":"<div data-colibri-id=\"84-c1\" class=\"style-1099 style-local-84-c1 position-relative\">\n  <!---->\n  <div data-colibri-component=\"section\" data-colibri-id=\"84-c2\" id=\"content\" class=\"h-section h-section-global-spacing d-flex align-items-lg-center align-items-md-center align-items-center style-1100 style-local-84-c2 position-relative\">\n    <!---->\n    <!---->\n    <div class=\"h-section-grid-container h-section-boxed-container\">\n      <div data-colibri-id=\"84-c22\" class=\"h-row-container gutters-row-lg-2 gutters-row-md-2 gutters-row-2 gutters-row-v-lg-2 gutters-row-v-md-2 gutters-row-v-2 style-1112 style-local-84-c22 position-relative\">\n        <!---->\n        <div class=\"h-row justify-content-lg-center justify-content-md-center justify-content-center align-items-lg-stretch align-items-md-stretch align-items-stretch gutters-col-lg-2 gutters-col-md-2 gutters-col-2 gutters-col-v-lg-2 gutters-col-v-md-2 gutters-col-v-2\">\n          <!---->\n          <div class=\"h-column h-column-container d-flex h-col-lg-auto h-col-md-auto h-col-auto style-1113-outer style-local-84-c23-outer\">\n            <div data-colibri-id=\"84-c23\" class=\"d-flex h-flex-basis h-column__inner h-px-lg-2 h-px-md-2 h-px-2 v-inner-lg-2 v-inner-md-2 v-inner-2 style-1113 style-local-84-c23 position-relative\">\n              <!---->\n              <!---->\n              <div class=\"w-100 h-y-container h-column__content h-column__v-align flex-basis-100 align-self-lg-start align-self-md-start align-self-start\">\n                <!---->\n                <div data-colibri-id=\"84-c24\" class=\"h-global-transition-all h-heading style-1114 style-local-84-c24 position-relative h-element\">\n                  <!---->\n                  <div class=\"h-heading__outer style-1114 style-local-84-c24\">\n                    <!---->\n                    <!---->\n                    <h2 class=\"\">Budapest<\/h2>\n                  <\/div>\n                <\/div>\n                <div data-colibri-id=\"84-c25\" class=\"h-lead h-text h-text-component style-1115 style-local-84-c25 position-relative h-element\">\n                  <!---->\n                  <!---->\n                  <div class=\"\">\n                    <p>Budapest a Duna k\u00e9t partj\u00e1n helyezkedik el. 1873-ban Buda \u00e9s \u00d3buda, a Duna nyugati partj\u00e1n, egyes\u00fclt Pesttel, a Duna keleti partj\u00e1n, \u00edgy alakult ki a v\u00e1ros, ahogy ma ismerj\u00fck. A v\u00e1ros lakoss\u00e1ga 1,7 milli\u00f3 f\u0151.&nbsp;<\/p>\n                  <\/div>\n                <\/div>\n              <\/div>\n            <\/div>\n          <\/div>\n        <\/div>\n      <\/div>\n      <div data-colibri-id=\"84-c3\" class=\"h-row-container gutters-row-lg-2 gutters-row-md-2 gutters-row-2 gutters-row-v-lg-2 gutters-row-v-md-2 gutters-row-v-2 style-1101 style-local-84-c3 position-relative\">\n        <!---->\n        <div class=\"h-row justify-content-lg-center justify-content-md-center justify-content-center align-items-lg-stretch align-items-md-stretch align-items-stretch gutters-col-lg-2 gutters-col-md-2 gutters-col-2 gutters-col-v-lg-2 gutters-col-v-md-2 gutters-col-v-2\">\n          <!---->\n          <div class=\"h-column h-column-container d-flex h-col-lg-auto h-col-md-auto h-col-auto style-1102-outer style-local-84-c4-outer\">\n            <div data-colibri-id=\"84-c4\" class=\"d-flex h-flex-basis h-column__inner h-px-lg-0 h-px-md-0 h-px-0 v-inner-lg-0 v-inner-md-0 v-inner-0 style-1102 style-local-84-c4 position-relative\">\n              <!---->\n              <!---->\n              <div class=\"w-100 h-y-container h-column__content h-column__v-align flex-basis-100 align-self-lg-start align-self-md-start align-self-start\">\n                <!---->\n                <div data-colibri-id=\"84-c5\" class=\"h-row-container gutters-row-lg-2 gutters-row-md-2 gutters-row-2 gutters-row-v-lg-2 gutters-row-v-md-2 gutters-row-v-2 style-1103 style-local-84-c5 position-relative\">\n                  <!---->\n                  <div class=\"h-row justify-content-lg-center justify-content-md-center justify-content-center align-items-lg-stretch align-items-md-stretch align-items-stretch gutters-col-lg-2 gutters-col-md-2 gutters-col-2 gutters-col-v-lg-2 gutters-col-v-md-2 gutters-col-v-2\">\n                    <!---->\n                    <div class=\"h-column h-column-container d-flex h-col-lg-auto h-col-md-auto h-col-auto style-1104-outer style-local-84-c6-outer\">\n                      <div data-colibri-id=\"84-c6\" class=\"d-flex h-flex-basis h-column__inner h-px-lg-0 h-px-md-0 h-px-0 v-inner-lg-0 v-inner-md-0 v-inner-0 style-1104 style-local-84-c6 position-relative\">\n                        <!---->\n                        <!---->\n                        <div class=\"w-100 h-y-container h-column__content h-column__v-align flex-basis-100 align-self-lg-center align-self-md-center align-self-center\">\n                          <!---->\n                          <div data-colibri-id=\"84-c7\" class=\"h-text h-text-component style-1106 style-local-84-c7 position-relative h-element\">\n                            <!---->\n                            <!---->\n                            <div class=\"\">\n                              <p>A magyar Parlament \u00e9p\u00fclete gy\u00f6ny\u00f6r\u0171 helyen helyezkedik el a Duna partj\u00e1n. Ez a harmadik legnagyobb parlamenti \u00e9p\u00fclet Eur\u00f3p\u00e1ban. A Parlament \u00e9p\u00fclete mind \u00e9jjel, mind bel\u00fcl biztosan meg\u00e9r egy l\u00e1togat\u00e1st.&nbsp;\n                                <br>\n                                <br>A Dun\u00e1n t\u00fal, a Parlament \u00e9p\u00fclet\u00e9vel szemben tal\u00e1lhat\u00f3 a Hal\u00e1szb\u00e1stya. Ezt Magyarorsz\u00e1g 1000 \u00e9ves \u00e9vfordul\u00f3ja alkalm\u00e1b\u00f3l \u00e9p\u00edtett\u00e9k. Innen csod\u00e1latos kil\u00e1t\u00e1s ny\u00edlik Pestre.&nbsp;\n                                <br>\n                                <br>A B\u00e1stya halm\u00e1n, ahol a Hal\u00e1szb\u00e1stya tal\u00e1lhat\u00f3, \u00e1ll a M\u00e1ty\u00e1s-templom, gy\u00f6ny\u00f6r\u0171 \u00fcvegablakokkal, k\u00fcl\u00f6nleges padl\u00f3val \u00e9s csod\u00e1latos festm\u00e9nyekkel. A Budai V\u00e1r, ak\u00e1rcsak a Hal\u00e1szb\u00e1stya \u00e9s a M\u00e1ty\u00e1s-templom, a v\u00e1ros Budai oldal\u00e1n tal\u00e1lhat\u00f3. Ebben a r\u00e9gi kir\u00e1lyi palot\u00e1ban tal\u00e1lhat\u00f3 a Magyar Nemzeti Gal\u00e9ria, a Sz\u00e9chenyi K\u00f6nyvt\u00e1r \u00e9s a Budapesti T\u00f6rt\u00e9neti M\u00fazeum.<\/p>\n                              <p>&nbsp;<\/p>\n                              <p>\n                                <br>\n                              <\/p>\n                            <\/div>\n                          <\/div>\n                        <\/div>\n                      <\/div>\n                    <\/div>\n                    <div class=\"h-column h-column-container d-flex h-col-lg-auto h-col-md-auto h-col-auto style-1107-outer style-local-84-c8-outer\">\n                      <div data-colibri-id=\"84-c8\" class=\"d-flex h-flex-basis h-column__inner h-ui-empty-state-container h-px-lg-0 h-px-md-0 h-px-0 v-inner-lg-0 v-inner-md-0 v-inner-0 style-1107 style-local-84-c8 position-relative\">\n                        <!---->\n                        <!---->\n                        <div class=\"w-100 h-y-container h-column__content h-column__v-align flex-basis-100\">\n                          <!---->\n                        <\/div>\n                      <\/div>\n                    <\/div>\n                  <\/div>\n                <\/div>\n                <div data-colibri-id=\"84-c9\" class=\"h-row-container gutters-row-lg-2 gutters-row-md-2 gutters-row-2 gutters-row-v-lg-2 gutters-row-v-md-2 gutters-row-v-2 style-1103 style-local-84-c9 position-relative\">\n                  <!---->\n                  <div class=\"h-row justify-content-lg-center justify-content-md-center justify-content-center align-items-lg-stretch align-items-md-stretch align-items-stretch gutters-col-lg-2 gutters-col-md-2 gutters-col-2 gutters-col-v-lg-2 gutters-col-v-md-2 gutters-col-v-2\">\n                    <!---->\n                    <div class=\"h-column h-column-container d-flex h-col-lg-auto h-col-md-auto h-col-auto style-1108-outer style-local-84-c10-outer\">\n                      <div data-colibri-id=\"84-c10\" class=\"d-flex h-flex-basis h-column__inner h-ui-empty-state-container h-px-lg-0 h-px-md-0 h-px-0 v-inner-lg-0 v-inner-md-0 v-inner-0 style-1108 style-local-84-c10 position-relative\">\n                        <!---->\n                        <!---->\n                        <div class=\"w-100 h-y-container h-column__content h-column__v-align flex-basis-100\">\n                          <!---->\n                        <\/div>\n                      <\/div>\n                    <\/div>\n                    <div class=\"h-column h-column-container d-flex h-col-lg-auto h-col-md-auto h-col-auto style-1104-outer style-local-84-c11-outer\">\n                      <div data-colibri-id=\"84-c11\" class=\"d-flex h-flex-basis h-column__inner h-px-lg-0 h-px-md-0 h-px-0 v-inner-lg-0 v-inner-md-0 v-inner-0 style-1104 style-local-84-c11 position-relative\">\n                        <!---->\n                        <!---->\n                        <div class=\"w-100 h-y-container h-column__content h-column__v-align flex-basis-100 align-self-lg-center align-self-md-center align-self-center\">\n                          <!---->\n                          <div data-colibri-id=\"84-c12\" class=\"h-text h-text-component style-1106 style-local-84-c12 position-relative h-element\">\n                            <!---->\n                            <!---->\n                            <div class=\"\">\n                              <p>Margit-sziget a Duna k\u00f6zep\u00e9n tal\u00e1lhat\u00f3 szigetpark. Itt hossz\u00fa s\u00e9ta ut\u00e1n pihenhetsz, piknikezhetsz, vagy folytathatod a s\u00e9t\u00e1t a parkban. A park legismertebb l\u00e1tv\u00e1nyoss\u00e1ga a zen\u00e9l\u0151 sz\u00f6k\u0151k\u00fat, amely minden eg\u00e9sz \u00f3r\u00e1ban 15 percet j\u00e1tszik, \u00e9s este 9-kor egy fantasztikus, egy \u00f3r\u00e1s show-t ad.&nbsp;<\/p>\n                              <p>\n                                <br>\n                              <\/p>\n                            <\/div>\n                          <\/div>\n                        <\/div>\n                      <\/div>\n                    <\/div>\n                  <\/div>\n                <\/div>\n                <div data-colibri-id=\"84-c13\" class=\"h-row-container gutters-row-lg-2 gutters-row-md-2 gutters-row-2 gutters-row-v-lg-2 gutters-row-v-md-2 gutters-row-v-2 style-1103 style-local-84-c13 position-relative\">\n                  <!---->\n                  <div class=\"h-row justify-content-lg-center justify-content-md-center justify-content-center align-items-lg-stretch align-items-md-stretch align-items-stretch gutters-col-lg-2 gutters-col-md-2 gutters-col-2 gutters-col-v-lg-2 gutters-col-v-md-2 gutters-col-v-2\">\n                    <!---->\n                    <div class=\"h-column h-column-container d-flex h-col-lg-auto h-col-md-auto h-col-auto style-1104-outer style-local-84-c14-outer\">\n                      <div data-colibri-id=\"84-c14\" class=\"d-flex h-flex-basis h-column__inner h-px-lg-0 h-px-md-0 h-px-0 v-inner-lg-0 v-inner-md-0 v-inner-0 style-1104 style-local-84-c14 position-relative\">\n                        <!---->\n                        <!---->\n                        <div class=\"w-100 h-y-container h-column__content h-column__v-align flex-basis-100 align-self-lg-center align-self-md-center align-self-center\">\n                          <!---->\n                          <div data-colibri-id=\"84-c15\" class=\"h-text h-text-component style-1106 style-local-84-c15 position-relative h-element\">\n                            <!---->\n                            <!---->\n                            <div class=\"\">\n                              <p>\n                                <br>\n                              <\/p>\n                              <p>\n                                <br>\n                              <\/p>\n                              <p>Szent Istv\u00e1n Bazilika Budapest legnagyobb temploma, \u00e9s egy sz\u00e9p t\u00e9ren tal\u00e1lhat\u00f3 a Duna Pest oldal\u00e1n. Ebben a templomban tal\u00e1lhat\u00f3 egy fontos relikvia: Istv\u00e1n kir\u00e1ly keze, Magyarorsz\u00e1g els\u0151 kir\u00e1lya. A templom tornya is megm\u00e1szhat\u00f3, \u00e9s gy\u00f6ny\u00f6r\u0171 kil\u00e1t\u00e1st ny\u00fajt erre a csod\u00e1latos v\u00e1rosra.&nbsp;\n                                <br>\n                                <br>A L\u00e1nch\u00edd \u00f6sszek\u00f6ti Bud\u00e1t \u00e9s Pestet, \u00e9s a kel\u00e9s napk\u00f6zben \u00e9s \u00e9jszaka is meg\u00e9ri a l\u00e1togat\u00e1st. A Nagyv\u00e1s\u00e1rcsarnok Eur\u00f3pa egyik legszebb piaccsarnoka. Itt remek\u00fcl lehet b\u00f3kl\u00e1szni. A H\u0151s\u00f6k tere m\u00f6g\u00f6tt tal\u00e1lhat\u00f3 V\u00e1rosliget, Budapest v\u00e1rosligete. Ebben a parkban tal\u00e1lhat\u00f3 a Vajdahunyad-v\u00e1r, az \u00e1llatkert \u00e9s a Sz\u00e9chenyi f\u00fcrd\u0151. Van egy kis t\u00f3 is, ahol cs\u00f3nakokat lehet b\u00e9relni. T\u00e9len ez a t\u00f3 korcsolyap\u00e1ly\u00e1v\u00e1 alakul.&nbsp;<\/p>\n                              <p>\n                                <br>\n                              <\/p>\n                            <\/div>\n                          <\/div>\n                        <\/div>\n                      <\/div>\n                    <\/div>\n                    <div class=\"h-column h-column-container d-flex h-col-lg-auto h-col-md-auto h-col-auto style-1111-outer style-local-84-c16-outer\">\n                      <div data-colibri-id=\"84-c16\" class=\"d-flex h-flex-basis h-column__inner h-ui-empty-state-container h-px-lg-0 h-px-md-0 h-px-0 v-inner-lg-0 v-inner-md-0 v-inner-0 style-1111 style-local-84-c16 position-relative\">\n                        <!---->\n                        <!---->\n                        <div class=\"w-100 h-y-container h-column__content h-column__v-align flex-basis-100\">\n                          <!---->\n                        <\/div>\n                      <\/div>\n                    <\/div>\n                  <\/div>\n                <\/div>\n              <\/div>\n            <\/div>\n          <\/div>\n        <\/div>\n      <\/div>\n      <div data-colibri-id=\"84-c17\" class=\"h-row-container gutters-row-lg-2 gutters-row-md-2 gutters-row-0 gutters-row-v-lg-2 gutters-row-v-md-2 gutters-row-v-2 style-1119 style-local-84-c17 position-relative\">\n        <!---->\n        <div class=\"h-row justify-content-lg-center justify-content-md-center justify-content-center align-items-lg-stretch align-items-md-stretch align-items-stretch gutters-col-lg-2 gutters-col-md-2 gutters-col-0 gutters-col-v-lg-2 gutters-col-v-md-2 gutters-col-v-2\">\n          <!---->\n          <div class=\"h-column h-column-container d-flex h-col-lg-auto h-col-md-auto h-col-auto style-1120-outer style-local-84-c18-outer\">\n            <div data-colibri-id=\"84-c18\" class=\"d-flex h-flex-basis h-column__inner h-px-lg-2 h-px-md-2 h-px-2 v-inner-lg-2 v-inner-md-2 v-inner-2 style-1120 style-local-84-c18 position-relative\">\n              <!---->\n              <!---->\n              <div class=\"w-100 h-y-container h-column__content h-column__v-align flex-basis-100 align-self-lg-start align-self-md-start align-self-start\">\n                <!---->\n                <div data-colibri-id=\"84-c19\" class=\"h-text h-text-component style-1121 style-local-84-c19 position-relative h-element\">\n                  <!---->\n                  <!---->\n                  <div class=\"\">\n                    <p>A H\u0151s\u00f6k tere Magyarorsz\u00e1g ezer\u00e9ves jubileum\u00e1nak eml\u00e9k\u00e9re \u00e9p\u00fclt, \u00e9s Budapest legnagyobb tere. A t\u00e9r k\u00f6zep\u00e9n tal\u00e1lhat\u00f3 az Ezer\u00e9ves eml\u00e9km\u0171, amely Magyarorsz\u00e1g t\u00f6rt\u00e9nelm\u00e9t \u00e9s a h\u00e9t t\u00f6rzset \u00f6r\u00f6k\u00edti meg, amelyek megalap\u00edtott\u00e1k Magyarorsz\u00e1got.&nbsp;<\/p>\n                    <p>Ezen k\u00edv\u00fcl Budapest sz\u00e1mos m\u00e1s tev\u00e9kenys\u00e9get k\u00edn\u00e1l, \u00e9s rengeteg terasz tal\u00e1lhat\u00f3, ahol egy finom falatot \u00e9s italt \u00e9lvezhetsz.&nbsp;<\/p>\n                    <p>\n                      <br>\n                    <\/p>\n                  <\/div>\n                <\/div>\n                <div data-colibri-id=\"84-c20\" class=\"h-x-container style-1124 style-local-84-c20 position-relative h-element\">\n                  <!---->\n                  <div class=\"h-x-container-inner style-dynamic-84-c20-group style-1124-spacing style-local-84-c20-spacing\"><span class=\"h-button__outer style-650-outer style-local-84-c21-outer d-inline-flex h-element\"><a h-use-smooth-scroll=\"true\" href=\"https:\/\/welovebudapest.com\"  data-colibri-id=\"84-c21\" class=\"d-flex w-100 align-items-center h-button justify-content-lg-center justify-content-md-center justify-content-center style-650 style-local-84-c21 position-relative\"><!----><!----> <span>Weboldal<\/span><\/a>\n                    <\/span>\n                  <\/div>\n                <\/div>\n              <\/div>\n            <\/div>\n          <\/div>\n        <\/div>\n      <\/div>\n    <\/div>\n  <\/div>\n<\/div>","protected":false},"excerpt":{"rendered":"<p>Boedapest Boedapest is gelegen aan weerszijde van de Donau. In 1873 werden Boeda en \u00d3buda aan de Westerlijke oever van de Donau met Pest aan de Oostelijke oever van de Donau, de stad die het nu is. De stad telt 1,7 miljoen inwoners.&nbsp; Het Hongaars parlementsgebouw ligt op een prachtige plek aan de Donau. Het [&hellip;]<\/p>\n","protected":false},"author":1,"featured_media":0,"parent":126,"menu_order":2,"comment_status":"closed","ping_status":"closed","template":"page-templates\/full-width-page.php","meta":{"footnotes":""},"class_list":["post-84","page","type-page","status-publish","hentry"],"yoast_head":"<!-- This site is optimized with the Yoast SEO plugin v27.5 - https:\/\/yoast.com\/product\/yoast-seo-wordpress\/ -->\n<title>Boedapest<\/title>\n<meta name=\"description\" content=\"Boedapest is de hoofdstad van Hongarije en is ongeveer 5 kwartier rijden vanaf de camping. Een dagje Boedapest is zeker een aanrader.\" \/>\n<meta name=\"robots\" content=\"index, follow, max-snippet:-1, max-image-preview:large, max-video-preview:-1\" \/>\n<link rel=\"canonical\" href=\"https:\/\/kugundua.eu\/hu_hu\/varosok-magyarorszag\/budapest-latnivalok\/\" \/>\n<meta property=\"og:locale\" content=\"hu_HU\" \/>\n<meta property=\"og:type\" content=\"article\" \/>\n<meta property=\"og:title\" content=\"Boedapest\" \/>\n<meta property=\"og:description\" content=\"Boedapest is de hoofdstad van Hongarije en is ongeveer 5 kwartier rijden vanaf de camping. Een dagje Boedapest is zeker een aanrader.\" \/>\n<meta property=\"og:url\" content=\"https:\/\/kugundua.eu\/hu_hu\/varosok-magyarorszag\/budapest-latnivalok\/\" \/>\n<meta property=\"og:site_name\" content=\"Camping Kugundua\" \/>\n<meta property=\"article:publisher\" content=\"https:\/\/www.facebook.com\/Kugundua\/\" \/>\n<meta property=\"article:modified_time\" content=\"2026-03-28T13:50:33+00:00\" \/>\n<meta name=\"twitter:card\" content=\"summary_large_image\" \/>\n<meta name=\"twitter:label1\" content=\"Becs\u00fclt olvas\u00e1si id\u0151\" \/>\n\t<meta name=\"twitter:data1\" content=\"3 perc\" \/>\n<script type=\"application\/ld+json\" class=\"yoast-schema-graph\">{\"@context\":\"https:\\\/\\\/schema.org\",\"@graph\":[{\"@type\":\"WebPage\",\"@id\":\"https:\\\/\\\/kugundua.eu\\\/steden\\\/boedapest\\\/\",\"url\":\"https:\\\/\\\/kugundua.eu\\\/steden\\\/boedapest\\\/\",\"name\":\"Boedapest\",\"isPartOf\":{\"@id\":\"https:\\\/\\\/kugundua.eu\\\/#website\"},\"datePublished\":\"2022-05-19T06:20:39+00:00\",\"dateModified\":\"2026-03-28T13:50:33+00:00\",\"description\":\"Boedapest is de hoofdstad van Hongarije en is ongeveer 5 kwartier rijden vanaf de camping. Een dagje Boedapest is zeker een aanrader.\",\"breadcrumb\":{\"@id\":\"https:\\\/\\\/kugundua.eu\\\/steden\\\/boedapest\\\/#breadcrumb\"},\"inLanguage\":\"hu\",\"potentialAction\":[{\"@type\":\"ReadAction\",\"target\":[\"https:\\\/\\\/kugundua.eu\\\/steden\\\/boedapest\\\/\"]}]},{\"@type\":\"BreadcrumbList\",\"@id\":\"https:\\\/\\\/kugundua.eu\\\/steden\\\/boedapest\\\/#breadcrumb\",\"itemListElement\":[{\"@type\":\"ListItem\",\"position\":1,\"name\":\"Home\",\"item\":\"https:\\\/\\\/kugundua.eu\\\/\"},{\"@type\":\"ListItem\",\"position\":2,\"name\":\"Steden\",\"item\":\"https:\\\/\\\/kugundua.eu\\\/steden\\\/\"},{\"@type\":\"ListItem\",\"position\":3,\"name\":\"Boedapest\"}]},{\"@type\":\"WebSite\",\"@id\":\"https:\\\/\\\/kugundua.eu\\\/#website\",\"url\":\"https:\\\/\\\/kugundua.eu\\\/\",\"name\":\"Camping Kugundua\",\"description\":\"Be Active &amp; Chill Out\",\"publisher\":{\"@id\":\"https:\\\/\\\/kugundua.eu\\\/#organization\"},\"potentialAction\":[{\"@type\":\"SearchAction\",\"target\":{\"@type\":\"EntryPoint\",\"urlTemplate\":\"https:\\\/\\\/kugundua.eu\\\/?s={search_term_string}\"},\"query-input\":{\"@type\":\"PropertyValueSpecification\",\"valueRequired\":true,\"valueName\":\"search_term_string\"}}],\"inLanguage\":\"hu\"},{\"@type\":\"Organization\",\"@id\":\"https:\\\/\\\/kugundua.eu\\\/#organization\",\"name\":\"Kugundua\",\"url\":\"https:\\\/\\\/kugundua.eu\\\/\",\"logo\":{\"@type\":\"ImageObject\",\"inLanguage\":\"hu\",\"@id\":\"https:\\\/\\\/kugundua.eu\\\/#\\\/schema\\\/logo\\\/image\\\/\",\"url\":\"https:\\\/\\\/kugundua.eu\\\/wp-content\\\/uploads\\\/2022\\\/12\\\/cropped-cropped-Kugundua-Logo-Outline-Transparant151-1.png\",\"contentUrl\":\"https:\\\/\\\/kugundua.eu\\\/wp-content\\\/uploads\\\/2022\\\/12\\\/cropped-cropped-Kugundua-Logo-Outline-Transparant151-1.png\",\"width\":185,\"height\":151,\"caption\":\"Kugundua\"},\"image\":{\"@id\":\"https:\\\/\\\/kugundua.eu\\\/#\\\/schema\\\/logo\\\/image\\\/\"},\"sameAs\":[\"https:\\\/\\\/www.facebook.com\\\/Kugundua\\\/\",\"https:\\\/\\\/www.instagram.com\\\/kugundua.hu\\\/\",\"https:\\\/\\\/www.youtube.com\\\/channel\\\/UCIVA4wWJvf5lmgWvJfxKIJQ\"]}]}<\/script>\n<!-- \/ Yoast SEO plugin. -->","yoast_head_json":{"title":"Budapest","description":"Budapest, Magyarorsz\u00e1g f\u0151v\u00e1rosa k\u00f6r\u00fclbel\u00fcl 15 perces aut\u00f3\u00fatra van a kempingt\u0151l. Egy nap Budapesten nagyon aj\u00e1nlott.","robots":{"index":"index","follow":"follow","max-snippet":"max-snippet:-1","max-image-preview":"max-image-preview:large","max-video-preview":"max-video-preview:-1"},"canonical":"https:\/\/kugundua.eu\/hu_hu\/varosok-magyarorszag\/budapest-latnivalok\/","og_locale":"hu_HU","og_type":"article","og_title":"Boedapest","og_description":"Boedapest is de hoofdstad van Hongarije en is ongeveer 5 kwartier rijden vanaf de camping. Een dagje Boedapest is zeker een aanrader.","og_url":"https:\/\/kugundua.eu\/hu_hu\/varosok-magyarorszag\/budapest-latnivalok\/","og_site_name":"Camping Kugundua","article_publisher":"https:\/\/www.facebook.com\/Kugundua\/","article_modified_time":"2026-03-28T13:50:33+00:00","twitter_card":"summary_large_image","twitter_misc":{"Becs\u00fclt olvas\u00e1si id\u0151":"3 perc"},"schema":{"@context":"https:\/\/schema.org","@graph":[{"@type":"WebPage","@id":"https:\/\/kugundua.eu\/steden\/boedapest\/","url":"https:\/\/kugundua.eu\/steden\/boedapest\/","name":"Budapest","isPartOf":{"@id":"https:\/\/kugundua.eu\/#website"},"datePublished":"2022-05-19T06:20:39+00:00","dateModified":"2026-03-28T13:50:33+00:00","description":"Budapest, Magyarorsz\u00e1g f\u0151v\u00e1rosa k\u00f6r\u00fclbel\u00fcl 15 perces aut\u00f3\u00fatra van a kempingt\u0151l. Egy nap Budapesten nagyon aj\u00e1nlott.","breadcrumb":{"@id":"https:\/\/kugundua.eu\/steden\/boedapest\/#breadcrumb"},"inLanguage":"hu","potentialAction":[{"@type":"ReadAction","target":["https:\/\/kugundua.eu\/steden\/boedapest\/"]}]},{"@type":"BreadcrumbList","@id":"https:\/\/kugundua.eu\/steden\/boedapest\/#breadcrumb","itemListElement":[{"@type":"ListItem","position":1,"name":"Home","item":"https:\/\/kugundua.eu\/"},{"@type":"ListItem","position":2,"name":"Steden","item":"https:\/\/kugundua.eu\/steden\/"},{"@type":"ListItem","position":3,"name":"Boedapest"}]},{"@type":"WebSite","@id":"https:\/\/kugundua.eu\/#website","url":"https:\/\/kugundua.eu\/","name":"Kugundua Kemping","description":"Legyen akt\u00edv \u00e9s laz\u00edtson","publisher":{"@id":"https:\/\/kugundua.eu\/#organization"},"potentialAction":[{"@type":"SearchAction","target":{"@type":"EntryPoint","urlTemplate":"https:\/\/kugundua.eu\/?s={search_term_string}"},"query-input":{"@type":"PropertyValueSpecification","valueRequired":true,"valueName":"search_term_string"}}],"inLanguage":"hu"},{"@type":"Organization","@id":"https:\/\/kugundua.eu\/#organization","name":"Kugundua","url":"https:\/\/kugundua.eu\/","logo":{"@type":"ImageObject","inLanguage":"hu","@id":"https:\/\/kugundua.eu\/#\/schema\/logo\/image\/","url":"https:\/\/kugundua.eu\/wp-content\/uploads\/2022\/12\/cropped-cropped-Kugundua-Logo-Outline-Transparant151-1.png","contentUrl":"https:\/\/kugundua.eu\/wp-content\/uploads\/2022\/12\/cropped-cropped-Kugundua-Logo-Outline-Transparant151-1.png","width":185,"height":151,"caption":"Kugundua"},"image":{"@id":"https:\/\/kugundua.eu\/#\/schema\/logo\/image\/"},"sameAs":["https:\/\/www.facebook.com\/Kugundua\/","https:\/\/www.instagram.com\/kugundua.hu\/","https:\/\/www.youtube.com\/channel\/UCIVA4wWJvf5lmgWvJfxKIJQ"]}]}},"_links":{"self":[{"href":"https:\/\/kugundua.eu\/hu_hu\/wp-json\/wp\/v2\/pages\/84","targetHints":{"allow":["GET"]}}],"collection":[{"href":"https:\/\/kugundua.eu\/hu_hu\/wp-json\/wp\/v2\/pages"}],"about":[{"href":"https:\/\/kugundua.eu\/hu_hu\/wp-json\/wp\/v2\/types\/page"}],"author":[{"embeddable":true,"href":"https:\/\/kugundua.eu\/hu_hu\/wp-json\/wp\/v2\/users\/1"}],"replies":[{"embeddable":true,"href":"https:\/\/kugundua.eu\/hu_hu\/wp-json\/wp\/v2\/comments?post=84"}],"version-history":[{"count":10,"href":"https:\/\/kugundua.eu\/hu_hu\/wp-json\/wp\/v2\/pages\/84\/revisions"}],"predecessor-version":[{"id":26312,"href":"https:\/\/kugundua.eu\/hu_hu\/wp-json\/wp\/v2\/pages\/84\/revisions\/26312"}],"up":[{"embeddable":true,"href":"https:\/\/kugundua.eu\/hu_hu\/wp-json\/wp\/v2\/pages\/126"}],"wp:attachment":[{"href":"https:\/\/kugundua.eu\/hu_hu\/wp-json\/wp\/v2\/media?parent=84"}],"curies":[{"name":"wp","href":"https:\/\/api.w.org\/{rel}","templated":true}]}}