{"id":83,"date":"2022-05-19T06:20:39","date_gmt":"2022-05-19T06:20:39","guid":{"rendered":"http:\/\/kugundua.eu\/?page_id=83"},"modified":"2026-03-28T13:51:29","modified_gmt":"2026-03-28T13:51:29","slug":"eger","status":"publish","type":"page","link":"https:\/\/kugundua.eu\/hu_hu\/varosok-magyarorszag\/eger\/","title":{"rendered":"Eger"},"content":{"rendered":"<div data-colibri-id=\"83-c1\" class=\"style-1003 style-local-83-c1 position-relative\">\n  <!---->\n  <div data-colibri-component=\"section\" data-colibri-id=\"83-c2\" id=\"content\" class=\"h-section h-section-global-spacing d-flex align-items-lg-center align-items-md-center align-items-center style-1004 style-local-83-c2 position-relative\">\n    <!---->\n    <!---->\n    <div class=\"h-section-grid-container h-section-boxed-container\">\n      <div data-colibri-id=\"83-c19\" class=\"h-row-container gutters-row-lg-2 gutters-row-md-2 gutters-row-2 gutters-row-v-lg-2 gutters-row-v-md-2 gutters-row-v-2 style-1016 style-local-83-c19 position-relative\">\n        <!---->\n        <div class=\"h-row justify-content-lg-center justify-content-md-center justify-content-center align-items-lg-stretch align-items-md-stretch align-items-stretch gutters-col-lg-2 gutters-col-md-2 gutters-col-2 gutters-col-v-lg-2 gutters-col-v-md-2 gutters-col-v-2\">\n          <!---->\n          <div class=\"h-column h-column-container d-flex h-col-lg-auto h-col-md-auto h-col-auto style-1017-outer style-local-83-c20-outer\">\n            <div data-colibri-id=\"83-c20\" class=\"d-flex h-flex-basis h-column__inner h-px-lg-2 h-px-md-2 h-px-2 v-inner-lg-2 v-inner-md-2 v-inner-2 style-1017 style-local-83-c20 position-relative\">\n              <!---->\n              <!---->\n              <div class=\"w-100 h-y-container h-column__content h-column__v-align flex-basis-100 align-self-lg-start align-self-md-start align-self-start\">\n                <!---->\n                <div data-colibri-id=\"83-c21\" class=\"h-global-transition-all h-heading style-1018 style-local-83-c21 position-relative h-element\">\n                  <!---->\n                  <div class=\"h-heading__outer style-1018 style-local-83-c21\">\n                    <!---->\n                    <!---->\n                    <h2 class=\"\">Eger<\/h2>\n                  <\/div>\n                <\/div>\n                <div data-colibri-id=\"83-c22\" class=\"h-lead h-text h-text-component style-1019 style-local-83-c22 position-relative h-element\">\n                  <!---->\n                  <!---->\n                  <div class=\"\">\n                    <p>Eger egy t\u00f6rt\u00e9nelmi v\u00e1ros, amelyet a legt\u00f6bb nyaral\u00f3 nem ismer. A v\u00e1ros a M\u00e1tra-hegys\u00e9g \u00e9s a B\u00fckk-hegys\u00e9g k\u00f6z\u00f6tti v\u00f6lgyben tal\u00e1lhat\u00f3. Egerben v\u00e1r, term\u00e1lf\u00fcrd\u0151k \u00e9s egy\u00e9b t\u00f6rt\u00e9nelmi \u00e9p\u00fcletek tal\u00e1lhat\u00f3k. Itt megk\u00f3stolhatja Magyarorsz\u00e1g legismertebb v\u00f6r\u00f6sbor\u00e1t, az Egri Bikav\u00e9rt (Egeri bikav\u00e9r).\n                      <br>\n                      <br>Egerben visszautazhatsz az id\u0151ben, \u00e9s mindenk\u00e9ppen meg\u00e9r egy l\u00e1togat\u00e1st, mind\u00f6ssze 30 perces aut\u00f3\u00fatra a kempingt\u0151l.&nbsp;<\/p>\n                  <\/div>\n                <\/div>\n              <\/div>\n            <\/div>\n          <\/div>\n        <\/div>\n      <\/div>\n      <div data-colibri-id=\"83-c3\" class=\"h-row-container gutters-row-lg-2 gutters-row-md-2 gutters-row-2 gutters-row-v-lg-2 gutters-row-v-md-2 gutters-row-v-2 style-1005 style-local-83-c3 position-relative\">\n        <!---->\n        <div class=\"h-row justify-content-lg-center justify-content-md-center justify-content-center align-items-lg-stretch align-items-md-stretch align-items-stretch gutters-col-lg-2 gutters-col-md-2 gutters-col-2 gutters-col-v-lg-2 gutters-col-v-md-2 gutters-col-v-2\">\n          <!---->\n          <div class=\"h-column h-column-container d-flex h-col-lg-auto h-col-md-auto h-col-auto style-1006-outer style-local-83-c4-outer\">\n            <div data-colibri-id=\"83-c4\" class=\"d-flex h-flex-basis h-column__inner h-px-lg-0 h-px-md-0 h-px-0 v-inner-lg-0 v-inner-md-0 v-inner-0 style-1006 style-local-83-c4 position-relative\">\n              <!---->\n              <!---->\n              <div class=\"w-100 h-y-container h-column__content h-column__v-align flex-basis-100 align-self-lg-start align-self-md-start align-self-start\">\n                <!---->\n                <div data-colibri-id=\"83-c5\" class=\"h-row-container gutters-row-lg-2 gutters-row-md-2 gutters-row-2 gutters-row-v-lg-2 gutters-row-v-md-2 gutters-row-v-2 style-1007 style-local-83-c5 position-relative\">\n                  <!---->\n                  <div class=\"h-row justify-content-lg-center justify-content-md-center justify-content-center align-items-lg-stretch align-items-md-stretch align-items-stretch gutters-col-lg-2 gutters-col-md-2 gutters-col-2 gutters-col-v-lg-2 gutters-col-v-md-2 gutters-col-v-2\">\n                    <!---->\n                    <div class=\"h-column h-column-container d-flex h-col-lg-auto h-col-md-auto h-col-auto style-1008-outer style-local-83-c6-outer\">\n                      <div data-colibri-id=\"83-c6\" class=\"d-flex h-flex-basis h-column__inner h-px-lg-0 h-px-md-0 h-px-0 v-inner-lg-0 v-inner-md-0 v-inner-0 style-1008 style-local-83-c6 position-relative\">\n                        <!---->\n                        <!---->\n                        <div class=\"w-100 h-y-container h-column__content h-column__v-align flex-basis-100 align-self-lg-center align-self-md-center align-self-center\">\n                          <!---->\n                          <div data-colibri-id=\"83-c7\" class=\"h-text h-text-component style-1106 style-local-83-c7 position-relative h-element\">\n                            <!---->\n                            <!---->\n                            <div class=\"\">\n                              <p>Eger Magyarorsz\u00e1g egyik legszebb v\u00e1rosa. A r\u00e9gi v\u00e1rosk\u00f6zpontban sz\u00e1mos r\u00e9gi \u00e9p\u00fclet tal\u00e1lhat\u00f3 k\u00fcl\u00f6nb\u00f6z\u0151 \u00e9vsz\u00e1zadokb\u00f3l. A v\u00e1ros h\u0151sies t\u00f6rt\u00e9nelemmel rendelkezik, melyet ostromok \u00e9s csat\u00e1k jellemeztek Eger\u00e9rt. A k\u00fcl\u00f6nb\u00f6z\u0151 uralkod\u00f3k hat\u00e1sa m\u00e9g ma is \u00e9rz\u0151dik a v\u00e1rosban.&nbsp;<\/p>\n                              <p>\n                                <br>\n                              <\/p>\n                            <\/div>\n                          <\/div>\n                        <\/div>\n                      <\/div>\n                    <\/div>\n                    <div class=\"h-column h-column-container d-flex h-col-lg-auto h-col-md-auto h-col-auto style-1011-outer style-local-83-c8-outer\">\n                      <div data-colibri-id=\"83-c8\" class=\"d-flex h-flex-basis h-column__inner h-ui-empty-state-container h-px-lg-0 h-px-md-0 h-px-0 v-inner-lg-0 v-inner-md-0 v-inner-0 style-1011 style-local-83-c8 position-relative\">\n                        <!---->\n                        <!---->\n                        <div class=\"w-100 h-y-container h-column__content h-column__v-align flex-basis-100\">\n                          <!---->\n                        <\/div>\n                      <\/div>\n                    <\/div>\n                  <\/div>\n                <\/div>\n                <div data-colibri-id=\"83-c9\" class=\"h-row-container gutters-row-lg-2 gutters-row-md-2 gutters-row-2 gutters-row-v-lg-2 gutters-row-v-md-2 gutters-row-v-2 style-1007 style-local-83-c9 position-relative\">\n                  <!---->\n                  <div class=\"h-row justify-content-lg-center justify-content-md-center justify-content-center align-items-lg-stretch align-items-md-stretch align-items-stretch gutters-col-lg-2 gutters-col-md-2 gutters-col-2 gutters-col-v-lg-2 gutters-col-v-md-2 gutters-col-v-2\">\n                    <!---->\n                    <div class=\"h-column h-column-container d-flex h-col-lg-auto h-col-md-auto h-col-auto style-1012-outer style-local-83-c10-outer\">\n                      <div data-colibri-id=\"83-c10\" class=\"d-flex h-flex-basis h-column__inner h-ui-empty-state-container h-px-lg-0 h-px-md-0 h-px-0 v-inner-lg-0 v-inner-md-0 v-inner-0 style-1012 style-local-83-c10 position-relative\">\n                        <!---->\n                        <!---->\n                        <div class=\"w-100 h-y-container h-column__content h-column__v-align flex-basis-100\">\n                          <!---->\n                        <\/div>\n                      <\/div>\n                    <\/div>\n                    <div class=\"h-column h-column-container d-flex h-col-lg-auto h-col-md-auto h-col-auto style-1008-outer style-local-83-c11-outer\">\n                      <div data-colibri-id=\"83-c11\" class=\"d-flex h-flex-basis h-column__inner h-px-lg-0 h-px-md-0 h-px-0 v-inner-lg-0 v-inner-md-0 v-inner-0 style-1008 style-local-83-c11 position-relative\">\n                        <!---->\n                        <!---->\n                        <div class=\"w-100 h-y-container h-column__content h-column__v-align flex-basis-100 align-self-lg-center align-self-md-center align-self-center\">\n                          <!---->\n                          <div data-colibri-id=\"83-c12\" class=\"h-text h-text-component style-1106 style-local-83-c12 position-relative h-element\">\n                            <!---->\n                            <!---->\n                            <div class=\"\">\n                              <p>\n                                <br>\n                              <\/p>\n                              <p>A v\u00e1rosk\u00f6zpontban t\u00f6bb r\u00e9gi \u00e9p\u00fclet tal\u00e1lhat\u00f3, mindegyik gyalogosan el\u00e9rhet\u0151: a v\u00e1r, a bazilika, a minaret, a Szent Antal templom \u00e9s a Dob\u00f3 t\u00e9r. Kellemesen s\u00e9t\u00e1lhatsz az utc\u00e1kon, majd miut\u00e1n ezt befejezted, pihenhetsz egy k\u00e1v\u00e9z\u00f3ban valamelyik t\u00e9ren, \u00e9lvezve egy kis harapnival\u00f3t \u00e9s italt.<\/p>\n                              <p>\n                                <br>\n                              <\/p>\n                            <\/div>\n                          <\/div>\n                        <\/div>\n                      <\/div>\n                    <\/div>\n                  <\/div>\n                <\/div>\n                <div data-colibri-id=\"83-c13\" class=\"h-row-container gutters-row-lg-2 gutters-row-md-2 gutters-row-2 gutters-row-v-lg-2 gutters-row-v-md-2 gutters-row-v-2 style-1007 style-local-83-c13 position-relative\">\n                  <!---->\n                  <div class=\"h-row justify-content-lg-center justify-content-md-center justify-content-center align-items-lg-stretch align-items-md-stretch align-items-stretch gutters-col-lg-2 gutters-col-md-2 gutters-col-2 gutters-col-v-lg-2 gutters-col-v-md-2 gutters-col-v-2\">\n                    <!---->\n                    <div class=\"h-column h-column-container d-flex h-col-lg-auto h-col-md-auto h-col-auto style-1008-outer style-local-83-c14-outer\">\n                      <div data-colibri-id=\"83-c14\" class=\"d-flex h-flex-basis h-column__inner h-px-lg-0 h-px-md-0 h-px-0 v-inner-lg-0 v-inner-md-0 v-inner-0 style-1008 style-local-83-c14 position-relative\">\n                        <!---->\n                        <!---->\n                        <div class=\"w-100 h-y-container h-column__content h-column__v-align flex-basis-100 align-self-lg-center align-self-md-center align-self-center\">\n                          <!---->\n                          <div data-colibri-id=\"83-c15\" class=\"h-text h-text-component style-1106 style-local-83-c15 position-relative h-element\">\n                            <!---->\n                            <!---->\n                            <div class=\"\">\n                              <p>\n                                <br>\n                              <\/p>\n                              <p>\n                                <br>\n                              <\/p>\n                              <p>Eger h\u00edres a v\u00f6r\u00f6sbor\u00e1r\u00f3l, az Egri Bikav\u00e9rr\u0151l. 1552-ben a v\u00e1rost egy nagy t\u00f6r\u00f6k hadsereg vette k\u00f6r\u00fcl. Dob\u00f3 Istv\u00e1n vezet\u00e9s\u00e9vel siker\u00fclt visszaverni a t\u00e1mad\u00e1sokat. Ebb\u0151l a t\u00f6rt\u00e9netb\u0151l sz\u00fcletett egy k\u00f6nyv, Egri Csillagok (Eger csillagai). Eger h\u00edres bor\u00e1nak, az Egri Bikav\u00e9rnek a neve a csata t\u00f6rt\u00e9net\u00e9b\u0151l ered.<\/p>\n                              <p>Ezt a v\u00f6r\u00f6sbort t\u00f6bb helyen is megk\u00f3stolhatjuk a v\u00e1rosban, vagy a Sz\u00e9passzonyv\u00f6lgyben (a gy\u00f6ny\u00f6r\u0171 n\u0151k v\u00f6lgye).&nbsp;<\/p>\n                            <\/div>\n                          <\/div>\n                          <div data-colibri-id=\"83-c16\" class=\"h-x-container style-1020 style-local-83-c16 position-relative h-element\">\n                            <!---->\n                            <div class=\"h-x-container-inner style-dynamic-83-c16-group style-1020-spacing style-local-83-c16-spacing\"><span class=\"h-button__outer style-650-outer style-local-83-c17-outer d-inline-flex h-element\"><a h-use-smooth-scroll=\"true\" href=\"http:\/\/varos.eger.hu\"  data-colibri-id=\"83-c17\" class=\"d-flex w-100 align-items-center h-button justify-content-lg-center justify-content-md-center justify-content-center style-650 style-local-83-c17 position-relative\"><!----><!----> <span>Weboldal<\/span><\/a>\n                              <\/span>\n                            <\/div>\n                          <\/div>\n                        <\/div>\n                      <\/div>\n                    <\/div>\n                    <div class=\"h-column h-column-container d-flex h-col-lg-auto h-col-md-auto h-col-auto style-1015-outer style-local-83-c18-outer\">\n                      <div data-colibri-id=\"83-c18\" class=\"d-flex h-flex-basis h-column__inner h-ui-empty-state-container h-px-lg-0 h-px-md-0 h-px-0 v-inner-lg-0 v-inner-md-0 v-inner-0 style-1015 style-local-83-c18 position-relative\">\n                        <!---->\n                        <!---->\n                        <div class=\"w-100 h-y-container h-column__content h-column__v-align flex-basis-100\">\n                          <!---->\n                        <\/div>\n                      <\/div>\n                    <\/div>\n                  <\/div>\n                <\/div>\n              <\/div>\n            <\/div>\n          <\/div>\n        <\/div>\n      <\/div>\n    <\/div>\n  <\/div>\n<\/div>","protected":false},"excerpt":{"rendered":"<p>Eger Eger is een historische stad die niet bekend is bij de meeste vakantiegangers. De stad is gelegen in de vallei tussen het M\u00e1tra-gebergte en B\u00fckk-gebergte. In Eger bevinden zich een burcht, thermaalbaden en andere historische gebouwen. Ook kunt u hier de bekendste rode wijn van Hongarije proeven, de Egri Bikav\u00e9r (Stierenbloed van Eger). In [&hellip;]<\/p>\n","protected":false},"author":1,"featured_media":0,"parent":126,"menu_order":2,"comment_status":"closed","ping_status":"closed","template":"page-templates\/full-width-page.php","meta":{"footnotes":""},"class_list":["post-83","page","type-page","status-publish","hentry"],"yoast_head":"<!-- This site is optimized with the Yoast SEO plugin v27.5 - https:\/\/yoast.com\/product\/yoast-seo-wordpress\/ -->\n<title>Eger<\/title>\n<meta name=\"description\" content=\"Eger is een historische stad met opkomende populariteit bij toeristen. De stad is geleden in de vallei tussen het M\u00e1tra- en B\u00fckkgebergte.\" \/>\n<meta name=\"robots\" content=\"index, follow, max-snippet:-1, max-image-preview:large, max-video-preview:-1\" \/>\n<link rel=\"canonical\" href=\"https:\/\/kugundua.eu\/hu_hu\/varosok-magyarorszag\/eger\/\" \/>\n<meta property=\"og:locale\" content=\"hu_HU\" \/>\n<meta property=\"og:type\" content=\"article\" \/>\n<meta property=\"og:title\" content=\"Eger\" \/>\n<meta property=\"og:description\" content=\"Eger is een historische stad met opkomende populariteit bij toeristen. De stad is geleden in de vallei tussen het M\u00e1tra- en B\u00fckkgebergte.\" \/>\n<meta property=\"og:url\" content=\"https:\/\/kugundua.eu\/hu_hu\/varosok-magyarorszag\/eger\/\" \/>\n<meta property=\"og:site_name\" content=\"Camping Kugundua\" \/>\n<meta property=\"article:publisher\" content=\"https:\/\/www.facebook.com\/Kugundua\/\" \/>\n<meta property=\"article:modified_time\" content=\"2026-03-28T13:51:29+00:00\" \/>\n<meta name=\"twitter:card\" content=\"summary_large_image\" \/>\n<meta name=\"twitter:label1\" content=\"Becs\u00fclt olvas\u00e1si id\u0151\" \/>\n\t<meta name=\"twitter:data1\" content=\"2 perc\" \/>\n<script type=\"application\/ld+json\" class=\"yoast-schema-graph\">{\"@context\":\"https:\\\/\\\/schema.org\",\"@graph\":[{\"@type\":\"WebPage\",\"@id\":\"https:\\\/\\\/kugundua.eu\\\/steden\\\/eger\\\/\",\"url\":\"https:\\\/\\\/kugundua.eu\\\/steden\\\/eger\\\/\",\"name\":\"Eger\",\"isPartOf\":{\"@id\":\"https:\\\/\\\/kugundua.eu\\\/#website\"},\"datePublished\":\"2022-05-19T06:20:39+00:00\",\"dateModified\":\"2026-03-28T13:51:29+00:00\",\"description\":\"Eger is een historische stad met opkomende populariteit bij toeristen. De stad is geleden in de vallei tussen het M\u00e1tra- en B\u00fckkgebergte.\",\"breadcrumb\":{\"@id\":\"https:\\\/\\\/kugundua.eu\\\/steden\\\/eger\\\/#breadcrumb\"},\"inLanguage\":\"hu\",\"potentialAction\":[{\"@type\":\"ReadAction\",\"target\":[\"https:\\\/\\\/kugundua.eu\\\/steden\\\/eger\\\/\"]}]},{\"@type\":\"BreadcrumbList\",\"@id\":\"https:\\\/\\\/kugundua.eu\\\/steden\\\/eger\\\/#breadcrumb\",\"itemListElement\":[{\"@type\":\"ListItem\",\"position\":1,\"name\":\"Home\",\"item\":\"https:\\\/\\\/kugundua.eu\\\/\"},{\"@type\":\"ListItem\",\"position\":2,\"name\":\"Steden\",\"item\":\"https:\\\/\\\/kugundua.eu\\\/steden\\\/\"},{\"@type\":\"ListItem\",\"position\":3,\"name\":\"Eger\"}]},{\"@type\":\"WebSite\",\"@id\":\"https:\\\/\\\/kugundua.eu\\\/#website\",\"url\":\"https:\\\/\\\/kugundua.eu\\\/\",\"name\":\"Camping Kugundua\",\"description\":\"Be Active &amp; Chill Out\",\"publisher\":{\"@id\":\"https:\\\/\\\/kugundua.eu\\\/#organization\"},\"potentialAction\":[{\"@type\":\"SearchAction\",\"target\":{\"@type\":\"EntryPoint\",\"urlTemplate\":\"https:\\\/\\\/kugundua.eu\\\/?s={search_term_string}\"},\"query-input\":{\"@type\":\"PropertyValueSpecification\",\"valueRequired\":true,\"valueName\":\"search_term_string\"}}],\"inLanguage\":\"hu\"},{\"@type\":\"Organization\",\"@id\":\"https:\\\/\\\/kugundua.eu\\\/#organization\",\"name\":\"Kugundua\",\"url\":\"https:\\\/\\\/kugundua.eu\\\/\",\"logo\":{\"@type\":\"ImageObject\",\"inLanguage\":\"hu\",\"@id\":\"https:\\\/\\\/kugundua.eu\\\/#\\\/schema\\\/logo\\\/image\\\/\",\"url\":\"https:\\\/\\\/kugundua.eu\\\/wp-content\\\/uploads\\\/2022\\\/12\\\/cropped-cropped-Kugundua-Logo-Outline-Transparant151-1.png\",\"contentUrl\":\"https:\\\/\\\/kugundua.eu\\\/wp-content\\\/uploads\\\/2022\\\/12\\\/cropped-cropped-Kugundua-Logo-Outline-Transparant151-1.png\",\"width\":185,\"height\":151,\"caption\":\"Kugundua\"},\"image\":{\"@id\":\"https:\\\/\\\/kugundua.eu\\\/#\\\/schema\\\/logo\\\/image\\\/\"},\"sameAs\":[\"https:\\\/\\\/www.facebook.com\\\/Kugundua\\\/\",\"https:\\\/\\\/www.instagram.com\\\/kugundua.hu\\\/\",\"https:\\\/\\\/www.youtube.com\\\/channel\\\/UCIVA4wWJvf5lmgWvJfxKIJQ\"]}]}<\/script>\n<!-- \/ Yoast SEO plugin. -->","yoast_head_json":{"title":"Eger","description":"Eger egy t\u00f6rt\u00e9nelmi v\u00e1ros, amely egyre n\u00e9pszer\u0171bb a turist\u00e1k k\u00f6r\u00e9ben. A v\u00e1ros a M\u00e1tra \u00e9s a B\u00fckk hegys\u00e9g k\u00f6z\u00f6tti v\u00f6lgyben fekszik.","robots":{"index":"index","follow":"follow","max-snippet":"max-snippet:-1","max-image-preview":"max-image-preview:large","max-video-preview":"max-video-preview:-1"},"canonical":"https:\/\/kugundua.eu\/hu_hu\/varosok-magyarorszag\/eger\/","og_locale":"hu_HU","og_type":"article","og_title":"Eger","og_description":"Eger is een historische stad met opkomende populariteit bij toeristen. De stad is geleden in de vallei tussen het M\u00e1tra- en B\u00fckkgebergte.","og_url":"https:\/\/kugundua.eu\/hu_hu\/varosok-magyarorszag\/eger\/","og_site_name":"Camping Kugundua","article_publisher":"https:\/\/www.facebook.com\/Kugundua\/","article_modified_time":"2026-03-28T13:51:29+00:00","twitter_card":"summary_large_image","twitter_misc":{"Becs\u00fclt olvas\u00e1si id\u0151":"2 perc"},"schema":{"@context":"https:\/\/schema.org","@graph":[{"@type":"WebPage","@id":"https:\/\/kugundua.eu\/steden\/eger\/","url":"https:\/\/kugundua.eu\/steden\/eger\/","name":"Eger","isPartOf":{"@id":"https:\/\/kugundua.eu\/#website"},"datePublished":"2022-05-19T06:20:39+00:00","dateModified":"2026-03-28T13:51:29+00:00","description":"Eger egy t\u00f6rt\u00e9nelmi v\u00e1ros, amely egyre n\u00e9pszer\u0171bb a turist\u00e1k k\u00f6r\u00e9ben. A v\u00e1ros a M\u00e1tra \u00e9s a B\u00fckk hegys\u00e9g k\u00f6z\u00f6tti v\u00f6lgyben fekszik.","breadcrumb":{"@id":"https:\/\/kugundua.eu\/steden\/eger\/#breadcrumb"},"inLanguage":"hu","potentialAction":[{"@type":"ReadAction","target":["https:\/\/kugundua.eu\/steden\/eger\/"]}]},{"@type":"BreadcrumbList","@id":"https:\/\/kugundua.eu\/steden\/eger\/#breadcrumb","itemListElement":[{"@type":"ListItem","position":1,"name":"Home","item":"https:\/\/kugundua.eu\/"},{"@type":"ListItem","position":2,"name":"Steden","item":"https:\/\/kugundua.eu\/steden\/"},{"@type":"ListItem","position":3,"name":"Eger"}]},{"@type":"WebSite","@id":"https:\/\/kugundua.eu\/#website","url":"https:\/\/kugundua.eu\/","name":"Kugundua Kemping","description":"Legyen akt\u00edv \u00e9s laz\u00edtson","publisher":{"@id":"https:\/\/kugundua.eu\/#organization"},"potentialAction":[{"@type":"SearchAction","target":{"@type":"EntryPoint","urlTemplate":"https:\/\/kugundua.eu\/?s={search_term_string}"},"query-input":{"@type":"PropertyValueSpecification","valueRequired":true,"valueName":"search_term_string"}}],"inLanguage":"hu"},{"@type":"Organization","@id":"https:\/\/kugundua.eu\/#organization","name":"Kugundua","url":"https:\/\/kugundua.eu\/","logo":{"@type":"ImageObject","inLanguage":"hu","@id":"https:\/\/kugundua.eu\/#\/schema\/logo\/image\/","url":"https:\/\/kugundua.eu\/wp-content\/uploads\/2022\/12\/cropped-cropped-Kugundua-Logo-Outline-Transparant151-1.png","contentUrl":"https:\/\/kugundua.eu\/wp-content\/uploads\/2022\/12\/cropped-cropped-Kugundua-Logo-Outline-Transparant151-1.png","width":185,"height":151,"caption":"Kugundua"},"image":{"@id":"https:\/\/kugundua.eu\/#\/schema\/logo\/image\/"},"sameAs":["https:\/\/www.facebook.com\/Kugundua\/","https:\/\/www.instagram.com\/kugundua.hu\/","https:\/\/www.youtube.com\/channel\/UCIVA4wWJvf5lmgWvJfxKIJQ"]}]}},"_links":{"self":[{"href":"https:\/\/kugundua.eu\/hu_hu\/wp-json\/wp\/v2\/pages\/83","targetHints":{"allow":["GET"]}}],"collection":[{"href":"https:\/\/kugundua.eu\/hu_hu\/wp-json\/wp\/v2\/pages"}],"about":[{"href":"https:\/\/kugundua.eu\/hu_hu\/wp-json\/wp\/v2\/types\/page"}],"author":[{"embeddable":true,"href":"https:\/\/kugundua.eu\/hu_hu\/wp-json\/wp\/v2\/users\/1"}],"replies":[{"embeddable":true,"href":"https:\/\/kugundua.eu\/hu_hu\/wp-json\/wp\/v2\/comments?post=83"}],"version-history":[{"count":9,"href":"https:\/\/kugundua.eu\/hu_hu\/wp-json\/wp\/v2\/pages\/83\/revisions"}],"predecessor-version":[{"id":26319,"href":"https:\/\/kugundua.eu\/hu_hu\/wp-json\/wp\/v2\/pages\/83\/revisions\/26319"}],"up":[{"embeddable":true,"href":"https:\/\/kugundua.eu\/hu_hu\/wp-json\/wp\/v2\/pages\/126"}],"wp:attachment":[{"href":"https:\/\/kugundua.eu\/hu_hu\/wp-json\/wp\/v2\/media?parent=83"}],"curies":[{"name":"wp","href":"https:\/\/api.w.org\/{rel}","templated":true}]}}