{"id":52,"date":"2022-05-19T06:13:48","date_gmt":"2022-05-19T06:13:48","guid":{"rendered":"http:\/\/kugundua.eu\/?page_id=52"},"modified":"2026-03-28T13:07:33","modified_gmt":"2026-03-28T13:07:33","slug":"vissen-in-hongarije","status":"publish","type":"page","link":"https:\/\/kugundua.eu\/hu_hu\/aktiv-pihenes-kemping-magyarorszag\/horgasztura-magyarorszag\/","title":{"rendered":"Horg\u00e1szat"},"content":{"rendered":"<div data-colibri-id=\"52-c1\" class=\"style-956 style-local-52-c1 position-relative\">\n  <!---->\n  <div data-colibri-component=\"section\" data-colibri-id=\"52-c2\" id=\"about\" class=\"h-section h-section-global-spacing d-flex align-items-lg-center align-items-md-center align-items-center style-957 style-local-52-c2 position-relative\">\n    <!---->\n    <!---->\n    <div class=\"h-section-grid-container h-section-boxed-container\">\n      <div data-colibri-id=\"52-c5\" class=\"h-row-container gutters-row-lg-2 gutters-row-md-2 gutters-row-2 gutters-row-v-lg-2 gutters-row-v-md-2 gutters-row-v-2 style-962 style-local-52-c5 position-relative\">\n        <!---->\n        <div class=\"h-row justify-content-lg-center justify-content-md-center justify-content-center align-items-lg-stretch align-items-md-stretch align-items-stretch gutters-col-lg-2 gutters-col-md-2 gutters-col-2 gutters-col-v-lg-2 gutters-col-v-md-2 gutters-col-v-2\">\n          <!---->\n          <div class=\"h-column h-column-container d-flex h-col-lg-auto h-col-md-auto h-col-auto style-963-outer style-local-52-c6-outer\">\n            <div data-colibri-id=\"52-c6\" class=\"d-flex h-flex-basis h-column__inner h-px-lg-2 h-px-md-2 h-px-2 v-inner-lg-2 v-inner-md-2 v-inner-2 style-963 style-local-52-c6 position-relative\">\n              <!---->\n              <!---->\n              <div class=\"w-100 h-y-container h-column__content h-column__v-align flex-basis-100 align-self-lg-start align-self-md-start align-self-start\">\n                <!---->\n                <div data-colibri-id=\"52-c7\" class=\"h-global-transition-all h-heading style-965 style-local-52-c7 position-relative h-element\">\n                  <!---->\n                  <div class=\"h-heading__outer style-965 style-local-52-c7\">\n                    <!---->\n                    <!---->\n                    <h2 class=\"\">Horg\u00e1szat Magyarorsz\u00e1gon<\/h2>\n                  <\/div>\n                <\/div>\n                <div data-colibri-id=\"52-c8\" class=\"h-lead h-text h-text-component style-966 style-local-52-c8 position-relative h-element\">\n                  <!---->\n                  <!---->\n                  <div class=\"\">\n                    <p>Magyarorsz\u00e1gon horg\u00e1szni nagyon is lehet. Sok magyar horg\u00e1szik kikapcsol\u00f3d\u00e1s c\u00e9lj\u00e1b\u00f3l, de term\u00e9szetesen az\u00e9rt is, hogy azt\u00e1n az eg\u00e9sz csal\u00e1ddal egy\u00fctt \u00e9lvezz\u00e9k a horg\u00e1szatot egy b\u0151s\u00e9ges vacsora mellett.\n                      <br>\n                      <br>Magyarorsz\u00e1gon rengeteg pontyot lehet horg\u00e1szni, valamint harcs\u00e1t, t\u00f6rpeharcs\u00e1t, s\u00fcll\u0151t, m\u00e1rn\u00e1t, keszeget, s\u00fcg\u00e9rt, s\u00fcg\u00e9rt, naphalat \u00e9s a csuka kelet-eur\u00f3pai v\u00e1ltozat\u00e1t. Ezen k\u00edv\u00fcl megtal\u00e1lhat\u00f3 az \u00f6sszes olyan halfaj, amely Hollandi\u00e1ban\n                      vizeiben is megtal\u00e1lhat\u00f3.&nbsp;\n                      <br>\n                      <br>A Tisza-t\u00f3n\u00e1l a t\u00f6bbf\u00e9le m\u00e9lys\u00e9g, a gyors \u00e1raml\u00e1s\u00fa \u00e9s az \u00e1ll\u00f3v\u00edz kombin\u00e1ci\u00f3ja miatt sz\u00e1mos halfaj megtal\u00e1lhat\u00f3. Emellett buja n\u00f6v\u00e9ny- \u00e9s \u00e1llatvil\u00e1g alakult ki. A Tisza-tavon nagy es\u00e9lye van arra, hogy\n                      es\u00e9lye egy \u00f3ri\u00e1s harcsa kifog\u00e1s\u00e1ra. A ponty, a csuka \u00e9s a s\u00fcg\u00e9r is b\u0151s\u00e9gesen megtal\u00e1lhat\u00f3.&nbsp;\n                      <br>\n                      <br>2019. janu\u00e1r 1-j\u00e9t\u0151l megv\u00e1ltoztak a magyarorsz\u00e1gi horg\u00e1szjegyekre vonatkoz\u00f3 szab\u00e1lyok. A horg\u00e1szathoz horg\u00e1szjegy sz\u00fcks\u00e9ges. A regisztr\u00e1ci\u00f3 r\u00e9sz\u00e9t k\u00e9pezi a magyar horg\u00e1szk\u00e1rtya ig\u00e9nyl\u00e9se, amely felv\u00e1ltja a r\u00e9gi\n                      pap\u00edralap\u00fa horg\u00e1szjegyet v\u00e1ltja fel. Ehhez az ig\u00e9nyl\u00e9shez egy kis tesztet kell kit\u00f6lteni. Feltesznek 20 k\u00e9rd\u00e9st, \u00e9s ezt k\u00f6vet\u0151en lehet ig\u00e9nyelni a horg\u00e1szk\u00e1rty\u00e1t. Ne felejtsd el magaddal hozni a holland enged\u00e9lyedet\/horg\u00e1szk\u00e1rty\u00e1dat is.&nbsp;\n                      <br>\n                      <br>Ezeket a sz\u00fcks\u00e9ges enged\u00e9lyeket sz\u00e1mos turisztikai inform\u00e1ci\u00f3s ponton, illetve a nagyobb v\u00e1rosokban a MOHOSZ (horg\u00e1szinform\u00e1ci\u00f3s irod\u00e1k) irod\u00e1iban lehet megv\u00e1s\u00e1rolni. Az enged\u00e9lyek hossz\u00fa \u00e9s r\u00f6videbb id\u0151szakokra egyar\u00e1nt kaphat\u00f3k.\n                      id\u0151szakokra, p\u00e9ld\u00e1ul egy napra vagy egy h\u00e9tre. \u00cdgy nyugodtan \u00e9lvezheti a pihentet\u0151 horg\u00e1szatot Magyarorsz\u00e1gon.&nbsp;\n                      <br>\n                      <br>\n                    <\/p>\n                  <\/div>\n                <\/div>\n              <\/div>\n            <\/div>\n          <\/div>\n        <\/div>\n      <\/div>\n      <div data-colibri-id=\"52-c3\" class=\"h-row-container gutters-row-lg-0 gutters-row-md-0 gutters-row-0 gutters-row-v-lg-0 gutters-row-v-md-0 gutters-row-v-0 style-958 style-local-52-c3 h-overflow-hidden position-relative\">\n        <!---->\n        <div class=\"h-row justify-content-lg-center justify-content-md-center justify-content-center align-items-lg-end align-items-md-end align-items-end gutters-col-lg-0 gutters-col-md-0 gutters-col-0 gutters-col-v-lg-0 gutters-col-v-md-0 gutters-col-v-0\">\n          <!---->\n          <div class=\"h-column h-column-container d-flex h-col-lg-auto h-col-md-auto h-col-auto align-self-lg-end align-self-md-end align-self-end style-960-outer style-local-52-c4-outer\">\n            <div data-colibri-id=\"52-c4\" class=\"d-flex h-flex-basis h-column__inner h-ui-empty-state-container h-px-lg-0 h-px-md-0 h-px-0 v-inner-lg-0 v-inner-md-0 v-inner-0 style-960 style-local-52-c4 position-relative\">\n              <!---->\n              <!---->\n              <div class=\"w-100 h-y-container h-column__content h-column__v-align flex-basis-100\">\n                <!---->\n              <\/div>\n            <\/div>\n          <\/div>\n        <\/div>\n      <\/div>\n    <\/div>\n  <\/div>\n  <div data-colibri-component=\"section\" data-colibri-id=\"52-c9\" id=\"custom\" class=\"h-section h-section-global-spacing d-flex align-items-lg-center align-items-md-center align-items-center style-1472 style-local-52-c9 position-relative\">\n    <!---->\n    <!---->\n    <div class=\"h-section-grid-container h-section-boxed-container\">\n      <!---->\n      <div data-colibri-id=\"52-c10\" class=\"h-row-container gutters-row-lg-2 gutters-row-md-2 gutters-row-0 gutters-row-v-lg-2 gutters-row-v-md-2 gutters-row-v-2 style-1473 style-local-52-c10 position-relative\">\n        <!---->\n        <div class=\"h-row justify-content-lg-center justify-content-md-center justify-content-center align-items-lg-stretch align-items-md-stretch align-items-stretch gutters-col-lg-2 gutters-col-md-2 gutters-col-0 gutters-col-v-lg-2 gutters-col-v-md-2 gutters-col-v-2\">\n          <!---->\n          <div class=\"h-column h-column-container d-flex h-col-lg-auto h-col-md-auto h-col-auto style-1474-outer style-local-52-c11-outer\">\n            <div data-colibri-id=\"52-c11\" class=\"d-flex h-flex-basis h-column__inner h-px-lg-2 h-px-md-2 h-px-2 v-inner-lg-2 v-inner-md-2 v-inner-2 style-1474 style-local-52-c11 position-relative\">\n              <!---->\n              <!---->\n              <div class=\"w-100 h-y-container h-column__content h-column__v-align flex-basis-100 align-self-lg-start align-self-md-start align-self-start\">\n                <!---->\n                <div data-colibri-id=\"52-c12\" class=\"h-x-container style-1475 style-local-52-c12 position-relative h-element\">\n                  <!---->\n                  <div class=\"h-x-container-inner style-dynamic-52-c12-group style-1475-spacing style-local-52-c12-spacing\"><span class=\"h-button__outer style-568-outer style-local-52-c13-outer d-inline-flex h-element\"><a h-use-smooth-scroll=\"true\" href=\"https:\/\/kugundua.eu\/hu_hu\/aktiv-pihenes-kemping-magyarorszag\/\"  data-colibri-id=\"52-c13\" class=\"d-flex w-100 align-items-center h-button justify-content-lg-center justify-content-md-center justify-content-center style-568 style-local-52-c13 position-relative\"><!----><!----> <span>Vissza az Akt\u00edvhoz<\/span><\/a>\n                    <\/span>\n                  <\/div>\n                <\/div>\n              <\/div>\n            <\/div>\n          <\/div>\n        <\/div>\n      <\/div>\n    <\/div>\n  <\/div>\n<\/div>","protected":false},"excerpt":{"rendered":"<p>Vissen in Hongarije Vissen in Hongarije kan heel goed. Veel Hongaren doen aan vissen voor de ontspanning, maar natuurlijk ook om deze vervolgens met het hele gezin te nuttigen tijdens een uitgebreid diner. In Hongarije wordt er veel op karper gevist, maar ook de meerval, dwergmerval, de houting, marene, sterlet, barbeel, zonnebaars en de Oost-Europese [&hellip;]<\/p>\n","protected":false},"author":1,"featured_media":0,"parent":125,"menu_order":7,"comment_status":"closed","ping_status":"closed","template":"page-templates\/full-width-page.php","meta":{"footnotes":""},"class_list":["post-52","page","type-page","status-publish","hentry"],"yoast_head":"<!-- This site is optimized with the Yoast SEO plugin v27.5 - https:\/\/yoast.com\/product\/yoast-seo-wordpress\/ -->\n<title>Vissen in Hongarije<\/title>\n<meta name=\"description\" content=\"Vissen in Hongarije is onder de Hongaren zelf erg populair. In de buurt van de camping ligt een grote visvijver en kan ook in het Tiszameer.\" \/>\n<meta name=\"robots\" content=\"index, follow, max-snippet:-1, max-image-preview:large, max-video-preview:-1\" \/>\n<link rel=\"canonical\" href=\"https:\/\/kugundua.eu\/hu_hu\/aktiv-pihenes-kemping-magyarorszag\/horgasztura-magyarorszag\/\" \/>\n<meta property=\"og:locale\" content=\"hu_HU\" \/>\n<meta property=\"og:type\" content=\"article\" \/>\n<meta property=\"og:title\" content=\"Vissen in Hongarije\" \/>\n<meta property=\"og:description\" content=\"Vissen in Hongarije is onder de Hongaren zelf erg populair. In de buurt van de camping ligt een grote visvijver en kan ook in het Tiszameer.\" \/>\n<meta property=\"og:url\" content=\"https:\/\/kugundua.eu\/hu_hu\/aktiv-pihenes-kemping-magyarorszag\/horgasztura-magyarorszag\/\" \/>\n<meta property=\"og:site_name\" content=\"Camping Kugundua\" \/>\n<meta property=\"article:publisher\" content=\"https:\/\/www.facebook.com\/Kugundua\/\" \/>\n<meta property=\"article:modified_time\" content=\"2026-03-28T13:07:33+00:00\" \/>\n<meta name=\"twitter:card\" content=\"summary_large_image\" \/>\n<meta name=\"twitter:label1\" content=\"Becs\u00fclt olvas\u00e1si id\u0151\" \/>\n\t<meta name=\"twitter:data1\" content=\"2 perc\" \/>\n<script type=\"application\/ld+json\" class=\"yoast-schema-graph\">{\"@context\":\"https:\\\/\\\/schema.org\",\"@graph\":[{\"@type\":\"WebPage\",\"@id\":\"https:\\\/\\\/kugundua.eu\\\/actief-omgeving-camping-hongarije\\\/vissen-in-hongarije\\\/\",\"url\":\"https:\\\/\\\/kugundua.eu\\\/actief-omgeving-camping-hongarije\\\/vissen-in-hongarije\\\/\",\"name\":\"Vissen in Hongarije\",\"isPartOf\":{\"@id\":\"https:\\\/\\\/kugundua.eu\\\/#website\"},\"datePublished\":\"2022-05-19T06:13:48+00:00\",\"dateModified\":\"2026-03-28T13:07:33+00:00\",\"description\":\"Vissen in Hongarije is onder de Hongaren zelf erg populair. In de buurt van de camping ligt een grote visvijver en kan ook in het Tiszameer.\",\"breadcrumb\":{\"@id\":\"https:\\\/\\\/kugundua.eu\\\/actief-omgeving-camping-hongarije\\\/vissen-in-hongarije\\\/#breadcrumb\"},\"inLanguage\":\"hu\",\"potentialAction\":[{\"@type\":\"ReadAction\",\"target\":[\"https:\\\/\\\/kugundua.eu\\\/actief-omgeving-camping-hongarije\\\/vissen-in-hongarije\\\/\"]}]},{\"@type\":\"BreadcrumbList\",\"@id\":\"https:\\\/\\\/kugundua.eu\\\/actief-omgeving-camping-hongarije\\\/vissen-in-hongarije\\\/#breadcrumb\",\"itemListElement\":[{\"@type\":\"ListItem\",\"position\":1,\"name\":\"Home\",\"item\":\"https:\\\/\\\/kugundua.eu\\\/\"},{\"@type\":\"ListItem\",\"position\":2,\"name\":\"Actief\",\"item\":\"https:\\\/\\\/kugundua.eu\\\/actief-omgeving-camping-hongarije\\\/\"},{\"@type\":\"ListItem\",\"position\":3,\"name\":\"Vissen\"}]},{\"@type\":\"WebSite\",\"@id\":\"https:\\\/\\\/kugundua.eu\\\/#website\",\"url\":\"https:\\\/\\\/kugundua.eu\\\/\",\"name\":\"Camping Kugundua\",\"description\":\"Be Active &amp; Chill Out\",\"publisher\":{\"@id\":\"https:\\\/\\\/kugundua.eu\\\/#organization\"},\"potentialAction\":[{\"@type\":\"SearchAction\",\"target\":{\"@type\":\"EntryPoint\",\"urlTemplate\":\"https:\\\/\\\/kugundua.eu\\\/?s={search_term_string}\"},\"query-input\":{\"@type\":\"PropertyValueSpecification\",\"valueRequired\":true,\"valueName\":\"search_term_string\"}}],\"inLanguage\":\"hu\"},{\"@type\":\"Organization\",\"@id\":\"https:\\\/\\\/kugundua.eu\\\/#organization\",\"name\":\"Kugundua\",\"url\":\"https:\\\/\\\/kugundua.eu\\\/\",\"logo\":{\"@type\":\"ImageObject\",\"inLanguage\":\"hu\",\"@id\":\"https:\\\/\\\/kugundua.eu\\\/#\\\/schema\\\/logo\\\/image\\\/\",\"url\":\"https:\\\/\\\/kugundua.eu\\\/wp-content\\\/uploads\\\/2022\\\/12\\\/cropped-cropped-Kugundua-Logo-Outline-Transparant151-1.png\",\"contentUrl\":\"https:\\\/\\\/kugundua.eu\\\/wp-content\\\/uploads\\\/2022\\\/12\\\/cropped-cropped-Kugundua-Logo-Outline-Transparant151-1.png\",\"width\":185,\"height\":151,\"caption\":\"Kugundua\"},\"image\":{\"@id\":\"https:\\\/\\\/kugundua.eu\\\/#\\\/schema\\\/logo\\\/image\\\/\"},\"sameAs\":[\"https:\\\/\\\/www.facebook.com\\\/Kugundua\\\/\",\"https:\\\/\\\/www.instagram.com\\\/kugundua.hu\\\/\",\"https:\\\/\\\/www.youtube.com\\\/channel\\\/UCIVA4wWJvf5lmgWvJfxKIJQ\"]}]}<\/script>\n<!-- \/ Yoast SEO plugin. -->","yoast_head_json":{"title":"Horg\u00e1szat Magyarorsz\u00e1gon","description":"A magyarorsz\u00e1gi horg\u00e1szat nagyon n\u00e9pszer\u0171 a magyarok k\u00f6r\u00e9ben. A kemping k\u00f6zel\u00e9ben van egy nagy horg\u00e1szt\u00f3, \u00e9s a Tisza-t\u00f3ban is lehet horg\u00e1szni.","robots":{"index":"index","follow":"follow","max-snippet":"max-snippet:-1","max-image-preview":"max-image-preview:large","max-video-preview":"max-video-preview:-1"},"canonical":"https:\/\/kugundua.eu\/hu_hu\/aktiv-pihenes-kemping-magyarorszag\/horgasztura-magyarorszag\/","og_locale":"hu_HU","og_type":"article","og_title":"Vissen in Hongarije","og_description":"Vissen in Hongarije is onder de Hongaren zelf erg populair. In de buurt van de camping ligt een grote visvijver en kan ook in het Tiszameer.","og_url":"https:\/\/kugundua.eu\/hu_hu\/aktiv-pihenes-kemping-magyarorszag\/horgasztura-magyarorszag\/","og_site_name":"Camping Kugundua","article_publisher":"https:\/\/www.facebook.com\/Kugundua\/","article_modified_time":"2026-03-28T13:07:33+00:00","twitter_card":"summary_large_image","twitter_misc":{"Becs\u00fclt olvas\u00e1si id\u0151":"2 perc"},"schema":{"@context":"https:\/\/schema.org","@graph":[{"@type":"WebPage","@id":"https:\/\/kugundua.eu\/actief-omgeving-camping-hongarije\/vissen-in-hongarije\/","url":"https:\/\/kugundua.eu\/actief-omgeving-camping-hongarije\/vissen-in-hongarije\/","name":"Horg\u00e1szat Magyarorsz\u00e1gon","isPartOf":{"@id":"https:\/\/kugundua.eu\/#website"},"datePublished":"2022-05-19T06:13:48+00:00","dateModified":"2026-03-28T13:07:33+00:00","description":"A magyarorsz\u00e1gi horg\u00e1szat nagyon n\u00e9pszer\u0171 a magyarok k\u00f6r\u00e9ben. A kemping k\u00f6zel\u00e9ben van egy nagy horg\u00e1szt\u00f3, \u00e9s a Tisza-t\u00f3ban is lehet horg\u00e1szni.","breadcrumb":{"@id":"https:\/\/kugundua.eu\/actief-omgeving-camping-hongarije\/vissen-in-hongarije\/#breadcrumb"},"inLanguage":"hu","potentialAction":[{"@type":"ReadAction","target":["https:\/\/kugundua.eu\/actief-omgeving-camping-hongarije\/vissen-in-hongarije\/"]}]},{"@type":"BreadcrumbList","@id":"https:\/\/kugundua.eu\/actief-omgeving-camping-hongarije\/vissen-in-hongarije\/#breadcrumb","itemListElement":[{"@type":"ListItem","position":1,"name":"Home","item":"https:\/\/kugundua.eu\/"},{"@type":"ListItem","position":2,"name":"Actief","item":"https:\/\/kugundua.eu\/actief-omgeving-camping-hongarije\/"},{"@type":"ListItem","position":3,"name":"Vissen"}]},{"@type":"WebSite","@id":"https:\/\/kugundua.eu\/#website","url":"https:\/\/kugundua.eu\/","name":"Kugundua Kemping","description":"Legyen akt\u00edv \u00e9s laz\u00edtson","publisher":{"@id":"https:\/\/kugundua.eu\/#organization"},"potentialAction":[{"@type":"SearchAction","target":{"@type":"EntryPoint","urlTemplate":"https:\/\/kugundua.eu\/?s={search_term_string}"},"query-input":{"@type":"PropertyValueSpecification","valueRequired":true,"valueName":"search_term_string"}}],"inLanguage":"hu"},{"@type":"Organization","@id":"https:\/\/kugundua.eu\/#organization","name":"Kugundua","url":"https:\/\/kugundua.eu\/","logo":{"@type":"ImageObject","inLanguage":"hu","@id":"https:\/\/kugundua.eu\/#\/schema\/logo\/image\/","url":"https:\/\/kugundua.eu\/wp-content\/uploads\/2022\/12\/cropped-cropped-Kugundua-Logo-Outline-Transparant151-1.png","contentUrl":"https:\/\/kugundua.eu\/wp-content\/uploads\/2022\/12\/cropped-cropped-Kugundua-Logo-Outline-Transparant151-1.png","width":185,"height":151,"caption":"Kugundua"},"image":{"@id":"https:\/\/kugundua.eu\/#\/schema\/logo\/image\/"},"sameAs":["https:\/\/www.facebook.com\/Kugundua\/","https:\/\/www.instagram.com\/kugundua.hu\/","https:\/\/www.youtube.com\/channel\/UCIVA4wWJvf5lmgWvJfxKIJQ"]}]}},"_links":{"self":[{"href":"https:\/\/kugundua.eu\/hu_hu\/wp-json\/wp\/v2\/pages\/52","targetHints":{"allow":["GET"]}}],"collection":[{"href":"https:\/\/kugundua.eu\/hu_hu\/wp-json\/wp\/v2\/pages"}],"about":[{"href":"https:\/\/kugundua.eu\/hu_hu\/wp-json\/wp\/v2\/types\/page"}],"author":[{"embeddable":true,"href":"https:\/\/kugundua.eu\/hu_hu\/wp-json\/wp\/v2\/users\/1"}],"replies":[{"embeddable":true,"href":"https:\/\/kugundua.eu\/hu_hu\/wp-json\/wp\/v2\/comments?post=52"}],"version-history":[{"count":11,"href":"https:\/\/kugundua.eu\/hu_hu\/wp-json\/wp\/v2\/pages\/52\/revisions"}],"predecessor-version":[{"id":26175,"href":"https:\/\/kugundua.eu\/hu_hu\/wp-json\/wp\/v2\/pages\/52\/revisions\/26175"}],"up":[{"embeddable":true,"href":"https:\/\/kugundua.eu\/hu_hu\/wp-json\/wp\/v2\/pages\/125"}],"wp:attachment":[{"href":"https:\/\/kugundua.eu\/hu_hu\/wp-json\/wp\/v2\/media?parent=52"}],"curies":[{"name":"wp","href":"https:\/\/api.w.org\/{rel}","templated":true}]}}