{"id":407,"date":"2022-05-24T09:35:15","date_gmt":"2022-05-24T09:35:15","guid":{"rendered":"http:\/\/kugundua.eu\/?page_id=407"},"modified":"2026-03-28T15:39:01","modified_gmt":"2026-03-28T15:39:01","slug":"over-ons","status":"publish","type":"page","link":"https:\/\/kugundua.eu\/hu_hu\/kemping-eszakkelet-magyarorszagon\/rolunk\/","title":{"rendered":"R\u00f3lunk"},"content":{"rendered":"<div data-colibri-id=\"407-c1\" class=\"style-364 style-local-407-c1 position-relative\">\n  <!---->\n  <div data-colibri-component=\"section\" data-colibri-id=\"407-c2\" id=\"wie-zijn-wij\" class=\"h-section h-section-global-spacing d-flex align-items-lg-center align-items-md-center align-items-center style-365 style-local-407-c2 position-relative\">\n    <!---->\n    <!---->\n    <div class=\"h-section-grid-container h-section-boxed-container\">\n      <!---->\n      <div data-colibri-id=\"407-c3\" class=\"h-row-container gutters-row-lg-2 gutters-row-md-2 gutters-row-0 gutters-row-v-lg-2 gutters-row-v-md-2 gutters-row-v-2 style-380 style-local-407-c3 position-relative\">\n        <!---->\n        <div class=\"h-row justify-content-lg-center justify-content-md-center justify-content-center align-items-lg-stretch align-items-md-stretch align-items-stretch gutters-col-lg-2 gutters-col-md-2 gutters-col-0 gutters-col-v-lg-2 gutters-col-v-md-2 gutters-col-v-2\">\n          <!---->\n          <div class=\"h-column h-column-container d-flex h-col-lg-auto h-col-md-auto h-col-auto style-381-outer style-local-407-c4-outer\">\n            <div data-colibri-id=\"407-c4\" class=\"d-flex h-flex-basis h-column__inner h-px-lg-2 h-px-md-2 h-px-2 v-inner-lg-2 v-inner-md-2 v-inner-2 style-381 style-local-407-c4 position-relative\">\n              <!---->\n              <!---->\n              <div class=\"w-100 h-y-container h-column__content h-column__v-align flex-basis-100 align-self-lg-start align-self-md-start align-self-start\">\n                <!---->\n                <div data-colibri-id=\"407-c5\" class=\"h-text h-text-component style-383 style-local-407-c5 position-relative h-element\">\n                  <!---->\n                  <!---->\n                  <div class=\"\">\n                    <h1><span style=\"color: rgb(214, 181, 136);\">\u201cLive a life you will remember\u201d<\/span><\/h1>\n                  <\/div>\n                <\/div>\n              <\/div>\n            <\/div>\n          <\/div>\n        <\/div>\n      <\/div>\n      <div data-colibri-id=\"407-c6\" class=\"h-row-container gutters-row-lg-0 gutters-row-md-0 gutters-row-0 gutters-row-v-lg-0 gutters-row-v-md-0 gutters-row-v-0 style-366 style-local-407-c6 position-relative\">\n        <!---->\n        <div class=\"h-row justify-content-lg-center justify-content-md-center justify-content-center align-items-lg-stretch align-items-md-stretch align-items-stretch gutters-col-lg-0 gutters-col-md-0 gutters-col-0 gutters-col-v-lg-0 gutters-col-v-md-0 gutters-col-v-0\">\n          <!---->\n          <div class=\"h-column h-column-container d-flex h-col-lg h-col-md-auto h-col-auto style-367-outer style-local-407-c7-outer\">\n            <div data-colibri-id=\"407-c7\" class=\"d-flex h-flex-basis h-column__inner h-px-lg-0 h-px-md-0 h-px-0 v-inner-lg-0 v-inner-md-0 v-inner-0 style-367 style-local-407-c7 position-relative\">\n              <!---->\n              <!---->\n              <div class=\"w-100 h-y-container h-column__content h-column__v-align flex-basis-100 align-self-lg-center align-self-md-center align-self-center\">\n                <!---->\n                <div data-colibri-id=\"407-c8\" class=\"h-global-transition-all h-heading style-368 style-local-407-c8 position-relative h-element\">\n                  <!---->\n                  <div class=\"h-heading__outer style-368 style-local-407-c8\">\n                    <!---->\n                    <!---->\n                    <h5 class=\"\">\n                      <br>Kik vagyunk?<\/h5>\n                  <\/div>\n                <\/div>\n                <div data-colibri-id=\"407-c9\" class=\"h-text h-text-component style-370 style-local-407-c9 position-relative h-element\">\n                  <!---->\n                  <!---->\n                  <div class=\"\">\n                    <p>Mi vagyunk Mark \u00e9s Floor, \u00e9s miut\u00e1n \u00e9vekig projektm\u00e9rn\u00f6kk\u00e9nt, valamint a mozi\/oktat\u00e1s ter\u00fclet\u00e9n dolgoztunk, a koronav\u00edrus pand\u00e9mia idej\u00e9n a home office-ban \u00e9s otthon maradva elkezdt\u00fck \u00e9rezni, hogy itt az ideje teljesen m\u00e1s ir\u00e1nyba fordulni.&nbsp;<\/p>\n                    <p>\n                      <br>\n                    <\/p>\n                    <p>Ekkor elkezdt\u00fck keresni, mi is lenne az \u00e1lmunk. Egyet\u00e9rtett\u00fcnk abban, hogy a term\u00e9szetben kellene lennie, ahol szolg\u00e1ltat\u00e1sokat ny\u00fajthatunk a vend\u00e9geknek, \u00e9s ahol ezek a vend\u00e9gek \u00e9lvezhetik mindazt, amit a term\u00e9szet k\u00edn\u00e1l. Mivel m\u00e1r teljesen beleszerett\u00fcnk Magyarorsz\u00e1gba, ez lett a t\u00f6k\u00e9letes kombin\u00e1ci\u00f3: egy kemping ind\u00edt\u00e1sa a gy\u00f6ny\u00f6r\u0171 term\u00e9szetben, magas szint\u0171 szolg\u00e1ltat\u00e1ssal Magyarorsz\u00e1gon. \u00c9s ahogy mondtuk, \u00fagy is tett\u00fck. 2022-ben, 32 \u00e9s 28 \u00e9vesen, eladtuk minden\u00fcnket Hollandi\u00e1ban, \u00e9s Magyarorsz\u00e1gra k\u00f6lt\u00f6zt\u00fcnk, hogy megval\u00f3s\u00edtsuk \u00e1lmunkat.&nbsp;<\/p>\n                    <p>\n                      <br>\n                    <\/p>\n                  <\/div>\n                <\/div>\n              <\/div>\n            <\/div>\n          <\/div>\n        <\/div>\n      <\/div>\n    <\/div>\n  <\/div>\n  <div data-colibri-component=\"section\" data-colibri-id=\"407-c15\" id=\"about\" class=\"h-section h-section-global-spacing d-flex align-items-lg-center align-items-md-center align-items-center style-591 style-local-407-c15 position-relative\">\n    <!---->\n    <!---->\n    <div class=\"h-section-grid-container h-section-boxed-container\">\n      <!---->\n      <div data-colibri-id=\"407-c16\" class=\"h-row-container gutters-row-lg-0 gutters-row-md-0 gutters-row-0 gutters-row-v-lg-0 gutters-row-v-md-0 gutters-row-v-0 style-592 style-local-407-c16 position-relative\">\n        <!---->\n        <div class=\"h-row justify-content-lg-center justify-content-md-center justify-content-center align-items-lg-start align-items-md-start align-items-start gutters-col-lg-0 gutters-col-md-0 gutters-col-0 gutters-col-v-lg-0 gutters-col-v-md-0 gutters-col-v-0\">\n          <!---->\n          <div class=\"h-column h-column-container d-flex h-col-lg-auto h-col-md-auto h-col-auto align-self-lg-start align-self-md-start align-self-start style-593-outer style-local-407-c17-outer\">\n            <div data-colibri-id=\"407-c17\" class=\"d-flex h-flex-basis h-column__inner h-px-lg-0 h-px-md-0 h-px-0 v-inner-lg-0 v-inner-md-0 v-inner-0 style-593 style-local-407-c17 position-relative\">\n              <!---->\n              <!---->\n              <div class=\"w-100 h-y-container h-column__content h-column__v-align flex-basis-100 align-self-lg-start align-self-md-start align-self-start\">\n                <!---->\n                <div data-colibri-id=\"407-c18\" class=\"h-global-transition-all h-heading style-594 style-local-407-c18 position-relative h-element\">\n                  <!---->\n                  <div class=\"h-heading__outer style-594 style-local-407-c18\">\n                    <!---->\n                    <!---->\n                    <h5 class=\"\">Mi\u00e9rt a Kugundua n\u00e9v?<\/h5>\n                  <\/div>\n                <\/div>\n                <div data-colibri-id=\"407-c19\" class=\"h-text h-text-component style-596 style-local-407-c19 position-relative h-element\">\n                  <!---->\n                  <!---->\n                  <div class=\"\">\n                    <p>A \u201eKugundua\u201d sz\u00f3 jelent\u00e9se \u201efelfedezni\u201d a szwahili nyelven. A szwahili az alapnyelv Ugand\u00e1ban, abban az orsz\u00e1gban, ahol \u00e9n (Floor) n\u00e9h\u00e1ny \u00e9vvel ezel\u0151tt \u00f6nk\u00e9ntesk\u00e9nt dolgoztam egy olyan projektben, amely \u00e1rva gyermekeknek biztos\u00edt mened\u00e9ket \u00e9s oktat\u00e1st. Ugand\u00e1ban van egy t\u00e1mogatott gyermek\u00fcnk, Joy. T\u00f6bbsz\u00f6r is lehet\u0151s\u00e9g\u00fcnk volt megl\u00e1togatni \u0151t, \u00e9s szerencs\u00e9re m\u00e9g mindig rendszeresen tartjuk vele a kapcsolatot. Mivel Uganda volt sz\u00e1munkra a vil\u00e1g felfedez\u00e9s\u00e9nek egyik kezd\u0151pontja, \u00e9s mivel szeretn\u00e9nk, ha vend\u00e9geink is felfedezhetn\u00e9k a gy\u00f6ny\u00f6r\u0171 Magyarorsz\u00e1got, ez\u00e9rt v\u00e1lasztottuk a \u201eKugundua\u201d nevet.&nbsp;<\/p>\n                    <p>\n                      <br>\n                    <\/p>\n                  <\/div>\n                <\/div>\n                <div data-colibri-id=\"407-c28\" class=\"h-x-container style-1583 style-local-407-c28 position-relative h-element\">\n                  <!---->\n                  <div class=\"h-x-container-inner style-dynamic-407-c28-group style-1583-spacing style-local-407-c28-spacing\"><span class=\"h-button__outer style-568-outer style-local-407-c29-outer d-inline-flex h-element\"><a h-use-smooth-scroll=\"true\" href=\"https:\/\/kugundua.eu\/hu_hu\/camping\/\"  data-colibri-id=\"407-c29\" class=\"d-flex w-100 align-items-center h-button justify-content-lg-center justify-content-md-center justify-content-center style-568 style-local-407-c29 position-relative\"><!----><!----> <span>Kemping<\/span><\/a>\n                    <\/span>\n                  <\/div>\n                <\/div>\n              <\/div>\n            <\/div>\n          <\/div>\n        <\/div>\n      <\/div>\n      <div data-colibri-id=\"407-c25\" class=\"h-row-container gutters-row-lg-2 gutters-row-md-2 gutters-row-0 gutters-row-v-lg-2 gutters-row-v-md-2 gutters-row-v-2 style-1580 style-local-407-c25 position-relative\">\n        <!---->\n        <div class=\"h-row justify-content-lg-center justify-content-md-center justify-content-center align-items-lg-stretch align-items-md-stretch align-items-stretch gutters-col-lg-2 gutters-col-md-2 gutters-col-0 gutters-col-v-lg-2 gutters-col-v-md-2 gutters-col-v-2\">\n          <!---->\n          <div class=\"h-column h-column-container d-flex h-col-lg-auto h-col-md-auto h-col-auto style-1581-outer style-local-407-c26-outer\">\n            <div data-colibri-id=\"407-c26\" class=\"d-flex h-flex-basis h-column__inner h-px-lg-2 h-px-md-2 h-px-2 v-inner-lg-2 v-inner-md-2 v-inner-2 style-1581 style-local-407-c26 position-relative\">\n              <!---->\n              <!---->\n              <div class=\"w-100 h-y-container h-column__content h-column__v-align flex-basis-100 align-self-lg-start align-self-md-start align-self-start\">\n                <!---->\n                <div data-colibri-id=\"407-c27\" class=\"d-block style-1582 style-local-407-c27 position-relative h-element\">\n                  <!---->\n                  <div class=\"h-image__frame-container-outer\">\n                    <div class=\"h-image__frame-container\">\n                      <!---->\n                      <!---->\n                      <img decoding=\"async\" data-src=\"https:\/\/kugundua.eu\/wp-content\/uploads\/2022\/05\/26B1C943-AD1B-4DE3-A57E-054168825EFE_1_201_a-768x576.jpeg\" class=\"style-1582-image style-local-407-c27-image lazyload\" src=\"data:image\/svg+xml;base64,PHN2ZyB3aWR0aD0iMSIgaGVpZ2h0PSIxIiB4bWxucz0iaHR0cDovL3d3dy53My5vcmcvMjAwMC9zdmciPjwvc3ZnPg==\" style=\"--smush-placeholder-width: 768px; --smush-placeholder-aspect-ratio: 768\/576;\">\n                      <div class=\"h-image__frame h-hide-lg h-hide-md h-hide-sm style-1582-frameImage style-local-407-c27-frameImage\"><\/div>\n                    <\/div>\n                  <\/div>\n                <\/div>\n              <\/div>\n            <\/div>\n          <\/div>\n        <\/div>\n      <\/div>\n    <\/div>\n  <\/div>\n<\/div>","protected":false},"excerpt":{"rendered":"<p>&#8220;Live a life you will remember&#8221; Wie zijn wij? Wij zijn Mark en Floor en na jarenlang als project engineer en in de bioscoop\/het onderwijs gewerkt te hebben, ging het tijdens het thuiswerken en -zitten tijdens de Corona pandemie kriebelen om het roer volledig om te gooien.&nbsp; We zijn toen op zoek gegaan naar wat [&hellip;]<\/p>\n","protected":false},"author":1,"featured_media":0,"parent":221,"menu_order":5,"comment_status":"closed","ping_status":"closed","template":"page-templates\/full-width-page.php","meta":{"footnotes":""},"class_list":["post-407","page","type-page","status-publish","hentry"],"yoast_head":"<!-- This site is optimized with the Yoast SEO plugin v27.5 - https:\/\/yoast.com\/product\/yoast-seo-wordpress\/ -->\n<title>Over ons<\/title>\n<meta name=\"description\" content=\"Wij zijn Mark en Floor en na jarenlang als project engineer en in de bioscoop\/het onderwijs gewerkt te hebben, ging het tijdens de Corona crisis kriebelen om het roer volledig om te gooien.\" \/>\n<meta name=\"robots\" content=\"index, follow, max-snippet:-1, max-image-preview:large, max-video-preview:-1\" \/>\n<link rel=\"canonical\" href=\"https:\/\/kugundua.eu\/hu_hu\/kemping-eszakkelet-magyarorszagon\/rolunk\/\" \/>\n<meta property=\"og:locale\" content=\"hu_HU\" \/>\n<meta property=\"og:type\" content=\"article\" \/>\n<meta property=\"og:title\" content=\"Over ons\" \/>\n<meta property=\"og:description\" content=\"Wij zijn Mark en Floor en na jarenlang als project engineer en in de bioscoop\/het onderwijs gewerkt te hebben, ging het tijdens de Corona crisis kriebelen om het roer volledig om te gooien.\" \/>\n<meta property=\"og:url\" content=\"https:\/\/kugundua.eu\/hu_hu\/kemping-eszakkelet-magyarorszagon\/rolunk\/\" \/>\n<meta property=\"og:site_name\" content=\"Camping Kugundua\" \/>\n<meta property=\"article:publisher\" content=\"https:\/\/www.facebook.com\/Kugundua\/\" \/>\n<meta property=\"article:modified_time\" content=\"2026-03-28T15:39:01+00:00\" \/>\n<meta property=\"og:image\" content=\"https:\/\/kugundua.eu\/wp-content\/uploads\/2022\/05\/26B1C943-AD1B-4DE3-A57E-054168825EFE_1_201_a-768x576.jpeg\" \/>\n<meta name=\"twitter:card\" content=\"summary_large_image\" \/>\n<meta name=\"twitter:label1\" content=\"Becs\u00fclt olvas\u00e1si id\u0151\" \/>\n\t<meta name=\"twitter:data1\" content=\"2 perc\" \/>\n<script type=\"application\/ld+json\" class=\"yoast-schema-graph\">{\"@context\":\"https:\\\/\\\/schema.org\",\"@graph\":[{\"@type\":\"WebPage\",\"@id\":\"https:\\\/\\\/kugundua.eu\\\/camping-in-noord-oost-hongarije\\\/over-ons\\\/\",\"url\":\"https:\\\/\\\/kugundua.eu\\\/camping-in-noord-oost-hongarije\\\/over-ons\\\/\",\"name\":\"Over ons\",\"isPartOf\":{\"@id\":\"https:\\\/\\\/kugundua.eu\\\/#website\"},\"primaryImageOfPage\":{\"@id\":\"https:\\\/\\\/kugundua.eu\\\/camping-in-noord-oost-hongarije\\\/over-ons\\\/#primaryimage\"},\"image\":{\"@id\":\"https:\\\/\\\/kugundua.eu\\\/camping-in-noord-oost-hongarije\\\/over-ons\\\/#primaryimage\"},\"thumbnailUrl\":\"https:\\\/\\\/kugundua.eu\\\/wp-content\\\/uploads\\\/2022\\\/05\\\/26B1C943-AD1B-4DE3-A57E-054168825EFE_1_201_a-768x576.jpeg\",\"datePublished\":\"2022-05-24T09:35:15+00:00\",\"dateModified\":\"2026-03-28T15:39:01+00:00\",\"description\":\"Wij zijn Mark en Floor en na jarenlang als project engineer en in de bioscoop\\\/het onderwijs gewerkt te hebben, ging het tijdens de Corona crisis kriebelen om het roer volledig om te gooien.\",\"breadcrumb\":{\"@id\":\"https:\\\/\\\/kugundua.eu\\\/camping-in-noord-oost-hongarije\\\/over-ons\\\/#breadcrumb\"},\"inLanguage\":\"hu\",\"potentialAction\":[{\"@type\":\"ReadAction\",\"target\":[\"https:\\\/\\\/kugundua.eu\\\/camping-in-noord-oost-hongarije\\\/over-ons\\\/\"]}]},{\"@type\":\"ImageObject\",\"inLanguage\":\"hu\",\"@id\":\"https:\\\/\\\/kugundua.eu\\\/camping-in-noord-oost-hongarije\\\/over-ons\\\/#primaryimage\",\"url\":\"https:\\\/\\\/kugundua.eu\\\/wp-content\\\/uploads\\\/2022\\\/05\\\/26B1C943-AD1B-4DE3-A57E-054168825EFE_1_201_a-768x576.jpeg\",\"contentUrl\":\"https:\\\/\\\/kugundua.eu\\\/wp-content\\\/uploads\\\/2022\\\/05\\\/26B1C943-AD1B-4DE3-A57E-054168825EFE_1_201_a-768x576.jpeg\"},{\"@type\":\"BreadcrumbList\",\"@id\":\"https:\\\/\\\/kugundua.eu\\\/camping-in-noord-oost-hongarije\\\/over-ons\\\/#breadcrumb\",\"itemListElement\":[{\"@type\":\"ListItem\",\"position\":1,\"name\":\"Home\",\"item\":\"https:\\\/\\\/kugundua.eu\\\/\"},{\"@type\":\"ListItem\",\"position\":2,\"name\":\"Camping\",\"item\":\"https:\\\/\\\/kugundua.eu\\\/camping-in-noord-oost-hongarije\\\/\"},{\"@type\":\"ListItem\",\"position\":3,\"name\":\"Over ons\"}]},{\"@type\":\"WebSite\",\"@id\":\"https:\\\/\\\/kugundua.eu\\\/#website\",\"url\":\"https:\\\/\\\/kugundua.eu\\\/\",\"name\":\"Camping Kugundua\",\"description\":\"Be Active &amp; Chill Out\",\"publisher\":{\"@id\":\"https:\\\/\\\/kugundua.eu\\\/#organization\"},\"potentialAction\":[{\"@type\":\"SearchAction\",\"target\":{\"@type\":\"EntryPoint\",\"urlTemplate\":\"https:\\\/\\\/kugundua.eu\\\/?s={search_term_string}\"},\"query-input\":{\"@type\":\"PropertyValueSpecification\",\"valueRequired\":true,\"valueName\":\"search_term_string\"}}],\"inLanguage\":\"hu\"},{\"@type\":\"Organization\",\"@id\":\"https:\\\/\\\/kugundua.eu\\\/#organization\",\"name\":\"Kugundua\",\"url\":\"https:\\\/\\\/kugundua.eu\\\/\",\"logo\":{\"@type\":\"ImageObject\",\"inLanguage\":\"hu\",\"@id\":\"https:\\\/\\\/kugundua.eu\\\/#\\\/schema\\\/logo\\\/image\\\/\",\"url\":\"https:\\\/\\\/kugundua.eu\\\/wp-content\\\/uploads\\\/2022\\\/12\\\/cropped-cropped-Kugundua-Logo-Outline-Transparant151-1.png\",\"contentUrl\":\"https:\\\/\\\/kugundua.eu\\\/wp-content\\\/uploads\\\/2022\\\/12\\\/cropped-cropped-Kugundua-Logo-Outline-Transparant151-1.png\",\"width\":185,\"height\":151,\"caption\":\"Kugundua\"},\"image\":{\"@id\":\"https:\\\/\\\/kugundua.eu\\\/#\\\/schema\\\/logo\\\/image\\\/\"},\"sameAs\":[\"https:\\\/\\\/www.facebook.com\\\/Kugundua\\\/\",\"https:\\\/\\\/www.instagram.com\\\/kugundua.hu\\\/\",\"https:\\\/\\\/www.youtube.com\\\/channel\\\/UCIVA4wWJvf5lmgWvJfxKIJQ\"]}]}<\/script>\n<!-- \/ Yoast SEO plugin. -->","yoast_head_json":{"title":"R\u00f3lunk","description":"Mark \u00e9s Floor vagyunk, \u00e9s miut\u00e1n \u00e9vekig projektm\u00e9rn\u00f6kk\u00e9nt \u00e9s a mozi\/oktat\u00e1s ter\u00fclet\u00e9n dolgoztunk, a Corona-v\u00e1ls\u00e1g alatt elkezdett er\u0151s\u00f6dni benn\u00fcnk a v\u00e1gy, hogy teljesen megv\u00e1ltoztassuk a p\u00e1ly\u00e1t.","robots":{"index":"index","follow":"follow","max-snippet":"max-snippet:-1","max-image-preview":"max-image-preview:large","max-video-preview":"max-video-preview:-1"},"canonical":"https:\/\/kugundua.eu\/hu_hu\/kemping-eszakkelet-magyarorszagon\/rolunk\/","og_locale":"hu_HU","og_type":"article","og_title":"Over ons","og_description":"Wij zijn Mark en Floor en na jarenlang als project engineer en in de bioscoop\/het onderwijs gewerkt te hebben, ging het tijdens de Corona crisis kriebelen om het roer volledig om te gooien.","og_url":"https:\/\/kugundua.eu\/hu_hu\/kemping-eszakkelet-magyarorszagon\/rolunk\/","og_site_name":"Camping Kugundua","article_publisher":"https:\/\/www.facebook.com\/Kugundua\/","article_modified_time":"2026-03-28T15:39:01+00:00","og_image":[{"url":"https:\/\/kugundua.eu\/wp-content\/uploads\/2022\/05\/26B1C943-AD1B-4DE3-A57E-054168825EFE_1_201_a-768x576.jpeg","type":"","width":"","height":""}],"twitter_card":"summary_large_image","twitter_misc":{"Becs\u00fclt olvas\u00e1si id\u0151":"2 perc"},"schema":{"@context":"https:\/\/schema.org","@graph":[{"@type":"WebPage","@id":"https:\/\/kugundua.eu\/camping-in-noord-oost-hongarije\/over-ons\/","url":"https:\/\/kugundua.eu\/camping-in-noord-oost-hongarije\/over-ons\/","name":"R\u00f3lunk","isPartOf":{"@id":"https:\/\/kugundua.eu\/#website"},"primaryImageOfPage":{"@id":"https:\/\/kugundua.eu\/camping-in-noord-oost-hongarije\/over-ons\/#primaryimage"},"image":{"@id":"https:\/\/kugundua.eu\/camping-in-noord-oost-hongarije\/over-ons\/#primaryimage"},"thumbnailUrl":"https:\/\/kugundua.eu\/wp-content\/uploads\/2022\/05\/26B1C943-AD1B-4DE3-A57E-054168825EFE_1_201_a-768x576.jpeg","datePublished":"2022-05-24T09:35:15+00:00","dateModified":"2026-03-28T15:39:01+00:00","description":"Mark \u00e9s Floor vagyunk, \u00e9s miut\u00e1n \u00e9vekig projektm\u00e9rn\u00f6kk\u00e9nt \u00e9s a mozi\/oktat\u00e1s ter\u00fclet\u00e9n dolgoztunk, a Corona-v\u00e1ls\u00e1g alatt elkezdett er\u0151s\u00f6dni benn\u00fcnk a v\u00e1gy, hogy teljesen megv\u00e1ltoztassuk a p\u00e1ly\u00e1t.","breadcrumb":{"@id":"https:\/\/kugundua.eu\/camping-in-noord-oost-hongarije\/over-ons\/#breadcrumb"},"inLanguage":"hu","potentialAction":[{"@type":"ReadAction","target":["https:\/\/kugundua.eu\/camping-in-noord-oost-hongarije\/over-ons\/"]}]},{"@type":"ImageObject","inLanguage":"hu","@id":"https:\/\/kugundua.eu\/camping-in-noord-oost-hongarije\/over-ons\/#primaryimage","url":"https:\/\/kugundua.eu\/wp-content\/uploads\/2022\/05\/26B1C943-AD1B-4DE3-A57E-054168825EFE_1_201_a-768x576.jpeg","contentUrl":"https:\/\/kugundua.eu\/wp-content\/uploads\/2022\/05\/26B1C943-AD1B-4DE3-A57E-054168825EFE_1_201_a-768x576.jpeg"},{"@type":"BreadcrumbList","@id":"https:\/\/kugundua.eu\/camping-in-noord-oost-hongarije\/over-ons\/#breadcrumb","itemListElement":[{"@type":"ListItem","position":1,"name":"Home","item":"https:\/\/kugundua.eu\/"},{"@type":"ListItem","position":2,"name":"Camping","item":"https:\/\/kugundua.eu\/camping-in-noord-oost-hongarije\/"},{"@type":"ListItem","position":3,"name":"Over ons"}]},{"@type":"WebSite","@id":"https:\/\/kugundua.eu\/#website","url":"https:\/\/kugundua.eu\/","name":"Kugundua Kemping","description":"Legyen akt\u00edv \u00e9s laz\u00edtson","publisher":{"@id":"https:\/\/kugundua.eu\/#organization"},"potentialAction":[{"@type":"SearchAction","target":{"@type":"EntryPoint","urlTemplate":"https:\/\/kugundua.eu\/?s={search_term_string}"},"query-input":{"@type":"PropertyValueSpecification","valueRequired":true,"valueName":"search_term_string"}}],"inLanguage":"hu"},{"@type":"Organization","@id":"https:\/\/kugundua.eu\/#organization","name":"Kugundua","url":"https:\/\/kugundua.eu\/","logo":{"@type":"ImageObject","inLanguage":"hu","@id":"https:\/\/kugundua.eu\/#\/schema\/logo\/image\/","url":"https:\/\/kugundua.eu\/wp-content\/uploads\/2022\/12\/cropped-cropped-Kugundua-Logo-Outline-Transparant151-1.png","contentUrl":"https:\/\/kugundua.eu\/wp-content\/uploads\/2022\/12\/cropped-cropped-Kugundua-Logo-Outline-Transparant151-1.png","width":185,"height":151,"caption":"Kugundua"},"image":{"@id":"https:\/\/kugundua.eu\/#\/schema\/logo\/image\/"},"sameAs":["https:\/\/www.facebook.com\/Kugundua\/","https:\/\/www.instagram.com\/kugundua.hu\/","https:\/\/www.youtube.com\/channel\/UCIVA4wWJvf5lmgWvJfxKIJQ"]}]}},"_links":{"self":[{"href":"https:\/\/kugundua.eu\/hu_hu\/wp-json\/wp\/v2\/pages\/407","targetHints":{"allow":["GET"]}}],"collection":[{"href":"https:\/\/kugundua.eu\/hu_hu\/wp-json\/wp\/v2\/pages"}],"about":[{"href":"https:\/\/kugundua.eu\/hu_hu\/wp-json\/wp\/v2\/types\/page"}],"author":[{"embeddable":true,"href":"https:\/\/kugundua.eu\/hu_hu\/wp-json\/wp\/v2\/users\/1"}],"replies":[{"embeddable":true,"href":"https:\/\/kugundua.eu\/hu_hu\/wp-json\/wp\/v2\/comments?post=407"}],"version-history":[{"count":20,"href":"https:\/\/kugundua.eu\/hu_hu\/wp-json\/wp\/v2\/pages\/407\/revisions"}],"predecessor-version":[{"id":26526,"href":"https:\/\/kugundua.eu\/hu_hu\/wp-json\/wp\/v2\/pages\/407\/revisions\/26526"}],"up":[{"embeddable":true,"href":"https:\/\/kugundua.eu\/hu_hu\/wp-json\/wp\/v2\/pages\/221"}],"wp:attachment":[{"href":"https:\/\/kugundua.eu\/hu_hu\/wp-json\/wp\/v2\/media?parent=407"}],"curies":[{"name":"wp","href":"https:\/\/api.w.org\/{rel}","templated":true}]}}