{"id":200,"date":"2022-05-20T09:33:46","date_gmt":"2022-05-20T09:33:46","guid":{"rendered":"http:\/\/kugundua.eu\/?page_id=200"},"modified":"2026-03-28T14:08:44","modified_gmt":"2026-03-28T14:08:44","slug":"gelej","status":"publish","type":"page","link":"https:\/\/kugundua.eu\/hu_hu\/varosok-magyarorszag\/gelej\/","title":{"rendered":"Gelej"},"content":{"rendered":"<div data-colibri-id=\"200-c1\" class=\"style-1125 style-local-200-c1 position-relative\">\n  <!---->\n  <div data-colibri-component=\"section\" data-colibri-id=\"200-c2\" id=\"content\" class=\"h-section h-section-global-spacing d-flex align-items-lg-center align-items-md-center align-items-center style-1126 style-local-200-c2 position-relative\">\n    <!---->\n    <!---->\n    <div class=\"h-section-grid-container h-section-boxed-container\">\n      <div data-colibri-id=\"200-c23\" class=\"h-row-container gutters-row-lg-2 gutters-row-md-2 gutters-row-2 gutters-row-v-lg-2 gutters-row-v-md-2 gutters-row-v-2 style-1138 style-local-200-c23 position-relative\">\n        <!---->\n        <div class=\"h-row justify-content-lg-center justify-content-md-center justify-content-center align-items-lg-stretch align-items-md-stretch align-items-stretch gutters-col-lg-2 gutters-col-md-2 gutters-col-2 gutters-col-v-lg-2 gutters-col-v-md-2 gutters-col-v-2\">\n          <!---->\n          <div class=\"h-column h-column-container d-flex h-col-lg-auto h-col-md-auto h-col-auto style-1139-outer style-local-200-c24-outer\">\n            <div data-colibri-id=\"200-c24\" class=\"d-flex h-flex-basis h-column__inner h-px-lg-2 h-px-md-2 h-px-2 v-inner-lg-2 v-inner-md-2 v-inner-2 style-1139 style-local-200-c24 position-relative\">\n              <!---->\n              <!---->\n              <div class=\"w-100 h-y-container h-column__content h-column__v-align flex-basis-100 align-self-lg-start align-self-md-start align-self-start\">\n                <!---->\n                <div data-colibri-id=\"200-c25\" class=\"h-global-transition-all h-heading style-1140 style-local-200-c25 position-relative h-element\">\n                  <!---->\n                  <div class=\"h-heading__outer style-1140 style-local-200-c25\">\n                    <!---->\n                    <!---->\n                    <h2 class=\"\">Gelej<\/h2>\n                  <\/div>\n                <\/div>\n                <div data-colibri-id=\"200-c26\" class=\"h-lead h-text h-text-component style-1141 style-local-200-c26 position-relative h-element\">\n                  <!---->\n                  <!---->\n                  <div class=\"\">\n                    <p>Gelej egy csendes falu, k\u00f6r\u00fclbel\u00fcl 700 lakossal. A kempingt\u0151l gyalogosan el\u00e9rhet\u0151 a falu f\u0151tere, ahol kis \u00e9lelmiszerbolt, k\u00e1v\u00e9z\u00f3, polg\u00e1rmesteri hivatal \u00e9s postahivatal tal\u00e1lhat\u00f3. Itt tal\u00e1lhat\u00f3 a reform\u00e1tus templom \u00e9s egy j\u00e1tsz\u00f3t\u00e9r is a gyerekeknek. A falu sz\u00e9l\u00e9n pedig egy sajtos- \u00e9s tejterm\u00e9kbolt v\u00e1r, amely helyben k\u00e9sz\u00edtett term\u00e9keket k\u00edn\u00e1l.&nbsp;<\/p>\n                  <\/div>\n                <\/div>\n              <\/div>\n            <\/div>\n          <\/div>\n        <\/div>\n      <\/div>\n      <div data-colibri-id=\"200-c3\" class=\"h-row-container gutters-row-lg-2 gutters-row-md-2 gutters-row-2 gutters-row-v-lg-2 gutters-row-v-md-2 gutters-row-v-2 style-1127 style-local-200-c3 position-relative\">\n        <!---->\n        <div class=\"h-row justify-content-lg-center justify-content-md-center justify-content-center align-items-lg-stretch align-items-md-stretch align-items-stretch gutters-col-lg-2 gutters-col-md-2 gutters-col-2 gutters-col-v-lg-2 gutters-col-v-md-2 gutters-col-v-2\">\n          <!---->\n          <div class=\"h-column h-column-container d-flex h-col-lg-auto h-col-md-auto h-col-auto style-1128-outer style-local-200-c4-outer\">\n            <div data-colibri-id=\"200-c4\" class=\"d-flex h-flex-basis h-column__inner h-px-lg-0 h-px-md-0 h-px-0 v-inner-lg-0 v-inner-md-0 v-inner-0 style-1128 style-local-200-c4 position-relative\">\n              <!---->\n              <!---->\n              <div class=\"w-100 h-y-container h-column__content h-column__v-align flex-basis-100 align-self-lg-start align-self-md-start align-self-start\">\n                <!---->\n                <div data-colibri-id=\"200-c5\" class=\"h-row-container gutters-row-lg-2 gutters-row-md-2 gutters-row-2 gutters-row-v-lg-2 gutters-row-v-md-2 gutters-row-v-2 style-1129 style-local-200-c5 position-relative\">\n                  <!---->\n                  <div class=\"h-row justify-content-lg-center justify-content-md-center justify-content-center align-items-lg-stretch align-items-md-stretch align-items-stretch gutters-col-lg-2 gutters-col-md-2 gutters-col-2 gutters-col-v-lg-2 gutters-col-v-md-2 gutters-col-v-2\">\n                    <!---->\n                    <div class=\"h-column h-column-container d-flex h-col-lg-auto h-col-md-auto h-col-auto style-1130-outer style-local-200-c6-outer\">\n                      <div data-colibri-id=\"200-c6\" class=\"d-flex h-flex-basis h-column__inner h-px-lg-0 h-px-md-0 h-px-0 v-inner-lg-0 v-inner-md-0 v-inner-0 style-1130 style-local-200-c6 position-relative\">\n                        <!---->\n                        <!---->\n                        <div class=\"w-100 h-y-container h-column__content h-column__v-align flex-basis-100 align-self-lg-center align-self-md-center align-self-center\">\n                          <!---->\n                          <div data-colibri-id=\"200-c7\" class=\"h-global-transition-all h-heading style-1131 style-local-200-c7 position-relative h-element\">\n                            <!---->\n                            <div class=\"h-heading__outer style-1131 style-local-200-c7\">\n                              <!---->\n                              <!---->\n                              <h4 class=\"\">Autentikus borospinc\u00e9k<\/h4>\n                            <\/div>\n                          <\/div>\n                          <div data-colibri-id=\"200-c8\" class=\"h-text h-text-component style-1132 style-local-200-c8 position-relative h-element\">\n                            <!---->\n                            <!---->\n                            <div class=\"\">\n                              <p>A falu sz\u00e9l\u00e9n, gyalogosan el\u00e9rhet\u0151 t\u00e1vols\u00e1gra a kempingt\u0151l tal\u00e1lhat\u00f3 egy kis mini-falu borospinc\u00e9kkel, Geleji Pinc\u00e9k. Ezekben a borospinc\u00e9kben a bort \u00e1lland\u00f3 h\u0151m\u00e9rs\u00e9kleten \u00e9s p\u00e1ratartalom mellett t\u00e1rolt\u00e1k. Ennek k\u00f6sz\u00f6nhet\u0151en a borok hosszabb ideig t\u00e1rolhat\u00f3ak \u00e9s \u00e9rlel\u0151dhettek.&nbsp;<\/p>\n                            <\/div>\n                          <\/div>\n                        <\/div>\n                      <\/div>\n                    <\/div>\n                    <div class=\"h-column h-column-container d-flex h-col-lg-auto h-col-md-auto h-col-auto style-1133-outer style-local-200-c9-outer\">\n                      <div data-colibri-id=\"200-c9\" class=\"d-flex h-flex-basis h-column__inner h-ui-empty-state-container h-px-lg-0 h-px-md-0 h-px-0 v-inner-lg-0 v-inner-md-0 v-inner-0 style-1133 style-local-200-c9 position-relative\">\n                        <!---->\n                        <!---->\n                        <div class=\"w-100 h-y-container h-column__content h-column__v-align flex-basis-100\">\n                          <!---->\n                        <\/div>\n                      <\/div>\n                    <\/div>\n                  <\/div>\n                <\/div>\n                <div data-colibri-id=\"200-c10\" class=\"h-row-container gutters-row-lg-2 gutters-row-md-2 gutters-row-2 gutters-row-v-lg-2 gutters-row-v-md-2 gutters-row-v-2 style-1129 style-local-200-c10 position-relative\">\n                  <!---->\n                  <div class=\"h-row justify-content-lg-center justify-content-md-center justify-content-center align-items-lg-stretch align-items-md-stretch align-items-stretch gutters-col-lg-2 gutters-col-md-2 gutters-col-2 gutters-col-v-lg-2 gutters-col-v-md-2 gutters-col-v-2\">\n                    <!---->\n                    <div class=\"h-column h-column-container d-flex h-col-lg-auto h-col-md-auto h-col-auto style-1134-outer style-local-200-c11-outer\">\n                      <div data-colibri-id=\"200-c11\" class=\"d-flex h-flex-basis h-column__inner h-ui-empty-state-container h-px-lg-0 h-px-md-0 h-px-0 v-inner-lg-0 v-inner-md-0 v-inner-0 style-1134 style-local-200-c11 position-relative\">\n                        <!---->\n                        <!---->\n                        <div class=\"w-100 h-y-container h-column__content h-column__v-align flex-basis-100\">\n                          <!---->\n                        <\/div>\n                      <\/div>\n                    <\/div>\n                    <div class=\"h-column h-column-container d-flex h-col-lg-auto h-col-md-auto h-col-auto style-1130-outer style-local-200-c12-outer\">\n                      <div data-colibri-id=\"200-c12\" class=\"d-flex h-flex-basis h-column__inner h-px-lg-0 h-px-md-0 h-px-0 v-inner-lg-0 v-inner-md-0 v-inner-0 style-1130 style-local-200-c12 position-relative\">\n                        <!---->\n                        <!---->\n                        <div class=\"w-100 h-y-container h-column__content h-column__v-align flex-basis-100 align-self-lg-center align-self-md-center align-self-center\">\n                          <!---->\n                          <div data-colibri-id=\"200-c13\" class=\"h-global-transition-all h-heading style-1131 style-local-200-c13 position-relative h-element\">\n                            <!---->\n                            <div class=\"h-heading__outer style-1131 style-local-200-c13\">\n                              <!---->\n                              <!---->\n                              <h4 class=\"\">Borsodi-Mez\u0151s\u00e9g T\u00e1jv\u00e9delmi K\u00f6rzet <\/h4>\n                            <\/div>\n                          <\/div>\n                          <div data-colibri-id=\"200-c14\" class=\"h-text h-text-component style-1132 style-local-200-c14 position-relative h-element\">\n                            <!---->\n                            <!---->\n                            <div class=\"\">\n                              <p>A falu hat\u00e1r\u00e1ban tal\u00e1lhat\u00f3 a Borsodi-Mez\u0151s\u00e9g T\u00e1jv\u00e9delmi K\u00f6rzet. A ter\u00fcleten m\u00e9g n\u00e9h\u00e1ny \u00e1llattart\u00f3 farm is tal\u00e1lhat\u00f3. Itt gy\u00f6ny\u00f6r\u0171en lehet t\u00far\u00e1zni \u00e9s f\u00f6ld\u00faton ker\u00e9kp\u00e1rozni, mik\u00f6zben p\u00e1sztorokkal tal\u00e1lkozhatsz, akik tehenekkel vagy birk\u00e1kkal vezetnek ny\u00e1jat. A Tisza-t\u00f3 fel\u00e9 pedig egy lovakb\u00f3l \u00e1ll\u00f3 csorda tal\u00e1lhat\u00f3. A ter\u00fclet k\u00e9t r\u00e9szre tagol\u00f3dik: a puszt\u00e1ra \u00e9s az \u00e1rt\u00e9ri ter\u00fcletekre.&nbsp;<\/p>\n                            <\/div>\n                          <\/div>\n                        <\/div>\n                      <\/div>\n                    <\/div>\n                  <\/div>\n                <\/div>\n                <div data-colibri-id=\"200-c15\" class=\"h-row-container gutters-row-lg-2 gutters-row-md-2 gutters-row-2 gutters-row-v-lg-2 gutters-row-v-md-2 gutters-row-v-2 style-1129 style-local-200-c15 position-relative\">\n                  <!---->\n                  <div class=\"h-row justify-content-lg-center justify-content-md-center justify-content-center align-items-lg-stretch align-items-md-stretch align-items-stretch gutters-col-lg-2 gutters-col-md-2 gutters-col-2 gutters-col-v-lg-2 gutters-col-v-md-2 gutters-col-v-2\">\n                    <!---->\n                    <div class=\"h-column h-column-container d-flex h-col-lg-auto h-col-md-auto h-col-auto style-1130-outer style-local-200-c16-outer\">\n                      <div data-colibri-id=\"200-c16\" class=\"d-flex h-flex-basis h-column__inner h-px-lg-0 h-px-md-0 h-px-0 v-inner-lg-0 v-inner-md-0 v-inner-0 style-1130 style-local-200-c16 position-relative\">\n                        <!---->\n                        <!---->\n                        <div class=\"w-100 h-y-container h-column__content h-column__v-align flex-basis-100 align-self-lg-center align-self-md-center align-self-center\">\n                          <!---->\n                          <div data-colibri-id=\"200-c17\" class=\"h-text h-text-component style-1132 style-local-200-c17 position-relative h-element\">\n                            <!---->\n                            <!---->\n                            <div class=\"\">\n                              <p>\n                                <br>\n                              <\/p>\n                              <p>\n                                <br>\n                              <\/p>\n                              <p><span style=\"color: rgb(4, 4, 4); font-family: &quot;Open Sans&quot;; font-size: 16px; font-weight: 400;\">Itt k\u00fcl\u00f6nb\u00f6z\u0151 mad\u00e1rfajokat tal\u00e1lhatsz: h\u00e9j\u00e1t, v\u00f6r\u00f6s k\u00e1nya \u00e9s a hal\u00e1szsast.&nbsp;<\/span>\n                                <br>\n                                <br>A Puszt\u00e1n megtal\u00e1lhat\u00f3 a f\u00f6ldi m\u00f3kus, a magyar sz\u00f6csk\u00e9m\u00f3kus \u00e9s sokf\u00e9le lepkefaj. Mindenk\u00e9ppen \u00e9rdemes egy kellemes s\u00e9t\u00e1t tenni itt, \u00e9s \u00e9lvezni a sz\u00e9les, kiterjedt kil\u00e1t\u00e1st.&nbsp;<\/p>\n                              <p>\n                                <br>\n                              <\/p>\n                            <\/div>\n                          <\/div>\n                          <div data-colibri-id=\"200-c18\" class=\"h-x-container style-1142 style-local-200-c18 position-relative h-element\">\n                            <!---->\n                            <div class=\"h-x-container-inner style-dynamic-200-c18-group style-1142-spacing style-local-200-c18-spacing\"><span class=\"h-button__outer style-650-outer style-local-200-c19-outer d-inline-flex h-element\"><a h-use-smooth-scroll=\"true\" href=\"https:\/\/uj.gelej.hu\"  data-colibri-id=\"200-c19\" class=\"d-flex w-100 align-items-center h-button justify-content-lg-center justify-content-md-center justify-content-center style-650 style-local-200-c19 position-relative\"><!----><!----> <span>Gelej weboldala<\/span><\/a>\n                              <\/span>\n                            <\/div>\n                          <\/div>\n                          <div data-colibri-id=\"200-c20\" class=\"h-x-container style-1144 style-local-200-c20 position-relative h-element\">\n                            <!---->\n                            <div class=\"h-x-container-inner style-dynamic-200-c20-group style-1144-spacing style-local-200-c20-spacing\"><span class=\"h-button__outer style-650-outer style-local-200-c21-outer d-inline-flex h-element\"><a h-use-smooth-scroll=\"true\" href=\"https:\/\/www.bnpi.hu\/en\/borsodi-mezoseg-tajvedelmi-korzet\"  data-colibri-id=\"200-c21\" class=\"d-flex w-100 align-items-center h-button justify-content-lg-center justify-content-md-center justify-content-center style-650 style-local-200-c21 position-relative\"><!----><!----> <span>Nemzeti park weboldala<\/span><\/a>\n                              <\/span>\n                            <\/div>\n                          <\/div>\n                        <\/div>\n                      <\/div>\n                    <\/div>\n                    <div class=\"h-column h-column-container d-flex h-col-lg-auto h-col-md-auto h-col-auto style-1137-outer style-local-200-c22-outer\">\n                      <div data-colibri-id=\"200-c22\" class=\"d-flex h-flex-basis h-column__inner h-ui-empty-state-container h-px-lg-0 h-px-md-0 h-px-0 v-inner-lg-0 v-inner-md-0 v-inner-0 style-1137 style-local-200-c22 position-relative\">\n                        <!---->\n                        <!---->\n                        <div class=\"w-100 h-y-container h-column__content h-column__v-align flex-basis-100\">\n                          <!---->\n                        <\/div>\n                      <\/div>\n                    <\/div>\n                  <\/div>\n                <\/div>\n              <\/div>\n            <\/div>\n          <\/div>\n        <\/div>\n      <\/div>\n    <\/div>\n  <\/div>\n<\/div>","protected":false},"excerpt":{"rendered":"<p>Gelej Gelej is een rustig dorp met ongeveer 700 inwoners. Op loopafstand van de camping is het dorpsplein met een supermarktje, caf\u00e9tje, gemeentehuis en postkantoor. Hier vind je de gereformeerde kerk en een speelplaats voor de kinderen. Net buiten het dorp bevindt zich een Kaas- en zuivelhandel met lokaal gemaakte producten.&nbsp; Authentieke wijnkelders Net buiten [&hellip;]<\/p>\n","protected":false},"author":1,"featured_media":0,"parent":126,"menu_order":1,"comment_status":"closed","ping_status":"closed","template":"page-templates\/full-width-page.php","meta":{"footnotes":""},"class_list":["post-200","page","type-page","status-publish","hentry"],"yoast_head":"<!-- This site is optimized with the Yoast SEO plugin v27.5 - https:\/\/yoast.com\/product\/yoast-seo-wordpress\/ -->\n<title>Gelej<\/title>\n<meta name=\"description\" content=\"Gelej is het dorp waarin onze camping staat. Het is een klein, rustig en gemoedelijk dorp. Er is een supermarkt, bar, postkantoor en school.\" \/>\n<meta name=\"robots\" content=\"index, follow, max-snippet:-1, max-image-preview:large, max-video-preview:-1\" \/>\n<link rel=\"canonical\" href=\"https:\/\/kugundua.eu\/hu_hu\/varosok-magyarorszag\/gelej\/\" \/>\n<meta property=\"og:locale\" content=\"hu_HU\" \/>\n<meta property=\"og:type\" content=\"article\" \/>\n<meta property=\"og:title\" content=\"Gelej\" \/>\n<meta property=\"og:description\" content=\"Gelej is het dorp waarin onze camping staat. Het is een klein, rustig en gemoedelijk dorp. Er is een supermarkt, bar, postkantoor en school.\" \/>\n<meta property=\"og:url\" content=\"https:\/\/kugundua.eu\/hu_hu\/varosok-magyarorszag\/gelej\/\" \/>\n<meta property=\"og:site_name\" content=\"Camping Kugundua\" \/>\n<meta property=\"article:publisher\" content=\"https:\/\/www.facebook.com\/Kugundua\/\" \/>\n<meta property=\"article:modified_time\" content=\"2026-03-28T14:08:44+00:00\" \/>\n<meta name=\"twitter:card\" content=\"summary_large_image\" \/>\n<meta name=\"twitter:label1\" content=\"Becs\u00fclt olvas\u00e1si id\u0151\" \/>\n\t<meta name=\"twitter:data1\" content=\"2 perc\" \/>\n<script type=\"application\/ld+json\" class=\"yoast-schema-graph\">{\"@context\":\"https:\\\/\\\/schema.org\",\"@graph\":[{\"@type\":\"WebPage\",\"@id\":\"https:\\\/\\\/kugundua.eu\\\/steden\\\/gelej\\\/\",\"url\":\"https:\\\/\\\/kugundua.eu\\\/steden\\\/gelej\\\/\",\"name\":\"Gelej\",\"isPartOf\":{\"@id\":\"https:\\\/\\\/kugundua.eu\\\/#website\"},\"datePublished\":\"2022-05-20T09:33:46+00:00\",\"dateModified\":\"2026-03-28T14:08:44+00:00\",\"description\":\"Gelej is het dorp waarin onze camping staat. Het is een klein, rustig en gemoedelijk dorp. Er is een supermarkt, bar, postkantoor en school.\",\"breadcrumb\":{\"@id\":\"https:\\\/\\\/kugundua.eu\\\/steden\\\/gelej\\\/#breadcrumb\"},\"inLanguage\":\"hu\",\"potentialAction\":[{\"@type\":\"ReadAction\",\"target\":[\"https:\\\/\\\/kugundua.eu\\\/steden\\\/gelej\\\/\"]}]},{\"@type\":\"BreadcrumbList\",\"@id\":\"https:\\\/\\\/kugundua.eu\\\/steden\\\/gelej\\\/#breadcrumb\",\"itemListElement\":[{\"@type\":\"ListItem\",\"position\":1,\"name\":\"Home\",\"item\":\"https:\\\/\\\/kugundua.eu\\\/\"},{\"@type\":\"ListItem\",\"position\":2,\"name\":\"Steden\",\"item\":\"https:\\\/\\\/kugundua.eu\\\/steden\\\/\"},{\"@type\":\"ListItem\",\"position\":3,\"name\":\"Gelej\"}]},{\"@type\":\"WebSite\",\"@id\":\"https:\\\/\\\/kugundua.eu\\\/#website\",\"url\":\"https:\\\/\\\/kugundua.eu\\\/\",\"name\":\"Camping Kugundua\",\"description\":\"Be Active &amp; Chill Out\",\"publisher\":{\"@id\":\"https:\\\/\\\/kugundua.eu\\\/#organization\"},\"potentialAction\":[{\"@type\":\"SearchAction\",\"target\":{\"@type\":\"EntryPoint\",\"urlTemplate\":\"https:\\\/\\\/kugundua.eu\\\/?s={search_term_string}\"},\"query-input\":{\"@type\":\"PropertyValueSpecification\",\"valueRequired\":true,\"valueName\":\"search_term_string\"}}],\"inLanguage\":\"hu\"},{\"@type\":\"Organization\",\"@id\":\"https:\\\/\\\/kugundua.eu\\\/#organization\",\"name\":\"Kugundua\",\"url\":\"https:\\\/\\\/kugundua.eu\\\/\",\"logo\":{\"@type\":\"ImageObject\",\"inLanguage\":\"hu\",\"@id\":\"https:\\\/\\\/kugundua.eu\\\/#\\\/schema\\\/logo\\\/image\\\/\",\"url\":\"https:\\\/\\\/kugundua.eu\\\/wp-content\\\/uploads\\\/2022\\\/12\\\/cropped-cropped-Kugundua-Logo-Outline-Transparant151-1.png\",\"contentUrl\":\"https:\\\/\\\/kugundua.eu\\\/wp-content\\\/uploads\\\/2022\\\/12\\\/cropped-cropped-Kugundua-Logo-Outline-Transparant151-1.png\",\"width\":185,\"height\":151,\"caption\":\"Kugundua\"},\"image\":{\"@id\":\"https:\\\/\\\/kugundua.eu\\\/#\\\/schema\\\/logo\\\/image\\\/\"},\"sameAs\":[\"https:\\\/\\\/www.facebook.com\\\/Kugundua\\\/\",\"https:\\\/\\\/www.instagram.com\\\/kugundua.hu\\\/\",\"https:\\\/\\\/www.youtube.com\\\/channel\\\/UCIVA4wWJvf5lmgWvJfxKIJQ\"]}]}<\/script>\n<!-- \/ Yoast SEO plugin. -->","yoast_head_json":{"title":"Gelej","description":"Gelej az a falu, ahol a kemping\u00fcnk tal\u00e1lhat\u00f3. Ez egy kicsi, csendes \u00e9s bar\u00e1ts\u00e1gos falu. Van szupermarket, b\u00e1r, posta \u00e9s iskola.","robots":{"index":"index","follow":"follow","max-snippet":"max-snippet:-1","max-image-preview":"max-image-preview:large","max-video-preview":"max-video-preview:-1"},"canonical":"https:\/\/kugundua.eu\/hu_hu\/varosok-magyarorszag\/gelej\/","og_locale":"hu_HU","og_type":"article","og_title":"Gelej","og_description":"Gelej is het dorp waarin onze camping staat. Het is een klein, rustig en gemoedelijk dorp. Er is een supermarkt, bar, postkantoor en school.","og_url":"https:\/\/kugundua.eu\/hu_hu\/varosok-magyarorszag\/gelej\/","og_site_name":"Camping Kugundua","article_publisher":"https:\/\/www.facebook.com\/Kugundua\/","article_modified_time":"2026-03-28T14:08:44+00:00","twitter_card":"summary_large_image","twitter_misc":{"Becs\u00fclt olvas\u00e1si id\u0151":"2 perc"},"schema":{"@context":"https:\/\/schema.org","@graph":[{"@type":"WebPage","@id":"https:\/\/kugundua.eu\/steden\/gelej\/","url":"https:\/\/kugundua.eu\/steden\/gelej\/","name":"Gelej","isPartOf":{"@id":"https:\/\/kugundua.eu\/#website"},"datePublished":"2022-05-20T09:33:46+00:00","dateModified":"2026-03-28T14:08:44+00:00","description":"Gelej az a falu, ahol a kemping\u00fcnk tal\u00e1lhat\u00f3. Ez egy kicsi, csendes \u00e9s bar\u00e1ts\u00e1gos falu. Van szupermarket, b\u00e1r, posta \u00e9s iskola.","breadcrumb":{"@id":"https:\/\/kugundua.eu\/steden\/gelej\/#breadcrumb"},"inLanguage":"hu","potentialAction":[{"@type":"ReadAction","target":["https:\/\/kugundua.eu\/steden\/gelej\/"]}]},{"@type":"BreadcrumbList","@id":"https:\/\/kugundua.eu\/steden\/gelej\/#breadcrumb","itemListElement":[{"@type":"ListItem","position":1,"name":"Home","item":"https:\/\/kugundua.eu\/"},{"@type":"ListItem","position":2,"name":"Steden","item":"https:\/\/kugundua.eu\/steden\/"},{"@type":"ListItem","position":3,"name":"Gelej"}]},{"@type":"WebSite","@id":"https:\/\/kugundua.eu\/#website","url":"https:\/\/kugundua.eu\/","name":"Kugundua Kemping","description":"Legyen akt\u00edv \u00e9s laz\u00edtson","publisher":{"@id":"https:\/\/kugundua.eu\/#organization"},"potentialAction":[{"@type":"SearchAction","target":{"@type":"EntryPoint","urlTemplate":"https:\/\/kugundua.eu\/?s={search_term_string}"},"query-input":{"@type":"PropertyValueSpecification","valueRequired":true,"valueName":"search_term_string"}}],"inLanguage":"hu"},{"@type":"Organization","@id":"https:\/\/kugundua.eu\/#organization","name":"Kugundua","url":"https:\/\/kugundua.eu\/","logo":{"@type":"ImageObject","inLanguage":"hu","@id":"https:\/\/kugundua.eu\/#\/schema\/logo\/image\/","url":"https:\/\/kugundua.eu\/wp-content\/uploads\/2022\/12\/cropped-cropped-Kugundua-Logo-Outline-Transparant151-1.png","contentUrl":"https:\/\/kugundua.eu\/wp-content\/uploads\/2022\/12\/cropped-cropped-Kugundua-Logo-Outline-Transparant151-1.png","width":185,"height":151,"caption":"Kugundua"},"image":{"@id":"https:\/\/kugundua.eu\/#\/schema\/logo\/image\/"},"sameAs":["https:\/\/www.facebook.com\/Kugundua\/","https:\/\/www.instagram.com\/kugundua.hu\/","https:\/\/www.youtube.com\/channel\/UCIVA4wWJvf5lmgWvJfxKIJQ"]}]}},"_links":{"self":[{"href":"https:\/\/kugundua.eu\/hu_hu\/wp-json\/wp\/v2\/pages\/200","targetHints":{"allow":["GET"]}}],"collection":[{"href":"https:\/\/kugundua.eu\/hu_hu\/wp-json\/wp\/v2\/pages"}],"about":[{"href":"https:\/\/kugundua.eu\/hu_hu\/wp-json\/wp\/v2\/types\/page"}],"author":[{"embeddable":true,"href":"https:\/\/kugundua.eu\/hu_hu\/wp-json\/wp\/v2\/users\/1"}],"replies":[{"embeddable":true,"href":"https:\/\/kugundua.eu\/hu_hu\/wp-json\/wp\/v2\/comments?post=200"}],"version-history":[{"count":6,"href":"https:\/\/kugundua.eu\/hu_hu\/wp-json\/wp\/v2\/pages\/200\/revisions"}],"predecessor-version":[{"id":26342,"href":"https:\/\/kugundua.eu\/hu_hu\/wp-json\/wp\/v2\/pages\/200\/revisions\/26342"}],"up":[{"embeddable":true,"href":"https:\/\/kugundua.eu\/hu_hu\/wp-json\/wp\/v2\/pages\/126"}],"wp:attachment":[{"href":"https:\/\/kugundua.eu\/hu_hu\/wp-json\/wp\/v2\/media?parent=200"}],"curies":[{"name":"wp","href":"https:\/\/api.w.org\/{rel}","templated":true}]}}