{"id":130,"date":"2022-05-19T06:49:13","date_gmt":"2022-05-19T06:49:13","guid":{"rendered":"http:\/\/kugundua.eu\/?page_id=130"},"modified":"2026-03-28T13:44:40","modified_gmt":"2026-03-28T13:44:40","slug":"tisza-meer","status":"publish","type":"page","link":"https:\/\/kugundua.eu\/hu_hu\/termeszet-magyarorszag\/tisza-to\/","title":{"rendered":"Tisza-t\u00f3"},"content":{"rendered":"<div data-colibri-id=\"130-c1\" class=\"style-931 style-local-130-c1 position-relative\">\n  <!---->\n  <div data-colibri-component=\"section\" data-colibri-id=\"130-c2\" id=\"about\" class=\"h-section h-section-global-spacing d-flex align-items-lg-center align-items-md-center align-items-center style-932 style-local-130-c2 position-relative\">\n    <!---->\n    <!---->\n    <div class=\"h-section-grid-container h-section-boxed-container\">\n      <div data-colibri-id=\"130-c7\" class=\"h-row-container gutters-row-lg-2 gutters-row-md-2 gutters-row-2 gutters-row-v-lg-2 gutters-row-v-md-2 gutters-row-v-2 style-937 style-local-130-c7 position-relative\">\n        <!---->\n        <div class=\"h-row justify-content-lg-center justify-content-md-center justify-content-center align-items-lg-stretch align-items-md-stretch align-items-stretch gutters-col-lg-2 gutters-col-md-2 gutters-col-2 gutters-col-v-lg-2 gutters-col-v-md-2 gutters-col-v-2\">\n          <!---->\n          <div class=\"h-column h-column-container d-flex h-col-lg-auto h-col-md-auto h-col-auto style-938-outer style-local-130-c8-outer\">\n            <div data-colibri-id=\"130-c8\" class=\"d-flex h-flex-basis h-column__inner h-px-lg-2 h-px-md-2 h-px-2 v-inner-lg-2 v-inner-md-2 v-inner-2 style-938 style-local-130-c8 position-relative\">\n              <!---->\n              <!---->\n              <div class=\"w-100 h-y-container h-column__content h-column__v-align flex-basis-100 align-self-lg-start align-self-md-start align-self-start\">\n                <!---->\n                <div data-colibri-id=\"130-c9\" class=\"h-global-transition-all h-heading style-940 style-local-130-c9 position-relative h-element\">\n                  <!---->\n                  <div class=\"h-heading__outer style-940 style-local-130-c9\">\n                    <!---->\n                    <!---->\n                    <h2 class=\"\">Tisza-t\u00f3<\/h2>\n                  <\/div>\n                <\/div>\n                <div data-colibri-id=\"130-c10\" class=\"h-lead h-text h-text-component style-941 style-local-130-c10 position-relative h-element\">\n                  <!---->\n                  <!---->\n                  <div class=\"\">\n                    <p>A Balaton ut\u00e1n a Tisza-t\u00f3 Magyarorsz\u00e1g m\u00e1sodik legnagyobb tava. 127 km\u00b2-es ter\u00fclet\u00e9vel igazi term\u00e9szeti csoda. A Nagyalf\u00f6ld\u00f6n, a Hortob\u00e1gyi Nemzeti Park k\u00f6zel\u00e9ben tal\u00e1lhat\u00f3. Ebben a hatalmas, mocsaras ter\u00fcleten madarak ezrei \u00e9lnek. A g\u00f3ly\u00e1k sz\u00e1ma is leny\u0171g\u00f6z\u0151 \u2013 minden magyar faluban t\u00f6bb tucat f\u00e9szkel\u00e9si lehet\u0151s\u00e9get alak\u00edtottak ki villanyoszlopokon \u00e9s l\u00e1mpaoszlopokon.&nbsp;\n                      <br>\n                      <br>A gy\u00f6ny\u00f6r\u0171 Tisza-t\u00f3 k\u00fcl\u00f6nb\u00f6z\u0151 m\u00e9lys\u00e9gekkel rendelkezik. A sek\u00e9ly, gyorsan felmeleged\u0151 v\u00edz kiv\u00e1l\u00f3 \u00fasz\u00e1sra, m\u00edg a m\u00e9lyebb r\u00e9szek t\u00f6k\u00e9letesek a v\u00edzi sportokhoz. A Tisza-t\u00f3 mindenk\u00e9ppen meg\u00e9r egy l\u00e1togat\u00e1st azok sz\u00e1m\u00e1ra, akik szeretik a term\u00e9szetet \u00e9s a szabadt\u00e9ri tev\u00e9kenys\u00e9geket. Legyen sz\u00f3 horg\u00e1szatr\u00f3l, cs\u00f3nak\u00e1z\u00e1sr\u00f3l, t\u00far\u00e1z\u00e1sr\u00f3l, ker\u00e9kp\u00e1roz\u00e1sr\u00f3l, napoz\u00e1sr\u00f3l vagy \u00fasz\u00e1sr\u00f3l \u2013 itt minden lehets\u00e9ges. A gyerekek sz\u00e1m\u00e1ra pedig egy igazi kal\u00f3zsziget is tal\u00e1lhat\u00f3, ahol rengeteg izgalmas \u00e9lm\u00e9ny v\u00e1r r\u00e1juk.\n                      <br>\n                      <br>A Tisza-t\u00f3 k\u00f6r\u00fclbel\u00fcl 30 perces aut\u00f3\u00fatra van a kemping\u00fcnkt\u0151l. Ez azonban att\u00f3l f\u00fcgg, hogy mit szeretn\u00e9l megl\u00e1togatni a Tisza-t\u00f3 k\u00f6rny\u00e9k\u00e9n.\n                      <br>\n                      <br>\n                    <\/p>\n                  <\/div>\n                <\/div>\n              <\/div>\n            <\/div>\n          <\/div>\n        <\/div>\n      <\/div>\n      <div data-colibri-id=\"130-c3\" class=\"h-row-container gutters-row-lg-0 gutters-row-md-0 gutters-row-0 gutters-row-v-lg-0 gutters-row-v-md-0 gutters-row-v-0 style-933 style-local-130-c3 h-overflow-hidden position-relative\">\n        <!---->\n        <div class=\"h-row justify-content-lg-center justify-content-md-center justify-content-center align-items-lg-end align-items-md-end align-items-end gutters-col-lg-0 gutters-col-md-0 gutters-col-0 gutters-col-v-lg-0 gutters-col-v-md-0 gutters-col-v-0\">\n          <!---->\n          <div class=\"h-column h-column-container d-flex h-col-lg-auto h-col-md-auto h-col-auto align-self-lg-end align-self-md-end align-self-end style-934-outer style-local-130-c4-outer\">\n            <div data-colibri-id=\"130-c4\" class=\"d-flex h-flex-basis h-column__inner h-ui-empty-state-container h-px-lg-0 h-px-md-0 h-px-0 v-inner-lg-0 v-inner-md-0 v-inner-0 style-934 style-local-130-c4 position-relative\">\n              <!---->\n              <!---->\n              <div class=\"w-100 h-y-container h-column__content h-column__v-align flex-basis-100\">\n                <!---->\n              <\/div>\n            <\/div>\n          <\/div>\n          <div class=\"h-column h-column-container d-flex h-col-lg-auto h-col-md-auto h-col-auto align-self-lg-end align-self-md-end align-self-end style-935-outer style-local-130-c5-outer\">\n            <div data-colibri-id=\"130-c5\" class=\"d-flex h-flex-basis h-column__inner h-ui-empty-state-container h-px-lg-0 h-px-md-0 h-px-0 v-inner-lg-0 v-inner-md-0 v-inner-0 style-935 style-local-130-c5 position-relative\">\n              <!---->\n              <!---->\n              <div class=\"w-100 h-y-container h-column__content h-column__v-align flex-basis-100\">\n                <!---->\n              <\/div>\n            <\/div>\n          <\/div>\n          <div class=\"h-column h-column-container d-flex h-col-lg-auto h-col-md-auto h-col-auto align-self-lg-end align-self-md-end align-self-end style-936-outer style-local-130-c6-outer\">\n            <div data-colibri-id=\"130-c6\" class=\"d-flex h-flex-basis h-column__inner h-ui-empty-state-container h-px-lg-0 h-px-md-0 h-px-0 v-inner-lg-0 v-inner-md-0 v-inner-0 style-936 style-local-130-c6 position-relative\">\n              <!---->\n              <!---->\n              <div class=\"w-100 h-y-container h-column__content h-column__v-align flex-basis-100\">\n                <!---->\n              <\/div>\n            <\/div>\n          <\/div>\n        <\/div>\n      <\/div>\n    <\/div>\n  <\/div>\n  <div data-colibri-component=\"section\" data-colibri-id=\"130-c11\" id=\"about-2\" class=\"h-section h-section-global-spacing d-flex align-items-lg-center align-items-md-center align-items-center style-944 style-local-130-c11 position-relative\">\n    <!---->\n    <!---->\n    <div class=\"h-section-grid-container h-section-boxed-container\">\n      <div data-colibri-id=\"130-c16\" class=\"h-row-container gutters-row-lg-2 gutters-row-md-2 gutters-row-2 gutters-row-v-lg-2 gutters-row-v-md-2 gutters-row-v-2 style-949 style-local-130-c16 position-relative\">\n        <!---->\n        <div class=\"h-row justify-content-lg-center justify-content-md-center justify-content-center align-items-lg-stretch align-items-md-stretch align-items-stretch gutters-col-lg-2 gutters-col-md-2 gutters-col-2 gutters-col-v-lg-2 gutters-col-v-md-2 gutters-col-v-2\">\n          <!---->\n          <div class=\"h-column h-column-container d-flex h-col-lg-auto h-col-md-auto h-col-auto style-950-outer style-local-130-c17-outer\">\n            <div data-colibri-id=\"130-c17\" class=\"d-flex h-flex-basis h-column__inner h-px-lg-2 h-px-md-2 h-px-2 v-inner-lg-2 v-inner-md-2 v-inner-2 style-950 style-local-130-c17 position-relative\">\n              <!---->\n              <!---->\n              <div class=\"w-100 h-y-container h-column__content h-column__v-align flex-basis-100 align-self-lg-start align-self-md-start align-self-start\">\n                <!---->\n                <div data-colibri-id=\"130-c18\" class=\"h-global-transition-all h-heading style-940 style-local-130-c18 position-relative h-element\">\n                  <!---->\n                  <div class=\"h-heading__outer style-940 style-local-130-c18\">\n                    <!---->\n                    <!---->\n                    <h2 class=\"\">Tisza-tavi \u00d6kocentrum<\/h2>\n                  <\/div>\n                <\/div>\n                <div data-colibri-id=\"130-c19\" class=\"h-lead h-text h-text-component style-941 style-local-130-c19 position-relative h-element\">\n                  <!---->\n                  <!---->\n                  <div class=\"\">\n                    <p>Ez a Tisza-tavi komplexum az\u00e9rt j\u00f6tt l\u00e9tre, hogy \u00f6sszegy\u0171jtse \u00e9s bemutassa a Tisza-v\u00f6lgy \u00e9s a Tisza-t\u00f3 leny\u0171g\u00f6z\u0151 term\u00e9szeti kincseit \u00e9s vadon \u00e9l\u0151 \u00e1llatait. A nagyk\u00f6z\u00f6ns\u00e9g sz\u00e1m\u00e1ra 2012. \u00e1prilis 27-\u00e9n nyitott\u00e1k meg. A Tisza-tavi \u00d6kocentrum f\u0151\u00e9p\u00fclete, amelyet a Ybl-d\u00edjas \u00e9p\u00edt\u00e9sz, Kertai L\u00e1szl\u00f3 tervezett, egy hatalmas lesz\u00e1ll\u00f3 madarat szimboliz\u00e1l. Ez a leny\u0171g\u00f6z\u0151 \u00e9p\u00edt\u00e9szeti csoda eg\u00e9sz napos programot k\u00edn\u00e1l \u00e1lland\u00f3 \u00e9s id\u0151szakos ki\u00e1ll\u00edt\u00e1sokkal, konferencia- \u00e9s rendezv\u00e9nyteremmel, 3D mozival, az \u201eEgy \u00e9jszaka az erd\u0151ben\u201d c\u00edm\u0171 ki\u00e1ll\u00edt\u00e1ssal, amely terr\u00e1riumokban bemutatja a h\u00fcll\u0151ket \u00e9s k\u00e9t\u00e9lt\u0171eket, a \u201eVar\u00e1zslatos v\u00edzivil\u00e1g\u201d gyerekszob\u00e1val, valamint egy kil\u00e1t\u00f3toronnyal. A panor\u00e1m\u00e1s kil\u00e1t\u00e1s a teraszr\u00f3l egyszer\u0171en l\u00e9legzetel\u00e1ll\u00edt\u00f3 \u2013 az egyik ir\u00e1nyban a Tisza-t\u00f3, a m\u00e1sik ir\u00e1nyban pedig a M\u00e1tra \u00e9s a B\u00fckk hegys\u00e9g t\u00e1rul a szem\u00fcnk el\u00e9.\n                      <br>\n                      <br>Tov\u00e1bb\u00e1 lehet\u0151s\u00e9g van vezetett t\u00far\u00e1ra a Tisza-tavon (jelenleg csak magyar nyelven el\u00e9rhet\u0151), valamint a szabadt\u00e9ren egy nagy j\u00e1tsz\u00f3t\u00e9r \u00e9s egy kis \u00e1llatkert is v\u00e1rja a gyerekeket.\n                      <br>\n                      <br>A bej\u00e1ratn\u00e1l k\u00e9rhetsz egy audioguide-k\u00e9sz\u00fcl\u00e9ket (ingyenesen), hogy angol, n\u00e9met, lengyel vagy magyar nyelven kapj inform\u00e1ci\u00f3t.\n                      <br>\n                      <br>A Tisza-tavi \u00d6kocentrum Poroszl\u00f3n tal\u00e1lhat\u00f3, \u00e9s k\u00f6r\u00fclbel\u00fcl 30 perces aut\u00f3\u00fatra van a kemping\u00fcnkt\u0151l.<\/p>\n                  <\/div>\n                <\/div>\n                <div data-colibri-id=\"130-c20\" class=\"h-x-container style-954 style-local-130-c20 position-relative h-element\">\n                  <!---->\n                  <div class=\"h-x-container-inner style-dynamic-130-c20-group style-954-spacing style-local-130-c20-spacing\"><span class=\"h-button__outer style-650-outer style-local-130-c21-outer d-inline-flex h-element\"><a h-use-smooth-scroll=\"true\" href=\"https:\/\/www.tiszataviokocentrum.hu\/?lang=2\"  data-colibri-id=\"130-c21\" class=\"d-flex w-100 align-items-center h-button justify-content-lg-center justify-content-md-center justify-content-center style-650 style-local-130-c21 position-relative\"><!----><!----> <span>Weboldal<\/span><\/a>\n                    <\/span>\n                  <\/div>\n                <\/div>\n              <\/div>\n            <\/div>\n          <\/div>\n        <\/div>\n      <\/div>\n      <div data-colibri-id=\"130-c12\" class=\"h-row-container gutters-row-lg-0 gutters-row-md-0 gutters-row-0 gutters-row-v-lg-0 gutters-row-v-md-0 gutters-row-v-0 style-945 style-local-130-c12 h-overflow-hidden position-relative\">\n        <!---->\n        <div class=\"h-row justify-content-lg-center justify-content-md-center justify-content-center align-items-lg-end align-items-md-end align-items-end gutters-col-lg-0 gutters-col-md-0 gutters-col-0 gutters-col-v-lg-0 gutters-col-v-md-0 gutters-col-v-0\">\n          <!---->\n          <div class=\"h-column h-column-container d-flex h-col-lg-auto h-col-md-auto h-col-auto align-self-lg-end align-self-md-end align-self-end style-946-outer style-local-130-c13-outer\">\n            <div data-colibri-id=\"130-c13\" class=\"d-flex h-flex-basis h-column__inner h-ui-empty-state-container h-px-lg-0 h-px-md-0 h-px-0 v-inner-lg-0 v-inner-md-0 v-inner-0 style-946 style-local-130-c13 position-relative\">\n              <!---->\n              <!---->\n              <div class=\"w-100 h-y-container h-column__content h-column__v-align flex-basis-100\">\n                <!---->\n              <\/div>\n            <\/div>\n          <\/div>\n          <div class=\"h-column h-column-container d-flex h-col-lg-auto h-col-md-auto h-col-auto align-self-lg-end align-self-md-end align-self-end style-947-outer style-local-130-c14-outer\">\n            <div data-colibri-id=\"130-c14\" class=\"d-flex h-flex-basis h-column__inner h-ui-empty-state-container h-px-lg-0 h-px-md-0 h-px-0 v-inner-lg-0 v-inner-md-0 v-inner-0 style-947 style-local-130-c14 position-relative\">\n              <!---->\n              <!---->\n              <div class=\"w-100 h-y-container h-column__content h-column__v-align flex-basis-100\">\n                <!---->\n              <\/div>\n            <\/div>\n          <\/div>\n          <div class=\"h-column h-column-container d-flex h-col-lg-auto h-col-md-auto h-col-auto align-self-lg-end align-self-md-end align-self-end style-948-outer style-local-130-c15-outer\">\n            <div data-colibri-id=\"130-c15\" class=\"d-flex h-flex-basis h-column__inner h-ui-empty-state-container h-px-lg-0 h-px-md-0 h-px-0 v-inner-lg-0 v-inner-md-0 v-inner-0 style-948 style-local-130-c15 position-relative\">\n              <!---->\n              <!---->\n              <div class=\"w-100 h-y-container h-column__content h-column__v-align flex-basis-100\">\n                <!---->\n              <\/div>\n            <\/div>\n          <\/div>\n        <\/div>\n      <\/div>\n    <\/div>\n  <\/div>\n<\/div>","protected":false},"excerpt":{"rendered":"<p>Tiszameer Na het Balatonmeer is het Tiszameer het grootste meer van Hongarije. Het Tiszameer is met zijn oppervlakte van 127 km2 een wonder van de natuur. Het ligt in de grote Hongaarse laagvlakte en vlakbij het National park Hortob\u00e1gy. Duizenden vogels kun je hier vinden in het grote moerasachtige gebied. Ook de hoeveelheid ooievaars, waarvoor [&hellip;]<\/p>\n","protected":false},"author":1,"featured_media":0,"parent":108,"menu_order":2,"comment_status":"closed","ping_status":"closed","template":"page-templates\/full-width-page.php","meta":{"footnotes":""},"class_list":["post-130","page","type-page","status-publish","hentry"],"yoast_head":"<!-- This site is optimized with the Yoast SEO plugin v27.5 - https:\/\/yoast.com\/product\/yoast-seo-wordpress\/ -->\n<title>Tiszameer (Tisza-to)<\/title>\n<meta name=\"description\" content=\"Na het Balatonmeer is het Tiszameer het grootste meer van Hongarije. Het is met zijn oppervlakte van 127 km2 een wonder van de natuur.\" \/>\n<meta name=\"robots\" content=\"index, follow, max-snippet:-1, max-image-preview:large, max-video-preview:-1\" \/>\n<link rel=\"canonical\" href=\"https:\/\/kugundua.eu\/hu_hu\/termeszet-magyarorszag\/tisza-to\/\" \/>\n<meta property=\"og:locale\" content=\"hu_HU\" \/>\n<meta property=\"og:type\" content=\"article\" \/>\n<meta property=\"og:title\" content=\"Tiszameer (Tisza-to)\" \/>\n<meta property=\"og:description\" content=\"Na het Balatonmeer is het Tiszameer het grootste meer van Hongarije. Het is met zijn oppervlakte van 127 km2 een wonder van de natuur.\" \/>\n<meta property=\"og:url\" content=\"https:\/\/kugundua.eu\/hu_hu\/termeszet-magyarorszag\/tisza-to\/\" \/>\n<meta property=\"og:site_name\" content=\"Camping Kugundua\" \/>\n<meta property=\"article:publisher\" content=\"https:\/\/www.facebook.com\/Kugundua\/\" \/>\n<meta property=\"article:modified_time\" content=\"2026-03-28T13:44:40+00:00\" \/>\n<meta name=\"twitter:card\" content=\"summary_large_image\" \/>\n<meta name=\"twitter:label1\" content=\"Becs\u00fclt olvas\u00e1si id\u0151\" \/>\n\t<meta name=\"twitter:data1\" content=\"2 perc\" \/>\n<script type=\"application\/ld+json\" class=\"yoast-schema-graph\">{\"@context\":\"https:\\\/\\\/schema.org\",\"@graph\":[{\"@type\":\"WebPage\",\"@id\":\"https:\\\/\\\/kugundua.eu\\\/natuur\\\/tisza-meer\\\/\",\"url\":\"https:\\\/\\\/kugundua.eu\\\/natuur\\\/tisza-meer\\\/\",\"name\":\"Tiszameer (Tisza-to)\",\"isPartOf\":{\"@id\":\"https:\\\/\\\/kugundua.eu\\\/#website\"},\"datePublished\":\"2022-05-19T06:49:13+00:00\",\"dateModified\":\"2026-03-28T13:44:40+00:00\",\"description\":\"Na het Balatonmeer is het Tiszameer het grootste meer van Hongarije. Het is met zijn oppervlakte van 127 km2 een wonder van de natuur.\",\"breadcrumb\":{\"@id\":\"https:\\\/\\\/kugundua.eu\\\/natuur\\\/tisza-meer\\\/#breadcrumb\"},\"inLanguage\":\"hu\",\"potentialAction\":[{\"@type\":\"ReadAction\",\"target\":[\"https:\\\/\\\/kugundua.eu\\\/natuur\\\/tisza-meer\\\/\"]}]},{\"@type\":\"BreadcrumbList\",\"@id\":\"https:\\\/\\\/kugundua.eu\\\/natuur\\\/tisza-meer\\\/#breadcrumb\",\"itemListElement\":[{\"@type\":\"ListItem\",\"position\":1,\"name\":\"Home\",\"item\":\"https:\\\/\\\/kugundua.eu\\\/\"},{\"@type\":\"ListItem\",\"position\":2,\"name\":\"Natuur\",\"item\":\"https:\\\/\\\/kugundua.eu\\\/natuur\\\/\"},{\"@type\":\"ListItem\",\"position\":3,\"name\":\"Tiszameer\"}]},{\"@type\":\"WebSite\",\"@id\":\"https:\\\/\\\/kugundua.eu\\\/#website\",\"url\":\"https:\\\/\\\/kugundua.eu\\\/\",\"name\":\"Camping Kugundua\",\"description\":\"Be Active &amp; Chill Out\",\"publisher\":{\"@id\":\"https:\\\/\\\/kugundua.eu\\\/#organization\"},\"potentialAction\":[{\"@type\":\"SearchAction\",\"target\":{\"@type\":\"EntryPoint\",\"urlTemplate\":\"https:\\\/\\\/kugundua.eu\\\/?s={search_term_string}\"},\"query-input\":{\"@type\":\"PropertyValueSpecification\",\"valueRequired\":true,\"valueName\":\"search_term_string\"}}],\"inLanguage\":\"hu\"},{\"@type\":\"Organization\",\"@id\":\"https:\\\/\\\/kugundua.eu\\\/#organization\",\"name\":\"Kugundua\",\"url\":\"https:\\\/\\\/kugundua.eu\\\/\",\"logo\":{\"@type\":\"ImageObject\",\"inLanguage\":\"hu\",\"@id\":\"https:\\\/\\\/kugundua.eu\\\/#\\\/schema\\\/logo\\\/image\\\/\",\"url\":\"https:\\\/\\\/kugundua.eu\\\/wp-content\\\/uploads\\\/2022\\\/12\\\/cropped-cropped-Kugundua-Logo-Outline-Transparant151-1.png\",\"contentUrl\":\"https:\\\/\\\/kugundua.eu\\\/wp-content\\\/uploads\\\/2022\\\/12\\\/cropped-cropped-Kugundua-Logo-Outline-Transparant151-1.png\",\"width\":185,\"height\":151,\"caption\":\"Kugundua\"},\"image\":{\"@id\":\"https:\\\/\\\/kugundua.eu\\\/#\\\/schema\\\/logo\\\/image\\\/\"},\"sameAs\":[\"https:\\\/\\\/www.facebook.com\\\/Kugundua\\\/\",\"https:\\\/\\\/www.instagram.com\\\/kugundua.hu\\\/\",\"https:\\\/\\\/www.youtube.com\\\/channel\\\/UCIVA4wWJvf5lmgWvJfxKIJQ\"]}]}<\/script>\n<!-- \/ Yoast SEO plugin. -->","yoast_head_json":{"title":"Tisza-t\u00f3 (Tisza-to)","description":"A Balaton ut\u00e1n a Tisza-t\u00f3 Magyarorsz\u00e1g legnagyobb tava. A 127 km2 ter\u00fclet\u0171 t\u00f3 a term\u00e9szet csod\u00e1ja.","robots":{"index":"index","follow":"follow","max-snippet":"max-snippet:-1","max-image-preview":"max-image-preview:large","max-video-preview":"max-video-preview:-1"},"canonical":"https:\/\/kugundua.eu\/hu_hu\/termeszet-magyarorszag\/tisza-to\/","og_locale":"hu_HU","og_type":"article","og_title":"Tiszameer (Tisza-to)","og_description":"Na het Balatonmeer is het Tiszameer het grootste meer van Hongarije. Het is met zijn oppervlakte van 127 km2 een wonder van de natuur.","og_url":"https:\/\/kugundua.eu\/hu_hu\/termeszet-magyarorszag\/tisza-to\/","og_site_name":"Camping Kugundua","article_publisher":"https:\/\/www.facebook.com\/Kugundua\/","article_modified_time":"2026-03-28T13:44:40+00:00","twitter_card":"summary_large_image","twitter_misc":{"Becs\u00fclt olvas\u00e1si id\u0151":"2 perc"},"schema":{"@context":"https:\/\/schema.org","@graph":[{"@type":"WebPage","@id":"https:\/\/kugundua.eu\/natuur\/tisza-meer\/","url":"https:\/\/kugundua.eu\/natuur\/tisza-meer\/","name":"Tisza-t\u00f3 (Tisza-to)","isPartOf":{"@id":"https:\/\/kugundua.eu\/#website"},"datePublished":"2022-05-19T06:49:13+00:00","dateModified":"2026-03-28T13:44:40+00:00","description":"A Balaton ut\u00e1n a Tisza-t\u00f3 Magyarorsz\u00e1g legnagyobb tava. A 127 km2 ter\u00fclet\u0171 t\u00f3 a term\u00e9szet csod\u00e1ja.","breadcrumb":{"@id":"https:\/\/kugundua.eu\/natuur\/tisza-meer\/#breadcrumb"},"inLanguage":"hu","potentialAction":[{"@type":"ReadAction","target":["https:\/\/kugundua.eu\/natuur\/tisza-meer\/"]}]},{"@type":"BreadcrumbList","@id":"https:\/\/kugundua.eu\/natuur\/tisza-meer\/#breadcrumb","itemListElement":[{"@type":"ListItem","position":1,"name":"Home","item":"https:\/\/kugundua.eu\/"},{"@type":"ListItem","position":2,"name":"Natuur","item":"https:\/\/kugundua.eu\/natuur\/"},{"@type":"ListItem","position":3,"name":"Tiszameer"}]},{"@type":"WebSite","@id":"https:\/\/kugundua.eu\/#website","url":"https:\/\/kugundua.eu\/","name":"Kugundua Kemping","description":"Legyen akt\u00edv \u00e9s laz\u00edtson","publisher":{"@id":"https:\/\/kugundua.eu\/#organization"},"potentialAction":[{"@type":"SearchAction","target":{"@type":"EntryPoint","urlTemplate":"https:\/\/kugundua.eu\/?s={search_term_string}"},"query-input":{"@type":"PropertyValueSpecification","valueRequired":true,"valueName":"search_term_string"}}],"inLanguage":"hu"},{"@type":"Organization","@id":"https:\/\/kugundua.eu\/#organization","name":"Kugundua","url":"https:\/\/kugundua.eu\/","logo":{"@type":"ImageObject","inLanguage":"hu","@id":"https:\/\/kugundua.eu\/#\/schema\/logo\/image\/","url":"https:\/\/kugundua.eu\/wp-content\/uploads\/2022\/12\/cropped-cropped-Kugundua-Logo-Outline-Transparant151-1.png","contentUrl":"https:\/\/kugundua.eu\/wp-content\/uploads\/2022\/12\/cropped-cropped-Kugundua-Logo-Outline-Transparant151-1.png","width":185,"height":151,"caption":"Kugundua"},"image":{"@id":"https:\/\/kugundua.eu\/#\/schema\/logo\/image\/"},"sameAs":["https:\/\/www.facebook.com\/Kugundua\/","https:\/\/www.instagram.com\/kugundua.hu\/","https:\/\/www.youtube.com\/channel\/UCIVA4wWJvf5lmgWvJfxKIJQ"]}]}},"_links":{"self":[{"href":"https:\/\/kugundua.eu\/hu_hu\/wp-json\/wp\/v2\/pages\/130","targetHints":{"allow":["GET"]}}],"collection":[{"href":"https:\/\/kugundua.eu\/hu_hu\/wp-json\/wp\/v2\/pages"}],"about":[{"href":"https:\/\/kugundua.eu\/hu_hu\/wp-json\/wp\/v2\/types\/page"}],"author":[{"embeddable":true,"href":"https:\/\/kugundua.eu\/hu_hu\/wp-json\/wp\/v2\/users\/1"}],"replies":[{"embeddable":true,"href":"https:\/\/kugundua.eu\/hu_hu\/wp-json\/wp\/v2\/comments?post=130"}],"version-history":[{"count":9,"href":"https:\/\/kugundua.eu\/hu_hu\/wp-json\/wp\/v2\/pages\/130\/revisions"}],"predecessor-version":[{"id":26291,"href":"https:\/\/kugundua.eu\/hu_hu\/wp-json\/wp\/v2\/pages\/130\/revisions\/26291"}],"up":[{"embeddable":true,"href":"https:\/\/kugundua.eu\/hu_hu\/wp-json\/wp\/v2\/pages\/108"}],"wp:attachment":[{"href":"https:\/\/kugundua.eu\/hu_hu\/wp-json\/wp\/v2\/media?parent=130"}],"curies":[{"name":"wp","href":"https:\/\/api.w.org\/{rel}","templated":true}]}}