{"id":129,"date":"2022-05-19T06:49:13","date_gmt":"2022-05-19T06:49:13","guid":{"rendered":"http:\/\/kugundua.eu\/?page_id=129"},"modified":"2026-03-28T13:42:47","modified_gmt":"2026-03-28T13:42:47","slug":"hortobagyi-nationaal-park","status":"publish","type":"page","link":"https:\/\/kugundua.eu\/hu_hu\/termeszet-magyarorszag\/hortobagyi-nemzeti-park\/","title":{"rendered":"Hortob\u00e1gyi Nemzeti Park - Puszta"},"content":{"rendered":"<div data-colibri-id=\"129-c1\" class=\"style-967 style-local-129-c1 position-relative\">\n  <!---->\n  <div data-colibri-component=\"section\" data-colibri-id=\"129-c2\" id=\"content\" class=\"h-section h-section-global-spacing d-flex align-items-lg-center align-items-md-center align-items-center style-982 style-local-129-c2 position-relative\">\n    <!---->\n    <!---->\n    <div class=\"h-section-grid-container h-section-boxed-container\">\n      <div data-colibri-id=\"129-c22\" class=\"h-row-container gutters-row-lg-2 gutters-row-md-2 gutters-row-2 gutters-row-v-lg-2 gutters-row-v-md-2 gutters-row-v-2 style-994 style-local-129-c22 position-relative\">\n        <!---->\n        <div class=\"h-row justify-content-lg-center justify-content-md-center justify-content-center align-items-lg-stretch align-items-md-stretch align-items-stretch gutters-col-lg-2 gutters-col-md-2 gutters-col-2 gutters-col-v-lg-2 gutters-col-v-md-2 gutters-col-v-2\">\n          <!---->\n          <div class=\"h-column h-column-container d-flex h-col-lg-auto h-col-md-auto h-col-auto style-995-outer style-local-129-c23-outer\">\n            <div data-colibri-id=\"129-c23\" class=\"d-flex h-flex-basis h-column__inner h-px-lg-2 h-px-md-2 h-px-2 v-inner-lg-2 v-inner-md-2 v-inner-2 style-995 style-local-129-c23 position-relative\">\n              <!---->\n              <!---->\n              <div class=\"w-100 h-y-container h-column__content h-column__v-align flex-basis-100 align-self-lg-start align-self-md-start align-self-start\">\n                <!---->\n                <div data-colibri-id=\"129-c24\" class=\"h-global-transition-all h-heading style-996 style-local-129-c24 position-relative h-element\">\n                  <!---->\n                  <div class=\"h-heading__outer style-996 style-local-129-c24\">\n                    <!---->\n                    <!---->\n                    <h2 class=\"\">Hortob\u00e1gyi Nemzeti Park (A Puszta)<\/h2>\n                  <\/div>\n                <\/div>\n                <div data-colibri-id=\"129-c25\" class=\"h-lead h-text h-text-component style-997 style-local-129-c25 position-relative h-element\">\n                  <!---->\n                  <!---->\n                  <div class=\"\">\n                    <p>A Hortob\u00e1gyi Nemzeti Park, m\u00e1s n\u00e9ven a Puszta, hatalmas f\u00fcves s\u00edks\u00e1g, amely leny\u0171g\u00f6z\u0151 kil\u00e1t\u00e1st ny\u00fajt. Sok helyen ak\u00e1r 70 km-re is ell\u00e1tni.\n                      <br>\n                      <br>A Hortob\u00e1gyi Nemzeti Park turistainform\u00e1ci\u00f3s pontja a nemzeti park k\u00f6zpontj\u00e1ban tal\u00e1lhat\u00f3, \u00e9s k\u00f6r\u00fclbel\u00fcl egy \u00f3r\u00e1s aut\u00f3\u00fatra van a kemping\u00fcnkt\u0151l. Azonban a gy\u00f6ny\u00f6r\u0171, t\u00e1gas kil\u00e1t\u00e1s m\u00e1r sokkal hamarabb elkezd\u0151dik.&nbsp;<\/p>\n                  <\/div>\n                <\/div>\n              <\/div>\n            <\/div>\n          <\/div>\n        <\/div>\n      <\/div>\n      <div data-colibri-id=\"129-c3\" class=\"h-row-container gutters-row-lg-2 gutters-row-md-2 gutters-row-2 gutters-row-v-lg-2 gutters-row-v-md-2 gutters-row-v-2 style-983 style-local-129-c3 position-relative\">\n        <!---->\n        <div class=\"h-row justify-content-lg-center justify-content-md-center justify-content-center align-items-lg-stretch align-items-md-stretch align-items-stretch gutters-col-lg-2 gutters-col-md-2 gutters-col-2 gutters-col-v-lg-2 gutters-col-v-md-2 gutters-col-v-2\">\n          <!---->\n          <div class=\"h-column h-column-container d-flex h-col-lg-auto h-col-md-auto h-col-auto style-984-outer style-local-129-c4-outer\">\n            <div data-colibri-id=\"129-c4\" class=\"d-flex h-flex-basis h-column__inner h-px-lg-0 h-px-md-0 h-px-0 v-inner-lg-0 v-inner-md-0 v-inner-0 style-984 style-local-129-c4 position-relative\">\n              <!---->\n              <!---->\n              <div class=\"w-100 h-y-container h-column__content h-column__v-align flex-basis-100 align-self-lg-start align-self-md-start align-self-start\">\n                <!---->\n                <div data-colibri-id=\"129-c5\" class=\"h-row-container gutters-row-lg-2 gutters-row-md-2 gutters-row-2 gutters-row-v-lg-2 gutters-row-v-md-2 gutters-row-v-2 style-985 style-local-129-c5 position-relative\">\n                  <!---->\n                  <div class=\"h-row justify-content-lg-center justify-content-md-center justify-content-center align-items-lg-stretch align-items-md-stretch align-items-stretch gutters-col-lg-2 gutters-col-md-2 gutters-col-2 gutters-col-v-lg-2 gutters-col-v-md-2 gutters-col-v-2\">\n                    <!---->\n                    <div class=\"h-column h-column-container d-flex h-col-lg-auto h-col-md-auto h-col-auto style-986-outer style-local-129-c6-outer\">\n                      <div data-colibri-id=\"129-c6\" class=\"d-flex h-flex-basis h-column__inner h-px-lg-0 h-px-md-0 h-px-0 v-inner-lg-0 v-inner-md-0 v-inner-0 style-986 style-local-129-c6 position-relative\">\n                        <!---->\n                        <!---->\n                        <div class=\"w-100 h-y-container h-column__content h-column__v-align flex-basis-100 align-self-lg-center align-self-md-center align-self-center\">\n                          <!---->\n                          <div data-colibri-id=\"129-c7\" class=\"h-text h-text-component style-988 style-local-129-c7 position-relative h-element\">\n                            <!---->\n                            <!---->\n                            <div class=\"\">\n                              <p>A Puszta egy f\u00fcves s\u00edks\u00e1g Magyarorsz\u00e1g keleti r\u00e9sz\u00e9n, a Nagyalf\u00f6ld\u00f6n. A Puszt\u00e1t gyakran sztyepp\u00e9nek is nevezik. A \u201ePuszta\u201d sz\u00f3 magyarul sz\u00f3 szerint \u201e\u00fcress\u00e9get\u201d jelent, ami t\u00f6k\u00e9letesen le\u00edrja ezt a t\u00e1jat. Sok helyen ak\u00e1r 70 km-re is ell\u00e1tni.&nbsp;<\/p>\n                            <\/div>\n                          <\/div>\n                        <\/div>\n                      <\/div>\n                    <\/div>\n                    <div class=\"h-column h-column-container d-flex h-col-lg-auto h-col-md-auto h-col-auto style-989-outer style-local-129-c8-outer\">\n                      <div data-colibri-id=\"129-c8\" class=\"d-flex h-flex-basis h-column__inner h-ui-empty-state-container h-px-lg-0 h-px-md-0 h-px-0 v-inner-lg-0 v-inner-md-0 v-inner-0 style-989 style-local-129-c8 position-relative\">\n                        <!---->\n                        <!---->\n                        <div class=\"w-100 h-y-container h-column__content h-column__v-align flex-basis-100\">\n                          <!---->\n                        <\/div>\n                      <\/div>\n                    <\/div>\n                  <\/div>\n                <\/div>\n                <div data-colibri-id=\"129-c9\" class=\"h-row-container gutters-row-lg-2 gutters-row-md-2 gutters-row-2 gutters-row-v-lg-2 gutters-row-v-md-2 gutters-row-v-2 style-985 style-local-129-c9 position-relative\">\n                  <!---->\n                  <div class=\"h-row justify-content-lg-center justify-content-md-center justify-content-center align-items-lg-stretch align-items-md-stretch align-items-stretch gutters-col-lg-2 gutters-col-md-2 gutters-col-2 gutters-col-v-lg-2 gutters-col-v-md-2 gutters-col-v-2\">\n                    <!---->\n                    <div class=\"h-column h-column-container d-flex h-col-lg-auto h-col-md-auto h-col-auto style-990-outer style-local-129-c10-outer\">\n                      <div data-colibri-id=\"129-c10\" class=\"d-flex h-flex-basis h-column__inner h-ui-empty-state-container h-px-lg-0 h-px-md-0 h-px-0 v-inner-lg-0 v-inner-md-0 v-inner-0 style-990 style-local-129-c10 position-relative\">\n                        <!---->\n                        <!---->\n                        <div class=\"w-100 h-y-container h-column__content h-column__v-align flex-basis-100\">\n                          <!---->\n                        <\/div>\n                      <\/div>\n                    <\/div>\n                    <div class=\"h-column h-column-container d-flex h-col-lg-auto h-col-md-auto h-col-auto style-986-outer style-local-129-c11-outer\">\n                      <div data-colibri-id=\"129-c11\" class=\"d-flex h-flex-basis h-column__inner h-px-lg-0 h-px-md-0 h-px-0 v-inner-lg-0 v-inner-md-0 v-inner-0 style-986 style-local-129-c11 position-relative\">\n                        <!---->\n                        <!---->\n                        <div class=\"w-100 h-y-container h-column__content h-column__v-align flex-basis-100 align-self-lg-center align-self-md-center align-self-center\">\n                          <!---->\n                          <div data-colibri-id=\"129-c12\" class=\"h-text h-text-component style-988 style-local-129-c12 position-relative h-element\">\n                            <!---->\n                            <!---->\n                            <div class=\"\">\n                              <p>A Puszt\u00e1t r\u00e9gen els\u0151sorban \u00e1llatteny\u00e9szt\u00e9sre haszn\u00e1lt\u00e1k. A p\u00e1sztorok hagyt\u00e1k, hogy ny\u00e1jaik szabadon v\u00e1ndoroljanak, m\u00edg a csik\u00f3sok (l\u00f3h\u00e1ton j\u00e1r\u00f3 p\u00e1sztorok) lovaikkal j\u00e1rt\u00e1k be a vid\u00e9ket. Ma a ter\u00fclet nagy r\u00e9sz\u00e9t m\u00e1r mez\u0151gazdas\u00e1gi m\u0171vel\u00e9s al\u00e1 vont\u00e1k. Ha t\u00f6bbet szeretn\u00e9l megtudni a p\u00e1sztorok munk\u00e1j\u00e1r\u00f3l \u00e9s t\u00f6rt\u00e9net\u00e9r\u0151l, mindenk\u00e9ppen l\u00e1togasd meg a P\u00e1sztor M\u00fazeumot Hortob\u00e1gyon.<\/p>\n                            <\/div>\n                          <\/div>\n                        <\/div>\n                      <\/div>\n                    <\/div>\n                  <\/div>\n                <\/div>\n                <div data-colibri-id=\"129-c13\" class=\"h-row-container gutters-row-lg-2 gutters-row-md-2 gutters-row-2 gutters-row-v-lg-2 gutters-row-v-md-2 gutters-row-v-2 style-985 style-local-129-c13 position-relative\">\n                  <!---->\n                  <div class=\"h-row justify-content-lg-center justify-content-md-center justify-content-center align-items-lg-stretch align-items-md-stretch align-items-stretch gutters-col-lg-2 gutters-col-md-2 gutters-col-2 gutters-col-v-lg-2 gutters-col-v-md-2 gutters-col-v-2\">\n                    <!---->\n                    <div class=\"h-column h-column-container d-flex h-col-lg-auto h-col-md-auto h-col-auto style-986-outer style-local-129-c14-outer\">\n                      <div data-colibri-id=\"129-c14\" class=\"d-flex h-flex-basis h-column__inner h-px-lg-0 h-px-md-0 h-px-0 v-inner-lg-0 v-inner-md-0 v-inner-0 style-986 style-local-129-c14 position-relative\">\n                        <!---->\n                        <!---->\n                        <div class=\"w-100 h-y-container h-column__content h-column__v-align flex-basis-100 align-self-lg-center align-self-md-center align-self-center\">\n                          <!---->\n                          <div data-colibri-id=\"129-c15\" class=\"h-text h-text-component style-988 style-local-129-c15 position-relative h-element\">\n                            <!---->\n                            <!---->\n                            <div class=\"\">\n                              <p>Hortob\u00e1gy faluban tal\u00e1lhat\u00f3 a l\u00e1togat\u00f3k\u00f6zpont. Innen k\u00fcl\u00f6nb\u00f6z\u0151 t\u00far\u00e1kat foglalhatsz a Puszta felfedez\u00e9s\u00e9re. P\u00e9ld\u00e1ul r\u00e9szt vehetsz egy szafari buszos t\u00far\u00e1n, amely a sz\u00e1raz s\u00edks\u00e1gokon halad kereszt\u00fcl. Emellett egy keskenynyomt\u00e1v\u00fa kisvonattal is bej\u00e1rhatod azt a ter\u00fcletet, amely egykor mocs\u00e1r volt, de ma halastavakk\u00e1 alak\u00edtott\u00e1k \u00e1t. Ha mindk\u00e9t t\u00far\u00e1n r\u00e9szt veszel, viszonylag r\u00f6vid id\u0151 alatt a Puszta k\u00e9t k\u00fcl\u00f6nb\u00f6z\u0151 arc\u00e1t is megismerheted.&nbsp;<\/p>\n                            <\/div>\n                          <\/div>\n                        <\/div>\n                      <\/div>\n                    <\/div>\n                    <div class=\"h-column h-column-container d-flex h-col-lg-auto h-col-md-auto h-col-auto style-993-outer style-local-129-c16-outer\">\n                      <div data-colibri-id=\"129-c16\" class=\"d-flex h-flex-basis h-column__inner h-ui-empty-state-container h-px-lg-0 h-px-md-0 h-px-0 v-inner-lg-0 v-inner-md-0 v-inner-0 style-993 style-local-129-c16 position-relative\">\n                        <!---->\n                        <!---->\n                        <div class=\"w-100 h-y-container h-column__content h-column__v-align flex-basis-100\">\n                          <!---->\n                        <\/div>\n                      <\/div>\n                    <\/div>\n                  <\/div>\n                <\/div>\n              <\/div>\n            <\/div>\n          <\/div>\n        <\/div>\n      <\/div>\n      <div data-colibri-id=\"129-c17\" class=\"h-row-container gutters-row-lg-2 gutters-row-md-2 gutters-row-0 gutters-row-v-lg-2 gutters-row-v-md-2 gutters-row-v-2 style-998 style-local-129-c17 position-relative\">\n        <!---->\n        <div class=\"h-row justify-content-lg-center justify-content-md-center justify-content-center align-items-lg-stretch align-items-md-stretch align-items-stretch gutters-col-lg-2 gutters-col-md-2 gutters-col-0 gutters-col-v-lg-2 gutters-col-v-md-2 gutters-col-v-2\">\n          <!---->\n          <div class=\"h-column h-column-container d-flex h-col-lg-auto h-col-md-auto h-col-auto style-999-outer style-local-129-c18-outer\">\n            <div data-colibri-id=\"129-c18\" class=\"d-flex h-flex-basis h-column__inner h-px-lg-2 h-px-md-2 h-px-2 v-inner-lg-2 v-inner-md-2 v-inner-2 style-999 style-local-129-c18 position-relative\">\n              <!---->\n              <!---->\n              <div class=\"w-100 h-y-container h-column__content h-column__v-align flex-basis-100 align-self-lg-start align-self-md-start align-self-start\">\n                <!---->\n                <div data-colibri-id=\"129-c19\" class=\"h-text h-text-component style-988 style-local-129-c19 position-relative h-element\">\n                  <!---->\n                  <!---->\n                  <div class=\"\">\n                    <p>Az inform\u00e1ci\u00f3s k\u00f6zpont a \u201eKilenclyuk\u00fa h\u00edd\u201d mellett tal\u00e1lhat\u00f3, amelyet 1827-ben \u00e9p\u00edtettek az \u00f6reg fah\u00edd hely\u00e9re. Ez a 92 m\u00e9ter hossz\u00fa h\u00edd a Hortob\u00e1gy foly\u00f3 felett a magyarok szerint Magyarorsz\u00e1g legnagyobb k\u0151h\u00eddja.&nbsp;<\/p>\n                  <\/div>\n                <\/div>\n                <div data-colibri-id=\"129-c20\" class=\"h-x-container style-1001 style-local-129-c20 position-relative h-element\">\n                  <!---->\n                  <div class=\"h-x-container-inner style-dynamic-129-c20-group style-1001-spacing style-local-129-c20-spacing\"><span class=\"h-button__outer style-650-outer style-local-129-c21-outer d-inline-flex h-element\"><a h-use-smooth-scroll=\"true\" href=\"https:\/\/www.hnp.hu\/\"  data-colibri-id=\"129-c21\" class=\"d-flex w-100 align-items-center h-button justify-content-lg-center justify-content-md-center justify-content-center style-650 style-local-129-c21 position-relative\"><!----><!----> <span>Weboldal<\/span><\/a>\n                    <\/span>\n                  <\/div>\n                <\/div>\n              <\/div>\n            <\/div>\n          <\/div>\n        <\/div>\n      <\/div>\n    <\/div>\n  <\/div>\n<\/div>","protected":false},"excerpt":{"rendered":"<p>National Park Hortob\u00e1gy (De Poesta\/Puszta) Het National Park Hortob\u00e1gy, ook wel de Puszta (lees: Poesta) genoemd, is een enorme grasvlakte met wijdse uitzichten. Op vele plekken kun je zo&#8217;n 70 km ver kijken. Het toeristeninformatie punt van het nationaal park ligt in het centrum van het nationale park in Hortob\u00e1gyi en is ongeveer 1 uur [&hellip;]<\/p>\n","protected":false},"author":1,"featured_media":0,"parent":108,"menu_order":3,"comment_status":"closed","ping_status":"closed","template":"page-templates\/full-width-page.php","meta":{"footnotes":""},"class_list":["post-129","page","type-page","status-publish","hentry"],"yoast_head":"<!-- This site is optimized with the Yoast SEO plugin v27.5 - https:\/\/yoast.com\/product\/yoast-seo-wordpress\/ -->\n<title>Hortob\u00e1gyi National Park (Poesta\/ Puszta)<\/title>\n<meta name=\"description\" content=\"Het Hortob\u00e1gyi National Park, ook wel de Puszta (lees: Poesta) genoemd, is een enorme grasvlakte met wijdse uitzichten (tot 70 km).\" \/>\n<meta name=\"robots\" content=\"index, follow, max-snippet:-1, max-image-preview:large, max-video-preview:-1\" \/>\n<link rel=\"canonical\" href=\"https:\/\/kugundua.eu\/hu_hu\/termeszet-magyarorszag\/hortobagyi-nemzeti-park\/\" \/>\n<meta property=\"og:locale\" content=\"hu_HU\" \/>\n<meta property=\"og:type\" content=\"article\" \/>\n<meta property=\"og:title\" content=\"Hortob\u00e1gyi National Park (Poesta\/ Puszta)\" \/>\n<meta property=\"og:description\" content=\"Het Hortob\u00e1gyi National Park, ook wel de Puszta (lees: Poesta) genoemd, is een enorme grasvlakte met wijdse uitzichten (tot 70 km).\" \/>\n<meta property=\"og:url\" content=\"https:\/\/kugundua.eu\/hu_hu\/termeszet-magyarorszag\/hortobagyi-nemzeti-park\/\" \/>\n<meta property=\"og:site_name\" content=\"Camping Kugundua\" \/>\n<meta property=\"article:publisher\" content=\"https:\/\/www.facebook.com\/Kugundua\/\" \/>\n<meta property=\"article:modified_time\" content=\"2026-03-28T13:42:47+00:00\" \/>\n<meta name=\"twitter:card\" content=\"summary_large_image\" \/>\n<meta name=\"twitter:label1\" content=\"Becs\u00fclt olvas\u00e1si id\u0151\" \/>\n\t<meta name=\"twitter:data1\" content=\"2 perc\" \/>\n<script type=\"application\/ld+json\" class=\"yoast-schema-graph\">{\"@context\":\"https:\\\/\\\/schema.org\",\"@graph\":[{\"@type\":\"WebPage\",\"@id\":\"https:\\\/\\\/kugundua.eu\\\/natuur\\\/hortobagyi-nationaal-park\\\/\",\"url\":\"https:\\\/\\\/kugundua.eu\\\/natuur\\\/hortobagyi-nationaal-park\\\/\",\"name\":\"Hortob\u00e1gyi National Park (Poesta\\\/ Puszta)\",\"isPartOf\":{\"@id\":\"https:\\\/\\\/kugundua.eu\\\/#website\"},\"datePublished\":\"2022-05-19T06:49:13+00:00\",\"dateModified\":\"2026-03-28T13:42:47+00:00\",\"description\":\"Het Hortob\u00e1gyi National Park, ook wel de Puszta (lees: Poesta) genoemd, is een enorme grasvlakte met wijdse uitzichten (tot 70 km).\",\"breadcrumb\":{\"@id\":\"https:\\\/\\\/kugundua.eu\\\/natuur\\\/hortobagyi-nationaal-park\\\/#breadcrumb\"},\"inLanguage\":\"hu\",\"potentialAction\":[{\"@type\":\"ReadAction\",\"target\":[\"https:\\\/\\\/kugundua.eu\\\/natuur\\\/hortobagyi-nationaal-park\\\/\"]}]},{\"@type\":\"BreadcrumbList\",\"@id\":\"https:\\\/\\\/kugundua.eu\\\/natuur\\\/hortobagyi-nationaal-park\\\/#breadcrumb\",\"itemListElement\":[{\"@type\":\"ListItem\",\"position\":1,\"name\":\"Home\",\"item\":\"https:\\\/\\\/kugundua.eu\\\/\"},{\"@type\":\"ListItem\",\"position\":2,\"name\":\"Natuur\",\"item\":\"https:\\\/\\\/kugundua.eu\\\/natuur\\\/\"},{\"@type\":\"ListItem\",\"position\":3,\"name\":\"Hortob\u00e1gyi Nationaal Park &#8211; Poesta\"}]},{\"@type\":\"WebSite\",\"@id\":\"https:\\\/\\\/kugundua.eu\\\/#website\",\"url\":\"https:\\\/\\\/kugundua.eu\\\/\",\"name\":\"Camping Kugundua\",\"description\":\"Be Active &amp; Chill Out\",\"publisher\":{\"@id\":\"https:\\\/\\\/kugundua.eu\\\/#organization\"},\"potentialAction\":[{\"@type\":\"SearchAction\",\"target\":{\"@type\":\"EntryPoint\",\"urlTemplate\":\"https:\\\/\\\/kugundua.eu\\\/?s={search_term_string}\"},\"query-input\":{\"@type\":\"PropertyValueSpecification\",\"valueRequired\":true,\"valueName\":\"search_term_string\"}}],\"inLanguage\":\"hu\"},{\"@type\":\"Organization\",\"@id\":\"https:\\\/\\\/kugundua.eu\\\/#organization\",\"name\":\"Kugundua\",\"url\":\"https:\\\/\\\/kugundua.eu\\\/\",\"logo\":{\"@type\":\"ImageObject\",\"inLanguage\":\"hu\",\"@id\":\"https:\\\/\\\/kugundua.eu\\\/#\\\/schema\\\/logo\\\/image\\\/\",\"url\":\"https:\\\/\\\/kugundua.eu\\\/wp-content\\\/uploads\\\/2022\\\/12\\\/cropped-cropped-Kugundua-Logo-Outline-Transparant151-1.png\",\"contentUrl\":\"https:\\\/\\\/kugundua.eu\\\/wp-content\\\/uploads\\\/2022\\\/12\\\/cropped-cropped-Kugundua-Logo-Outline-Transparant151-1.png\",\"width\":185,\"height\":151,\"caption\":\"Kugundua\"},\"image\":{\"@id\":\"https:\\\/\\\/kugundua.eu\\\/#\\\/schema\\\/logo\\\/image\\\/\"},\"sameAs\":[\"https:\\\/\\\/www.facebook.com\\\/Kugundua\\\/\",\"https:\\\/\\\/www.instagram.com\\\/kugundua.hu\\\/\",\"https:\\\/\\\/www.youtube.com\\\/channel\\\/UCIVA4wWJvf5lmgWvJfxKIJQ\"]}]}<\/script>\n<!-- \/ Yoast SEO plugin. -->","yoast_head_json":{"title":"Hortob\u00e1gyi Nemzeti Park (Puszta\/ Puszta)","description":"A Hortob\u00e1gyi Nemzeti Park, m\u00e1s n\u00e9ven a Puszta (olvasd: Puszta) egy hatalmas f\u00fcves s\u00edks\u00e1g, ahonnan sz\u00e9les kil\u00e1t\u00e1s ny\u00edlik (ak\u00e1r 70 km).","robots":{"index":"index","follow":"follow","max-snippet":"max-snippet:-1","max-image-preview":"max-image-preview:large","max-video-preview":"max-video-preview:-1"},"canonical":"https:\/\/kugundua.eu\/hu_hu\/termeszet-magyarorszag\/hortobagyi-nemzeti-park\/","og_locale":"hu_HU","og_type":"article","og_title":"Hortob\u00e1gyi National Park (Poesta\/ Puszta)","og_description":"Het Hortob\u00e1gyi National Park, ook wel de Puszta (lees: Poesta) genoemd, is een enorme grasvlakte met wijdse uitzichten (tot 70 km).","og_url":"https:\/\/kugundua.eu\/hu_hu\/termeszet-magyarorszag\/hortobagyi-nemzeti-park\/","og_site_name":"Camping Kugundua","article_publisher":"https:\/\/www.facebook.com\/Kugundua\/","article_modified_time":"2026-03-28T13:42:47+00:00","twitter_card":"summary_large_image","twitter_misc":{"Becs\u00fclt olvas\u00e1si id\u0151":"2 perc"},"schema":{"@context":"https:\/\/schema.org","@graph":[{"@type":"WebPage","@id":"https:\/\/kugundua.eu\/natuur\/hortobagyi-nationaal-park\/","url":"https:\/\/kugundua.eu\/natuur\/hortobagyi-nationaal-park\/","name":"Hortob\u00e1gyi Nemzeti Park (Puszta\/ Puszta)","isPartOf":{"@id":"https:\/\/kugundua.eu\/#website"},"datePublished":"2022-05-19T06:49:13+00:00","dateModified":"2026-03-28T13:42:47+00:00","description":"A Hortob\u00e1gyi Nemzeti Park, m\u00e1s n\u00e9ven a Puszta (olvasd: Puszta) egy hatalmas f\u00fcves s\u00edks\u00e1g, ahonnan sz\u00e9les kil\u00e1t\u00e1s ny\u00edlik (ak\u00e1r 70 km).","breadcrumb":{"@id":"https:\/\/kugundua.eu\/natuur\/hortobagyi-nationaal-park\/#breadcrumb"},"inLanguage":"hu","potentialAction":[{"@type":"ReadAction","target":["https:\/\/kugundua.eu\/natuur\/hortobagyi-nationaal-park\/"]}]},{"@type":"BreadcrumbList","@id":"https:\/\/kugundua.eu\/natuur\/hortobagyi-nationaal-park\/#breadcrumb","itemListElement":[{"@type":"ListItem","position":1,"name":"Home","item":"https:\/\/kugundua.eu\/"},{"@type":"ListItem","position":2,"name":"Natuur","item":"https:\/\/kugundua.eu\/natuur\/"},{"@type":"ListItem","position":3,"name":"Hortob\u00e1gyi Nationaal Park &#8211; Poesta"}]},{"@type":"WebSite","@id":"https:\/\/kugundua.eu\/#website","url":"https:\/\/kugundua.eu\/","name":"Kugundua Kemping","description":"Legyen akt\u00edv \u00e9s laz\u00edtson","publisher":{"@id":"https:\/\/kugundua.eu\/#organization"},"potentialAction":[{"@type":"SearchAction","target":{"@type":"EntryPoint","urlTemplate":"https:\/\/kugundua.eu\/?s={search_term_string}"},"query-input":{"@type":"PropertyValueSpecification","valueRequired":true,"valueName":"search_term_string"}}],"inLanguage":"hu"},{"@type":"Organization","@id":"https:\/\/kugundua.eu\/#organization","name":"Kugundua","url":"https:\/\/kugundua.eu\/","logo":{"@type":"ImageObject","inLanguage":"hu","@id":"https:\/\/kugundua.eu\/#\/schema\/logo\/image\/","url":"https:\/\/kugundua.eu\/wp-content\/uploads\/2022\/12\/cropped-cropped-Kugundua-Logo-Outline-Transparant151-1.png","contentUrl":"https:\/\/kugundua.eu\/wp-content\/uploads\/2022\/12\/cropped-cropped-Kugundua-Logo-Outline-Transparant151-1.png","width":185,"height":151,"caption":"Kugundua"},"image":{"@id":"https:\/\/kugundua.eu\/#\/schema\/logo\/image\/"},"sameAs":["https:\/\/www.facebook.com\/Kugundua\/","https:\/\/www.instagram.com\/kugundua.hu\/","https:\/\/www.youtube.com\/channel\/UCIVA4wWJvf5lmgWvJfxKIJQ"]}]}},"_links":{"self":[{"href":"https:\/\/kugundua.eu\/hu_hu\/wp-json\/wp\/v2\/pages\/129","targetHints":{"allow":["GET"]}}],"collection":[{"href":"https:\/\/kugundua.eu\/hu_hu\/wp-json\/wp\/v2\/pages"}],"about":[{"href":"https:\/\/kugundua.eu\/hu_hu\/wp-json\/wp\/v2\/types\/page"}],"author":[{"embeddable":true,"href":"https:\/\/kugundua.eu\/hu_hu\/wp-json\/wp\/v2\/users\/1"}],"replies":[{"embeddable":true,"href":"https:\/\/kugundua.eu\/hu_hu\/wp-json\/wp\/v2\/comments?post=129"}],"version-history":[{"count":8,"href":"https:\/\/kugundua.eu\/hu_hu\/wp-json\/wp\/v2\/pages\/129\/revisions"}],"predecessor-version":[{"id":26277,"href":"https:\/\/kugundua.eu\/hu_hu\/wp-json\/wp\/v2\/pages\/129\/revisions\/26277"}],"up":[{"embeddable":true,"href":"https:\/\/kugundua.eu\/hu_hu\/wp-json\/wp\/v2\/pages\/108"}],"wp:attachment":[{"href":"https:\/\/kugundua.eu\/hu_hu\/wp-json\/wp\/v2\/media?parent=129"}],"curies":[{"name":"wp","href":"https:\/\/api.w.org\/{rel}","templated":true}]}}