{"id":128,"date":"2022-05-19T06:49:12","date_gmt":"2022-05-19T06:49:12","guid":{"rendered":"http:\/\/kugundua.eu\/?page_id=128"},"modified":"2026-03-28T13:43:43","modified_gmt":"2026-03-28T13:43:43","slug":"matra-gebergte","status":"publish","type":"page","link":"https:\/\/kugundua.eu\/hu_hu\/termeszet-magyarorszag\/matra-hegyseg\/","title":{"rendered":"M\u00e1tra-hegys\u00e9g"},"content":{"rendered":"<div data-colibri-id=\"128-c1\" class=\"style-1242 style-local-128-c1 position-relative\">\n  <!---->\n  <div data-colibri-component=\"section\" data-colibri-id=\"128-c2\" id=\"content\" class=\"h-section h-section-global-spacing d-flex align-items-lg-center align-items-md-center align-items-center style-1243 style-local-128-c2 position-relative\">\n    <!---->\n    <!---->\n    <div class=\"h-section-grid-container h-section-boxed-container\">\n      <div data-colibri-id=\"128-c17\" class=\"h-row-container gutters-row-lg-2 gutters-row-md-2 gutters-row-2 gutters-row-v-lg-2 gutters-row-v-md-2 gutters-row-v-2 style-1255 style-local-128-c17 position-relative\">\n        <!---->\n        <div class=\"h-row justify-content-lg-center justify-content-md-center justify-content-center align-items-lg-stretch align-items-md-stretch align-items-stretch gutters-col-lg-2 gutters-col-md-2 gutters-col-2 gutters-col-v-lg-2 gutters-col-v-md-2 gutters-col-v-2\">\n          <!---->\n          <div class=\"h-column h-column-container d-flex h-col-lg-auto h-col-md-auto h-col-auto style-1256-outer style-local-128-c18-outer\">\n            <div data-colibri-id=\"128-c18\" class=\"d-flex h-flex-basis h-column__inner h-px-lg-2 h-px-md-2 h-px-2 v-inner-lg-2 v-inner-md-2 v-inner-2 style-1256 style-local-128-c18 position-relative\">\n              <!---->\n              <!---->\n              <div class=\"w-100 h-y-container h-column__content h-column__v-align flex-basis-100 align-self-lg-start align-self-md-start align-self-start\">\n                <!---->\n                <div data-colibri-id=\"128-c19\" class=\"h-global-transition-all h-heading style-1257 style-local-128-c19 position-relative h-element\">\n                  <!---->\n                  <div class=\"h-heading__outer style-1257 style-local-128-c19\">\n                    <!---->\n                    <!---->\n                    <h2 class=\"\">M\u00e1tra-hegys\u00e9g<\/h2>\n                  <\/div>\n                <\/div>\n                <div data-colibri-id=\"128-c20\" class=\"h-lead h-text h-text-component style-1258 style-local-128-c20 position-relative h-element\">\n                  <!---->\n                  <!---->\n                  <div class=\"\">\n                    <p>Ha Budapestr\u0151l az M3-as aut\u00f3p\u00e1ly\u00e1n kereszt\u00fcl a Gelej melletti kempingbe utazol, bal oldalon megjelenik a M\u00e1tra-hegys\u00e9g. Ebben a hegys\u00e9gben tal\u00e1lhat\u00f3k Magyarorsz\u00e1g legmagasabb cs\u00facsai: K\u00e9kes (1014 m) \u00e9s Galya-tet\u0151 (964 m). A legmagasabb pontot a hegy tetej\u00e9n \u00e9p\u00fclt telev\u00edzi\u00f3toronyr\u00f3l ismerheted fel. Ha valamivel t\u00f6bb mint egy \u00f3r\u00e1t vezetsz a kempingt\u0151l, el\u00e9rkezel Magyarorsz\u00e1g legmagasabb pontj\u00e1ra, a K\u00e9kesre, ahol gy\u00f6ny\u00f6r\u0171 kil\u00e1t\u00e1s v\u00e1r r\u00e1d.&nbsp;\n                      <br>\n                    <\/p>\n                  <\/div>\n                <\/div>\n              <\/div>\n            <\/div>\n          <\/div>\n        <\/div>\n      <\/div>\n      <div data-colibri-id=\"128-c3\" class=\"h-row-container gutters-row-lg-2 gutters-row-md-2 gutters-row-2 gutters-row-v-lg-2 gutters-row-v-md-2 gutters-row-v-2 style-1244 style-local-128-c3 position-relative\">\n        <!---->\n        <div class=\"h-row justify-content-lg-center justify-content-md-center justify-content-center align-items-lg-stretch align-items-md-stretch align-items-stretch gutters-col-lg-2 gutters-col-md-2 gutters-col-2 gutters-col-v-lg-2 gutters-col-v-md-2 gutters-col-v-2\">\n          <!---->\n          <div class=\"h-column h-column-container d-flex h-col-lg-auto h-col-md-auto h-col-auto style-1245-outer style-local-128-c4-outer\">\n            <div data-colibri-id=\"128-c4\" class=\"d-flex h-flex-basis h-column__inner h-px-lg-0 h-px-md-0 h-px-0 v-inner-lg-0 v-inner-md-0 v-inner-0 style-1245 style-local-128-c4 position-relative\">\n              <!---->\n              <!---->\n              <div class=\"w-100 h-y-container h-column__content h-column__v-align flex-basis-100 align-self-lg-start align-self-md-start align-self-start\">\n                <!---->\n                <div data-colibri-id=\"128-c5\" class=\"h-row-container gutters-row-lg-2 gutters-row-md-2 gutters-row-2 gutters-row-v-lg-2 gutters-row-v-md-2 gutters-row-v-2 style-1246 style-local-128-c5 position-relative\">\n                  <!---->\n                  <div class=\"h-row justify-content-lg-center justify-content-md-center justify-content-center align-items-lg-stretch align-items-md-stretch align-items-stretch gutters-col-lg-2 gutters-col-md-2 gutters-col-2 gutters-col-v-lg-2 gutters-col-v-md-2 gutters-col-v-2\">\n                    <!---->\n                    <div class=\"h-column h-column-container d-flex h-col-lg-auto h-col-md-auto h-col-auto style-1247-outer style-local-128-c6-outer\">\n                      <div data-colibri-id=\"128-c6\" class=\"d-flex h-flex-basis h-column__inner h-px-lg-0 h-px-md-0 h-px-0 v-inner-lg-0 v-inner-md-0 v-inner-0 style-1247 style-local-128-c6 position-relative\">\n                        <!---->\n                        <!---->\n                        <div class=\"w-100 h-y-container h-column__content h-column__v-align flex-basis-100 align-self-lg-center align-self-md-center align-self-center\">\n                          <!---->\n                          <div data-colibri-id=\"128-c7\" class=\"h-text h-text-component style-1249 style-local-128-c7 position-relative h-element\">\n                            <!---->\n                            <!---->\n                            <div class=\"\">\n                              <p>A M\u00e1tra-hegys\u00e9g a Bels\u0151-Nyugati-K\u00e1rp\u00e1tok r\u00e9sze, \u00e9s \u00f6sszek\u00f6ttet\u00e9st teremt a Cserh\u00e1t dombjai \u00e9s a B\u00fckk-hegys\u00e9g k\u00f6z\u00f6tt. Kiv\u00e1l\u00f3 hely ker\u00e9kp\u00e1roz\u00e1sra \u00e9s t\u00far\u00e1z\u00e1sra, sz\u00e1mos jel\u00f6lt \u00fatvonallal. Az \u00f6sv\u00e9nyek j\u00f3l jel\u00f6ltek \u00e9s k\u00fcl\u00f6nb\u00f6z\u0151 neh\u00e9zs\u00e9gi szintekkel rendelkeznek.&nbsp;<\/p>\n                            <\/div>\n                          <\/div>\n                        <\/div>\n                      <\/div>\n                    <\/div>\n                    <div class=\"h-column h-column-container d-flex h-col-lg-auto h-col-md-auto h-col-auto style-1250-outer style-local-128-c8-outer\">\n                      <div data-colibri-id=\"128-c8\" class=\"d-flex h-flex-basis h-column__inner h-ui-empty-state-container h-px-lg-0 h-px-md-0 h-px-0 v-inner-lg-0 v-inner-md-0 v-inner-0 style-1250 style-local-128-c8 position-relative\">\n                        <!---->\n                        <!---->\n                        <div class=\"w-100 h-y-container h-column__content h-column__v-align flex-basis-100\">\n                          <!---->\n                        <\/div>\n                      <\/div>\n                    <\/div>\n                  <\/div>\n                <\/div>\n                <div data-colibri-id=\"128-c9\" class=\"h-row-container gutters-row-lg-2 gutters-row-md-2 gutters-row-2 gutters-row-v-lg-2 gutters-row-v-md-2 gutters-row-v-2 style-1246 style-local-128-c9 position-relative\">\n                  <!---->\n                  <div class=\"h-row justify-content-lg-center justify-content-md-center justify-content-center align-items-lg-stretch align-items-md-stretch align-items-stretch gutters-col-lg-2 gutters-col-md-2 gutters-col-2 gutters-col-v-lg-2 gutters-col-v-md-2 gutters-col-v-2\">\n                    <!---->\n                    <div class=\"h-column h-column-container d-flex h-col-lg-auto h-col-md-auto h-col-auto style-1251-outer style-local-128-c10-outer\">\n                      <div data-colibri-id=\"128-c10\" class=\"d-flex h-flex-basis h-column__inner h-ui-empty-state-container h-px-lg-0 h-px-md-0 h-px-0 v-inner-lg-0 v-inner-md-0 v-inner-0 style-1251 style-local-128-c10 position-relative\">\n                        <!---->\n                        <!---->\n                        <div class=\"w-100 h-y-container h-column__content h-column__v-align flex-basis-100\">\n                          <!---->\n                        <\/div>\n                      <\/div>\n                    <\/div>\n                    <div class=\"h-column h-column-container d-flex h-col-lg-auto h-col-md-auto h-col-auto style-1247-outer style-local-128-c11-outer\">\n                      <div data-colibri-id=\"128-c11\" class=\"d-flex h-flex-basis h-column__inner h-px-lg-0 h-px-md-0 h-px-0 v-inner-lg-0 v-inner-md-0 v-inner-0 style-1247 style-local-128-c11 position-relative\">\n                        <!---->\n                        <!---->\n                        <div class=\"w-100 h-y-container h-column__content h-column__v-align flex-basis-100 align-self-lg-center align-self-md-center align-self-center\">\n                          <!---->\n                          <div data-colibri-id=\"128-c12\" class=\"h-text h-text-component style-1252 style-local-128-c12 position-relative h-element\">\n                            <!---->\n                            <!---->\n                            <div class=\"\">\n                              <p>Ker\u00e9kp\u00e1rozni lehet aszfaltozott \u00e9s f\u00f6ldutakon egyar\u00e1nt. Sz\u00e1mos f\u00f6ld\u00fat kanyarog a hegyek \u00e9s v\u00f6lgyek k\u00f6z\u00f6tt. <\/p>\n                              <p>A tev\u00e9kenys\u00e9g sor\u00e1n \u00e9lvezheted a hegys\u00e9g gy\u00f6ny\u00f6r\u0171 n\u00f6v\u00e9ny- \u00e9s \u00e1llatvil\u00e1g\u00e1t, bele\u00e9rtve a ritka foltos szalamandr\u00e1t is.&nbsp;<\/p>\n                            <\/div>\n                          <\/div>\n                        <\/div>\n                      <\/div>\n                    <\/div>\n                  <\/div>\n                <\/div>\n                <div data-colibri-id=\"128-c13\" class=\"h-row-container gutters-row-lg-2 gutters-row-md-2 gutters-row-2 gutters-row-v-lg-2 gutters-row-v-md-2 gutters-row-v-2 style-1246 style-local-128-c13 position-relative\">\n                  <!---->\n                  <div class=\"h-row justify-content-lg-center justify-content-md-center justify-content-center align-items-lg-stretch align-items-md-stretch align-items-stretch gutters-col-lg-2 gutters-col-md-2 gutters-col-2 gutters-col-v-lg-2 gutters-col-v-md-2 gutters-col-v-2\">\n                    <!---->\n                    <div class=\"h-column h-column-container d-flex h-col-lg-auto h-col-md-auto h-col-auto style-1247-outer style-local-128-c14-outer\">\n                      <div data-colibri-id=\"128-c14\" class=\"d-flex h-flex-basis h-column__inner h-px-lg-0 h-px-md-0 h-px-0 v-inner-lg-0 v-inner-md-0 v-inner-0 style-1247 style-local-128-c14 position-relative\">\n                        <!---->\n                        <!---->\n                        <div class=\"w-100 h-y-container h-column__content h-column__v-align flex-basis-100 align-self-lg-center align-self-md-center align-self-center\">\n                          <!---->\n                          <div data-colibri-id=\"128-c15\" class=\"h-text h-text-component style-1253 style-local-128-c15 position-relative h-element\">\n                            <!---->\n                            <!---->\n                            <div class=\"\">\n                              <p>A M\u00e1tra-hegys\u00e9gben t\u00e9len is lehet s\u00edelni a K\u00e9kes-tet\u0151 k\u00f6zel\u00e9ben tal\u00e1lhat\u00f3 s\u00edp\u00e1ly\u00e1kon.\n                                <br>\n                                <br>Magyarorsz\u00e1g legmagasabb pontja, K\u00e9kes, aut\u00f3val is megk\u00f6zel\u00edthet\u0151.&nbsp;<\/p>\n                            <\/div>\n                          <\/div>\n                        <\/div>\n                      <\/div>\n                    <\/div>\n                    <div class=\"h-column h-column-container d-flex h-col-lg-auto h-col-md-auto h-col-auto style-1254-outer style-local-128-c16-outer\">\n                      <div data-colibri-id=\"128-c16\" class=\"d-flex h-flex-basis h-column__inner h-ui-empty-state-container h-px-lg-0 h-px-md-0 h-px-0 v-inner-lg-0 v-inner-md-0 v-inner-0 style-1254 style-local-128-c16 position-relative\">\n                        <!---->\n                        <!---->\n                        <div class=\"w-100 h-y-container h-column__content h-column__v-align flex-basis-100\">\n                          <!---->\n                        <\/div>\n                      <\/div>\n                    <\/div>\n                  <\/div>\n                <\/div>\n              <\/div>\n            <\/div>\n          <\/div>\n        <\/div>\n      <\/div>\n    <\/div>\n  <\/div>\n<\/div>","protected":false},"excerpt":{"rendered":"<p>M\u00e1tra gebergte Als je vanaf Boedapest naar de camping in Gelej rijdt over de M3, zie je links het M\u00e1tra gebergte verschijnen. In dit gebergte bevinden zich de hoogste pieken van Hongarije: K\u00e9kes (1014m) en Galya-tet\u00f6 (964m). Het hoogste punt herken je aan de Televisie toren die boven op de berg is gebouwd. Als je [&hellip;]<\/p>\n","protected":false},"author":1,"featured_media":0,"parent":108,"menu_order":4,"comment_status":"closed","ping_status":"closed","template":"page-templates\/full-width-page.php","meta":{"footnotes":""},"class_list":["post-128","page","type-page","status-publish","hentry"],"yoast_head":"<!-- This site is optimized with the Yoast SEO plugin v27.5 - https:\/\/yoast.com\/product\/yoast-seo-wordpress\/ -->\n<title>M\u00e1tra-gebergte<\/title>\n<meta name=\"description\" content=\"Het M\u00e1tra-gebergte is een gebergte in het Noorden van Hongarije. Hier staat ook de hoogste berg van Hongarije, K\u00e9kes (1014 meter).\" \/>\n<meta name=\"robots\" content=\"index, follow, max-snippet:-1, max-image-preview:large, max-video-preview:-1\" \/>\n<link rel=\"canonical\" href=\"https:\/\/kugundua.eu\/hu_hu\/termeszet-magyarorszag\/matra-hegyseg\/\" \/>\n<meta property=\"og:locale\" content=\"hu_HU\" \/>\n<meta property=\"og:type\" content=\"article\" \/>\n<meta property=\"og:title\" content=\"M\u00e1tra-gebergte\" \/>\n<meta property=\"og:description\" content=\"Het M\u00e1tra-gebergte is een gebergte in het Noorden van Hongarije. Hier staat ook de hoogste berg van Hongarije, K\u00e9kes (1014 meter).\" \/>\n<meta property=\"og:url\" content=\"https:\/\/kugundua.eu\/hu_hu\/termeszet-magyarorszag\/matra-hegyseg\/\" \/>\n<meta property=\"og:site_name\" content=\"Camping Kugundua\" \/>\n<meta property=\"article:publisher\" content=\"https:\/\/www.facebook.com\/Kugundua\/\" \/>\n<meta property=\"article:modified_time\" content=\"2026-03-28T13:43:43+00:00\" \/>\n<meta name=\"twitter:card\" content=\"summary_large_image\" \/>\n<meta name=\"twitter:label1\" content=\"Becs\u00fclt olvas\u00e1si id\u0151\" \/>\n\t<meta name=\"twitter:data1\" content=\"1 perc\" \/>\n<script type=\"application\/ld+json\" class=\"yoast-schema-graph\">{\"@context\":\"https:\\\/\\\/schema.org\",\"@graph\":[{\"@type\":\"WebPage\",\"@id\":\"https:\\\/\\\/kugundua.eu\\\/natuur\\\/matra-gebergte\\\/\",\"url\":\"https:\\\/\\\/kugundua.eu\\\/natuur\\\/matra-gebergte\\\/\",\"name\":\"M\u00e1tra-gebergte\",\"isPartOf\":{\"@id\":\"https:\\\/\\\/kugundua.eu\\\/#website\"},\"datePublished\":\"2022-05-19T06:49:12+00:00\",\"dateModified\":\"2026-03-28T13:43:43+00:00\",\"description\":\"Het M\u00e1tra-gebergte is een gebergte in het Noorden van Hongarije. Hier staat ook de hoogste berg van Hongarije, K\u00e9kes (1014 meter).\",\"breadcrumb\":{\"@id\":\"https:\\\/\\\/kugundua.eu\\\/natuur\\\/matra-gebergte\\\/#breadcrumb\"},\"inLanguage\":\"hu\",\"potentialAction\":[{\"@type\":\"ReadAction\",\"target\":[\"https:\\\/\\\/kugundua.eu\\\/natuur\\\/matra-gebergte\\\/\"]}]},{\"@type\":\"BreadcrumbList\",\"@id\":\"https:\\\/\\\/kugundua.eu\\\/natuur\\\/matra-gebergte\\\/#breadcrumb\",\"itemListElement\":[{\"@type\":\"ListItem\",\"position\":1,\"name\":\"Home\",\"item\":\"https:\\\/\\\/kugundua.eu\\\/\"},{\"@type\":\"ListItem\",\"position\":2,\"name\":\"Natuur\",\"item\":\"https:\\\/\\\/kugundua.eu\\\/natuur\\\/\"},{\"@type\":\"ListItem\",\"position\":3,\"name\":\"M\u00e1tra gebergte\"}]},{\"@type\":\"WebSite\",\"@id\":\"https:\\\/\\\/kugundua.eu\\\/#website\",\"url\":\"https:\\\/\\\/kugundua.eu\\\/\",\"name\":\"Camping Kugundua\",\"description\":\"Be Active &amp; Chill Out\",\"publisher\":{\"@id\":\"https:\\\/\\\/kugundua.eu\\\/#organization\"},\"potentialAction\":[{\"@type\":\"SearchAction\",\"target\":{\"@type\":\"EntryPoint\",\"urlTemplate\":\"https:\\\/\\\/kugundua.eu\\\/?s={search_term_string}\"},\"query-input\":{\"@type\":\"PropertyValueSpecification\",\"valueRequired\":true,\"valueName\":\"search_term_string\"}}],\"inLanguage\":\"hu\"},{\"@type\":\"Organization\",\"@id\":\"https:\\\/\\\/kugundua.eu\\\/#organization\",\"name\":\"Kugundua\",\"url\":\"https:\\\/\\\/kugundua.eu\\\/\",\"logo\":{\"@type\":\"ImageObject\",\"inLanguage\":\"hu\",\"@id\":\"https:\\\/\\\/kugundua.eu\\\/#\\\/schema\\\/logo\\\/image\\\/\",\"url\":\"https:\\\/\\\/kugundua.eu\\\/wp-content\\\/uploads\\\/2022\\\/12\\\/cropped-cropped-Kugundua-Logo-Outline-Transparant151-1.png\",\"contentUrl\":\"https:\\\/\\\/kugundua.eu\\\/wp-content\\\/uploads\\\/2022\\\/12\\\/cropped-cropped-Kugundua-Logo-Outline-Transparant151-1.png\",\"width\":185,\"height\":151,\"caption\":\"Kugundua\"},\"image\":{\"@id\":\"https:\\\/\\\/kugundua.eu\\\/#\\\/schema\\\/logo\\\/image\\\/\"},\"sameAs\":[\"https:\\\/\\\/www.facebook.com\\\/Kugundua\\\/\",\"https:\\\/\\\/www.instagram.com\\\/kugundua.hu\\\/\",\"https:\\\/\\\/www.youtube.com\\\/channel\\\/UCIVA4wWJvf5lmgWvJfxKIJQ\"]}]}<\/script>\n<!-- \/ Yoast SEO plugin. -->","yoast_head_json":{"title":"M\u00e1tra hegys\u00e9g","description":"A M\u00e1tra hegys\u00e9g egy hegyvonulat \u00c9szak-Magyarorsz\u00e1gon. Itt tal\u00e1lhat\u00f3 Magyarorsz\u00e1g legmagasabb hegye, a K\u00e9kes (1014 m\u00e9ter).","robots":{"index":"index","follow":"follow","max-snippet":"max-snippet:-1","max-image-preview":"max-image-preview:large","max-video-preview":"max-video-preview:-1"},"canonical":"https:\/\/kugundua.eu\/hu_hu\/termeszet-magyarorszag\/matra-hegyseg\/","og_locale":"hu_HU","og_type":"article","og_title":"M\u00e1tra-gebergte","og_description":"Het M\u00e1tra-gebergte is een gebergte in het Noorden van Hongarije. Hier staat ook de hoogste berg van Hongarije, K\u00e9kes (1014 meter).","og_url":"https:\/\/kugundua.eu\/hu_hu\/termeszet-magyarorszag\/matra-hegyseg\/","og_site_name":"Camping Kugundua","article_publisher":"https:\/\/www.facebook.com\/Kugundua\/","article_modified_time":"2026-03-28T13:43:43+00:00","twitter_card":"summary_large_image","twitter_misc":{"Becs\u00fclt olvas\u00e1si id\u0151":"1 perc"},"schema":{"@context":"https:\/\/schema.org","@graph":[{"@type":"WebPage","@id":"https:\/\/kugundua.eu\/natuur\/matra-gebergte\/","url":"https:\/\/kugundua.eu\/natuur\/matra-gebergte\/","name":"M\u00e1tra hegys\u00e9g","isPartOf":{"@id":"https:\/\/kugundua.eu\/#website"},"datePublished":"2022-05-19T06:49:12+00:00","dateModified":"2026-03-28T13:43:43+00:00","description":"A M\u00e1tra hegys\u00e9g egy hegyvonulat \u00c9szak-Magyarorsz\u00e1gon. Itt tal\u00e1lhat\u00f3 Magyarorsz\u00e1g legmagasabb hegye, a K\u00e9kes (1014 m\u00e9ter).","breadcrumb":{"@id":"https:\/\/kugundua.eu\/natuur\/matra-gebergte\/#breadcrumb"},"inLanguage":"hu","potentialAction":[{"@type":"ReadAction","target":["https:\/\/kugundua.eu\/natuur\/matra-gebergte\/"]}]},{"@type":"BreadcrumbList","@id":"https:\/\/kugundua.eu\/natuur\/matra-gebergte\/#breadcrumb","itemListElement":[{"@type":"ListItem","position":1,"name":"Home","item":"https:\/\/kugundua.eu\/"},{"@type":"ListItem","position":2,"name":"Natuur","item":"https:\/\/kugundua.eu\/natuur\/"},{"@type":"ListItem","position":3,"name":"M\u00e1tra gebergte"}]},{"@type":"WebSite","@id":"https:\/\/kugundua.eu\/#website","url":"https:\/\/kugundua.eu\/","name":"Kugundua Kemping","description":"Legyen akt\u00edv \u00e9s laz\u00edtson","publisher":{"@id":"https:\/\/kugundua.eu\/#organization"},"potentialAction":[{"@type":"SearchAction","target":{"@type":"EntryPoint","urlTemplate":"https:\/\/kugundua.eu\/?s={search_term_string}"},"query-input":{"@type":"PropertyValueSpecification","valueRequired":true,"valueName":"search_term_string"}}],"inLanguage":"hu"},{"@type":"Organization","@id":"https:\/\/kugundua.eu\/#organization","name":"Kugundua","url":"https:\/\/kugundua.eu\/","logo":{"@type":"ImageObject","inLanguage":"hu","@id":"https:\/\/kugundua.eu\/#\/schema\/logo\/image\/","url":"https:\/\/kugundua.eu\/wp-content\/uploads\/2022\/12\/cropped-cropped-Kugundua-Logo-Outline-Transparant151-1.png","contentUrl":"https:\/\/kugundua.eu\/wp-content\/uploads\/2022\/12\/cropped-cropped-Kugundua-Logo-Outline-Transparant151-1.png","width":185,"height":151,"caption":"Kugundua"},"image":{"@id":"https:\/\/kugundua.eu\/#\/schema\/logo\/image\/"},"sameAs":["https:\/\/www.facebook.com\/Kugundua\/","https:\/\/www.instagram.com\/kugundua.hu\/","https:\/\/www.youtube.com\/channel\/UCIVA4wWJvf5lmgWvJfxKIJQ"]}]}},"_links":{"self":[{"href":"https:\/\/kugundua.eu\/hu_hu\/wp-json\/wp\/v2\/pages\/128","targetHints":{"allow":["GET"]}}],"collection":[{"href":"https:\/\/kugundua.eu\/hu_hu\/wp-json\/wp\/v2\/pages"}],"about":[{"href":"https:\/\/kugundua.eu\/hu_hu\/wp-json\/wp\/v2\/types\/page"}],"author":[{"embeddable":true,"href":"https:\/\/kugundua.eu\/hu_hu\/wp-json\/wp\/v2\/users\/1"}],"replies":[{"embeddable":true,"href":"https:\/\/kugundua.eu\/hu_hu\/wp-json\/wp\/v2\/comments?post=128"}],"version-history":[{"count":6,"href":"https:\/\/kugundua.eu\/hu_hu\/wp-json\/wp\/v2\/pages\/128\/revisions"}],"predecessor-version":[{"id":26284,"href":"https:\/\/kugundua.eu\/hu_hu\/wp-json\/wp\/v2\/pages\/128\/revisions\/26284"}],"up":[{"embeddable":true,"href":"https:\/\/kugundua.eu\/hu_hu\/wp-json\/wp\/v2\/pages\/108"}],"wp:attachment":[{"href":"https:\/\/kugundua.eu\/hu_hu\/wp-json\/wp\/v2\/media?parent=128"}],"curies":[{"name":"wp","href":"https:\/\/api.w.org\/{rel}","templated":true}]}}