{"id":127,"date":"2022-05-19T06:49:12","date_gmt":"2022-05-19T06:49:12","guid":{"rendered":"http:\/\/kugundua.eu\/?page_id=127"},"modified":"2026-03-28T13:41:16","modified_gmt":"2026-03-28T13:41:16","slug":"bukk-nationaal-park","status":"publish","type":"page","link":"https:\/\/kugundua.eu\/en_gb\/nature-hungary\/bukk-national-park-hungary\/","title":{"rendered":"B\u00fckk National Park"},"content":{"rendered":"<div data-colibri-id=\"127-c1\" class=\"style-1214 style-local-127-c1 position-relative\">\n  <!---->\n  <div data-colibri-component=\"section\" data-colibri-id=\"127-c2\" id=\"content\" class=\"h-section h-section-global-spacing d-flex align-items-lg-center align-items-md-center align-items-center style-1215 style-local-127-c2 position-relative\">\n    <!---->\n    <!---->\n    <div class=\"h-section-grid-container h-section-boxed-container\">\n      <div data-colibri-id=\"127-c17\" class=\"h-row-container gutters-row-lg-2 gutters-row-md-2 gutters-row-2 gutters-row-v-lg-2 gutters-row-v-md-2 gutters-row-v-2 style-1227 style-local-127-c17 position-relative\">\n        <!---->\n        <div class=\"h-row justify-content-lg-center justify-content-md-center justify-content-center align-items-lg-stretch align-items-md-stretch align-items-stretch gutters-col-lg-2 gutters-col-md-2 gutters-col-2 gutters-col-v-lg-2 gutters-col-v-md-2 gutters-col-v-2\">\n          <!---->\n          <div class=\"h-column h-column-container d-flex h-col-lg-auto h-col-md-auto h-col-auto style-1228-outer style-local-127-c18-outer\">\n            <div data-colibri-id=\"127-c18\" class=\"d-flex h-flex-basis h-column__inner h-px-lg-2 h-px-md-2 h-px-2 v-inner-lg-2 v-inner-md-2 v-inner-2 style-1228 style-local-127-c18 position-relative\">\n              <!---->\n              <!---->\n              <div class=\"w-100 h-y-container h-column__content h-column__v-align flex-basis-100 align-self-lg-start align-self-md-start align-self-start\">\n                <!---->\n                <div data-colibri-id=\"127-c19\" class=\"h-global-transition-all h-heading style-1229 style-local-127-c19 position-relative h-element\">\n                  <!---->\n                  <div class=\"h-heading__outer style-1229 style-local-127-c19\">\n                    <!---->\n                    <!---->\n                    <h2 class=\"\">B\u00fckk National Park<\/h2>\n                  <\/div>\n                <\/div>\n                <div data-colibri-id=\"127-c20\" class=\"h-lead h-text h-text-component style-1230 style-local-127-c20 position-relative h-element\">\n                  <!---->\n                  <!---->\n                  <div class=\"\">\n                    <p>The mountains of B\u00fckk National Park are perfect for guests who enjoy being active for a day. You can go hiking and cycling here. The mountain range can be seen from the campsite if you look towards the North. The mountains are located between the cities of Eger and Miskolc. If you drive for an hour from the campsite, you'll find yourself in the heart of the mountains. In less than a 30-minute drive, the hills begin, and there are charming villages to visit such as: Bog\u00e1cs, Hars\u00e1ny, and Cser\u00e9pv\u00e1ralja. These are perfect starting points for beautiful hikes in the hills.&nbsp;<\/p>\n                  <\/div>\n                <\/div>\n              <\/div>\n            <\/div>\n          <\/div>\n        <\/div>\n      <\/div>\n      <div data-colibri-id=\"127-c3\" class=\"h-row-container gutters-row-lg-2 gutters-row-md-2 gutters-row-2 gutters-row-v-lg-2 gutters-row-v-md-2 gutters-row-v-2 style-1216 style-local-127-c3 position-relative\">\n        <!---->\n        <div class=\"h-row justify-content-lg-center justify-content-md-center justify-content-center align-items-lg-stretch align-items-md-stretch align-items-stretch gutters-col-lg-2 gutters-col-md-2 gutters-col-2 gutters-col-v-lg-2 gutters-col-v-md-2 gutters-col-v-2\">\n          <!---->\n          <div class=\"h-column h-column-container d-flex h-col-lg-auto h-col-md-auto h-col-auto style-1217-outer style-local-127-c4-outer\">\n            <div data-colibri-id=\"127-c4\" class=\"d-flex h-flex-basis h-column__inner h-px-lg-0 h-px-md-0 h-px-0 v-inner-lg-0 v-inner-md-0 v-inner-0 style-1217 style-local-127-c4 position-relative\">\n              <!---->\n              <!---->\n              <div class=\"w-100 h-y-container h-column__content h-column__v-align flex-basis-100 align-self-lg-start align-self-md-start align-self-start\">\n                <!---->\n                <div data-colibri-id=\"127-c5\" class=\"h-row-container gutters-row-lg-2 gutters-row-md-2 gutters-row-2 gutters-row-v-lg-2 gutters-row-v-md-2 gutters-row-v-2 style-1218 style-local-127-c5 position-relative\">\n                  <!---->\n                  <div class=\"h-row justify-content-lg-center justify-content-md-center justify-content-center align-items-lg-stretch align-items-md-stretch align-items-stretch gutters-col-lg-2 gutters-col-md-2 gutters-col-2 gutters-col-v-lg-2 gutters-col-v-md-2 gutters-col-v-2\">\n                    <!---->\n                    <div class=\"h-column h-column-container d-flex h-col-lg-auto h-col-md-auto h-col-auto style-1219-outer style-local-127-c6-outer\">\n                      <div data-colibri-id=\"127-c6\" class=\"d-flex h-flex-basis h-column__inner h-px-lg-0 h-px-md-0 h-px-0 v-inner-lg-0 v-inner-md-0 v-inner-0 style-1219 style-local-127-c6 position-relative\">\n                        <!---->\n                        <!---->\n                        <div class=\"w-100 h-y-container h-column__content h-column__v-align flex-basis-100 align-self-lg-center align-self-md-center align-self-center\">\n                          <!---->\n                          <div data-colibri-id=\"127-c7\" class=\"h-text h-text-component style-1221 style-local-127-c7 position-relative h-element\">\n                            <!---->\n                            <!---->\n                            <div class=\"\">\n                              <p>The B\u00fckk Mountains are part of the Inner Western Carpathians. This mountain range contains more than 20 peaks that are higher than 900m. The highest point of the B\u00fckk Mountains is Kett\u0151s-b\u00e9rc, at 961m.&nbsp;\n                                <br>\n                                <br><span style=\"font-weight: 400; font-size: 16px; font-family: &quot;Open Sans&quot;; color: rgb(4, 4, 4);\">You can enjoy excellent cycling and hiking here, with various marked routes available. The trails are well signposted and vary in difficulty level.&nbsp;<\/span><\/p>\n                            <\/div>\n                          <\/div>\n                        <\/div>\n                      <\/div>\n                    <\/div>\n                    <div class=\"h-column h-column-container d-flex h-col-lg-auto h-col-md-auto h-col-auto style-1222-outer style-local-127-c8-outer\">\n                      <div data-colibri-id=\"127-c8\" class=\"d-flex h-flex-basis h-column__inner h-ui-empty-state-container h-px-lg-0 h-px-md-0 h-px-0 v-inner-lg-0 v-inner-md-0 v-inner-0 style-1222 style-local-127-c8 position-relative\">\n                        <!---->\n                        <!---->\n                        <div class=\"w-100 h-y-container h-column__content h-column__v-align flex-basis-100\">\n                          <!---->\n                        <\/div>\n                      <\/div>\n                    <\/div>\n                  <\/div>\n                <\/div>\n                <div data-colibri-id=\"127-c9\" class=\"h-row-container gutters-row-lg-2 gutters-row-md-2 gutters-row-2 gutters-row-v-lg-2 gutters-row-v-md-2 gutters-row-v-2 style-1218 style-local-127-c9 position-relative\">\n                  <!---->\n                  <div class=\"h-row justify-content-lg-center justify-content-md-center justify-content-center align-items-lg-stretch align-items-md-stretch align-items-stretch gutters-col-lg-2 gutters-col-md-2 gutters-col-2 gutters-col-v-lg-2 gutters-col-v-md-2 gutters-col-v-2\">\n                    <!---->\n                    <div class=\"h-column h-column-container d-flex h-col-lg-auto h-col-md-auto h-col-auto style-1577-outer style-local-127-c10-outer\">\n                      <div data-colibri-id=\"127-c10\" class=\"d-flex h-flex-basis h-column__inner h-ui-empty-state-container h-px-lg-0 h-px-md-0 h-px-0 v-inner-lg-0 v-inner-md-0 v-inner-0 style-1577 style-local-127-c10 position-relative\">\n                        <!---->\n                        <!---->\n                        <div class=\"w-100 h-y-container h-column__content h-column__v-align flex-basis-100\">\n                          <!---->\n                        <\/div>\n                      <\/div>\n                    <\/div>\n                    <div class=\"h-column h-column-container d-flex h-col-lg-auto h-col-md-auto h-col-auto style-1219-outer style-local-127-c11-outer\">\n                      <div data-colibri-id=\"127-c11\" class=\"d-flex h-flex-basis h-column__inner h-px-lg-0 h-px-md-0 h-px-0 v-inner-lg-0 v-inner-md-0 v-inner-0 style-1219 style-local-127-c11 position-relative\">\n                        <!---->\n                        <!---->\n                        <div class=\"w-100 h-y-container h-column__content h-column__v-align flex-basis-100 align-self-lg-center align-self-md-center align-self-center\">\n                          <!---->\n                          <div data-colibri-id=\"127-c12\" class=\"h-text h-text-component style-1221 style-local-127-c12 position-relative h-element\">\n                            <!---->\n                            <!---->\n                            <div class=\"\">\n                              <p>\n                                <br>\n                              <\/p>\n                              <p>Cycling is possible on both paved and unpaved routes. There are many unpaved roads winding through the mountains and valleys of the park. Along the way, you will come across various caves in the area.&nbsp;<\/p>\n                              <p>In the middle of the mountains, there is a stunning plateau surrounded by steep cliffs.&nbsp;<\/p>\n                              <p>During the activity, you can enjoy the beautiful flora and fauna that the mountains have to offer.&nbsp;<\/p>\n                              <p>\n                                <br>\n                              <\/p>\n                            <\/div>\n                          <\/div>\n                        <\/div>\n                      <\/div>\n                    <\/div>\n                  <\/div>\n                <\/div>\n                <div data-colibri-id=\"127-c13\" class=\"h-row-container gutters-row-lg-2 gutters-row-md-2 gutters-row-2 gutters-row-v-lg-2 gutters-row-v-md-2 gutters-row-v-2 style-1218 style-local-127-c13 position-relative\">\n                  <!---->\n                  <div class=\"h-row justify-content-lg-center justify-content-md-center justify-content-center align-items-lg-stretch align-items-md-stretch align-items-stretch gutters-col-lg-2 gutters-col-md-2 gutters-col-2 gutters-col-v-lg-2 gutters-col-v-md-2 gutters-col-v-2\">\n                    <!---->\n                    <div class=\"h-column h-column-container d-flex h-col-lg-auto h-col-md-auto h-col-auto style-1219-outer style-local-127-c14-outer\">\n                      <div data-colibri-id=\"127-c14\" class=\"d-flex h-flex-basis h-column__inner h-px-lg-0 h-px-md-0 h-px-0 v-inner-lg-0 v-inner-md-0 v-inner-0 style-1219 style-local-127-c14 position-relative\">\n                        <!---->\n                        <!---->\n                        <div class=\"w-100 h-y-container h-column__content h-column__v-align flex-basis-100 align-self-lg-center align-self-md-center align-self-center\">\n                          <!---->\n                          <div data-colibri-id=\"127-c15\" class=\"h-text h-text-component style-1225 style-local-127-c15 position-relative h-element\">\n                            <!---->\n                            <!---->\n                            <div class=\"\">\n                              <p>\n                                <br>\n                              <\/p>\n                              <p>\n                                <br>\n                              <\/p>\n                              <p>In Lillaf\u00fcred, there are two stalactite caves (see the page \u2018Active -&gt; Stalactite Caves\u2019). There is also a small train that takes you into the mountains for hiking. Additionally, you can take a cable car up the mountains or go rowing on the lake.&nbsp;\n                                <br>\n                                <br>In Szilv\u00e1sv\u00e1rad, there is a small train that takes you up into the mountains. Tip: take the train up and walk down while enjoying the natural surroundings. You can also climb a lookout tower that offers a beautiful view of the area. In the Szalajka Valley, there are stunning waterfalls where you can go for a hike.<\/p>\n                            <\/div>\n                          <\/div>\n                        <\/div>\n                      <\/div>\n                    <\/div>\n                    <div class=\"h-column h-column-container d-flex h-col-lg-auto h-col-md-auto h-col-auto style-1578-outer style-local-127-c16-outer\">\n                      <div data-colibri-id=\"127-c16\" class=\"d-flex h-flex-basis h-column__inner h-ui-empty-state-container h-px-lg-0 h-px-md-0 h-px-0 v-inner-lg-0 v-inner-md-0 v-inner-0 style-1578 style-local-127-c16 position-relative\">\n                        <!---->\n                        <!---->\n                        <div class=\"w-100 h-y-container h-column__content h-column__v-align flex-basis-100\">\n                          <!---->\n                        <\/div>\n                      <\/div>\n                    <\/div>\n                  <\/div>\n                <\/div>\n              <\/div>\n            <\/div>\n          <\/div>\n        <\/div>\n      <\/div>\n    <\/div>\n  <\/div>\n  <div data-colibri-component=\"section\" data-colibri-id=\"127-c21\" id=\"custom\" class=\"h-section h-section-global-spacing d-flex align-items-lg-center align-items-md-center align-items-center style-1234 style-local-127-c21 position-relative\">\n    <!---->\n    <!---->\n    <div class=\"h-section-grid-container h-section-boxed-container\">\n      <!---->\n      <div data-colibri-id=\"127-c22\" class=\"h-row-container gutters-row-lg-2 gutters-row-md-2 gutters-row-0 gutters-row-v-lg-2 gutters-row-v-md-2 gutters-row-v-2 style-1235 style-local-127-c22 position-relative\">\n        <!---->\n        <div class=\"h-row justify-content-lg-center justify-content-md-center justify-content-center align-items-lg-stretch align-items-md-stretch align-items-stretch gutters-col-lg-2 gutters-col-md-2 gutters-col-0 gutters-col-v-lg-2 gutters-col-v-md-2 gutters-col-v-2\">\n          <!---->\n          <div class=\"h-column h-column-container d-flex h-col-lg-auto h-col-md-auto h-col-auto style-1236-outer style-local-127-c23-outer\">\n            <div data-colibri-id=\"127-c23\" class=\"d-flex h-flex-basis h-column__inner h-px-lg-2 h-px-md-2 h-px-2 v-inner-lg-2 v-inner-md-2 v-inner-2 style-1236 style-local-127-c23 position-relative\">\n              <!---->\n              <!---->\n              <div class=\"w-100 h-y-container h-column__content h-column__v-align flex-basis-100 align-self-lg-start align-self-md-start align-self-start\">\n                <!---->\n                <div data-colibri-id=\"127-c24\" class=\"h-text h-text-component style-1237 style-local-127-c24 position-relative h-element\">\n                  <!---->\n                  <!---->\n                  <div class=\"\">\n                    <p>If you fancy a day of active walking or cycling, this area is exceptionally well-suited. We ourselves are frequently found here to relax and marvel at its beauty. We have selected cycling and walking routes; view them via the \u2018Tett On Tour\u2019 page using the button below. Should you be looking for nice routes, please let us know and we will be happy to help you further.&nbsp;<\/p>\n                    <p>\n                      <br>\n                    <\/p>\n                  <\/div>\n                <\/div>\n                <div data-colibri-id=\"127-c25\" class=\"h-x-container style-1240 style-local-127-c25 position-relative h-element\">\n                  <!---->\n                  <div class=\"h-x-container-inner style-dynamic-127-c25-group style-1240-spacing style-local-127-c25-spacing\"><span class=\"h-button__outer style-650-outer style-local-127-c26-outer d-inline-flex h-element\"><a h-use-smooth-scroll=\"true\" href=\"https:\/\/kugundua.eu\/en_gb\/tett-on-tour\/\"  data-colibri-id=\"127-c26\" class=\"d-flex w-100 align-items-center h-button justify-content-lg-center justify-content-md-center justify-content-center style-650 style-local-127-c26 position-relative\"><!----><!----> <span>Tett On Tour<\/span><\/a>\n                    <\/span>\n                  <\/div>\n                <\/div>\n                <div data-colibri-id=\"127-c27\" class=\"h-x-container style-1238 style-local-127-c27 position-relative h-element\">\n                  <!---->\n                  <div class=\"h-x-container-inner style-dynamic-127-c27-group style-1238-spacing style-local-127-c27-spacing\"><span class=\"h-button__outer style-650-outer style-local-127-c28-outer d-inline-flex h-element\"><a h-use-smooth-scroll=\"true\" href=\"https:\/\/www.bnpi.hu\"  data-colibri-id=\"127-c28\" class=\"d-flex w-100 align-items-center h-button justify-content-lg-center justify-content-md-center justify-content-center style-650 style-local-127-c28 position-relative\"><!----><!----> <span>Website<\/span><\/a>\n                    <\/span>\n                  <\/div>\n                <\/div>\n              <\/div>\n            <\/div>\n          <\/div>\n        <\/div>\n      <\/div>\n    <\/div>\n  <\/div>\n<\/div>","protected":false},"excerpt":{"rendered":"<p>B\u00fckk National Park De bergen van het B\u00fckki Nemzeti Park (B\u00fckk Nationaal Park) is voor de gasten die van een dag actief bezig zijn houden, je kan hier prachtig wandelen en fietsen. Het gebergte zie je vanaf de camping liggen als je naar het Noorden kijkt. Het gebergte bevindt zich tussen de steden Eger en [&hellip;]<\/p>\n","protected":false},"author":1,"featured_media":0,"parent":108,"menu_order":1,"comment_status":"closed","ping_status":"closed","template":"page-templates\/full-width-page.php","meta":{"footnotes":""},"class_list":["post-127","page","type-page","status-publish","hentry"],"yoast_head":"<!-- This site is optimized with the Yoast SEO plugin v27.5 - https:\/\/yoast.com\/product\/yoast-seo-wordpress\/ -->\n<title>B\u00fckk National Park (B\u00fckki Nemzeti Park)<\/title>\n<meta name=\"description\" content=\"De bergen van het B\u00fckki Nemzeti Park (B\u00fckk Nationaal Park) is voor de gasten die van een dag actief bezig zijn houden, je kan hier wandelen, fietsen etc.\" \/>\n<meta name=\"robots\" content=\"index, follow, max-snippet:-1, max-image-preview:large, max-video-preview:-1\" \/>\n<link rel=\"canonical\" href=\"https:\/\/kugundua.eu\/en_gb\/nature-hungary\/bukk-national-park-hungary\/\" \/>\n<meta property=\"og:locale\" content=\"en_GB\" \/>\n<meta property=\"og:type\" content=\"article\" \/>\n<meta property=\"og:title\" content=\"B\u00fckk National Park (B\u00fckki Nemzeti Park)\" \/>\n<meta property=\"og:description\" content=\"De bergen van het B\u00fckki Nemzeti Park (B\u00fckk Nationaal Park) is voor de gasten die van een dag actief bezig zijn houden, je kan hier wandelen, fietsen etc.\" \/>\n<meta property=\"og:url\" content=\"https:\/\/kugundua.eu\/en_gb\/nature-hungary\/bukk-national-park-hungary\/\" \/>\n<meta property=\"og:site_name\" content=\"Camping Kugundua\" \/>\n<meta property=\"article:publisher\" content=\"https:\/\/www.facebook.com\/Kugundua\/\" \/>\n<meta property=\"article:modified_time\" content=\"2026-03-28T13:41:16+00:00\" \/>\n<meta name=\"twitter:card\" content=\"summary_large_image\" \/>\n<meta name=\"twitter:label1\" content=\"Estimated reading time\" \/>\n\t<meta name=\"twitter:data1\" content=\"2 minutes\" \/>\n<script type=\"application\/ld+json\" class=\"yoast-schema-graph\">{\"@context\":\"https:\\\/\\\/schema.org\",\"@graph\":[{\"@type\":\"WebPage\",\"@id\":\"https:\\\/\\\/kugundua.eu\\\/natuur\\\/bukk-nationaal-park\\\/\",\"url\":\"https:\\\/\\\/kugundua.eu\\\/natuur\\\/bukk-nationaal-park\\\/\",\"name\":\"B\u00fckk National Park (B\u00fckki Nemzeti Park)\",\"isPartOf\":{\"@id\":\"https:\\\/\\\/kugundua.eu\\\/#website\"},\"datePublished\":\"2022-05-19T06:49:12+00:00\",\"dateModified\":\"2026-03-28T13:41:16+00:00\",\"description\":\"De bergen van het B\u00fckki Nemzeti Park (B\u00fckk Nationaal Park) is voor de gasten die van een dag actief bezig zijn houden, je kan hier wandelen, fietsen etc.\",\"breadcrumb\":{\"@id\":\"https:\\\/\\\/kugundua.eu\\\/natuur\\\/bukk-nationaal-park\\\/#breadcrumb\"},\"inLanguage\":\"en-GB\",\"potentialAction\":[{\"@type\":\"ReadAction\",\"target\":[\"https:\\\/\\\/kugundua.eu\\\/natuur\\\/bukk-nationaal-park\\\/\"]}]},{\"@type\":\"BreadcrumbList\",\"@id\":\"https:\\\/\\\/kugundua.eu\\\/natuur\\\/bukk-nationaal-park\\\/#breadcrumb\",\"itemListElement\":[{\"@type\":\"ListItem\",\"position\":1,\"name\":\"Home\",\"item\":\"https:\\\/\\\/kugundua.eu\\\/\"},{\"@type\":\"ListItem\",\"position\":2,\"name\":\"Natuur\",\"item\":\"https:\\\/\\\/kugundua.eu\\\/natuur\\\/\"},{\"@type\":\"ListItem\",\"position\":3,\"name\":\"B\u00fckk Nationaal Park\"}]},{\"@type\":\"WebSite\",\"@id\":\"https:\\\/\\\/kugundua.eu\\\/#website\",\"url\":\"https:\\\/\\\/kugundua.eu\\\/\",\"name\":\"Camping Kugundua\",\"description\":\"Be Active &amp; Chill Out\",\"publisher\":{\"@id\":\"https:\\\/\\\/kugundua.eu\\\/#organization\"},\"potentialAction\":[{\"@type\":\"SearchAction\",\"target\":{\"@type\":\"EntryPoint\",\"urlTemplate\":\"https:\\\/\\\/kugundua.eu\\\/?s={search_term_string}\"},\"query-input\":{\"@type\":\"PropertyValueSpecification\",\"valueRequired\":true,\"valueName\":\"search_term_string\"}}],\"inLanguage\":\"en-GB\"},{\"@type\":\"Organization\",\"@id\":\"https:\\\/\\\/kugundua.eu\\\/#organization\",\"name\":\"Kugundua\",\"url\":\"https:\\\/\\\/kugundua.eu\\\/\",\"logo\":{\"@type\":\"ImageObject\",\"inLanguage\":\"en-GB\",\"@id\":\"https:\\\/\\\/kugundua.eu\\\/#\\\/schema\\\/logo\\\/image\\\/\",\"url\":\"https:\\\/\\\/kugundua.eu\\\/wp-content\\\/uploads\\\/2022\\\/12\\\/cropped-cropped-Kugundua-Logo-Outline-Transparant151-1.png\",\"contentUrl\":\"https:\\\/\\\/kugundua.eu\\\/wp-content\\\/uploads\\\/2022\\\/12\\\/cropped-cropped-Kugundua-Logo-Outline-Transparant151-1.png\",\"width\":185,\"height\":151,\"caption\":\"Kugundua\"},\"image\":{\"@id\":\"https:\\\/\\\/kugundua.eu\\\/#\\\/schema\\\/logo\\\/image\\\/\"},\"sameAs\":[\"https:\\\/\\\/www.facebook.com\\\/Kugundua\\\/\",\"https:\\\/\\\/www.instagram.com\\\/kugundua.hu\\\/\",\"https:\\\/\\\/www.youtube.com\\\/channel\\\/UCIVA4wWJvf5lmgWvJfxKIJQ\"]}]}<\/script>\n<!-- \/ Yoast SEO plugin. -->","yoast_head_json":{"title":"B\u00fckk National Park (B\u00fckki Nemzeti Park)","description":"The mountains of the B\u00fckki Nemzeti Park (B\u00fckk National Park) is for guests who like a day of activity, you can hike, cycle etc. here.","robots":{"index":"index","follow":"follow","max-snippet":"max-snippet:-1","max-image-preview":"max-image-preview:large","max-video-preview":"max-video-preview:-1"},"canonical":"https:\/\/kugundua.eu\/en_gb\/nature-hungary\/bukk-national-park-hungary\/","og_locale":"en_GB","og_type":"article","og_title":"B\u00fckk National Park (B\u00fckki Nemzeti Park)","og_description":"De bergen van het B\u00fckki Nemzeti Park (B\u00fckk Nationaal Park) is voor de gasten die van een dag actief bezig zijn houden, je kan hier wandelen, fietsen etc.","og_url":"https:\/\/kugundua.eu\/en_gb\/nature-hungary\/bukk-national-park-hungary\/","og_site_name":"Camping Kugundua","article_publisher":"https:\/\/www.facebook.com\/Kugundua\/","article_modified_time":"2026-03-28T13:41:16+00:00","twitter_card":"summary_large_image","twitter_misc":{"Estimated reading time":"2 minutes"},"schema":{"@context":"https:\/\/schema.org","@graph":[{"@type":"WebPage","@id":"https:\/\/kugundua.eu\/natuur\/bukk-nationaal-park\/","url":"https:\/\/kugundua.eu\/natuur\/bukk-nationaal-park\/","name":"B\u00fckk National Park (B\u00fckki Nemzeti Park)","isPartOf":{"@id":"https:\/\/kugundua.eu\/#website"},"datePublished":"2022-05-19T06:49:12+00:00","dateModified":"2026-03-28T13:41:16+00:00","description":"The mountains of the B\u00fckki Nemzeti Park (B\u00fckk National Park) is for guests who like a day of activity, you can hike, cycle etc. here.","breadcrumb":{"@id":"https:\/\/kugundua.eu\/natuur\/bukk-nationaal-park\/#breadcrumb"},"inLanguage":"en-GB","potentialAction":[{"@type":"ReadAction","target":["https:\/\/kugundua.eu\/natuur\/bukk-nationaal-park\/"]}]},{"@type":"BreadcrumbList","@id":"https:\/\/kugundua.eu\/natuur\/bukk-nationaal-park\/#breadcrumb","itemListElement":[{"@type":"ListItem","position":1,"name":"Home","item":"https:\/\/kugundua.eu\/"},{"@type":"ListItem","position":2,"name":"Natuur","item":"https:\/\/kugundua.eu\/natuur\/"},{"@type":"ListItem","position":3,"name":"B\u00fckk Nationaal Park"}]},{"@type":"WebSite","@id":"https:\/\/kugundua.eu\/#website","url":"https:\/\/kugundua.eu\/","name":"Camping Kugundua","description":"Be Active &amp; Chill Out","publisher":{"@id":"https:\/\/kugundua.eu\/#organization"},"potentialAction":[{"@type":"SearchAction","target":{"@type":"EntryPoint","urlTemplate":"https:\/\/kugundua.eu\/?s={search_term_string}"},"query-input":{"@type":"PropertyValueSpecification","valueRequired":true,"valueName":"search_term_string"}}],"inLanguage":"en-GB"},{"@type":"Organization","@id":"https:\/\/kugundua.eu\/#organization","name":"Kugundua","url":"https:\/\/kugundua.eu\/","logo":{"@type":"ImageObject","inLanguage":"en-GB","@id":"https:\/\/kugundua.eu\/#\/schema\/logo\/image\/","url":"https:\/\/kugundua.eu\/wp-content\/uploads\/2022\/12\/cropped-cropped-Kugundua-Logo-Outline-Transparant151-1.png","contentUrl":"https:\/\/kugundua.eu\/wp-content\/uploads\/2022\/12\/cropped-cropped-Kugundua-Logo-Outline-Transparant151-1.png","width":185,"height":151,"caption":"Kugundua"},"image":{"@id":"https:\/\/kugundua.eu\/#\/schema\/logo\/image\/"},"sameAs":["https:\/\/www.facebook.com\/Kugundua\/","https:\/\/www.instagram.com\/kugundua.hu\/","https:\/\/www.youtube.com\/channel\/UCIVA4wWJvf5lmgWvJfxKIJQ"]}]}},"_links":{"self":[{"href":"https:\/\/kugundua.eu\/en_gb\/wp-json\/wp\/v2\/pages\/127","targetHints":{"allow":["GET"]}}],"collection":[{"href":"https:\/\/kugundua.eu\/en_gb\/wp-json\/wp\/v2\/pages"}],"about":[{"href":"https:\/\/kugundua.eu\/en_gb\/wp-json\/wp\/v2\/types\/page"}],"author":[{"embeddable":true,"href":"https:\/\/kugundua.eu\/en_gb\/wp-json\/wp\/v2\/users\/1"}],"replies":[{"embeddable":true,"href":"https:\/\/kugundua.eu\/en_gb\/wp-json\/wp\/v2\/comments?post=127"}],"version-history":[{"count":15,"href":"https:\/\/kugundua.eu\/en_gb\/wp-json\/wp\/v2\/pages\/127\/revisions"}],"predecessor-version":[{"id":26270,"href":"https:\/\/kugundua.eu\/en_gb\/wp-json\/wp\/v2\/pages\/127\/revisions\/26270"}],"up":[{"embeddable":true,"href":"https:\/\/kugundua.eu\/en_gb\/wp-json\/wp\/v2\/pages\/108"}],"wp:attachment":[{"href":"https:\/\/kugundua.eu\/en_gb\/wp-json\/wp\/v2\/media?parent=127"}],"curies":[{"name":"wp","href":"https:\/\/api.w.org\/{rel}","templated":true}]}}