{"id":85,"date":"2022-05-19T06:20:39","date_gmt":"2022-05-19T06:20:39","guid":{"rendered":"http:\/\/kugundua.eu\/?page_id=85"},"modified":"2026-03-28T14:10:21","modified_gmt":"2026-03-28T14:10:21","slug":"mezokovesd","status":"publish","type":"page","link":"https:\/\/kugundua.eu\/de_de\/staedte-ungarn\/mezokovesd-therme-ungarn\/","title":{"rendered":"Mez\u0151k\u00f6vesd"},"content":{"rendered":"<div data-colibri-id=\"85-c1\" class=\"style-1145 style-local-85-c1 position-relative\">\n  <!---->\n  <div data-colibri-component=\"section\" data-colibri-id=\"85-c2\" id=\"content\" class=\"h-section h-section-global-spacing d-flex align-items-lg-center align-items-md-center align-items-center style-1146 style-local-85-c2 position-relative\">\n    <!---->\n    <!---->\n    <div class=\"h-section-grid-container h-section-boxed-container\">\n      <div data-colibri-id=\"85-c17\" class=\"h-row-container gutters-row-lg-2 gutters-row-md-2 gutters-row-2 gutters-row-v-lg-2 gutters-row-v-md-2 gutters-row-v-2 style-1158 style-local-85-c17 position-relative\">\n        <!---->\n        <div class=\"h-row justify-content-lg-center justify-content-md-center justify-content-center align-items-lg-stretch align-items-md-stretch align-items-stretch gutters-col-lg-2 gutters-col-md-2 gutters-col-2 gutters-col-v-lg-2 gutters-col-v-md-2 gutters-col-v-2\">\n          <!---->\n          <div class=\"h-column h-column-container d-flex h-col-lg-auto h-col-md-auto h-col-auto style-1159-outer style-local-85-c18-outer\">\n            <div data-colibri-id=\"85-c18\" class=\"d-flex h-flex-basis h-column__inner h-px-lg-2 h-px-md-2 h-px-2 v-inner-lg-2 v-inner-md-2 v-inner-2 style-1159 style-local-85-c18 position-relative\">\n              <!---->\n              <!---->\n              <div class=\"w-100 h-y-container h-column__content h-column__v-align flex-basis-100 align-self-lg-start align-self-md-start align-self-start\">\n                <!---->\n                <div data-colibri-id=\"85-c19\" class=\"h-global-transition-all h-heading style-1160 style-local-85-c19 position-relative h-element\">\n                  <!---->\n                  <div class=\"h-heading__outer style-1160 style-local-85-c19\">\n                    <!---->\n                    <!---->\n                    <h2 class=\"\">Mez\u0151k\u00f6vesd<\/h2>\n                  <\/div>\n                <\/div>\n                <div data-colibri-id=\"85-c20\" class=\"h-lead h-text h-text-component style-1161 style-local-85-c20 position-relative h-element\">\n                  <!---->\n                  <!---->\n                  <div class=\"\">\n                    <p>Mez\u0151k\u00f6vesd liegt am Fu\u00dfe des B\u00fckk-Gebirges und an der Grenze zwischen den Bergen und den gro\u00dfen Ebenen. Die Stadt ist bekannt f\u00fcr die Maty\u00f3-Volkskleidung und Stickkunst. In dieser Stadt kann man noch die typischen alten Geb\u00e4ude aus dieser Zeit finden.&nbsp;&nbsp;<\/p>\n                  <\/div>\n                <\/div>\n              <\/div>\n            <\/div>\n          <\/div>\n        <\/div>\n      <\/div>\n      <div data-colibri-id=\"85-c3\" class=\"h-row-container gutters-row-lg-2 gutters-row-md-2 gutters-row-2 gutters-row-v-lg-2 gutters-row-v-md-2 gutters-row-v-2 style-1147 style-local-85-c3 position-relative\">\n        <!---->\n        <div class=\"h-row justify-content-lg-center justify-content-md-center justify-content-center align-items-lg-stretch align-items-md-stretch align-items-stretch gutters-col-lg-2 gutters-col-md-2 gutters-col-2 gutters-col-v-lg-2 gutters-col-v-md-2 gutters-col-v-2\">\n          <!---->\n          <div class=\"h-column h-column-container d-flex h-col-lg-auto h-col-md-auto h-col-auto style-1148-outer style-local-85-c4-outer\">\n            <div data-colibri-id=\"85-c4\" class=\"d-flex h-flex-basis h-column__inner h-px-lg-0 h-px-md-0 h-px-0 v-inner-lg-0 v-inner-md-0 v-inner-0 style-1148 style-local-85-c4 position-relative\">\n              <!---->\n              <!---->\n              <div class=\"w-100 h-y-container h-column__content h-column__v-align flex-basis-100 align-self-lg-start align-self-md-start align-self-start\">\n                <!---->\n                <div data-colibri-id=\"85-c5\" class=\"h-row-container gutters-row-lg-2 gutters-row-md-2 gutters-row-2 gutters-row-v-lg-2 gutters-row-v-md-2 gutters-row-v-2 style-1149 style-local-85-c5 position-relative\">\n                  <!---->\n                  <div class=\"h-row justify-content-lg-center justify-content-md-center justify-content-center align-items-lg-stretch align-items-md-stretch align-items-stretch gutters-col-lg-2 gutters-col-md-2 gutters-col-2 gutters-col-v-lg-2 gutters-col-v-md-2 gutters-col-v-2\">\n                    <!---->\n                    <div class=\"h-column h-column-container d-flex h-col-lg-auto h-col-md-auto h-col-auto style-1150-outer style-local-85-c6-outer\">\n                      <div data-colibri-id=\"85-c6\" class=\"d-flex h-flex-basis h-column__inner h-px-lg-0 h-px-md-0 h-px-0 v-inner-lg-0 v-inner-md-0 v-inner-0 style-1150 style-local-85-c6 position-relative\">\n                        <!---->\n                        <!---->\n                        <div class=\"w-100 h-y-container h-column__content h-column__v-align flex-basis-100 align-self-lg-center align-self-md-center align-self-center\">\n                          <!---->\n                          <div data-colibri-id=\"85-c7\" class=\"h-text h-text-component style-1132 style-local-85-c7 position-relative h-element\">\n                            <!---->\n                            <!---->\n                            <div class=\"\">\n                              <p>Mez\u0151k\u00f6vesd ist die n\u00e4chstgelegene gr\u00f6\u00dfere Stadt in der Umgebung des Campingplatzes. Diese Stadt ist mit allem ausgestattet, was man braucht, darunter gro\u00dfe Supermarktketten, andere notwendige Gesch\u00e4fte, Restaurants, Caf\u00e9s und nat\u00fcrlich der w\u00f6chentliche Markt am Mittwoch, der definitiv einen Besuch wert ist.&nbsp;<\/p>\n                            <\/div>\n                          <\/div>\n                        <\/div>\n                      <\/div>\n                    <\/div>\n                    <div class=\"h-column h-column-container d-flex h-col-lg-auto h-col-md-auto h-col-auto style-1153-outer style-local-85-c8-outer\">\n                      <div data-colibri-id=\"85-c8\" class=\"d-flex h-flex-basis h-column__inner h-ui-empty-state-container h-px-lg-0 h-px-md-0 h-px-0 v-inner-lg-0 v-inner-md-0 v-inner-0 style-1153 style-local-85-c8 position-relative\">\n                        <!---->\n                        <!---->\n                        <div class=\"w-100 h-y-container h-column__content h-column__v-align flex-basis-100\">\n                          <!---->\n                        <\/div>\n                      <\/div>\n                    <\/div>\n                  <\/div>\n                <\/div>\n                <div data-colibri-id=\"85-c9\" class=\"h-row-container gutters-row-lg-2 gutters-row-md-2 gutters-row-2 gutters-row-v-lg-2 gutters-row-v-md-2 gutters-row-v-2 style-1149 style-local-85-c9 position-relative\">\n                  <!---->\n                  <div class=\"h-row justify-content-lg-center justify-content-md-center justify-content-center align-items-lg-stretch align-items-md-stretch align-items-stretch gutters-col-lg-2 gutters-col-md-2 gutters-col-2 gutters-col-v-lg-2 gutters-col-v-md-2 gutters-col-v-2\">\n                    <!---->\n                    <div class=\"h-column h-column-container d-flex h-col-lg-auto h-col-md-auto h-col-auto style-1154-outer style-local-85-c10-outer\">\n                      <div data-colibri-id=\"85-c10\" class=\"d-flex h-flex-basis h-column__inner h-ui-empty-state-container h-px-lg-0 h-px-md-0 h-px-0 v-inner-lg-0 v-inner-md-0 v-inner-0 style-1154 style-local-85-c10 position-relative\">\n                        <!---->\n                        <!---->\n                        <div class=\"w-100 h-y-container h-column__content h-column__v-align flex-basis-100\">\n                          <!---->\n                        <\/div>\n                      <\/div>\n                    <\/div>\n                    <div class=\"h-column h-column-container d-flex h-col-lg-auto h-col-md-auto h-col-auto style-1150-outer style-local-85-c11-outer\">\n                      <div data-colibri-id=\"85-c11\" class=\"d-flex h-flex-basis h-column__inner h-px-lg-0 h-px-md-0 h-px-0 v-inner-lg-0 v-inner-md-0 v-inner-0 style-1150 style-local-85-c11 position-relative\">\n                        <!---->\n                        <!---->\n                        <div class=\"w-100 h-y-container h-column__content h-column__v-align flex-basis-100 align-self-lg-center align-self-md-center align-self-center\">\n                          <!---->\n                          <div data-colibri-id=\"85-c12\" class=\"h-text h-text-component style-1132 style-local-85-c12 position-relative h-element\">\n                            <!---->\n                            <!---->\n                            <div class=\"\">\n                              <p>Im Stadtzentrum befindet sich ein Museum \u00fcber das Maty\u00f3-Volk, ihre Stickkunst und Volkskleidung. Im Hadas-Viertel stehen noch Stra\u00dfen und H\u00e4user aus dieser Zeit. Im Zentrum gibt es au\u00dferdem ein Landwirtschaftsmuseum mit alten landwirtschaftlichen Maschinen.<\/p>\n                            <\/div>\n                          <\/div>\n                        <\/div>\n                      <\/div>\n                    <\/div>\n                  <\/div>\n                <\/div>\n                <div data-colibri-id=\"85-c13\" class=\"h-row-container gutters-row-lg-2 gutters-row-md-2 gutters-row-2 gutters-row-v-lg-2 gutters-row-v-md-2 gutters-row-v-2 style-1149 style-local-85-c13 position-relative\">\n                  <!---->\n                  <div class=\"h-row justify-content-lg-center justify-content-md-center justify-content-center align-items-lg-stretch align-items-md-stretch align-items-stretch gutters-col-lg-2 gutters-col-md-2 gutters-col-2 gutters-col-v-lg-2 gutters-col-v-md-2 gutters-col-v-2\">\n                    <!---->\n                    <div class=\"h-column h-column-container d-flex h-col-lg-auto h-col-md-auto h-col-auto style-1150-outer style-local-85-c14-outer\">\n                      <div data-colibri-id=\"85-c14\" class=\"d-flex h-flex-basis h-column__inner h-px-lg-0 h-px-md-0 h-px-0 v-inner-lg-0 v-inner-md-0 v-inner-0 style-1150 style-local-85-c14 position-relative\">\n                        <!---->\n                        <!---->\n                        <div class=\"w-100 h-y-container h-column__content h-column__v-align flex-basis-100 align-self-lg-center align-self-md-center align-self-center\">\n                          <!---->\n                          <div data-colibri-id=\"85-c15\" class=\"h-text h-text-component style-1132 style-local-85-c15 position-relative h-element\">\n                            <!---->\n                            <!---->\n                            <div class=\"\">\n                              <p><span style=\"font-family: &quot;Open Sans&quot;; font-weight: 400; font-size: 12pt; color: rgb(0, 0, 0);\">Au\u00dferhalb der Stadt befindet sich das Zs\u00f3ry Thermalbad.<\/span><\/p>\n                            <\/div>\n                          <\/div>\n                        <\/div>\n                      <\/div>\n                    <\/div>\n                    <div class=\"h-column h-column-container d-flex h-col-lg-auto h-col-md-auto h-col-auto style-1157-outer style-local-85-c16-outer\">\n                      <div data-colibri-id=\"85-c16\" class=\"d-flex h-flex-basis h-column__inner h-ui-empty-state-container h-px-lg-0 h-px-md-0 h-px-0 v-inner-lg-0 v-inner-md-0 v-inner-0 style-1157 style-local-85-c16 position-relative\">\n                        <!---->\n                        <!---->\n                        <div class=\"w-100 h-y-container h-column__content h-column__v-align flex-basis-100\">\n                          <!---->\n                        <\/div>\n                      <\/div>\n                    <\/div>\n                  <\/div>\n                <\/div>\n              <\/div>\n            <\/div>\n          <\/div>\n        <\/div>\n      <\/div>\n    <\/div>\n  <\/div>\n<\/div>","protected":false},"excerpt":{"rendered":"<p>Mez\u0151k\u00f6vesd Mez\u0151k\u00f6vesd is gelegen aan de voet van het B\u00fckk-gebergte en ligt op de grens van de bergen en de grote vlakten. Het is bekend om de Maty\u00f3-klederdracht en bordduurkunst. In deze stad vind je nog de typische oude gebouwen uit deze tijd.&nbsp;&nbsp; Mez\u0151k\u00f6vesd is de dichtstbijzijnde grote stad in de omgeving van de camping. [&hellip;]<\/p>\n","protected":false},"author":1,"featured_media":0,"parent":126,"menu_order":3,"comment_status":"closed","ping_status":"closed","template":"page-templates\/full-width-page.php","meta":{"footnotes":""},"class_list":["post-85","page","type-page","status-publish","hentry"],"yoast_head":"<!-- This site is optimized with the Yoast SEO plugin v27.5 - https:\/\/yoast.com\/product\/yoast-seo-wordpress\/ -->\n<title>Mez\u0151k\u00f6vesd<\/title>\n<meta name=\"description\" content=\"Mez\u0151k\u00f6vesd is een stad in de buurt van de camping. Hier zijn meerdere restaurants, parken en de grotere supermarkten.\" \/>\n<meta name=\"robots\" content=\"index, follow, max-snippet:-1, max-image-preview:large, max-video-preview:-1\" \/>\n<link rel=\"canonical\" href=\"https:\/\/kugundua.eu\/de_de\/staedte-ungarn\/mezokovesd-therme-ungarn\/\" \/>\n<meta property=\"og:locale\" content=\"de_DE\" \/>\n<meta property=\"og:type\" content=\"article\" \/>\n<meta property=\"og:title\" content=\"Mez\u0151k\u00f6vesd\" \/>\n<meta property=\"og:description\" content=\"Mez\u0151k\u00f6vesd is een stad in de buurt van de camping. Hier zijn meerdere restaurants, parken en de grotere supermarkten.\" \/>\n<meta property=\"og:url\" content=\"https:\/\/kugundua.eu\/de_de\/staedte-ungarn\/mezokovesd-therme-ungarn\/\" \/>\n<meta property=\"og:site_name\" content=\"Camping Kugundua\" \/>\n<meta property=\"article:publisher\" content=\"https:\/\/www.facebook.com\/Kugundua\/\" \/>\n<meta property=\"article:modified_time\" content=\"2026-03-28T14:10:21+00:00\" \/>\n<meta name=\"twitter:card\" content=\"summary_large_image\" \/>\n<meta name=\"twitter:label1\" content=\"Gesch\u00e4tzte Lesezeit\" \/>\n\t<meta name=\"twitter:data1\" content=\"1\u00a0Minute\" \/>\n<script type=\"application\/ld+json\" class=\"yoast-schema-graph\">{\"@context\":\"https:\\\/\\\/schema.org\",\"@graph\":[{\"@type\":\"WebPage\",\"@id\":\"https:\\\/\\\/kugundua.eu\\\/steden\\\/mezokovesd\\\/\",\"url\":\"https:\\\/\\\/kugundua.eu\\\/steden\\\/mezokovesd\\\/\",\"name\":\"Mez\u0151k\u00f6vesd\",\"isPartOf\":{\"@id\":\"https:\\\/\\\/kugundua.eu\\\/#website\"},\"datePublished\":\"2022-05-19T06:20:39+00:00\",\"dateModified\":\"2026-03-28T14:10:21+00:00\",\"description\":\"Mez\u0151k\u00f6vesd is een stad in de buurt van de camping. Hier zijn meerdere restaurants, parken en de grotere supermarkten.\",\"breadcrumb\":{\"@id\":\"https:\\\/\\\/kugundua.eu\\\/steden\\\/mezokovesd\\\/#breadcrumb\"},\"inLanguage\":\"de\",\"potentialAction\":[{\"@type\":\"ReadAction\",\"target\":[\"https:\\\/\\\/kugundua.eu\\\/steden\\\/mezokovesd\\\/\"]}]},{\"@type\":\"BreadcrumbList\",\"@id\":\"https:\\\/\\\/kugundua.eu\\\/steden\\\/mezokovesd\\\/#breadcrumb\",\"itemListElement\":[{\"@type\":\"ListItem\",\"position\":1,\"name\":\"Home\",\"item\":\"https:\\\/\\\/kugundua.eu\\\/\"},{\"@type\":\"ListItem\",\"position\":2,\"name\":\"Steden\",\"item\":\"https:\\\/\\\/kugundua.eu\\\/steden\\\/\"},{\"@type\":\"ListItem\",\"position\":3,\"name\":\"Mez\u0151k\u00f6vesd\"}]},{\"@type\":\"WebSite\",\"@id\":\"https:\\\/\\\/kugundua.eu\\\/#website\",\"url\":\"https:\\\/\\\/kugundua.eu\\\/\",\"name\":\"Camping Kugundua\",\"description\":\"Be Active &amp; Chill Out\",\"publisher\":{\"@id\":\"https:\\\/\\\/kugundua.eu\\\/#organization\"},\"potentialAction\":[{\"@type\":\"SearchAction\",\"target\":{\"@type\":\"EntryPoint\",\"urlTemplate\":\"https:\\\/\\\/kugundua.eu\\\/?s={search_term_string}\"},\"query-input\":{\"@type\":\"PropertyValueSpecification\",\"valueRequired\":true,\"valueName\":\"search_term_string\"}}],\"inLanguage\":\"de\"},{\"@type\":\"Organization\",\"@id\":\"https:\\\/\\\/kugundua.eu\\\/#organization\",\"name\":\"Kugundua\",\"url\":\"https:\\\/\\\/kugundua.eu\\\/\",\"logo\":{\"@type\":\"ImageObject\",\"inLanguage\":\"de\",\"@id\":\"https:\\\/\\\/kugundua.eu\\\/#\\\/schema\\\/logo\\\/image\\\/\",\"url\":\"https:\\\/\\\/kugundua.eu\\\/wp-content\\\/uploads\\\/2022\\\/12\\\/cropped-cropped-Kugundua-Logo-Outline-Transparant151-1.png\",\"contentUrl\":\"https:\\\/\\\/kugundua.eu\\\/wp-content\\\/uploads\\\/2022\\\/12\\\/cropped-cropped-Kugundua-Logo-Outline-Transparant151-1.png\",\"width\":185,\"height\":151,\"caption\":\"Kugundua\"},\"image\":{\"@id\":\"https:\\\/\\\/kugundua.eu\\\/#\\\/schema\\\/logo\\\/image\\\/\"},\"sameAs\":[\"https:\\\/\\\/www.facebook.com\\\/Kugundua\\\/\",\"https:\\\/\\\/www.instagram.com\\\/kugundua.hu\\\/\",\"https:\\\/\\\/www.youtube.com\\\/channel\\\/UCIVA4wWJvf5lmgWvJfxKIJQ\"]}]}<\/script>\n<!-- \/ Yoast SEO plugin. -->","yoast_head_json":{"title":"Mez\u0151k\u00f6vesd","description":"Mez\u0151k\u00f6vesd ist eine Stadt in der N\u00e4he des Campingplatzes. Hier gibt es mehrere Restaurants, Parks und die gr\u00f6\u00dferen Superm\u00e4rkte.","robots":{"index":"index","follow":"follow","max-snippet":"max-snippet:-1","max-image-preview":"max-image-preview:large","max-video-preview":"max-video-preview:-1"},"canonical":"https:\/\/kugundua.eu\/de_de\/staedte-ungarn\/mezokovesd-therme-ungarn\/","og_locale":"de_DE","og_type":"article","og_title":"Mez\u0151k\u00f6vesd","og_description":"Mez\u0151k\u00f6vesd is een stad in de buurt van de camping. Hier zijn meerdere restaurants, parken en de grotere supermarkten.","og_url":"https:\/\/kugundua.eu\/de_de\/staedte-ungarn\/mezokovesd-therme-ungarn\/","og_site_name":"Camping Kugundua","article_publisher":"https:\/\/www.facebook.com\/Kugundua\/","article_modified_time":"2026-03-28T14:10:21+00:00","twitter_card":"summary_large_image","twitter_misc":{"Gesch\u00e4tzte Lesezeit":"1\u00a0Minute"},"schema":{"@context":"https:\/\/schema.org","@graph":[{"@type":"WebPage","@id":"https:\/\/kugundua.eu\/steden\/mezokovesd\/","url":"https:\/\/kugundua.eu\/steden\/mezokovesd\/","name":"Mez\u0151k\u00f6vesd","isPartOf":{"@id":"https:\/\/kugundua.eu\/#website"},"datePublished":"2022-05-19T06:20:39+00:00","dateModified":"2026-03-28T14:10:21+00:00","description":"Mez\u0151k\u00f6vesd ist eine Stadt in der N\u00e4he des Campingplatzes. Hier gibt es mehrere Restaurants, Parks und die gr\u00f6\u00dferen Superm\u00e4rkte.","breadcrumb":{"@id":"https:\/\/kugundua.eu\/steden\/mezokovesd\/#breadcrumb"},"inLanguage":"de","potentialAction":[{"@type":"ReadAction","target":["https:\/\/kugundua.eu\/steden\/mezokovesd\/"]}]},{"@type":"BreadcrumbList","@id":"https:\/\/kugundua.eu\/steden\/mezokovesd\/#breadcrumb","itemListElement":[{"@type":"ListItem","position":1,"name":"Home","item":"https:\/\/kugundua.eu\/"},{"@type":"ListItem","position":2,"name":"Steden","item":"https:\/\/kugundua.eu\/steden\/"},{"@type":"ListItem","position":3,"name":"Mez\u0151k\u00f6vesd"}]},{"@type":"WebSite","@id":"https:\/\/kugundua.eu\/#website","url":"https:\/\/kugundua.eu\/","name":"Camping Kugundua","description":"Aktiv sein und entspannen","publisher":{"@id":"https:\/\/kugundua.eu\/#organization"},"potentialAction":[{"@type":"SearchAction","target":{"@type":"EntryPoint","urlTemplate":"https:\/\/kugundua.eu\/?s={search_term_string}"},"query-input":{"@type":"PropertyValueSpecification","valueRequired":true,"valueName":"search_term_string"}}],"inLanguage":"de"},{"@type":"Organization","@id":"https:\/\/kugundua.eu\/#organization","name":"Kugundua","url":"https:\/\/kugundua.eu\/","logo":{"@type":"ImageObject","inLanguage":"de","@id":"https:\/\/kugundua.eu\/#\/schema\/logo\/image\/","url":"https:\/\/kugundua.eu\/wp-content\/uploads\/2022\/12\/cropped-cropped-Kugundua-Logo-Outline-Transparant151-1.png","contentUrl":"https:\/\/kugundua.eu\/wp-content\/uploads\/2022\/12\/cropped-cropped-Kugundua-Logo-Outline-Transparant151-1.png","width":185,"height":151,"caption":"Kugundua"},"image":{"@id":"https:\/\/kugundua.eu\/#\/schema\/logo\/image\/"},"sameAs":["https:\/\/www.facebook.com\/Kugundua\/","https:\/\/www.instagram.com\/kugundua.hu\/","https:\/\/www.youtube.com\/channel\/UCIVA4wWJvf5lmgWvJfxKIJQ"]}]}},"_links":{"self":[{"href":"https:\/\/kugundua.eu\/de_de\/wp-json\/wp\/v2\/pages\/85","targetHints":{"allow":["GET"]}}],"collection":[{"href":"https:\/\/kugundua.eu\/de_de\/wp-json\/wp\/v2\/pages"}],"about":[{"href":"https:\/\/kugundua.eu\/de_de\/wp-json\/wp\/v2\/types\/page"}],"author":[{"embeddable":true,"href":"https:\/\/kugundua.eu\/de_de\/wp-json\/wp\/v2\/users\/1"}],"replies":[{"embeddable":true,"href":"https:\/\/kugundua.eu\/de_de\/wp-json\/wp\/v2\/comments?post=85"}],"version-history":[{"count":6,"href":"https:\/\/kugundua.eu\/de_de\/wp-json\/wp\/v2\/pages\/85\/revisions"}],"predecessor-version":[{"id":26356,"href":"https:\/\/kugundua.eu\/de_de\/wp-json\/wp\/v2\/pages\/85\/revisions\/26356"}],"up":[{"embeddable":true,"href":"https:\/\/kugundua.eu\/de_de\/wp-json\/wp\/v2\/pages\/126"}],"wp:attachment":[{"href":"https:\/\/kugundua.eu\/de_de\/wp-json\/wp\/v2\/media?parent=85"}],"curies":[{"name":"wp","href":"https:\/\/api.w.org\/{rel}","templated":true}]}}