{"id":84,"date":"2022-05-19T06:20:39","date_gmt":"2022-05-19T06:20:39","guid":{"rendered":"http:\/\/kugundua.eu\/?page_id=84"},"modified":"2026-03-28T13:50:33","modified_gmt":"2026-03-28T13:50:33","slug":"boedapest","status":"publish","type":"page","link":"https:\/\/kugundua.eu\/de_de\/staedte-ungarn\/budapest-reisetipps\/","title":{"rendered":"Budapest"},"content":{"rendered":"<div data-colibri-id=\"84-c1\" class=\"style-1099 style-local-84-c1 position-relative\">\n  <!---->\n  <div data-colibri-component=\"section\" data-colibri-id=\"84-c2\" id=\"content\" class=\"h-section h-section-global-spacing d-flex align-items-lg-center align-items-md-center align-items-center style-1100 style-local-84-c2 position-relative\">\n    <!---->\n    <!---->\n    <div class=\"h-section-grid-container h-section-boxed-container\">\n      <div data-colibri-id=\"84-c22\" class=\"h-row-container gutters-row-lg-2 gutters-row-md-2 gutters-row-2 gutters-row-v-lg-2 gutters-row-v-md-2 gutters-row-v-2 style-1112 style-local-84-c22 position-relative\">\n        <!---->\n        <div class=\"h-row justify-content-lg-center justify-content-md-center justify-content-center align-items-lg-stretch align-items-md-stretch align-items-stretch gutters-col-lg-2 gutters-col-md-2 gutters-col-2 gutters-col-v-lg-2 gutters-col-v-md-2 gutters-col-v-2\">\n          <!---->\n          <div class=\"h-column h-column-container d-flex h-col-lg-auto h-col-md-auto h-col-auto style-1113-outer style-local-84-c23-outer\">\n            <div data-colibri-id=\"84-c23\" class=\"d-flex h-flex-basis h-column__inner h-px-lg-2 h-px-md-2 h-px-2 v-inner-lg-2 v-inner-md-2 v-inner-2 style-1113 style-local-84-c23 position-relative\">\n              <!---->\n              <!---->\n              <div class=\"w-100 h-y-container h-column__content h-column__v-align flex-basis-100 align-self-lg-start align-self-md-start align-self-start\">\n                <!---->\n                <div data-colibri-id=\"84-c24\" class=\"h-global-transition-all h-heading style-1114 style-local-84-c24 position-relative h-element\">\n                  <!---->\n                  <div class=\"h-heading__outer style-1114 style-local-84-c24\">\n                    <!---->\n                    <!---->\n                    <h2 class=\"\">Budapest<\/h2>\n                  <\/div>\n                <\/div>\n                <div data-colibri-id=\"84-c25\" class=\"h-lead h-text h-text-component style-1115 style-local-84-c25 position-relative h-element\">\n                  <!---->\n                  <!---->\n                  <div class=\"\">\n                    <p>Budapest liegt an beiden Ufern der Donau. Im Jahr 1873 wurden Buda und \u00d3buda am westlichen Ufer der Donau mit Pest am \u00f6stlichen Ufer vereint, wodurch die Stadt, wie wir sie heute kennen, entstand. Die Stadt hat eine Bev\u00f6lkerung von 1,7 Millionen.&nbsp;<\/p>\n                  <\/div>\n                <\/div>\n              <\/div>\n            <\/div>\n          <\/div>\n        <\/div>\n      <\/div>\n      <div data-colibri-id=\"84-c3\" class=\"h-row-container gutters-row-lg-2 gutters-row-md-2 gutters-row-2 gutters-row-v-lg-2 gutters-row-v-md-2 gutters-row-v-2 style-1101 style-local-84-c3 position-relative\">\n        <!---->\n        <div class=\"h-row justify-content-lg-center justify-content-md-center justify-content-center align-items-lg-stretch align-items-md-stretch align-items-stretch gutters-col-lg-2 gutters-col-md-2 gutters-col-2 gutters-col-v-lg-2 gutters-col-v-md-2 gutters-col-v-2\">\n          <!---->\n          <div class=\"h-column h-column-container d-flex h-col-lg-auto h-col-md-auto h-col-auto style-1102-outer style-local-84-c4-outer\">\n            <div data-colibri-id=\"84-c4\" class=\"d-flex h-flex-basis h-column__inner h-px-lg-0 h-px-md-0 h-px-0 v-inner-lg-0 v-inner-md-0 v-inner-0 style-1102 style-local-84-c4 position-relative\">\n              <!---->\n              <!---->\n              <div class=\"w-100 h-y-container h-column__content h-column__v-align flex-basis-100 align-self-lg-start align-self-md-start align-self-start\">\n                <!---->\n                <div data-colibri-id=\"84-c5\" class=\"h-row-container gutters-row-lg-2 gutters-row-md-2 gutters-row-2 gutters-row-v-lg-2 gutters-row-v-md-2 gutters-row-v-2 style-1103 style-local-84-c5 position-relative\">\n                  <!---->\n                  <div class=\"h-row justify-content-lg-center justify-content-md-center justify-content-center align-items-lg-stretch align-items-md-stretch align-items-stretch gutters-col-lg-2 gutters-col-md-2 gutters-col-2 gutters-col-v-lg-2 gutters-col-v-md-2 gutters-col-v-2\">\n                    <!---->\n                    <div class=\"h-column h-column-container d-flex h-col-lg-auto h-col-md-auto h-col-auto style-1104-outer style-local-84-c6-outer\">\n                      <div data-colibri-id=\"84-c6\" class=\"d-flex h-flex-basis h-column__inner h-px-lg-0 h-px-md-0 h-px-0 v-inner-lg-0 v-inner-md-0 v-inner-0 style-1104 style-local-84-c6 position-relative\">\n                        <!---->\n                        <!---->\n                        <div class=\"w-100 h-y-container h-column__content h-column__v-align flex-basis-100 align-self-lg-center align-self-md-center align-self-center\">\n                          <!---->\n                          <div data-colibri-id=\"84-c7\" class=\"h-text h-text-component style-1106 style-local-84-c7 position-relative h-element\">\n                            <!---->\n                            <!---->\n                            <div class=\"\">\n                              <p>Das ungarische Parlamentgeb\u00e4ude liegt an einem sch\u00f6nen Ort entlang der Donau. Es ist das drittgr\u00f6\u00dfte Parlamentgeb\u00e4ude in Europa. Das Parlamentgeb\u00e4ude ist definitiv einen Besuch wert, sowohl bei Nacht als auch innen.&nbsp;\n                                <br>\n                                <br>Auf der gegen\u00fcberliegenden Seite der Donau, gegen\u00fcber dem Parlament, befindet sich die Fischerbastei. Sie wurde zur Feier des 1000-j\u00e4hrigen Jubil\u00e4ums von Ungarn erbaut. Von hier aus hat man einen wundersch\u00f6nen Blick \u00fcber Pest.&nbsp;\n                                <br>\n                                <br>Auf dem Burgberg, wo sich die Fischerbastei befindet, steht die Matthias-Kirche mit wundersch\u00f6nen Glasfenstern, einem besonderen Boden und atemberaubenden Gem\u00e4lden. Die Buda-Burg, wie die Fischerbastei und die Matthias-Kirche, befindet sich auf der Buda-Seite der Stadt. In diesem alten k\u00f6niglichen Palast befindet sich die Ungarische Nationalgalerie, die nationale Sz\u00e9chenyi-Bibliothek und das Historische Museum von Budapest.<\/p>\n                              <p>&nbsp;<\/p>\n                              <p>\n                                <br>\n                              <\/p>\n                            <\/div>\n                          <\/div>\n                        <\/div>\n                      <\/div>\n                    <\/div>\n                    <div class=\"h-column h-column-container d-flex h-col-lg-auto h-col-md-auto h-col-auto style-1107-outer style-local-84-c8-outer\">\n                      <div data-colibri-id=\"84-c8\" class=\"d-flex h-flex-basis h-column__inner h-ui-empty-state-container h-px-lg-0 h-px-md-0 h-px-0 v-inner-lg-0 v-inner-md-0 v-inner-0 style-1107 style-local-84-c8 position-relative\">\n                        <!---->\n                        <!---->\n                        <div class=\"w-100 h-y-container h-column__content h-column__v-align flex-basis-100\">\n                          <!---->\n                        <\/div>\n                      <\/div>\n                    <\/div>\n                  <\/div>\n                <\/div>\n                <div data-colibri-id=\"84-c9\" class=\"h-row-container gutters-row-lg-2 gutters-row-md-2 gutters-row-2 gutters-row-v-lg-2 gutters-row-v-md-2 gutters-row-v-2 style-1103 style-local-84-c9 position-relative\">\n                  <!---->\n                  <div class=\"h-row justify-content-lg-center justify-content-md-center justify-content-center align-items-lg-stretch align-items-md-stretch align-items-stretch gutters-col-lg-2 gutters-col-md-2 gutters-col-2 gutters-col-v-lg-2 gutters-col-v-md-2 gutters-col-v-2\">\n                    <!---->\n                    <div class=\"h-column h-column-container d-flex h-col-lg-auto h-col-md-auto h-col-auto style-1108-outer style-local-84-c10-outer\">\n                      <div data-colibri-id=\"84-c10\" class=\"d-flex h-flex-basis h-column__inner h-ui-empty-state-container h-px-lg-0 h-px-md-0 h-px-0 v-inner-lg-0 v-inner-md-0 v-inner-0 style-1108 style-local-84-c10 position-relative\">\n                        <!---->\n                        <!---->\n                        <div class=\"w-100 h-y-container h-column__content h-column__v-align flex-basis-100\">\n                          <!---->\n                        <\/div>\n                      <\/div>\n                    <\/div>\n                    <div class=\"h-column h-column-container d-flex h-col-lg-auto h-col-md-auto h-col-auto style-1104-outer style-local-84-c11-outer\">\n                      <div data-colibri-id=\"84-c11\" class=\"d-flex h-flex-basis h-column__inner h-px-lg-0 h-px-md-0 h-px-0 v-inner-lg-0 v-inner-md-0 v-inner-0 style-1104 style-local-84-c11 position-relative\">\n                        <!---->\n                        <!---->\n                        <div class=\"w-100 h-y-container h-column__content h-column__v-align flex-basis-100 align-self-lg-center align-self-md-center align-self-center\">\n                          <!---->\n                          <div data-colibri-id=\"84-c12\" class=\"h-text h-text-component style-1106 style-local-84-c12 position-relative h-element\">\n                            <!---->\n                            <!---->\n                            <div class=\"\">\n                              <p>Die Margareteninsel ist ein Inselpark in der Mitte der Donau. Hier kann man nach einem langen Spaziergang entspannen, ein Picknick genie\u00dfen oder den Spaziergang durch den Park fortsetzen. Die bekannteste Attraktion im Park ist der Musikbrunnen, der jede volle Stunde 15 Minuten spielt und um 21:00 Uhr eine fantastische einst\u00fcndige Show bietet.&nbsp;<\/p>\n                              <p>\n                                <br>\n                              <\/p>\n                            <\/div>\n                          <\/div>\n                        <\/div>\n                      <\/div>\n                    <\/div>\n                  <\/div>\n                <\/div>\n                <div data-colibri-id=\"84-c13\" class=\"h-row-container gutters-row-lg-2 gutters-row-md-2 gutters-row-2 gutters-row-v-lg-2 gutters-row-v-md-2 gutters-row-v-2 style-1103 style-local-84-c13 position-relative\">\n                  <!---->\n                  <div class=\"h-row justify-content-lg-center justify-content-md-center justify-content-center align-items-lg-stretch align-items-md-stretch align-items-stretch gutters-col-lg-2 gutters-col-md-2 gutters-col-2 gutters-col-v-lg-2 gutters-col-v-md-2 gutters-col-v-2\">\n                    <!---->\n                    <div class=\"h-column h-column-container d-flex h-col-lg-auto h-col-md-auto h-col-auto style-1104-outer style-local-84-c14-outer\">\n                      <div data-colibri-id=\"84-c14\" class=\"d-flex h-flex-basis h-column__inner h-px-lg-0 h-px-md-0 h-px-0 v-inner-lg-0 v-inner-md-0 v-inner-0 style-1104 style-local-84-c14 position-relative\">\n                        <!---->\n                        <!---->\n                        <div class=\"w-100 h-y-container h-column__content h-column__v-align flex-basis-100 align-self-lg-center align-self-md-center align-self-center\">\n                          <!---->\n                          <div data-colibri-id=\"84-c15\" class=\"h-text h-text-component style-1106 style-local-84-c15 position-relative h-element\">\n                            <!---->\n                            <!---->\n                            <div class=\"\">\n                              <p>\n                                <br>\n                              <\/p>\n                              <p>\n                                <br>\n                              <\/p>\n                              <p>Die Stephansbasilika ist die gr\u00f6\u00dfte Kirche in Budapest und befindet sich an einem sch\u00f6nen Platz auf der Pest-Seite der Donau. In dieser Kirche befindet sich eine wichtige Reliquie: die Hand von K\u00f6nig Stephan, dem ersten K\u00f6nig von Ungarn. Der Kirchturm kann ebenfalls bestiegen werden und bietet einen wundersch\u00f6nen Blick auf diese pr\u00e4chtige Stadt.&nbsp;\n                                <br>\n                                <br>Die Kettenbr\u00fccke verbindet Buda und Pest, und die \u00dcberquerung lohnt sich sowohl tags\u00fcber als auch nachts. Die Gro\u00dfe Markthalle ist eine der sch\u00f6nsten Markthallen Europas. Hier kann man herrlich herumschlendern. Hinter dem Heldenplatz befindet sich V\u00e1rosliget, der Stadtpark von Budapest. In diesem Park findet man das Vajdahunyad-Schloss, den Zoo und das Sz\u00e9chenyi-Bad. Es gibt auch einen kleinen See, an dem man Boote mieten kann. Im Winter wird dieser in eine Eislaufbahn verwandelt.&nbsp;<\/p>\n                              <p>\n                                <br>\n                              <\/p>\n                            <\/div>\n                          <\/div>\n                        <\/div>\n                      <\/div>\n                    <\/div>\n                    <div class=\"h-column h-column-container d-flex h-col-lg-auto h-col-md-auto h-col-auto style-1111-outer style-local-84-c16-outer\">\n                      <div data-colibri-id=\"84-c16\" class=\"d-flex h-flex-basis h-column__inner h-ui-empty-state-container h-px-lg-0 h-px-md-0 h-px-0 v-inner-lg-0 v-inner-md-0 v-inner-0 style-1111 style-local-84-c16 position-relative\">\n                        <!---->\n                        <!---->\n                        <div class=\"w-100 h-y-container h-column__content h-column__v-align flex-basis-100\">\n                          <!---->\n                        <\/div>\n                      <\/div>\n                    <\/div>\n                  <\/div>\n                <\/div>\n              <\/div>\n            <\/div>\n          <\/div>\n        <\/div>\n      <\/div>\n      <div data-colibri-id=\"84-c17\" class=\"h-row-container gutters-row-lg-2 gutters-row-md-2 gutters-row-0 gutters-row-v-lg-2 gutters-row-v-md-2 gutters-row-v-2 style-1119 style-local-84-c17 position-relative\">\n        <!---->\n        <div class=\"h-row justify-content-lg-center justify-content-md-center justify-content-center align-items-lg-stretch align-items-md-stretch align-items-stretch gutters-col-lg-2 gutters-col-md-2 gutters-col-0 gutters-col-v-lg-2 gutters-col-v-md-2 gutters-col-v-2\">\n          <!---->\n          <div class=\"h-column h-column-container d-flex h-col-lg-auto h-col-md-auto h-col-auto style-1120-outer style-local-84-c18-outer\">\n            <div data-colibri-id=\"84-c18\" class=\"d-flex h-flex-basis h-column__inner h-px-lg-2 h-px-md-2 h-px-2 v-inner-lg-2 v-inner-md-2 v-inner-2 style-1120 style-local-84-c18 position-relative\">\n              <!---->\n              <!---->\n              <div class=\"w-100 h-y-container h-column__content h-column__v-align flex-basis-100 align-self-lg-start align-self-md-start align-self-start\">\n                <!---->\n                <div data-colibri-id=\"84-c19\" class=\"h-text h-text-component style-1121 style-local-84-c19 position-relative h-element\">\n                  <!---->\n                  <!---->\n                  <div class=\"\">\n                    <p>Der Heldenplatz wurde zum Tausendj\u00e4hrigen Jubil\u00e4um Ungarns erbaut und ist der gr\u00f6\u00dfte Platz in Budapest. In der Mitte des Platzes steht das Millennium-Denkmal, das an die Geschichte Ungarns und die sieben St\u00e4mme erinnert, die Ungarn gr\u00fcndeten.&nbsp;<\/p>\n                    <p>Dar\u00fcber hinaus gibt es viele andere Aktivit\u00e4ten in Budapest, und es gibt genug Caf\u00e9s, in denen du ein leckeres Snack und Getr\u00e4nk genie\u00dfen kannst.&nbsp;<\/p>\n                    <p>\n                      <br>\n                    <\/p>\n                  <\/div>\n                <\/div>\n                <div data-colibri-id=\"84-c20\" class=\"h-x-container style-1124 style-local-84-c20 position-relative h-element\">\n                  <!---->\n                  <div class=\"h-x-container-inner style-dynamic-84-c20-group style-1124-spacing style-local-84-c20-spacing\"><span class=\"h-button__outer style-650-outer style-local-84-c21-outer d-inline-flex h-element\"><a h-use-smooth-scroll=\"true\" href=\"https:\/\/welovebudapest.com\"  data-colibri-id=\"84-c21\" class=\"d-flex w-100 align-items-center h-button justify-content-lg-center justify-content-md-center justify-content-center style-650 style-local-84-c21 position-relative\"><!----><!----> <span>Webseite<\/span><\/a>\n                    <\/span>\n                  <\/div>\n                <\/div>\n              <\/div>\n            <\/div>\n          <\/div>\n        <\/div>\n      <\/div>\n    <\/div>\n  <\/div>\n<\/div>","protected":false},"excerpt":{"rendered":"<p>Boedapest Boedapest is gelegen aan weerszijde van de Donau. In 1873 werden Boeda en \u00d3buda aan de Westerlijke oever van de Donau met Pest aan de Oostelijke oever van de Donau, de stad die het nu is. De stad telt 1,7 miljoen inwoners.&nbsp; Het Hongaars parlementsgebouw ligt op een prachtige plek aan de Donau. Het [&hellip;]<\/p>\n","protected":false},"author":1,"featured_media":0,"parent":126,"menu_order":2,"comment_status":"closed","ping_status":"closed","template":"page-templates\/full-width-page.php","meta":{"footnotes":""},"class_list":["post-84","page","type-page","status-publish","hentry"],"yoast_head":"<!-- This site is optimized with the Yoast SEO plugin v27.5 - https:\/\/yoast.com\/product\/yoast-seo-wordpress\/ -->\n<title>Boedapest<\/title>\n<meta name=\"description\" content=\"Boedapest is de hoofdstad van Hongarije en is ongeveer 5 kwartier rijden vanaf de camping. Een dagje Boedapest is zeker een aanrader.\" \/>\n<meta name=\"robots\" content=\"index, follow, max-snippet:-1, max-image-preview:large, max-video-preview:-1\" \/>\n<link rel=\"canonical\" href=\"https:\/\/kugundua.eu\/de_de\/staedte-ungarn\/budapest-reisetipps\/\" \/>\n<meta property=\"og:locale\" content=\"de_DE\" \/>\n<meta property=\"og:type\" content=\"article\" \/>\n<meta property=\"og:title\" content=\"Boedapest\" \/>\n<meta property=\"og:description\" content=\"Boedapest is de hoofdstad van Hongarije en is ongeveer 5 kwartier rijden vanaf de camping. Een dagje Boedapest is zeker een aanrader.\" \/>\n<meta property=\"og:url\" content=\"https:\/\/kugundua.eu\/de_de\/staedte-ungarn\/budapest-reisetipps\/\" \/>\n<meta property=\"og:site_name\" content=\"Camping Kugundua\" \/>\n<meta property=\"article:publisher\" content=\"https:\/\/www.facebook.com\/Kugundua\/\" \/>\n<meta property=\"article:modified_time\" content=\"2026-03-28T13:50:33+00:00\" \/>\n<meta name=\"twitter:card\" content=\"summary_large_image\" \/>\n<meta name=\"twitter:label1\" content=\"Gesch\u00e4tzte Lesezeit\" \/>\n\t<meta name=\"twitter:data1\" content=\"3\u00a0Minuten\" \/>\n<script type=\"application\/ld+json\" class=\"yoast-schema-graph\">{\"@context\":\"https:\\\/\\\/schema.org\",\"@graph\":[{\"@type\":\"WebPage\",\"@id\":\"https:\\\/\\\/kugundua.eu\\\/steden\\\/boedapest\\\/\",\"url\":\"https:\\\/\\\/kugundua.eu\\\/steden\\\/boedapest\\\/\",\"name\":\"Boedapest\",\"isPartOf\":{\"@id\":\"https:\\\/\\\/kugundua.eu\\\/#website\"},\"datePublished\":\"2022-05-19T06:20:39+00:00\",\"dateModified\":\"2026-03-28T13:50:33+00:00\",\"description\":\"Boedapest is de hoofdstad van Hongarije en is ongeveer 5 kwartier rijden vanaf de camping. Een dagje Boedapest is zeker een aanrader.\",\"breadcrumb\":{\"@id\":\"https:\\\/\\\/kugundua.eu\\\/steden\\\/boedapest\\\/#breadcrumb\"},\"inLanguage\":\"de\",\"potentialAction\":[{\"@type\":\"ReadAction\",\"target\":[\"https:\\\/\\\/kugundua.eu\\\/steden\\\/boedapest\\\/\"]}]},{\"@type\":\"BreadcrumbList\",\"@id\":\"https:\\\/\\\/kugundua.eu\\\/steden\\\/boedapest\\\/#breadcrumb\",\"itemListElement\":[{\"@type\":\"ListItem\",\"position\":1,\"name\":\"Home\",\"item\":\"https:\\\/\\\/kugundua.eu\\\/\"},{\"@type\":\"ListItem\",\"position\":2,\"name\":\"Steden\",\"item\":\"https:\\\/\\\/kugundua.eu\\\/steden\\\/\"},{\"@type\":\"ListItem\",\"position\":3,\"name\":\"Boedapest\"}]},{\"@type\":\"WebSite\",\"@id\":\"https:\\\/\\\/kugundua.eu\\\/#website\",\"url\":\"https:\\\/\\\/kugundua.eu\\\/\",\"name\":\"Camping Kugundua\",\"description\":\"Be Active &amp; Chill Out\",\"publisher\":{\"@id\":\"https:\\\/\\\/kugundua.eu\\\/#organization\"},\"potentialAction\":[{\"@type\":\"SearchAction\",\"target\":{\"@type\":\"EntryPoint\",\"urlTemplate\":\"https:\\\/\\\/kugundua.eu\\\/?s={search_term_string}\"},\"query-input\":{\"@type\":\"PropertyValueSpecification\",\"valueRequired\":true,\"valueName\":\"search_term_string\"}}],\"inLanguage\":\"de\"},{\"@type\":\"Organization\",\"@id\":\"https:\\\/\\\/kugundua.eu\\\/#organization\",\"name\":\"Kugundua\",\"url\":\"https:\\\/\\\/kugundua.eu\\\/\",\"logo\":{\"@type\":\"ImageObject\",\"inLanguage\":\"de\",\"@id\":\"https:\\\/\\\/kugundua.eu\\\/#\\\/schema\\\/logo\\\/image\\\/\",\"url\":\"https:\\\/\\\/kugundua.eu\\\/wp-content\\\/uploads\\\/2022\\\/12\\\/cropped-cropped-Kugundua-Logo-Outline-Transparant151-1.png\",\"contentUrl\":\"https:\\\/\\\/kugundua.eu\\\/wp-content\\\/uploads\\\/2022\\\/12\\\/cropped-cropped-Kugundua-Logo-Outline-Transparant151-1.png\",\"width\":185,\"height\":151,\"caption\":\"Kugundua\"},\"image\":{\"@id\":\"https:\\\/\\\/kugundua.eu\\\/#\\\/schema\\\/logo\\\/image\\\/\"},\"sameAs\":[\"https:\\\/\\\/www.facebook.com\\\/Kugundua\\\/\",\"https:\\\/\\\/www.instagram.com\\\/kugundua.hu\\\/\",\"https:\\\/\\\/www.youtube.com\\\/channel\\\/UCIVA4wWJvf5lmgWvJfxKIJQ\"]}]}<\/script>\n<!-- \/ Yoast SEO plugin. -->","yoast_head_json":{"title":"Budapest","description":"Budapest ist die Hauptstadt Ungarns und liegt etwa 15 Autominuten vom Campingplatz entfernt. Ein Tag in Budapest ist sehr empfehlenswert.","robots":{"index":"index","follow":"follow","max-snippet":"max-snippet:-1","max-image-preview":"max-image-preview:large","max-video-preview":"max-video-preview:-1"},"canonical":"https:\/\/kugundua.eu\/de_de\/staedte-ungarn\/budapest-reisetipps\/","og_locale":"de_DE","og_type":"article","og_title":"Boedapest","og_description":"Boedapest is de hoofdstad van Hongarije en is ongeveer 5 kwartier rijden vanaf de camping. Een dagje Boedapest is zeker een aanrader.","og_url":"https:\/\/kugundua.eu\/de_de\/staedte-ungarn\/budapest-reisetipps\/","og_site_name":"Camping Kugundua","article_publisher":"https:\/\/www.facebook.com\/Kugundua\/","article_modified_time":"2026-03-28T13:50:33+00:00","twitter_card":"summary_large_image","twitter_misc":{"Gesch\u00e4tzte Lesezeit":"3\u00a0Minuten"},"schema":{"@context":"https:\/\/schema.org","@graph":[{"@type":"WebPage","@id":"https:\/\/kugundua.eu\/steden\/boedapest\/","url":"https:\/\/kugundua.eu\/steden\/boedapest\/","name":"Budapest","isPartOf":{"@id":"https:\/\/kugundua.eu\/#website"},"datePublished":"2022-05-19T06:20:39+00:00","dateModified":"2026-03-28T13:50:33+00:00","description":"Budapest ist die Hauptstadt Ungarns und liegt etwa 15 Autominuten vom Campingplatz entfernt. Ein Tag in Budapest ist sehr empfehlenswert.","breadcrumb":{"@id":"https:\/\/kugundua.eu\/steden\/boedapest\/#breadcrumb"},"inLanguage":"de","potentialAction":[{"@type":"ReadAction","target":["https:\/\/kugundua.eu\/steden\/boedapest\/"]}]},{"@type":"BreadcrumbList","@id":"https:\/\/kugundua.eu\/steden\/boedapest\/#breadcrumb","itemListElement":[{"@type":"ListItem","position":1,"name":"Home","item":"https:\/\/kugundua.eu\/"},{"@type":"ListItem","position":2,"name":"Steden","item":"https:\/\/kugundua.eu\/steden\/"},{"@type":"ListItem","position":3,"name":"Boedapest"}]},{"@type":"WebSite","@id":"https:\/\/kugundua.eu\/#website","url":"https:\/\/kugundua.eu\/","name":"Camping Kugundua","description":"Aktiv sein und entspannen","publisher":{"@id":"https:\/\/kugundua.eu\/#organization"},"potentialAction":[{"@type":"SearchAction","target":{"@type":"EntryPoint","urlTemplate":"https:\/\/kugundua.eu\/?s={search_term_string}"},"query-input":{"@type":"PropertyValueSpecification","valueRequired":true,"valueName":"search_term_string"}}],"inLanguage":"de"},{"@type":"Organization","@id":"https:\/\/kugundua.eu\/#organization","name":"Kugundua","url":"https:\/\/kugundua.eu\/","logo":{"@type":"ImageObject","inLanguage":"de","@id":"https:\/\/kugundua.eu\/#\/schema\/logo\/image\/","url":"https:\/\/kugundua.eu\/wp-content\/uploads\/2022\/12\/cropped-cropped-Kugundua-Logo-Outline-Transparant151-1.png","contentUrl":"https:\/\/kugundua.eu\/wp-content\/uploads\/2022\/12\/cropped-cropped-Kugundua-Logo-Outline-Transparant151-1.png","width":185,"height":151,"caption":"Kugundua"},"image":{"@id":"https:\/\/kugundua.eu\/#\/schema\/logo\/image\/"},"sameAs":["https:\/\/www.facebook.com\/Kugundua\/","https:\/\/www.instagram.com\/kugundua.hu\/","https:\/\/www.youtube.com\/channel\/UCIVA4wWJvf5lmgWvJfxKIJQ"]}]}},"_links":{"self":[{"href":"https:\/\/kugundua.eu\/de_de\/wp-json\/wp\/v2\/pages\/84","targetHints":{"allow":["GET"]}}],"collection":[{"href":"https:\/\/kugundua.eu\/de_de\/wp-json\/wp\/v2\/pages"}],"about":[{"href":"https:\/\/kugundua.eu\/de_de\/wp-json\/wp\/v2\/types\/page"}],"author":[{"embeddable":true,"href":"https:\/\/kugundua.eu\/de_de\/wp-json\/wp\/v2\/users\/1"}],"replies":[{"embeddable":true,"href":"https:\/\/kugundua.eu\/de_de\/wp-json\/wp\/v2\/comments?post=84"}],"version-history":[{"count":10,"href":"https:\/\/kugundua.eu\/de_de\/wp-json\/wp\/v2\/pages\/84\/revisions"}],"predecessor-version":[{"id":26312,"href":"https:\/\/kugundua.eu\/de_de\/wp-json\/wp\/v2\/pages\/84\/revisions\/26312"}],"up":[{"embeddable":true,"href":"https:\/\/kugundua.eu\/de_de\/wp-json\/wp\/v2\/pages\/126"}],"wp:attachment":[{"href":"https:\/\/kugundua.eu\/de_de\/wp-json\/wp\/v2\/media?parent=84"}],"curies":[{"name":"wp","href":"https:\/\/api.w.org\/{rel}","templated":true}]}}