{"id":58,"date":"2022-05-19T06:13:49","date_gmt":"2022-05-19T06:13:49","guid":{"rendered":"http:\/\/kugundua.eu\/?page_id=58"},"modified":"2026-03-28T12:52:18","modified_gmt":"2026-03-28T12:52:18","slug":"wandelen-in-hongarije","status":"publish","type":"page","link":"https:\/\/kugundua.eu\/de_de\/aktivurlaub-camping-ungarn\/wandern-in-ungarn\/","title":{"rendered":"Wandern"},"content":{"rendered":"<div data-colibri-id=\"58-c1\" class=\"style-1269 style-local-58-c1 position-relative\">\n  <!---->\n  <div data-colibri-component=\"section\" data-colibri-id=\"58-c2\" id=\"content\" class=\"h-section h-section-global-spacing d-flex align-items-lg-center align-items-md-center align-items-center style-1270 style-local-58-c2 position-relative\">\n    <!---->\n    <!---->\n    <div class=\"h-section-grid-container h-section-boxed-container\">\n      <div data-colibri-id=\"58-c23\" class=\"h-row-container gutters-row-lg-2 gutters-row-md-2 gutters-row-2 gutters-row-v-lg-2 gutters-row-v-md-2 gutters-row-v-2 style-1282 style-local-58-c23 position-relative\">\n        <!---->\n        <div class=\"h-row justify-content-lg-center justify-content-md-center justify-content-center align-items-lg-stretch align-items-md-stretch align-items-stretch gutters-col-lg-2 gutters-col-md-2 gutters-col-2 gutters-col-v-lg-2 gutters-col-v-md-2 gutters-col-v-2\">\n          <!---->\n          <div class=\"h-column h-column-container d-flex h-col-lg-auto h-col-md-auto h-col-auto style-1283-outer style-local-58-c24-outer\">\n            <div data-colibri-id=\"58-c24\" class=\"d-flex h-flex-basis h-column__inner h-px-lg-2 h-px-md-2 h-px-2 v-inner-lg-2 v-inner-md-2 v-inner-2 style-1283 style-local-58-c24 position-relative\">\n              <!---->\n              <!---->\n              <div class=\"w-100 h-y-container h-column__content h-column__v-align flex-basis-100 align-self-lg-start align-self-md-start align-self-start\">\n                <!---->\n                <div data-colibri-id=\"58-c25\" class=\"h-global-transition-all h-heading style-1284 style-local-58-c25 position-relative h-element\">\n                  <!---->\n                  <div class=\"h-heading__outer style-1284 style-local-58-c25\">\n                    <!---->\n                    <!---->\n                    <h2 class=\"\">Wandern<\/h2>\n                  <\/div>\n                <\/div>\n                <div data-colibri-id=\"58-c26\" class=\"h-lead h-text h-text-component style-1258 style-local-58-c26 position-relative h-element\">\n                  <!---->\n                  <!---->\n                  <div class=\"\">\n                    <p><span style=\"font-weight: 300; font-family: &quot;Open Sans&quot;;\">Wandern in Ungarn ist eine hervorragende M\u00f6glichkeit, die Umgebung zu erkunden. Wandern ist eine ausgezeichnete M\u00f6glichkeit, die Umgebung des Campingplatzes zu entdecken. In der Umgebung gibt es verschiedene Wanderwege, die in einem der touristischen D\u00f6rfer\/Orte oder in einem Nationalpark beginnen.<\/span>\n                      <span\n                        style=\"font-family: &quot;Open Sans&quot;; font-weight: 300; font-size: 12pt; color: rgb(0, 0, 0);\">\n                        <br>\n                        <\/span>\n                    <\/p>\n                  <\/div>\n                <\/div>\n              <\/div>\n            <\/div>\n          <\/div>\n        <\/div>\n      <\/div>\n      <div data-colibri-id=\"58-c3\" class=\"h-row-container gutters-row-lg-2 gutters-row-md-2 gutters-row-2 gutters-row-v-lg-2 gutters-row-v-md-2 gutters-row-v-2 style-1271 style-local-58-c3 position-relative\">\n        <!---->\n        <div class=\"h-row justify-content-lg-center justify-content-md-center justify-content-center align-items-lg-stretch align-items-md-stretch align-items-stretch gutters-col-lg-2 gutters-col-md-2 gutters-col-2 gutters-col-v-lg-2 gutters-col-v-md-2 gutters-col-v-2\">\n          <!---->\n          <div class=\"h-column h-column-container d-flex h-col-lg-auto h-col-md-auto h-col-auto style-328-outer style-local-58-c4-outer\">\n            <div data-colibri-id=\"58-c4\" class=\"d-flex h-flex-basis h-column__inner h-px-lg-0 h-px-md-0 h-px-0 v-inner-lg-0 v-inner-md-0 v-inner-0 style-328 style-local-58-c4 position-relative\">\n              <!---->\n              <!---->\n              <div class=\"w-100 h-y-container h-column__content h-column__v-align flex-basis-100 align-self-lg-start align-self-md-start align-self-start\">\n                <!---->\n                <div data-colibri-id=\"58-c5\" class=\"h-row-container gutters-row-lg-2 gutters-row-md-2 gutters-row-2 gutters-row-v-lg-2 gutters-row-v-md-2 gutters-row-v-2 style-1273 style-local-58-c5 position-relative\">\n                  <!---->\n                  <div class=\"h-row justify-content-lg-center justify-content-md-center justify-content-center align-items-lg-stretch align-items-md-stretch align-items-stretch gutters-col-lg-2 gutters-col-md-2 gutters-col-2 gutters-col-v-lg-2 gutters-col-v-md-2 gutters-col-v-2\">\n                    <!---->\n                    <div class=\"h-column h-column-container d-flex h-col-lg-auto h-col-md-auto h-col-auto style-1274-outer style-local-58-c6-outer\">\n                      <div data-colibri-id=\"58-c6\" class=\"d-flex h-flex-basis h-column__inner h-px-lg-0 h-px-md-0 h-px-0 v-inner-lg-0 v-inner-md-0 v-inner-0 style-1274 style-local-58-c6 position-relative\">\n                        <!---->\n                        <!---->\n                        <div class=\"w-100 h-y-container h-column__content h-column__v-align flex-basis-100 align-self-lg-center align-self-md-center align-self-center\">\n                          <!---->\n                          <div data-colibri-id=\"58-c7\" class=\"h-text h-text-component style-1249 style-local-58-c7 position-relative h-element\">\n                            <!---->\n                            <!---->\n                            <div class=\"\">\n                              <p><span style=\"color: rgb(0, 0, 0); font-size: 12pt; font-weight: 400; font-family: &quot;Open Sans&quot;;\">Verschiedene Gebiete k\u00f6nnen entdeckt werden, wie die weite Puszta und Ackerland oder eine anspruchsvolle Wanderung in den H\u00fcgeln und Bergen des B\u00fckk-Nationalparks<\/span><\/p>\n                            <\/div>\n                          <\/div>\n                        <\/div>\n                      <\/div>\n                    <\/div>\n                    <div class=\"h-column h-column-container d-flex h-col-lg-auto h-col-md-auto h-col-auto style-1277-outer style-local-58-c8-outer\">\n                      <div data-colibri-id=\"58-c8\" class=\"d-flex h-flex-basis h-column__inner h-ui-empty-state-container h-px-lg-0 h-px-md-0 h-px-0 v-inner-lg-0 v-inner-md-0 v-inner-0 style-1277 style-local-58-c8 position-relative\">\n                        <!---->\n                        <!---->\n                        <div class=\"w-100 h-y-container h-column__content h-column__v-align flex-basis-100\">\n                          <!---->\n                        <\/div>\n                      <\/div>\n                    <\/div>\n                  <\/div>\n                <\/div>\n                <div data-colibri-id=\"58-c9\" class=\"h-row-container gutters-row-lg-2 gutters-row-md-2 gutters-row-2 gutters-row-v-lg-2 gutters-row-v-md-2 gutters-row-v-2 style-1273 style-local-58-c9 position-relative\">\n                  <!---->\n                  <div class=\"h-row justify-content-lg-center justify-content-md-center justify-content-center align-items-lg-stretch align-items-md-stretch align-items-stretch gutters-col-lg-2 gutters-col-md-2 gutters-col-2 gutters-col-v-lg-2 gutters-col-v-md-2 gutters-col-v-2\">\n                    <!---->\n                    <div class=\"h-column h-column-container d-flex h-col-lg-auto h-col-md-auto h-col-auto style-1278-outer style-local-58-c10-outer\">\n                      <div data-colibri-id=\"58-c10\" class=\"d-flex h-flex-basis h-column__inner h-ui-empty-state-container h-px-lg-0 h-px-md-0 h-px-0 v-inner-lg-0 v-inner-md-0 v-inner-0 style-1278 style-local-58-c10 position-relative\">\n                        <!---->\n                        <!---->\n                        <div class=\"w-100 h-y-container h-column__content h-column__v-align flex-basis-100\">\n                          <!---->\n                        <\/div>\n                      <\/div>\n                    <\/div>\n                    <div class=\"h-column h-column-container d-flex h-col-lg-auto h-col-md-auto h-col-auto style-1274-outer style-local-58-c11-outer\">\n                      <div data-colibri-id=\"58-c11\" class=\"d-flex h-flex-basis h-column__inner h-px-lg-0 h-px-md-0 h-px-0 v-inner-lg-0 v-inner-md-0 v-inner-0 style-1274 style-local-58-c11 position-relative\">\n                        <!---->\n                        <!---->\n                        <div class=\"w-100 h-y-container h-column__content h-column__v-align flex-basis-100 align-self-lg-center align-self-md-center align-self-center\">\n                          <!---->\n                          <div data-colibri-id=\"58-c12\" class=\"h-text h-text-component style-1249 style-local-58-c12 position-relative h-element\">\n                            <!---->\n                            <!---->\n                            <div class=\"\">\n                              <p>Durch die g\u00fcnstige Lage des Campingplatzes gibt es verschiedene Gebiete in der Umgebung, die mit dem Auto erreichbar sind. Entlang der Tisza, in der Puszta, im Borsod-Mez\u0151s\u00e9g Park neben dem Campingplatz oder die H\u00fcgel und Berge im Norden Ungarns. Neben der Natur kann man auch einen sch\u00f6nen Stadtspaziergang durch Eger oder eines der anderen sch\u00f6nen D\u00f6rfer oder St\u00e4dte in der N\u00e4he machen.<\/p>\n                              <p>\n                                <br>\n                              <\/p>\n                            <\/div>\n                          <\/div>\n                        <\/div>\n                      <\/div>\n                    <\/div>\n                  <\/div>\n                <\/div>\n                <div data-colibri-id=\"58-c13\" class=\"h-row-container gutters-row-lg-2 gutters-row-md-2 gutters-row-2 gutters-row-v-lg-2 gutters-row-v-md-2 gutters-row-v-2 style-1273 style-local-58-c13 position-relative\">\n                  <!---->\n                  <div class=\"h-row justify-content-lg-center justify-content-md-center justify-content-center align-items-lg-stretch align-items-md-stretch align-items-stretch gutters-col-lg-2 gutters-col-md-2 gutters-col-2 gutters-col-v-lg-2 gutters-col-v-md-2 gutters-col-v-2\">\n                    <!---->\n                    <div class=\"h-column h-column-container d-flex h-col-lg-auto h-col-md-auto h-col-auto style-1274-outer style-local-58-c14-outer\">\n                      <div data-colibri-id=\"58-c14\" class=\"d-flex h-flex-basis h-column__inner h-px-lg-0 h-px-md-0 h-px-0 v-inner-lg-0 v-inner-md-0 v-inner-0 style-1274 style-local-58-c14 position-relative\">\n                        <!---->\n                        <!---->\n                        <div class=\"w-100 h-y-container h-column__content h-column__v-align flex-basis-100 align-self-lg-center align-self-md-center align-self-center\">\n                          <!---->\n                          <div data-colibri-id=\"58-c15\" class=\"h-text h-text-component style-1249 style-local-58-c15 position-relative h-element\">\n                            <!---->\n                            <!---->\n                            <div class=\"\">\n                              <p>Wenn Sie gerne in Ungarn wandern, die Umgebung unseres Campingplatzes erkunden und deshalb nach sch\u00f6nen und interessanten Wanderungen suchen, schauen wir gerne mit Ihnen die M\u00f6glichkeiten an. Wir sind selbst regelm\u00e4\u00dfig in der Umgebung aktiv, um die sch\u00f6nsten Pfade und Orte zu entdecken. \u00dcber den untenstehenden Button erfahren Sie mehr dar\u00fcber.&nbsp;<\/p>\n                            <\/div>\n                          <\/div>\n                        <\/div>\n                      <\/div>\n                    <\/div>\n                    <div class=\"h-column h-column-container d-flex h-col-lg-auto h-col-md-auto h-col-auto style-1281-outer style-local-58-c16-outer\">\n                      <div data-colibri-id=\"58-c16\" class=\"d-flex h-flex-basis h-column__inner h-ui-empty-state-container h-px-lg-0 h-px-md-0 h-px-0 v-inner-lg-0 v-inner-md-0 v-inner-0 style-1281 style-local-58-c16 position-relative\">\n                        <!---->\n                        <!---->\n                        <div class=\"w-100 h-y-container h-column__content h-column__v-align flex-basis-100\">\n                          <!---->\n                        <\/div>\n                      <\/div>\n                    <\/div>\n                  <\/div>\n                <\/div>\n                <div data-colibri-id=\"58-c27\" class=\"h-x-container style-1576 style-local-58-c27 position-relative h-element\">\n                  <!---->\n                  <div class=\"h-x-container-inner style-dynamic-58-c27-group style-1576-spacing style-local-58-c27-spacing\"><span class=\"h-button__outer style-650-outer style-local-58-c28-outer d-inline-flex h-element\"><a h-use-smooth-scroll=\"true\" href=\"https:\/\/kugundua.eu\/de_de\/tett-on-tour\/\"  data-colibri-id=\"58-c28\" class=\"d-flex w-100 align-items-center h-button justify-content-lg-center justify-content-md-center justify-content-center style-650 style-local-58-c28 position-relative\"><!----><!----> <span>Tett Auf Tour<\/span><\/a>\n                    <\/span>\n                  <\/div>\n                <\/div>\n              <\/div>\n            <\/div>\n          <\/div>\n        <\/div>\n      <\/div>\n      <div data-colibri-id=\"58-c19\" class=\"h-row-container gutters-row-lg-2 gutters-row-md-2 gutters-row-0 gutters-row-v-lg-2 gutters-row-v-md-2 gutters-row-v-2 style-1435 style-local-58-c19 position-relative\">\n        <!---->\n        <div class=\"h-row justify-content-lg-center justify-content-md-center justify-content-center align-items-lg-stretch align-items-md-stretch align-items-stretch gutters-col-lg-2 gutters-col-md-2 gutters-col-0 gutters-col-v-lg-2 gutters-col-v-md-2 gutters-col-v-2\">\n          <!---->\n          <div class=\"h-column h-column-container d-flex h-col-lg-auto h-col-md-auto h-col-auto style-1436-outer style-local-58-c20-outer\">\n            <div data-colibri-id=\"58-c20\" class=\"d-flex h-flex-basis h-column__inner h-px-lg-2 h-px-md-2 h-px-2 v-inner-lg-2 v-inner-md-2 v-inner-2 style-1436 style-local-58-c20 position-relative\">\n              <!---->\n              <!---->\n              <div class=\"w-100 h-y-container h-column__content h-column__v-align flex-basis-100 align-self-lg-start align-self-md-start align-self-start\">\n                <!---->\n                <div data-colibri-id=\"58-c21\" class=\"h-x-container style-1437 style-local-58-c21 position-relative h-element\">\n                  <!---->\n                  <div class=\"h-x-container-inner style-dynamic-58-c21-group style-1437-spacing style-local-58-c21-spacing\"><span class=\"h-button__outer style-650-outer style-local-58-c22-outer d-inline-flex h-element\"><a h-use-smooth-scroll=\"true\" href=\"https:\/\/kugundua.eu\/de_de\/aktivurlaub-camping-ungarn\/\"  data-colibri-id=\"58-c22\" class=\"d-flex w-100 align-items-center h-button justify-content-lg-center justify-content-md-center justify-content-center style-650 style-local-58-c22 position-relative\"><!----><!----> <span>Zur\u00fcck zu Aktiv<\/span><\/a>\n                    <\/span>\n                  <\/div>\n                <\/div>\n              <\/div>\n            <\/div>\n          <\/div>\n        <\/div>\n      <\/div>\n    <\/div>\n  <\/div>\n<\/div>","protected":false},"excerpt":{"rendered":"<p>Wandelen Wandelen in Hongarije kan naar hartelust. Wandelen is bij uitstek een goede manier om de omgeving van de camping te ontdekken. In de omgeving bevinden zich verschillende wandelroutes die starten in \u00e9\u00e9n van de toeristische dropjes\/ plekken of in een Nationaal Park. Verschillende gebieden kunnen ontdekt worden, zoals de uitgestrekte Poesta en landerijen, of [&hellip;]<\/p>\n","protected":false},"author":1,"featured_media":3368,"parent":125,"menu_order":2,"comment_status":"closed","ping_status":"closed","template":"page-templates\/full-width-page.php","meta":{"footnotes":""},"class_list":["post-58","page","type-page","status-publish","has-post-thumbnail","hentry"],"yoast_head":"<!-- This site is optimized with the Yoast SEO plugin v27.5 - https:\/\/yoast.com\/product\/yoast-seo-wordpress\/ -->\n<title>Wandelen in Hongarije<\/title>\n<meta name=\"description\" content=\"Wandelen in Hongarije kan naar hartelust. In de omgeving van de camping zijn veel mooie natuurgebieden waar gewandeld kan worden.\" \/>\n<meta name=\"robots\" content=\"index, follow, max-snippet:-1, max-image-preview:large, max-video-preview:-1\" \/>\n<link rel=\"canonical\" href=\"https:\/\/kugundua.eu\/de_de\/aktivurlaub-camping-ungarn\/wandern-in-ungarn\/\" \/>\n<meta property=\"og:locale\" content=\"de_DE\" \/>\n<meta property=\"og:type\" content=\"article\" \/>\n<meta property=\"og:title\" content=\"Wandelen in Hongarije\" \/>\n<meta property=\"og:description\" content=\"Wandelen in Hongarije kan naar hartelust. In de omgeving van de camping zijn veel mooie natuurgebieden waar gewandeld kan worden.\" \/>\n<meta property=\"og:url\" content=\"https:\/\/kugundua.eu\/de_de\/aktivurlaub-camping-ungarn\/wandern-in-ungarn\/\" \/>\n<meta property=\"og:site_name\" content=\"Camping Kugundua\" \/>\n<meta property=\"article:publisher\" content=\"https:\/\/www.facebook.com\/Kugundua\/\" \/>\n<meta property=\"article:modified_time\" content=\"2026-03-28T12:52:18+00:00\" \/>\n<meta property=\"og:image\" content=\"https:\/\/kugundua.eu\/wp-content\/uploads\/2022\/12\/60D8657D-6ED0-445C-A01A-27AAC91A8247.jpeg\" \/>\n\t<meta property=\"og:image:width\" content=\"1440\" \/>\n\t<meta property=\"og:image:height\" content=\"1080\" \/>\n\t<meta property=\"og:image:type\" content=\"image\/jpeg\" \/>\n<meta name=\"twitter:card\" content=\"summary_large_image\" \/>\n<meta name=\"twitter:label1\" content=\"Gesch\u00e4tzte Lesezeit\" \/>\n\t<meta name=\"twitter:data1\" content=\"1\u00a0Minute\" \/>\n<script type=\"application\/ld+json\" class=\"yoast-schema-graph\">{\"@context\":\"https:\\\/\\\/schema.org\",\"@graph\":[{\"@type\":\"WebPage\",\"@id\":\"https:\\\/\\\/kugundua.eu\\\/actief-omgeving-camping-hongarije\\\/wandelen-in-hongarije\\\/\",\"url\":\"https:\\\/\\\/kugundua.eu\\\/actief-omgeving-camping-hongarije\\\/wandelen-in-hongarije\\\/\",\"name\":\"Wandelen in Hongarije\",\"isPartOf\":{\"@id\":\"https:\\\/\\\/kugundua.eu\\\/#website\"},\"primaryImageOfPage\":{\"@id\":\"https:\\\/\\\/kugundua.eu\\\/actief-omgeving-camping-hongarije\\\/wandelen-in-hongarije\\\/#primaryimage\"},\"image\":{\"@id\":\"https:\\\/\\\/kugundua.eu\\\/actief-omgeving-camping-hongarije\\\/wandelen-in-hongarije\\\/#primaryimage\"},\"thumbnailUrl\":\"https:\\\/\\\/kugundua.eu\\\/wp-content\\\/uploads\\\/2022\\\/12\\\/60D8657D-6ED0-445C-A01A-27AAC91A8247.jpeg\",\"datePublished\":\"2022-05-19T06:13:49+00:00\",\"dateModified\":\"2026-03-28T12:52:18+00:00\",\"description\":\"Wandelen in Hongarije kan naar hartelust. In de omgeving van de camping zijn veel mooie natuurgebieden waar gewandeld kan worden.\",\"breadcrumb\":{\"@id\":\"https:\\\/\\\/kugundua.eu\\\/actief-omgeving-camping-hongarije\\\/wandelen-in-hongarije\\\/#breadcrumb\"},\"inLanguage\":\"de\",\"potentialAction\":[{\"@type\":\"ReadAction\",\"target\":[\"https:\\\/\\\/kugundua.eu\\\/actief-omgeving-camping-hongarije\\\/wandelen-in-hongarije\\\/\"]}]},{\"@type\":\"ImageObject\",\"inLanguage\":\"de\",\"@id\":\"https:\\\/\\\/kugundua.eu\\\/actief-omgeving-camping-hongarije\\\/wandelen-in-hongarije\\\/#primaryimage\",\"url\":\"https:\\\/\\\/kugundua.eu\\\/wp-content\\\/uploads\\\/2022\\\/12\\\/60D8657D-6ED0-445C-A01A-27AAC91A8247.jpeg\",\"contentUrl\":\"https:\\\/\\\/kugundua.eu\\\/wp-content\\\/uploads\\\/2022\\\/12\\\/60D8657D-6ED0-445C-A01A-27AAC91A8247.jpeg\",\"width\":1440,\"height\":1080,\"caption\":\"Wandelen in Hongarije.\"},{\"@type\":\"BreadcrumbList\",\"@id\":\"https:\\\/\\\/kugundua.eu\\\/actief-omgeving-camping-hongarije\\\/wandelen-in-hongarije\\\/#breadcrumb\",\"itemListElement\":[{\"@type\":\"ListItem\",\"position\":1,\"name\":\"Home\",\"item\":\"https:\\\/\\\/kugundua.eu\\\/\"},{\"@type\":\"ListItem\",\"position\":2,\"name\":\"Actief\",\"item\":\"https:\\\/\\\/kugundua.eu\\\/actief-omgeving-camping-hongarije\\\/\"},{\"@type\":\"ListItem\",\"position\":3,\"name\":\"Wandelen\"}]},{\"@type\":\"WebSite\",\"@id\":\"https:\\\/\\\/kugundua.eu\\\/#website\",\"url\":\"https:\\\/\\\/kugundua.eu\\\/\",\"name\":\"Camping Kugundua\",\"description\":\"Be Active &amp; Chill Out\",\"publisher\":{\"@id\":\"https:\\\/\\\/kugundua.eu\\\/#organization\"},\"potentialAction\":[{\"@type\":\"SearchAction\",\"target\":{\"@type\":\"EntryPoint\",\"urlTemplate\":\"https:\\\/\\\/kugundua.eu\\\/?s={search_term_string}\"},\"query-input\":{\"@type\":\"PropertyValueSpecification\",\"valueRequired\":true,\"valueName\":\"search_term_string\"}}],\"inLanguage\":\"de\"},{\"@type\":\"Organization\",\"@id\":\"https:\\\/\\\/kugundua.eu\\\/#organization\",\"name\":\"Kugundua\",\"url\":\"https:\\\/\\\/kugundua.eu\\\/\",\"logo\":{\"@type\":\"ImageObject\",\"inLanguage\":\"de\",\"@id\":\"https:\\\/\\\/kugundua.eu\\\/#\\\/schema\\\/logo\\\/image\\\/\",\"url\":\"https:\\\/\\\/kugundua.eu\\\/wp-content\\\/uploads\\\/2022\\\/12\\\/cropped-cropped-Kugundua-Logo-Outline-Transparant151-1.png\",\"contentUrl\":\"https:\\\/\\\/kugundua.eu\\\/wp-content\\\/uploads\\\/2022\\\/12\\\/cropped-cropped-Kugundua-Logo-Outline-Transparant151-1.png\",\"width\":185,\"height\":151,\"caption\":\"Kugundua\"},\"image\":{\"@id\":\"https:\\\/\\\/kugundua.eu\\\/#\\\/schema\\\/logo\\\/image\\\/\"},\"sameAs\":[\"https:\\\/\\\/www.facebook.com\\\/Kugundua\\\/\",\"https:\\\/\\\/www.instagram.com\\\/kugundua.hu\\\/\",\"https:\\\/\\\/www.youtube.com\\\/channel\\\/UCIVA4wWJvf5lmgWvJfxKIJQ\"]}]}<\/script>\n<!-- \/ Yoast SEO plugin. -->","yoast_head_json":{"title":"Wandern in Ungarn","description":"Wandern ist in Ungarn nach Herzenslust m\u00f6glich. In der Umgebung des Campingplatzes gibt es viele sch\u00f6ne Naturgebiete, in denen Sie wandern k\u00f6nnen.","robots":{"index":"index","follow":"follow","max-snippet":"max-snippet:-1","max-image-preview":"max-image-preview:large","max-video-preview":"max-video-preview:-1"},"canonical":"https:\/\/kugundua.eu\/de_de\/aktivurlaub-camping-ungarn\/wandern-in-ungarn\/","og_locale":"de_DE","og_type":"article","og_title":"Wandelen in Hongarije","og_description":"Wandelen in Hongarije kan naar hartelust. In de omgeving van de camping zijn veel mooie natuurgebieden waar gewandeld kan worden.","og_url":"https:\/\/kugundua.eu\/de_de\/aktivurlaub-camping-ungarn\/wandern-in-ungarn\/","og_site_name":"Camping Kugundua","article_publisher":"https:\/\/www.facebook.com\/Kugundua\/","article_modified_time":"2026-03-28T12:52:18+00:00","og_image":[{"width":1440,"height":1080,"url":"https:\/\/kugundua.eu\/wp-content\/uploads\/2022\/12\/60D8657D-6ED0-445C-A01A-27AAC91A8247.jpeg","type":"image\/jpeg"}],"twitter_card":"summary_large_image","twitter_misc":{"Gesch\u00e4tzte Lesezeit":"1\u00a0Minute"},"schema":{"@context":"https:\/\/schema.org","@graph":[{"@type":"WebPage","@id":"https:\/\/kugundua.eu\/actief-omgeving-camping-hongarije\/wandelen-in-hongarije\/","url":"https:\/\/kugundua.eu\/actief-omgeving-camping-hongarije\/wandelen-in-hongarije\/","name":"Wandern in Ungarn","isPartOf":{"@id":"https:\/\/kugundua.eu\/#website"},"primaryImageOfPage":{"@id":"https:\/\/kugundua.eu\/actief-omgeving-camping-hongarije\/wandelen-in-hongarije\/#primaryimage"},"image":{"@id":"https:\/\/kugundua.eu\/actief-omgeving-camping-hongarije\/wandelen-in-hongarije\/#primaryimage"},"thumbnailUrl":"https:\/\/kugundua.eu\/wp-content\/uploads\/2022\/12\/60D8657D-6ED0-445C-A01A-27AAC91A8247.jpeg","datePublished":"2022-05-19T06:13:49+00:00","dateModified":"2026-03-28T12:52:18+00:00","description":"Wandern ist in Ungarn nach Herzenslust m\u00f6glich. In der Umgebung des Campingplatzes gibt es viele sch\u00f6ne Naturgebiete, in denen Sie wandern k\u00f6nnen.","breadcrumb":{"@id":"https:\/\/kugundua.eu\/actief-omgeving-camping-hongarije\/wandelen-in-hongarije\/#breadcrumb"},"inLanguage":"de","potentialAction":[{"@type":"ReadAction","target":["https:\/\/kugundua.eu\/actief-omgeving-camping-hongarije\/wandelen-in-hongarije\/"]}]},{"@type":"ImageObject","inLanguage":"de","@id":"https:\/\/kugundua.eu\/actief-omgeving-camping-hongarije\/wandelen-in-hongarije\/#primaryimage","url":"https:\/\/kugundua.eu\/wp-content\/uploads\/2022\/12\/60D8657D-6ED0-445C-A01A-27AAC91A8247.jpeg","contentUrl":"https:\/\/kugundua.eu\/wp-content\/uploads\/2022\/12\/60D8657D-6ED0-445C-A01A-27AAC91A8247.jpeg","width":1440,"height":1080,"caption":"Wandelen in Hongarije."},{"@type":"BreadcrumbList","@id":"https:\/\/kugundua.eu\/actief-omgeving-camping-hongarije\/wandelen-in-hongarije\/#breadcrumb","itemListElement":[{"@type":"ListItem","position":1,"name":"Home","item":"https:\/\/kugundua.eu\/"},{"@type":"ListItem","position":2,"name":"Actief","item":"https:\/\/kugundua.eu\/actief-omgeving-camping-hongarije\/"},{"@type":"ListItem","position":3,"name":"Wandelen"}]},{"@type":"WebSite","@id":"https:\/\/kugundua.eu\/#website","url":"https:\/\/kugundua.eu\/","name":"Camping Kugundua","description":"Aktiv sein und entspannen","publisher":{"@id":"https:\/\/kugundua.eu\/#organization"},"potentialAction":[{"@type":"SearchAction","target":{"@type":"EntryPoint","urlTemplate":"https:\/\/kugundua.eu\/?s={search_term_string}"},"query-input":{"@type":"PropertyValueSpecification","valueRequired":true,"valueName":"search_term_string"}}],"inLanguage":"de"},{"@type":"Organization","@id":"https:\/\/kugundua.eu\/#organization","name":"Kugundua","url":"https:\/\/kugundua.eu\/","logo":{"@type":"ImageObject","inLanguage":"de","@id":"https:\/\/kugundua.eu\/#\/schema\/logo\/image\/","url":"https:\/\/kugundua.eu\/wp-content\/uploads\/2022\/12\/cropped-cropped-Kugundua-Logo-Outline-Transparant151-1.png","contentUrl":"https:\/\/kugundua.eu\/wp-content\/uploads\/2022\/12\/cropped-cropped-Kugundua-Logo-Outline-Transparant151-1.png","width":185,"height":151,"caption":"Kugundua"},"image":{"@id":"https:\/\/kugundua.eu\/#\/schema\/logo\/image\/"},"sameAs":["https:\/\/www.facebook.com\/Kugundua\/","https:\/\/www.instagram.com\/kugundua.hu\/","https:\/\/www.youtube.com\/channel\/UCIVA4wWJvf5lmgWvJfxKIJQ"]}]}},"_links":{"self":[{"href":"https:\/\/kugundua.eu\/de_de\/wp-json\/wp\/v2\/pages\/58","targetHints":{"allow":["GET"]}}],"collection":[{"href":"https:\/\/kugundua.eu\/de_de\/wp-json\/wp\/v2\/pages"}],"about":[{"href":"https:\/\/kugundua.eu\/de_de\/wp-json\/wp\/v2\/types\/page"}],"author":[{"embeddable":true,"href":"https:\/\/kugundua.eu\/de_de\/wp-json\/wp\/v2\/users\/1"}],"replies":[{"embeddable":true,"href":"https:\/\/kugundua.eu\/de_de\/wp-json\/wp\/v2\/comments?post=58"}],"version-history":[{"count":17,"href":"https:\/\/kugundua.eu\/de_de\/wp-json\/wp\/v2\/pages\/58\/revisions"}],"predecessor-version":[{"id":26103,"href":"https:\/\/kugundua.eu\/de_de\/wp-json\/wp\/v2\/pages\/58\/revisions\/26103"}],"up":[{"embeddable":true,"href":"https:\/\/kugundua.eu\/de_de\/wp-json\/wp\/v2\/pages\/125"}],"wp:featuredmedia":[{"embeddable":true,"href":"https:\/\/kugundua.eu\/de_de\/wp-json\/wp\/v2\/media\/3368"}],"wp:attachment":[{"href":"https:\/\/kugundua.eu\/de_de\/wp-json\/wp\/v2\/media?parent=58"}],"curies":[{"name":"wp","href":"https:\/\/api.w.org\/{rel}","templated":true}]}}