{"id":52,"date":"2022-05-19T06:13:48","date_gmt":"2022-05-19T06:13:48","guid":{"rendered":"http:\/\/kugundua.eu\/?page_id=52"},"modified":"2026-03-28T13:07:33","modified_gmt":"2026-03-28T13:07:33","slug":"vissen-in-hongarije","status":"publish","type":"page","link":"https:\/\/kugundua.eu\/de_de\/aktivurlaub-camping-ungarn\/angelurlaub-ungarn\/","title":{"rendered":"Angeln"},"content":{"rendered":"<div data-colibri-id=\"52-c1\" class=\"style-956 style-local-52-c1 position-relative\">\n  <!---->\n  <div data-colibri-component=\"section\" data-colibri-id=\"52-c2\" id=\"about\" class=\"h-section h-section-global-spacing d-flex align-items-lg-center align-items-md-center align-items-center style-957 style-local-52-c2 position-relative\">\n    <!---->\n    <!---->\n    <div class=\"h-section-grid-container h-section-boxed-container\">\n      <div data-colibri-id=\"52-c5\" class=\"h-row-container gutters-row-lg-2 gutters-row-md-2 gutters-row-2 gutters-row-v-lg-2 gutters-row-v-md-2 gutters-row-v-2 style-962 style-local-52-c5 position-relative\">\n        <!---->\n        <div class=\"h-row justify-content-lg-center justify-content-md-center justify-content-center align-items-lg-stretch align-items-md-stretch align-items-stretch gutters-col-lg-2 gutters-col-md-2 gutters-col-2 gutters-col-v-lg-2 gutters-col-v-md-2 gutters-col-v-2\">\n          <!---->\n          <div class=\"h-column h-column-container d-flex h-col-lg-auto h-col-md-auto h-col-auto style-963-outer style-local-52-c6-outer\">\n            <div data-colibri-id=\"52-c6\" class=\"d-flex h-flex-basis h-column__inner h-px-lg-2 h-px-md-2 h-px-2 v-inner-lg-2 v-inner-md-2 v-inner-2 style-963 style-local-52-c6 position-relative\">\n              <!---->\n              <!---->\n              <div class=\"w-100 h-y-container h-column__content h-column__v-align flex-basis-100 align-self-lg-start align-self-md-start align-self-start\">\n                <!---->\n                <div data-colibri-id=\"52-c7\" class=\"h-global-transition-all h-heading style-965 style-local-52-c7 position-relative h-element\">\n                  <!---->\n                  <div class=\"h-heading__outer style-965 style-local-52-c7\">\n                    <!---->\n                    <!---->\n                    <h2 class=\"\">Angeln in Ungarn<\/h2>\n                  <\/div>\n                <\/div>\n                <div data-colibri-id=\"52-c8\" class=\"h-lead h-text h-text-component style-966 style-local-52-c8 position-relative h-element\">\n                  <!---->\n                  <!---->\n                  <div class=\"\">\n                    <p>Fischen in Ungarn kann sehr gut sein. Viele Ungarn gehen zum Fischen zur Entspannung, aber nat\u00fcrlich auch, um sie dann mit der ganzen Familie w\u00e4hrend eines ausgiebigen Abendessens zu verzehren.\n                      <br>\n                      <br>In Ungarn wird viel auf Karpfen geangelt, aber auch auf Welse, kleine Welse, Felchen, Renken, Sterlet, Barben, Sonnenbarsche und die osteurop\u00e4ische Variante des Zanders. Au\u00dferdem kann man dort alle Fischarten finden, die auch in niederl\u00e4ndischen Gew\u00e4ssern vorkommen.&nbsp;\n                      <br>\n                      <br>Am Thei\u00dfer See sind durch die Kombination aus verschiedenen Tiefen, schnell flie\u00dfendem und stehendem Wasser verschiedene Fischarten zu finden. Daneben ist eine \u00fcppige Pflanzen- und Tierwelt entstanden. Am Thei\u00dfer See hast du eine sehr gro\u00dfe Chance, einen gigantischen Wels zu fangen. Der Karpfen, Hecht und Barsch sind dort auch reichlich vorhanden.&nbsp;\n                      <br>\n                      <br>Mit Wirkung vom 1. Januar 2019 haben sich die Regeln f\u00fcr Angellizenzen in Ungarn ge\u00e4ndert. Um angeln zu k\u00f6nnen, ist eine Anglerregistrierung erforderlich. Teil der Registrierung ist die Beantragung des ungarischen Angelscheins, der den alten\nPapierangelschein ersetzt. F\u00fcr diese Beantragung absolvieren Sie einen kleinen Test. Sie erhalten 20 Fragen und danach k\u00f6nnen Sie den Angelschein beantragen. Vergessen Sie nicht, Ihre niederl\u00e4ndische Lizenz\/Ihren Fischereiausweis mitzunehmen.&nbsp;\n                      <br>\n                      <br>Diese erforderlichen Genehmigungen k\u00f6nnen bei vielen Touristeninformationsstellen und in gr\u00f6\u00dferen St\u00e4dten beim MOHOSZ (Informationsstelle f\u00fcr den Angelsport) erworben werden. Es sind Genehmigungen f\u00fcr l\u00e4ngere Zeitr\u00e4ume sowie f\u00fcr k\u00fcrzere Zeitr\u00e4ume wie einen Tag oder eine Woche erh\u00e4ltlich. Auf diese Weise k\u00f6nnen Sie in Ungarn wunderbar entspannt angeln.&nbsp;\n                      <br>\n                      <br>\n                    <\/p>\n                  <\/div>\n                <\/div>\n              <\/div>\n            <\/div>\n          <\/div>\n        <\/div>\n      <\/div>\n      <div data-colibri-id=\"52-c3\" class=\"h-row-container gutters-row-lg-0 gutters-row-md-0 gutters-row-0 gutters-row-v-lg-0 gutters-row-v-md-0 gutters-row-v-0 style-958 style-local-52-c3 h-overflow-hidden position-relative\">\n        <!---->\n        <div class=\"h-row justify-content-lg-center justify-content-md-center justify-content-center align-items-lg-end align-items-md-end align-items-end gutters-col-lg-0 gutters-col-md-0 gutters-col-0 gutters-col-v-lg-0 gutters-col-v-md-0 gutters-col-v-0\">\n          <!---->\n          <div class=\"h-column h-column-container d-flex h-col-lg-auto h-col-md-auto h-col-auto align-self-lg-end align-self-md-end align-self-end style-960-outer style-local-52-c4-outer\">\n            <div data-colibri-id=\"52-c4\" class=\"d-flex h-flex-basis h-column__inner h-ui-empty-state-container h-px-lg-0 h-px-md-0 h-px-0 v-inner-lg-0 v-inner-md-0 v-inner-0 style-960 style-local-52-c4 position-relative\">\n              <!---->\n              <!---->\n              <div class=\"w-100 h-y-container h-column__content h-column__v-align flex-basis-100\">\n                <!---->\n              <\/div>\n            <\/div>\n          <\/div>\n        <\/div>\n      <\/div>\n    <\/div>\n  <\/div>\n  <div data-colibri-component=\"section\" data-colibri-id=\"52-c9\" id=\"custom\" class=\"h-section h-section-global-spacing d-flex align-items-lg-center align-items-md-center align-items-center style-1472 style-local-52-c9 position-relative\">\n    <!---->\n    <!---->\n    <div class=\"h-section-grid-container h-section-boxed-container\">\n      <!---->\n      <div data-colibri-id=\"52-c10\" class=\"h-row-container gutters-row-lg-2 gutters-row-md-2 gutters-row-0 gutters-row-v-lg-2 gutters-row-v-md-2 gutters-row-v-2 style-1473 style-local-52-c10 position-relative\">\n        <!---->\n        <div class=\"h-row justify-content-lg-center justify-content-md-center justify-content-center align-items-lg-stretch align-items-md-stretch align-items-stretch gutters-col-lg-2 gutters-col-md-2 gutters-col-0 gutters-col-v-lg-2 gutters-col-v-md-2 gutters-col-v-2\">\n          <!---->\n          <div class=\"h-column h-column-container d-flex h-col-lg-auto h-col-md-auto h-col-auto style-1474-outer style-local-52-c11-outer\">\n            <div data-colibri-id=\"52-c11\" class=\"d-flex h-flex-basis h-column__inner h-px-lg-2 h-px-md-2 h-px-2 v-inner-lg-2 v-inner-md-2 v-inner-2 style-1474 style-local-52-c11 position-relative\">\n              <!---->\n              <!---->\n              <div class=\"w-100 h-y-container h-column__content h-column__v-align flex-basis-100 align-self-lg-start align-self-md-start align-self-start\">\n                <!---->\n                <div data-colibri-id=\"52-c12\" class=\"h-x-container style-1475 style-local-52-c12 position-relative h-element\">\n                  <!---->\n                  <div class=\"h-x-container-inner style-dynamic-52-c12-group style-1475-spacing style-local-52-c12-spacing\"><span class=\"h-button__outer style-568-outer style-local-52-c13-outer d-inline-flex h-element\"><a h-use-smooth-scroll=\"true\" href=\"https:\/\/kugundua.eu\/de_de\/aktivurlaub-camping-ungarn\/\"  data-colibri-id=\"52-c13\" class=\"d-flex w-100 align-items-center h-button justify-content-lg-center justify-content-md-center justify-content-center style-568 style-local-52-c13 position-relative\"><!----><!----> <span>Zur\u00fcck zu Aktiv<\/span><\/a>\n                    <\/span>\n                  <\/div>\n                <\/div>\n              <\/div>\n            <\/div>\n          <\/div>\n        <\/div>\n      <\/div>\n    <\/div>\n  <\/div>\n<\/div>","protected":false},"excerpt":{"rendered":"<p>Vissen in Hongarije Vissen in Hongarije kan heel goed. Veel Hongaren doen aan vissen voor de ontspanning, maar natuurlijk ook om deze vervolgens met het hele gezin te nuttigen tijdens een uitgebreid diner. In Hongarije wordt er veel op karper gevist, maar ook de meerval, dwergmerval, de houting, marene, sterlet, barbeel, zonnebaars en de Oost-Europese [&hellip;]<\/p>\n","protected":false},"author":1,"featured_media":0,"parent":125,"menu_order":7,"comment_status":"closed","ping_status":"closed","template":"page-templates\/full-width-page.php","meta":{"footnotes":""},"class_list":["post-52","page","type-page","status-publish","hentry"],"yoast_head":"<!-- This site is optimized with the Yoast SEO plugin v27.5 - https:\/\/yoast.com\/product\/yoast-seo-wordpress\/ -->\n<title>Vissen in Hongarije<\/title>\n<meta name=\"description\" content=\"Vissen in Hongarije is onder de Hongaren zelf erg populair. In de buurt van de camping ligt een grote visvijver en kan ook in het Tiszameer.\" \/>\n<meta name=\"robots\" content=\"index, follow, max-snippet:-1, max-image-preview:large, max-video-preview:-1\" \/>\n<link rel=\"canonical\" href=\"https:\/\/kugundua.eu\/de_de\/aktivurlaub-camping-ungarn\/angelurlaub-ungarn\/\" \/>\n<meta property=\"og:locale\" content=\"de_DE\" \/>\n<meta property=\"og:type\" content=\"article\" \/>\n<meta property=\"og:title\" content=\"Vissen in Hongarije\" \/>\n<meta property=\"og:description\" content=\"Vissen in Hongarije is onder de Hongaren zelf erg populair. In de buurt van de camping ligt een grote visvijver en kan ook in het Tiszameer.\" \/>\n<meta property=\"og:url\" content=\"https:\/\/kugundua.eu\/de_de\/aktivurlaub-camping-ungarn\/angelurlaub-ungarn\/\" \/>\n<meta property=\"og:site_name\" content=\"Camping Kugundua\" \/>\n<meta property=\"article:publisher\" content=\"https:\/\/www.facebook.com\/Kugundua\/\" \/>\n<meta property=\"article:modified_time\" content=\"2026-03-28T13:07:33+00:00\" \/>\n<meta name=\"twitter:card\" content=\"summary_large_image\" \/>\n<meta name=\"twitter:label1\" content=\"Gesch\u00e4tzte Lesezeit\" \/>\n\t<meta name=\"twitter:data1\" content=\"2\u00a0Minuten\" \/>\n<script type=\"application\/ld+json\" class=\"yoast-schema-graph\">{\"@context\":\"https:\\\/\\\/schema.org\",\"@graph\":[{\"@type\":\"WebPage\",\"@id\":\"https:\\\/\\\/kugundua.eu\\\/actief-omgeving-camping-hongarije\\\/vissen-in-hongarije\\\/\",\"url\":\"https:\\\/\\\/kugundua.eu\\\/actief-omgeving-camping-hongarije\\\/vissen-in-hongarije\\\/\",\"name\":\"Vissen in Hongarije\",\"isPartOf\":{\"@id\":\"https:\\\/\\\/kugundua.eu\\\/#website\"},\"datePublished\":\"2022-05-19T06:13:48+00:00\",\"dateModified\":\"2026-03-28T13:07:33+00:00\",\"description\":\"Vissen in Hongarije is onder de Hongaren zelf erg populair. In de buurt van de camping ligt een grote visvijver en kan ook in het Tiszameer.\",\"breadcrumb\":{\"@id\":\"https:\\\/\\\/kugundua.eu\\\/actief-omgeving-camping-hongarije\\\/vissen-in-hongarije\\\/#breadcrumb\"},\"inLanguage\":\"de\",\"potentialAction\":[{\"@type\":\"ReadAction\",\"target\":[\"https:\\\/\\\/kugundua.eu\\\/actief-omgeving-camping-hongarije\\\/vissen-in-hongarije\\\/\"]}]},{\"@type\":\"BreadcrumbList\",\"@id\":\"https:\\\/\\\/kugundua.eu\\\/actief-omgeving-camping-hongarije\\\/vissen-in-hongarije\\\/#breadcrumb\",\"itemListElement\":[{\"@type\":\"ListItem\",\"position\":1,\"name\":\"Home\",\"item\":\"https:\\\/\\\/kugundua.eu\\\/\"},{\"@type\":\"ListItem\",\"position\":2,\"name\":\"Actief\",\"item\":\"https:\\\/\\\/kugundua.eu\\\/actief-omgeving-camping-hongarije\\\/\"},{\"@type\":\"ListItem\",\"position\":3,\"name\":\"Vissen\"}]},{\"@type\":\"WebSite\",\"@id\":\"https:\\\/\\\/kugundua.eu\\\/#website\",\"url\":\"https:\\\/\\\/kugundua.eu\\\/\",\"name\":\"Camping Kugundua\",\"description\":\"Be Active &amp; Chill Out\",\"publisher\":{\"@id\":\"https:\\\/\\\/kugundua.eu\\\/#organization\"},\"potentialAction\":[{\"@type\":\"SearchAction\",\"target\":{\"@type\":\"EntryPoint\",\"urlTemplate\":\"https:\\\/\\\/kugundua.eu\\\/?s={search_term_string}\"},\"query-input\":{\"@type\":\"PropertyValueSpecification\",\"valueRequired\":true,\"valueName\":\"search_term_string\"}}],\"inLanguage\":\"de\"},{\"@type\":\"Organization\",\"@id\":\"https:\\\/\\\/kugundua.eu\\\/#organization\",\"name\":\"Kugundua\",\"url\":\"https:\\\/\\\/kugundua.eu\\\/\",\"logo\":{\"@type\":\"ImageObject\",\"inLanguage\":\"de\",\"@id\":\"https:\\\/\\\/kugundua.eu\\\/#\\\/schema\\\/logo\\\/image\\\/\",\"url\":\"https:\\\/\\\/kugundua.eu\\\/wp-content\\\/uploads\\\/2022\\\/12\\\/cropped-cropped-Kugundua-Logo-Outline-Transparant151-1.png\",\"contentUrl\":\"https:\\\/\\\/kugundua.eu\\\/wp-content\\\/uploads\\\/2022\\\/12\\\/cropped-cropped-Kugundua-Logo-Outline-Transparant151-1.png\",\"width\":185,\"height\":151,\"caption\":\"Kugundua\"},\"image\":{\"@id\":\"https:\\\/\\\/kugundua.eu\\\/#\\\/schema\\\/logo\\\/image\\\/\"},\"sameAs\":[\"https:\\\/\\\/www.facebook.com\\\/Kugundua\\\/\",\"https:\\\/\\\/www.instagram.com\\\/kugundua.hu\\\/\",\"https:\\\/\\\/www.youtube.com\\\/channel\\\/UCIVA4wWJvf5lmgWvJfxKIJQ\"]}]}<\/script>\n<!-- \/ Yoast SEO plugin. -->","yoast_head_json":{"title":"Angeln in Ungarn","description":"Das Angeln in Ungarn ist bei den Ungarn selbst sehr beliebt. Es gibt einen gro\u00dfen Angelteich in der N\u00e4he des Campingplatzes und Sie k\u00f6nnen auch im Thei\u00df-See angeln.","robots":{"index":"index","follow":"follow","max-snippet":"max-snippet:-1","max-image-preview":"max-image-preview:large","max-video-preview":"max-video-preview:-1"},"canonical":"https:\/\/kugundua.eu\/de_de\/aktivurlaub-camping-ungarn\/angelurlaub-ungarn\/","og_locale":"de_DE","og_type":"article","og_title":"Vissen in Hongarije","og_description":"Vissen in Hongarije is onder de Hongaren zelf erg populair. In de buurt van de camping ligt een grote visvijver en kan ook in het Tiszameer.","og_url":"https:\/\/kugundua.eu\/de_de\/aktivurlaub-camping-ungarn\/angelurlaub-ungarn\/","og_site_name":"Camping Kugundua","article_publisher":"https:\/\/www.facebook.com\/Kugundua\/","article_modified_time":"2026-03-28T13:07:33+00:00","twitter_card":"summary_large_image","twitter_misc":{"Gesch\u00e4tzte Lesezeit":"2\u00a0Minuten"},"schema":{"@context":"https:\/\/schema.org","@graph":[{"@type":"WebPage","@id":"https:\/\/kugundua.eu\/actief-omgeving-camping-hongarije\/vissen-in-hongarije\/","url":"https:\/\/kugundua.eu\/actief-omgeving-camping-hongarije\/vissen-in-hongarije\/","name":"Angeln in Ungarn","isPartOf":{"@id":"https:\/\/kugundua.eu\/#website"},"datePublished":"2022-05-19T06:13:48+00:00","dateModified":"2026-03-28T13:07:33+00:00","description":"Das Angeln in Ungarn ist bei den Ungarn selbst sehr beliebt. Es gibt einen gro\u00dfen Angelteich in der N\u00e4he des Campingplatzes und Sie k\u00f6nnen auch im Thei\u00df-See angeln.","breadcrumb":{"@id":"https:\/\/kugundua.eu\/actief-omgeving-camping-hongarije\/vissen-in-hongarije\/#breadcrumb"},"inLanguage":"de","potentialAction":[{"@type":"ReadAction","target":["https:\/\/kugundua.eu\/actief-omgeving-camping-hongarije\/vissen-in-hongarije\/"]}]},{"@type":"BreadcrumbList","@id":"https:\/\/kugundua.eu\/actief-omgeving-camping-hongarije\/vissen-in-hongarije\/#breadcrumb","itemListElement":[{"@type":"ListItem","position":1,"name":"Home","item":"https:\/\/kugundua.eu\/"},{"@type":"ListItem","position":2,"name":"Actief","item":"https:\/\/kugundua.eu\/actief-omgeving-camping-hongarije\/"},{"@type":"ListItem","position":3,"name":"Vissen"}]},{"@type":"WebSite","@id":"https:\/\/kugundua.eu\/#website","url":"https:\/\/kugundua.eu\/","name":"Camping Kugundua","description":"Aktiv sein und entspannen","publisher":{"@id":"https:\/\/kugundua.eu\/#organization"},"potentialAction":[{"@type":"SearchAction","target":{"@type":"EntryPoint","urlTemplate":"https:\/\/kugundua.eu\/?s={search_term_string}"},"query-input":{"@type":"PropertyValueSpecification","valueRequired":true,"valueName":"search_term_string"}}],"inLanguage":"de"},{"@type":"Organization","@id":"https:\/\/kugundua.eu\/#organization","name":"Kugundua","url":"https:\/\/kugundua.eu\/","logo":{"@type":"ImageObject","inLanguage":"de","@id":"https:\/\/kugundua.eu\/#\/schema\/logo\/image\/","url":"https:\/\/kugundua.eu\/wp-content\/uploads\/2022\/12\/cropped-cropped-Kugundua-Logo-Outline-Transparant151-1.png","contentUrl":"https:\/\/kugundua.eu\/wp-content\/uploads\/2022\/12\/cropped-cropped-Kugundua-Logo-Outline-Transparant151-1.png","width":185,"height":151,"caption":"Kugundua"},"image":{"@id":"https:\/\/kugundua.eu\/#\/schema\/logo\/image\/"},"sameAs":["https:\/\/www.facebook.com\/Kugundua\/","https:\/\/www.instagram.com\/kugundua.hu\/","https:\/\/www.youtube.com\/channel\/UCIVA4wWJvf5lmgWvJfxKIJQ"]}]}},"_links":{"self":[{"href":"https:\/\/kugundua.eu\/de_de\/wp-json\/wp\/v2\/pages\/52","targetHints":{"allow":["GET"]}}],"collection":[{"href":"https:\/\/kugundua.eu\/de_de\/wp-json\/wp\/v2\/pages"}],"about":[{"href":"https:\/\/kugundua.eu\/de_de\/wp-json\/wp\/v2\/types\/page"}],"author":[{"embeddable":true,"href":"https:\/\/kugundua.eu\/de_de\/wp-json\/wp\/v2\/users\/1"}],"replies":[{"embeddable":true,"href":"https:\/\/kugundua.eu\/de_de\/wp-json\/wp\/v2\/comments?post=52"}],"version-history":[{"count":11,"href":"https:\/\/kugundua.eu\/de_de\/wp-json\/wp\/v2\/pages\/52\/revisions"}],"predecessor-version":[{"id":26175,"href":"https:\/\/kugundua.eu\/de_de\/wp-json\/wp\/v2\/pages\/52\/revisions\/26175"}],"up":[{"embeddable":true,"href":"https:\/\/kugundua.eu\/de_de\/wp-json\/wp\/v2\/pages\/125"}],"wp:attachment":[{"href":"https:\/\/kugundua.eu\/de_de\/wp-json\/wp\/v2\/media?parent=52"}],"curies":[{"name":"wp","href":"https:\/\/api.w.org\/{rel}","templated":true}]}}