{"id":270,"date":"2022-05-20T13:12:38","date_gmt":"2022-05-20T13:12:38","guid":{"rendered":"http:\/\/kugundua.eu\/colibri-wp\/"},"modified":"2026-03-28T14:51:40","modified_gmt":"2026-03-28T14:51:40","slug":"colibri-wp","status":"publish","type":"page","link":"https:\/\/kugundua.eu\/de_de\/","title":{"rendered":"Titelseite"},"content":{"rendered":"<div data-colibri-id=\"270-c1\" class=\"style-193 style-local-270-c1 position-relative\">\n  <!---->\n  <div data-colibri-component=\"section\" data-colibri-id=\"270-c2\" id=\"about\" class=\"h-section h-section-global-spacing d-flex align-items-lg-center align-items-md-center align-items-center style-232 style-local-270-c2 position-relative\">\n    <!---->\n    <!---->\n    <div class=\"h-section-grid-container h-section-boxed-container\">\n      <!---->\n      <div data-colibri-id=\"270-c3\" class=\"h-row-container gutters-row-lg-2 gutters-row-md-2 gutters-row-0 gutters-row-v-lg-2 gutters-row-v-md-2 gutters-row-v-2 style-1518 style-local-270-c3 position-relative\">\n        <!---->\n        <div class=\"h-row justify-content-lg-center justify-content-md-center justify-content-center align-items-lg-stretch align-items-md-stretch align-items-stretch gutters-col-lg-2 gutters-col-md-2 gutters-col-0 gutters-col-v-lg-2 gutters-col-v-md-2 gutters-col-v-2\">\n          <!---->\n          <div class=\"h-column h-column-container d-flex h-col-lg-auto h-col-md-auto h-col-auto style-1519-outer style-local-270-c4-outer\">\n            <div data-colibri-id=\"270-c4\" class=\"d-flex h-flex-basis h-column__inner h-px-lg-2 h-px-md-2 h-px-2 v-inner-lg-2 v-inner-md-2 v-inner-2 style-1519 style-local-270-c4 position-relative\">\n              <!---->\n              <!---->\n              <div class=\"w-100 h-y-container h-column__content h-column__v-align flex-basis-100 align-self-lg-start align-self-md-start align-self-start\">\n                <!---->\n                <div data-colibri-id=\"270-c5\" class=\"h-text h-text-component style-1520 style-local-270-c5 position-relative h-element\">\n                  <!---->\n                  <!---->\n                  <div class=\"\">\n                    <h1><span style=\"color: rgb(250, 6, 6);\">Camping Kugundua ist im Jahr 2026 geschlossen.<\/span><\/h1>\n                    <p>\n                      <br>\n                    <\/p>\n                  <\/div>\n                <\/div>\n              <\/div>\n            <\/div>\n          <\/div>\n        <\/div>\n      <\/div>\n      <div data-colibri-id=\"270-c6\" class=\"h-row-container gutters-row-lg-2 gutters-row-md-2 gutters-row-2 gutters-row-v-lg-2 gutters-row-v-md-2 gutters-row-v-2 style-233 style-local-270-c6 position-relative\">\n        <!---->\n        <div class=\"h-row justify-content-lg-center justify-content-md-center justify-content-center align-items-lg-stretch align-items-md-stretch align-items-stretch gutters-col-lg-2 gutters-col-md-2 gutters-col-2 gutters-col-v-lg-2 gutters-col-v-md-2 gutters-col-v-2\">\n          <!---->\n          <div class=\"h-column h-column-container d-flex h-col-lg-auto h-col-md-auto h-col-auto style-234-outer style-local-270-c7-outer\">\n            <div data-colibri-id=\"270-c7\" class=\"d-flex h-flex-basis h-column__inner h-px-lg-2 h-px-md-2 h-px-2 v-inner-lg-2 v-inner-md-2 v-inner-2 style-234 style-local-270-c7 position-relative\">\n              <!---->\n              <!---->\n              <div class=\"w-100 h-y-container h-column__content h-column__v-align flex-basis-100 align-self-lg-center align-self-md-center align-self-center\">\n                <!---->\n                <div data-colibri-id=\"270-c8\" class=\"h-lead h-text h-text-component style-237 style-local-270-c8 position-relative h-element\">\n                  <!---->\n                  <!---->\n                  <div class=\"\">\n                    <p>Kugundua ist ein ruhiger Campingplatz im Nordosten Ungarns, in dem Ort Gelej. Zentral gelegen zwischen dem B\u00fckk-Nationalpark, dem M\u00e1tra-Gebirge, dem Hortob\u00e1gy-Nationalpark (Puszta), dem Thei\u00df-See (Tisza-t\u00f3) und Budapest.\n                      <br>\n                      <br>Da Kugundua zentral gelegen ist, gibt es in der Umgebung f\u00fcr jeden etwas zu erleben und zu entdecken.\n                      <br>\n                      <br>Schauen Sie gerne einmal vorbei.\n                      <br>Bei Fragen k\u00f6nnen Sie sich jederzeit gerne an uns wenden.&nbsp;<\/p>\n                    <p>\n                      <br>\n                    <\/p>\n                  <\/div>\n                <\/div>\n                <div data-colibri-id=\"270-c9\" class=\"h-x-container style-1316 style-local-270-c9 position-relative h-element\">\n                  <!---->\n                  <div class=\"h-x-container-inner style-dynamic-270-c9-group style-1316-spacing style-local-270-c9-spacing\"><span class=\"h-button__outer style-568-outer style-local-270-c10-outer d-inline-flex h-element\"><a h-use-smooth-scroll=\"true\" href=\"https:\/\/kugundua.eu\/de_de\/camping\/\"  data-colibri-id=\"270-c10\" class=\"d-flex w-100 align-items-center h-button justify-content-lg-center justify-content-md-center justify-content-center style-568 style-local-270-c10 position-relative\"><!----><!----> <span>Camping<\/span><\/a>\n                    <\/span>\n                  <\/div>\n                <\/div>\n                <div data-colibri-id=\"270-c11\" class=\"h-x-container style-238 style-local-270-c11 position-relative h-element\">\n                  <!---->\n                  <div class=\"h-x-container-inner style-dynamic-270-c11-group style-238-spacing style-local-270-c11-spacing\"><span class=\"h-button__outer style-568-outer style-local-270-c12-outer d-inline-flex h-element\"><a h-use-smooth-scroll=\"true\" href=\"https:\/\/kugundua.eu\/de_de\/camping\/contact\/\"  data-colibri-id=\"270-c12\" class=\"d-flex w-100 align-items-center h-button justify-content-lg-center justify-content-md-center justify-content-center style-568 style-local-270-c12 position-relative\"><!----><!----> <span>Kontakt<\/span><\/a>\n                    <\/span><span class=\"h-button__outer style-568-outer style-local-270-c13-outer d-inline-flex h-element\"><a h-use-smooth-scroll=\"true\" href=\"https:\/\/kugundua.eu\/de_de\/camping\/reserveren\/\"  data-colibri-id=\"270-c13\" class=\"d-flex w-100 align-items-center h-button justify-content-lg-center justify-content-md-center justify-content-center style-568 style-local-270-c13 position-relative\"><!----><!----> <span>Buchen<\/span><\/a>\n                    <\/span>\n                  <\/div>\n                <\/div>\n              <\/div>\n            <\/div>\n          <\/div>\n        <\/div>\n      <\/div>\n    <\/div>\n  <\/div>\n  <div data-colibri-component=\"section\" data-colibri-id=\"270-c14\" id=\"custom\" class=\"h-section h-section-global-spacing d-flex align-items-lg-center align-items-md-center align-items-center style-1485 style-local-270-c14 position-relative\">\n    <!---->\n    <!---->\n    <div class=\"h-section-grid-container h-section-boxed-container\">\n      <!---->\n      <div data-colibri-id=\"270-c15\" class=\"h-row-container gutters-row-lg-2 gutters-row-md-2 gutters-row-0 gutters-row-v-lg-2 gutters-row-v-md-2 gutters-row-v-2 style-1486 style-local-270-c15 position-relative\">\n        <!---->\n        <div class=\"h-row justify-content-lg-center justify-content-md-center justify-content-center align-items-lg-stretch align-items-md-stretch align-items-stretch gutters-col-lg-2 gutters-col-md-2 gutters-col-0 gutters-col-v-lg-2 gutters-col-v-md-2 gutters-col-v-2\">\n          <!---->\n          <div class=\"h-column h-column-container d-flex h-col-lg-auto h-col-md-auto h-col-auto style-1487-outer style-local-270-c16-outer\">\n            <div data-colibri-id=\"270-c16\" class=\"d-flex h-flex-basis h-column__inner h-px-lg-2 h-px-md-2 h-px-2 v-inner-lg-2 v-inner-md-2 v-inner-2 style-1487 style-local-270-c16 position-relative\">\n              <!---->\n              <!---->\n              <div class=\"w-100 h-y-container h-column__content h-column__v-align flex-basis-100 align-self-lg-start align-self-md-start align-self-start\">\n                <!---->\n                <div data-colibri-id=\"270-c17\" class=\"h-lead h-text h-text-component style-237 style-local-270-c17 position-relative h-element\">\n                  <!---->\n                  <!---->\n                  <div class=\"\">\n                    <p>Eine Impression des Campingplatzes. Noch ist nicht alles f\u00fcr die kommenden Saisons fertiggestellt. M\u00f6chten Sie \u00fcber den Fortschritt auf dem Laufenden bleiben? Dann behalten Sie unsere Website im Blick und schauen Sie auf unseren Social-Media-Kan\u00e4len vorbei.<\/p>\n                  <\/div>\n                <\/div>\n                <div data-colibri-id=\"270-c18\" class=\"d-block style-1488 style-local-270-c18 position-relative h-element\">\n                  <!---->\n                  <div class=\"h-image__frame-container-outer\">\n                    <div class=\"h-image__frame-container\">\n                      <!---->\n                      <!---->\n                      <img decoding=\"async\" width=\"1144\" height=\"828\" data-src=\"https:\/\/kugundua.eu\/wp-content\/uploads\/2023\/02\/cropped-Layout-Campside-3D.jpg\" class=\"wp-image-3883 style-1488-image style-local-270-c18-image lazyload\" alt=\"Camping Karte\" data-srcset=\"https:\/\/kugundua.eu\/wp-content\/uploads\/2023\/02\/cropped-Layout-Campside-3D.jpg 1144w, https:\/\/kugundua.eu\/wp-content\/uploads\/2023\/02\/cropped-Layout-Campside-3D-300x217.jpg 300w, https:\/\/kugundua.eu\/wp-content\/uploads\/2023\/02\/cropped-Layout-Campside-3D-1024x741.jpg 1024w, https:\/\/kugundua.eu\/wp-content\/uploads\/2023\/02\/cropped-Layout-Campside-3D-768x556.jpg 768w\" data-sizes=\"(max-width: 1144px) 100vw, 1144px\" src=\"data:image\/svg+xml;base64,PHN2ZyB3aWR0aD0iMSIgaGVpZ2h0PSIxIiB4bWxucz0iaHR0cDovL3d3dy53My5vcmcvMjAwMC9zdmciPjwvc3ZnPg==\" style=\"--smush-placeholder-width: 1144px; --smush-placeholder-aspect-ratio: 1144\/828;\" \/>\n                      <div class=\"h-image__frame h-hide-lg h-hide-md h-hide-sm style-1488-frameImage style-local-270-c18-frameImage\"><\/div>\n                    <\/div>\n                  <\/div>\n                <\/div>\n              <\/div>\n            <\/div>\n          <\/div>\n        <\/div>\n      <\/div>\n    <\/div>\n  <\/div>\n<\/div>","protected":false},"excerpt":{"rendered":"<p>Camping Kugundua is in 2026 gesloten Kugundua is een rustige camping in Noord-Oost Hongarije. In de plaats Gelej. Centraal gelegen tussen het B\u00fckk-National Park, het Matra-gebergte, het Hortob\u00e1gy National Park (Puszta, lees: Poesta), het Tiszameer (Tisza-t\u00f3) en Boedapest. Omdat Kugundua centraal gelegen is, is er voor ieder wat wils te beleven en ontdekken in de [&hellip;]<\/p>\n","protected":false},"author":1,"featured_media":3206,"parent":0,"menu_order":0,"comment_status":"closed","ping_status":"closed","template":"page-templates\/homepage.php","meta":{"footnotes":""},"class_list":["post-270","page","type-page","status-publish","has-post-thumbnail","hentry"],"yoast_head":"<!-- This site is optimized with the Yoast SEO plugin v27.5 - https:\/\/yoast.com\/product\/yoast-seo-wordpress\/ -->\n<title>Rustige camping in Noord-Oost Hongarije<\/title>\n<meta name=\"description\" content=\"Kugundua is een rustige camping in Noord-Oost Hongarije. De camping is gelegen tussen het B\u00fckk-gebergte, Tiszameer en de Poesta (Puszta).\" \/>\n<meta name=\"robots\" content=\"index, follow, max-snippet:-1, max-image-preview:large, max-video-preview:-1\" \/>\n<link rel=\"canonical\" href=\"https:\/\/kugundua.eu\/de_de\/\" \/>\n<meta property=\"og:locale\" content=\"de_DE\" \/>\n<meta property=\"og:type\" content=\"article\" \/>\n<meta property=\"og:title\" content=\"Rustige camping in Noord-Oost Hongarije\" \/>\n<meta property=\"og:description\" content=\"Kugundua is een rustige camping in Noord-Oost Hongarije. De camping is gelegen tussen het B\u00fckk-gebergte, Tiszameer en de Poesta (Puszta).\" \/>\n<meta property=\"og:url\" content=\"https:\/\/kugundua.eu\/de_de\/\" \/>\n<meta property=\"og:site_name\" content=\"Camping Kugundua\" \/>\n<meta property=\"article:publisher\" content=\"https:\/\/www.facebook.com\/Kugundua\/\" \/>\n<meta property=\"article:modified_time\" content=\"2026-03-28T14:51:40+00:00\" \/>\n<meta property=\"og:image\" content=\"https:\/\/kugundua.eu\/wp-content\/uploads\/2022\/08\/cropped-cropped-E3E1A07D-53C6-469D-AD3D-E63897C0D09F-scaled-1.jpeg\" \/>\n\t<meta property=\"og:image:width\" content=\"2560\" \/>\n\t<meta property=\"og:image:height\" content=\"1920\" \/>\n\t<meta property=\"og:image:type\" content=\"image\/jpeg\" \/>\n<meta name=\"twitter:card\" content=\"summary_large_image\" \/>\n<meta name=\"twitter:label1\" content=\"Gesch\u00e4tzte Lesezeit\" \/>\n\t<meta name=\"twitter:data1\" content=\"1\u00a0Minute\" \/>\n<script type=\"application\/ld+json\" class=\"yoast-schema-graph\">{\"@context\":\"https:\\\/\\\/schema.org\",\"@graph\":[{\"@type\":\"WebPage\",\"@id\":\"https:\\\/\\\/kugundua.eu\\\/\",\"url\":\"https:\\\/\\\/kugundua.eu\\\/\",\"name\":\"Rustige camping in Noord-Oost Hongarije\",\"isPartOf\":{\"@id\":\"https:\\\/\\\/kugundua.eu\\\/#website\"},\"primaryImageOfPage\":{\"@id\":\"https:\\\/\\\/kugundua.eu\\\/#primaryimage\"},\"image\":{\"@id\":\"https:\\\/\\\/kugundua.eu\\\/#primaryimage\"},\"thumbnailUrl\":\"https:\\\/\\\/kugundua.eu\\\/wp-content\\\/uploads\\\/2022\\\/08\\\/cropped-cropped-E3E1A07D-53C6-469D-AD3D-E63897C0D09F-scaled-1.jpeg\",\"datePublished\":\"2022-05-20T13:12:38+00:00\",\"dateModified\":\"2026-03-28T14:51:40+00:00\",\"description\":\"Kugundua is een rustige camping in Noord-Oost Hongarije. De camping is gelegen tussen het B\u00fckk-gebergte, Tiszameer en de Poesta (Puszta).\",\"breadcrumb\":{\"@id\":\"https:\\\/\\\/kugundua.eu\\\/#breadcrumb\"},\"inLanguage\":\"de\",\"potentialAction\":[{\"@type\":\"ReadAction\",\"target\":[\"https:\\\/\\\/kugundua.eu\\\/\"]}]},{\"@type\":\"ImageObject\",\"inLanguage\":\"de\",\"@id\":\"https:\\\/\\\/kugundua.eu\\\/#primaryimage\",\"url\":\"https:\\\/\\\/kugundua.eu\\\/wp-content\\\/uploads\\\/2022\\\/08\\\/cropped-cropped-E3E1A07D-53C6-469D-AD3D-E63897C0D09F-scaled-1.jpeg\",\"contentUrl\":\"https:\\\/\\\/kugundua.eu\\\/wp-content\\\/uploads\\\/2022\\\/08\\\/cropped-cropped-E3E1A07D-53C6-469D-AD3D-E63897C0D09F-scaled-1.jpeg\",\"width\":2560,\"height\":1920,\"caption\":\"Zonsondergang camping Hongarije Gelej\"},{\"@type\":\"BreadcrumbList\",\"@id\":\"https:\\\/\\\/kugundua.eu\\\/#breadcrumb\",\"itemListElement\":[{\"@type\":\"ListItem\",\"position\":1,\"name\":\"Home\",\"item\":\"https:\\\/\\\/kugundua.eu\\\/\"},{\"@type\":\"ListItem\",\"position\":2,\"name\":\"Front Page\"}]},{\"@type\":\"WebSite\",\"@id\":\"https:\\\/\\\/kugundua.eu\\\/#website\",\"url\":\"https:\\\/\\\/kugundua.eu\\\/\",\"name\":\"Camping Kugundua\",\"description\":\"Be Active &amp; Chill Out\",\"publisher\":{\"@id\":\"https:\\\/\\\/kugundua.eu\\\/#organization\"},\"potentialAction\":[{\"@type\":\"SearchAction\",\"target\":{\"@type\":\"EntryPoint\",\"urlTemplate\":\"https:\\\/\\\/kugundua.eu\\\/?s={search_term_string}\"},\"query-input\":{\"@type\":\"PropertyValueSpecification\",\"valueRequired\":true,\"valueName\":\"search_term_string\"}}],\"inLanguage\":\"de\"},{\"@type\":\"Organization\",\"@id\":\"https:\\\/\\\/kugundua.eu\\\/#organization\",\"name\":\"Kugundua\",\"url\":\"https:\\\/\\\/kugundua.eu\\\/\",\"logo\":{\"@type\":\"ImageObject\",\"inLanguage\":\"de\",\"@id\":\"https:\\\/\\\/kugundua.eu\\\/#\\\/schema\\\/logo\\\/image\\\/\",\"url\":\"https:\\\/\\\/kugundua.eu\\\/wp-content\\\/uploads\\\/2022\\\/12\\\/cropped-cropped-Kugundua-Logo-Outline-Transparant151-1.png\",\"contentUrl\":\"https:\\\/\\\/kugundua.eu\\\/wp-content\\\/uploads\\\/2022\\\/12\\\/cropped-cropped-Kugundua-Logo-Outline-Transparant151-1.png\",\"width\":185,\"height\":151,\"caption\":\"Kugundua\"},\"image\":{\"@id\":\"https:\\\/\\\/kugundua.eu\\\/#\\\/schema\\\/logo\\\/image\\\/\"},\"sameAs\":[\"https:\\\/\\\/www.facebook.com\\\/Kugundua\\\/\",\"https:\\\/\\\/www.instagram.com\\\/kugundua.hu\\\/\",\"https:\\\/\\\/www.youtube.com\\\/channel\\\/UCIVA4wWJvf5lmgWvJfxKIJQ\"]}]}<\/script>\n<!-- \/ Yoast SEO plugin. -->","yoast_head_json":{"title":"Ruhiger Campingplatz in Nordostungarn","description":"Kugundua ist ein ruhiger Campingplatz in Nordostungarn. Der Campingplatz liegt zwischen dem B\u00fckk-Gebirge, dem Thei\u00df-See und der Puszta (Puszta).","robots":{"index":"index","follow":"follow","max-snippet":"max-snippet:-1","max-image-preview":"max-image-preview:large","max-video-preview":"max-video-preview:-1"},"canonical":"https:\/\/kugundua.eu\/de_de\/","og_locale":"de_DE","og_type":"article","og_title":"Rustige camping in Noord-Oost Hongarije","og_description":"Kugundua is een rustige camping in Noord-Oost Hongarije. De camping is gelegen tussen het B\u00fckk-gebergte, Tiszameer en de Poesta (Puszta).","og_url":"https:\/\/kugundua.eu\/de_de\/","og_site_name":"Camping Kugundua","article_publisher":"https:\/\/www.facebook.com\/Kugundua\/","article_modified_time":"2026-03-28T14:51:40+00:00","og_image":[{"width":2560,"height":1920,"url":"https:\/\/kugundua.eu\/wp-content\/uploads\/2022\/08\/cropped-cropped-E3E1A07D-53C6-469D-AD3D-E63897C0D09F-scaled-1.jpeg","type":"image\/jpeg"}],"twitter_card":"summary_large_image","twitter_misc":{"Gesch\u00e4tzte Lesezeit":"1\u00a0Minute"},"schema":{"@context":"https:\/\/schema.org","@graph":[{"@type":"WebPage","@id":"https:\/\/kugundua.eu\/","url":"https:\/\/kugundua.eu\/","name":"Ruhiger Campingplatz in Nordostungarn","isPartOf":{"@id":"https:\/\/kugundua.eu\/#website"},"primaryImageOfPage":{"@id":"https:\/\/kugundua.eu\/#primaryimage"},"image":{"@id":"https:\/\/kugundua.eu\/#primaryimage"},"thumbnailUrl":"https:\/\/kugundua.eu\/wp-content\/uploads\/2022\/08\/cropped-cropped-E3E1A07D-53C6-469D-AD3D-E63897C0D09F-scaled-1.jpeg","datePublished":"2022-05-20T13:12:38+00:00","dateModified":"2026-03-28T14:51:40+00:00","description":"Kugundua ist ein ruhiger Campingplatz in Nordostungarn. Der Campingplatz liegt zwischen dem B\u00fckk-Gebirge, dem Thei\u00df-See und der Puszta (Puszta).","breadcrumb":{"@id":"https:\/\/kugundua.eu\/#breadcrumb"},"inLanguage":"de","potentialAction":[{"@type":"ReadAction","target":["https:\/\/kugundua.eu\/"]}]},{"@type":"ImageObject","inLanguage":"de","@id":"https:\/\/kugundua.eu\/#primaryimage","url":"https:\/\/kugundua.eu\/wp-content\/uploads\/2022\/08\/cropped-cropped-E3E1A07D-53C6-469D-AD3D-E63897C0D09F-scaled-1.jpeg","contentUrl":"https:\/\/kugundua.eu\/wp-content\/uploads\/2022\/08\/cropped-cropped-E3E1A07D-53C6-469D-AD3D-E63897C0D09F-scaled-1.jpeg","width":2560,"height":1920,"caption":"Zonsondergang camping Hongarije Gelej"},{"@type":"BreadcrumbList","@id":"https:\/\/kugundua.eu\/#breadcrumb","itemListElement":[{"@type":"ListItem","position":1,"name":"Home","item":"https:\/\/kugundua.eu\/"},{"@type":"ListItem","position":2,"name":"Front Page"}]},{"@type":"WebSite","@id":"https:\/\/kugundua.eu\/#website","url":"https:\/\/kugundua.eu\/","name":"Camping Kugundua","description":"Aktiv sein und entspannen","publisher":{"@id":"https:\/\/kugundua.eu\/#organization"},"potentialAction":[{"@type":"SearchAction","target":{"@type":"EntryPoint","urlTemplate":"https:\/\/kugundua.eu\/?s={search_term_string}"},"query-input":{"@type":"PropertyValueSpecification","valueRequired":true,"valueName":"search_term_string"}}],"inLanguage":"de"},{"@type":"Organization","@id":"https:\/\/kugundua.eu\/#organization","name":"Kugundua","url":"https:\/\/kugundua.eu\/","logo":{"@type":"ImageObject","inLanguage":"de","@id":"https:\/\/kugundua.eu\/#\/schema\/logo\/image\/","url":"https:\/\/kugundua.eu\/wp-content\/uploads\/2022\/12\/cropped-cropped-Kugundua-Logo-Outline-Transparant151-1.png","contentUrl":"https:\/\/kugundua.eu\/wp-content\/uploads\/2022\/12\/cropped-cropped-Kugundua-Logo-Outline-Transparant151-1.png","width":185,"height":151,"caption":"Kugundua"},"image":{"@id":"https:\/\/kugundua.eu\/#\/schema\/logo\/image\/"},"sameAs":["https:\/\/www.facebook.com\/Kugundua\/","https:\/\/www.instagram.com\/kugundua.hu\/","https:\/\/www.youtube.com\/channel\/UCIVA4wWJvf5lmgWvJfxKIJQ"]}]}},"_links":{"self":[{"href":"https:\/\/kugundua.eu\/de_de\/wp-json\/wp\/v2\/pages\/270","targetHints":{"allow":["GET"]}}],"collection":[{"href":"https:\/\/kugundua.eu\/de_de\/wp-json\/wp\/v2\/pages"}],"about":[{"href":"https:\/\/kugundua.eu\/de_de\/wp-json\/wp\/v2\/types\/page"}],"author":[{"embeddable":true,"href":"https:\/\/kugundua.eu\/de_de\/wp-json\/wp\/v2\/users\/1"}],"replies":[{"embeddable":true,"href":"https:\/\/kugundua.eu\/de_de\/wp-json\/wp\/v2\/comments?post=270"}],"version-history":[{"count":21,"href":"https:\/\/kugundua.eu\/de_de\/wp-json\/wp\/v2\/pages\/270\/revisions"}],"predecessor-version":[{"id":26437,"href":"https:\/\/kugundua.eu\/de_de\/wp-json\/wp\/v2\/pages\/270\/revisions\/26437"}],"wp:featuredmedia":[{"embeddable":true,"href":"https:\/\/kugundua.eu\/de_de\/wp-json\/wp\/v2\/media\/3206"}],"wp:attachment":[{"href":"https:\/\/kugundua.eu\/de_de\/wp-json\/wp\/v2\/media?parent=270"}],"curies":[{"name":"wp","href":"https:\/\/api.w.org\/{rel}","templated":true}]}}