{"id":200,"date":"2022-05-20T09:33:46","date_gmt":"2022-05-20T09:33:46","guid":{"rendered":"http:\/\/kugundua.eu\/?page_id=200"},"modified":"2026-03-28T14:08:44","modified_gmt":"2026-03-28T14:08:44","slug":"gelej","status":"publish","type":"page","link":"https:\/\/kugundua.eu\/de_de\/staedte-ungarn\/gelej\/","title":{"rendered":"Gelej"},"content":{"rendered":"<div data-colibri-id=\"200-c1\" class=\"style-1125 style-local-200-c1 position-relative\">\n  <!---->\n  <div data-colibri-component=\"section\" data-colibri-id=\"200-c2\" id=\"content\" class=\"h-section h-section-global-spacing d-flex align-items-lg-center align-items-md-center align-items-center style-1126 style-local-200-c2 position-relative\">\n    <!---->\n    <!---->\n    <div class=\"h-section-grid-container h-section-boxed-container\">\n      <div data-colibri-id=\"200-c23\" class=\"h-row-container gutters-row-lg-2 gutters-row-md-2 gutters-row-2 gutters-row-v-lg-2 gutters-row-v-md-2 gutters-row-v-2 style-1138 style-local-200-c23 position-relative\">\n        <!---->\n        <div class=\"h-row justify-content-lg-center justify-content-md-center justify-content-center align-items-lg-stretch align-items-md-stretch align-items-stretch gutters-col-lg-2 gutters-col-md-2 gutters-col-2 gutters-col-v-lg-2 gutters-col-v-md-2 gutters-col-v-2\">\n          <!---->\n          <div class=\"h-column h-column-container d-flex h-col-lg-auto h-col-md-auto h-col-auto style-1139-outer style-local-200-c24-outer\">\n            <div data-colibri-id=\"200-c24\" class=\"d-flex h-flex-basis h-column__inner h-px-lg-2 h-px-md-2 h-px-2 v-inner-lg-2 v-inner-md-2 v-inner-2 style-1139 style-local-200-c24 position-relative\">\n              <!---->\n              <!---->\n              <div class=\"w-100 h-y-container h-column__content h-column__v-align flex-basis-100 align-self-lg-start align-self-md-start align-self-start\">\n                <!---->\n                <div data-colibri-id=\"200-c25\" class=\"h-global-transition-all h-heading style-1140 style-local-200-c25 position-relative h-element\">\n                  <!---->\n                  <div class=\"h-heading__outer style-1140 style-local-200-c25\">\n                    <!---->\n                    <!---->\n                    <h2 class=\"\">Gelej<\/h2>\n                  <\/div>\n                <\/div>\n                <div data-colibri-id=\"200-c26\" class=\"h-lead h-text h-text-component style-1141 style-local-200-c26 position-relative h-element\">\n                  <!---->\n                  <!---->\n                  <div class=\"\">\n                    <p>Gelej ist ein ruhiges Dorf mit etwa 700 Einwohnern. In Gehweite vom Campingplatz befindet sich der Dorfplatz mit einem kleinen Supermarkt, Caf\u00e9, Rathaus und Postamt. Hier findest du auch die reformierte Kirche und einen Spielplatz f\u00fcr Kinder. Direkt au\u00dferhalb des Dorfes befindet sich ein K\u00e4se- und Molkereihandel, der lokal produzierte Produkte anbietet.&nbsp;<\/p>\n                  <\/div>\n                <\/div>\n              <\/div>\n            <\/div>\n          <\/div>\n        <\/div>\n      <\/div>\n      <div data-colibri-id=\"200-c3\" class=\"h-row-container gutters-row-lg-2 gutters-row-md-2 gutters-row-2 gutters-row-v-lg-2 gutters-row-v-md-2 gutters-row-v-2 style-1127 style-local-200-c3 position-relative\">\n        <!---->\n        <div class=\"h-row justify-content-lg-center justify-content-md-center justify-content-center align-items-lg-stretch align-items-md-stretch align-items-stretch gutters-col-lg-2 gutters-col-md-2 gutters-col-2 gutters-col-v-lg-2 gutters-col-v-md-2 gutters-col-v-2\">\n          <!---->\n          <div class=\"h-column h-column-container d-flex h-col-lg-auto h-col-md-auto h-col-auto style-1128-outer style-local-200-c4-outer\">\n            <div data-colibri-id=\"200-c4\" class=\"d-flex h-flex-basis h-column__inner h-px-lg-0 h-px-md-0 h-px-0 v-inner-lg-0 v-inner-md-0 v-inner-0 style-1128 style-local-200-c4 position-relative\">\n              <!---->\n              <!---->\n              <div class=\"w-100 h-y-container h-column__content h-column__v-align flex-basis-100 align-self-lg-start align-self-md-start align-self-start\">\n                <!---->\n                <div data-colibri-id=\"200-c5\" class=\"h-row-container gutters-row-lg-2 gutters-row-md-2 gutters-row-2 gutters-row-v-lg-2 gutters-row-v-md-2 gutters-row-v-2 style-1129 style-local-200-c5 position-relative\">\n                  <!---->\n                  <div class=\"h-row justify-content-lg-center justify-content-md-center justify-content-center align-items-lg-stretch align-items-md-stretch align-items-stretch gutters-col-lg-2 gutters-col-md-2 gutters-col-2 gutters-col-v-lg-2 gutters-col-v-md-2 gutters-col-v-2\">\n                    <!---->\n                    <div class=\"h-column h-column-container d-flex h-col-lg-auto h-col-md-auto h-col-auto style-1130-outer style-local-200-c6-outer\">\n                      <div data-colibri-id=\"200-c6\" class=\"d-flex h-flex-basis h-column__inner h-px-lg-0 h-px-md-0 h-px-0 v-inner-lg-0 v-inner-md-0 v-inner-0 style-1130 style-local-200-c6 position-relative\">\n                        <!---->\n                        <!---->\n                        <div class=\"w-100 h-y-container h-column__content h-column__v-align flex-basis-100 align-self-lg-center align-self-md-center align-self-center\">\n                          <!---->\n                          <div data-colibri-id=\"200-c7\" class=\"h-global-transition-all h-heading style-1131 style-local-200-c7 position-relative h-element\">\n                            <!---->\n                            <div class=\"h-heading__outer style-1131 style-local-200-c7\">\n                              <!---->\n                              <!---->\n                              <h4 class=\"\">Authentische Weinkeller<\/h4>\n                            <\/div>\n                          <\/div>\n                          <div data-colibri-id=\"200-c8\" class=\"h-text h-text-component style-1132 style-local-200-c8 position-relative h-element\">\n                            <!---->\n                            <!---->\n                            <div class=\"\">\n                              <p>Direkt au\u00dferhalb des Dorfes, in Gehweite vom Campingplatz, befindet sich ein kleines Mini-Dorf mit Weinkellern, Geleji Pinc\u00e9k. In diesen Weinkellern wurde der Wein bei konstanter Temperatur und Luftfeuchtigkeit aufbewahrt. So konnten die Weine \u00fcber l\u00e4ngere Zeit gelagert und gereift werden.&nbsp;<\/p>\n                            <\/div>\n                          <\/div>\n                        <\/div>\n                      <\/div>\n                    <\/div>\n                    <div class=\"h-column h-column-container d-flex h-col-lg-auto h-col-md-auto h-col-auto style-1133-outer style-local-200-c9-outer\">\n                      <div data-colibri-id=\"200-c9\" class=\"d-flex h-flex-basis h-column__inner h-ui-empty-state-container h-px-lg-0 h-px-md-0 h-px-0 v-inner-lg-0 v-inner-md-0 v-inner-0 style-1133 style-local-200-c9 position-relative\">\n                        <!---->\n                        <!---->\n                        <div class=\"w-100 h-y-container h-column__content h-column__v-align flex-basis-100\">\n                          <!---->\n                        <\/div>\n                      <\/div>\n                    <\/div>\n                  <\/div>\n                <\/div>\n                <div data-colibri-id=\"200-c10\" class=\"h-row-container gutters-row-lg-2 gutters-row-md-2 gutters-row-2 gutters-row-v-lg-2 gutters-row-v-md-2 gutters-row-v-2 style-1129 style-local-200-c10 position-relative\">\n                  <!---->\n                  <div class=\"h-row justify-content-lg-center justify-content-md-center justify-content-center align-items-lg-stretch align-items-md-stretch align-items-stretch gutters-col-lg-2 gutters-col-md-2 gutters-col-2 gutters-col-v-lg-2 gutters-col-v-md-2 gutters-col-v-2\">\n                    <!---->\n                    <div class=\"h-column h-column-container d-flex h-col-lg-auto h-col-md-auto h-col-auto style-1134-outer style-local-200-c11-outer\">\n                      <div data-colibri-id=\"200-c11\" class=\"d-flex h-flex-basis h-column__inner h-ui-empty-state-container h-px-lg-0 h-px-md-0 h-px-0 v-inner-lg-0 v-inner-md-0 v-inner-0 style-1134 style-local-200-c11 position-relative\">\n                        <!---->\n                        <!---->\n                        <div class=\"w-100 h-y-container h-column__content h-column__v-align flex-basis-100\">\n                          <!---->\n                        <\/div>\n                      <\/div>\n                    <\/div>\n                    <div class=\"h-column h-column-container d-flex h-col-lg-auto h-col-md-auto h-col-auto style-1130-outer style-local-200-c12-outer\">\n                      <div data-colibri-id=\"200-c12\" class=\"d-flex h-flex-basis h-column__inner h-px-lg-0 h-px-md-0 h-px-0 v-inner-lg-0 v-inner-md-0 v-inner-0 style-1130 style-local-200-c12 position-relative\">\n                        <!---->\n                        <!---->\n                        <div class=\"w-100 h-y-container h-column__content h-column__v-align flex-basis-100 align-self-lg-center align-self-md-center align-self-center\">\n                          <!---->\n                          <div data-colibri-id=\"200-c13\" class=\"h-global-transition-all h-heading style-1131 style-local-200-c13 position-relative h-element\">\n                            <!---->\n                            <div class=\"h-heading__outer style-1131 style-local-200-c13\">\n                              <!---->\n                              <!---->\n                              <h4 class=\"\">Borsodi-Mez\u0151s\u00e9g T\u00e1jv\u00e9delmi K\u00f6rzet <\/h4>\n                            <\/div>\n                          <\/div>\n                          <div data-colibri-id=\"200-c14\" class=\"h-text h-text-component style-1132 style-local-200-c14 position-relative h-element\">\n                            <!---->\n                            <!---->\n                            <div class=\"\">\n                              <p>Entlang der Dorfgrenze liegt das Borsodi-Mez\u0151s\u00e9g T\u00e1jv\u00e9delmi K\u00f6rzet. In der Gegend gibt es noch einige Viehzuchtbetriebe. Hier kann man wundersch\u00f6n wandern und auf unbefestigten Wegen Rad fahren, dabei wird man mit Herden von K\u00fchen oder Schafen von Hirten begegnen. In Richtung des Tisza-Sees befindet sich auch eine Pferdeherde. Das Gebiet ist in zwei Teile unterteilt: die Steppe (Puszta) und die Auen.&nbsp;<\/p>\n                            <\/div>\n                          <\/div>\n                        <\/div>\n                      <\/div>\n                    <\/div>\n                  <\/div>\n                <\/div>\n                <div data-colibri-id=\"200-c15\" class=\"h-row-container gutters-row-lg-2 gutters-row-md-2 gutters-row-2 gutters-row-v-lg-2 gutters-row-v-md-2 gutters-row-v-2 style-1129 style-local-200-c15 position-relative\">\n                  <!---->\n                  <div class=\"h-row justify-content-lg-center justify-content-md-center justify-content-center align-items-lg-stretch align-items-md-stretch align-items-stretch gutters-col-lg-2 gutters-col-md-2 gutters-col-2 gutters-col-v-lg-2 gutters-col-v-md-2 gutters-col-v-2\">\n                    <!---->\n                    <div class=\"h-column h-column-container d-flex h-col-lg-auto h-col-md-auto h-col-auto style-1130-outer style-local-200-c16-outer\">\n                      <div data-colibri-id=\"200-c16\" class=\"d-flex h-flex-basis h-column__inner h-px-lg-0 h-px-md-0 h-px-0 v-inner-lg-0 v-inner-md-0 v-inner-0 style-1130 style-local-200-c16 position-relative\">\n                        <!---->\n                        <!---->\n                        <div class=\"w-100 h-y-container h-column__content h-column__v-align flex-basis-100 align-self-lg-center align-self-md-center align-self-center\">\n                          <!---->\n                          <div data-colibri-id=\"200-c17\" class=\"h-text h-text-component style-1132 style-local-200-c17 position-relative h-element\">\n                            <!---->\n                            <!---->\n                            <div class=\"\">\n                              <p>\n                                <br>\n                              <\/p>\n                              <p>\n                                <br>\n                              <\/p>\n                              <p><span style=\"color: rgb(4, 4, 4); font-family: &quot;Open Sans&quot;; font-size: 16px; font-weight: 400;\">Hier findest du verschiedene Vogelarten: Bussard, Turmfalke und den Seeadler.&nbsp;<\/span>\n                                <br>\n                                <br>Auf der Puszta findet man das Erdh\u00f6rnchen, die ungarische Heuschreckenmaus und viele Schmetterlingsarten. Es ist auf jeden Fall lohnenswert, hier einen sch\u00f6nen Spaziergang zu machen und den weiten, ausgedehnten Ausblick zu genie\u00dfen.&nbsp;<\/p>\n                              <p>\n                                <br>\n                              <\/p>\n                            <\/div>\n                          <\/div>\n                          <div data-colibri-id=\"200-c18\" class=\"h-x-container style-1142 style-local-200-c18 position-relative h-element\">\n                            <!---->\n                            <div class=\"h-x-container-inner style-dynamic-200-c18-group style-1142-spacing style-local-200-c18-spacing\"><span class=\"h-button__outer style-650-outer style-local-200-c19-outer d-inline-flex h-element\"><a h-use-smooth-scroll=\"true\" href=\"https:\/\/uj.gelej.hu\"  data-colibri-id=\"200-c19\" class=\"d-flex w-100 align-items-center h-button justify-content-lg-center justify-content-md-center justify-content-center style-650 style-local-200-c19 position-relative\"><!----><!----> <span>Website Gelej<\/span><\/a>\n                              <\/span>\n                            <\/div>\n                          <\/div>\n                          <div data-colibri-id=\"200-c20\" class=\"h-x-container style-1144 style-local-200-c20 position-relative h-element\">\n                            <!---->\n                            <div class=\"h-x-container-inner style-dynamic-200-c20-group style-1144-spacing style-local-200-c20-spacing\"><span class=\"h-button__outer style-650-outer style-local-200-c21-outer d-inline-flex h-element\"><a h-use-smooth-scroll=\"true\" href=\"https:\/\/www.bnpi.hu\/en\/borsodi-mezoseg-tajvedelmi-korzet\"  data-colibri-id=\"200-c21\" class=\"d-flex w-100 align-items-center h-button justify-content-lg-center justify-content-md-center justify-content-center style-650 style-local-200-c21 position-relative\"><!----><!----> <span>Website Nationalpark<\/span><\/a>\n                              <\/span>\n                            <\/div>\n                          <\/div>\n                        <\/div>\n                      <\/div>\n                    <\/div>\n                    <div class=\"h-column h-column-container d-flex h-col-lg-auto h-col-md-auto h-col-auto style-1137-outer style-local-200-c22-outer\">\n                      <div data-colibri-id=\"200-c22\" class=\"d-flex h-flex-basis h-column__inner h-ui-empty-state-container h-px-lg-0 h-px-md-0 h-px-0 v-inner-lg-0 v-inner-md-0 v-inner-0 style-1137 style-local-200-c22 position-relative\">\n                        <!---->\n                        <!---->\n                        <div class=\"w-100 h-y-container h-column__content h-column__v-align flex-basis-100\">\n                          <!---->\n                        <\/div>\n                      <\/div>\n                    <\/div>\n                  <\/div>\n                <\/div>\n              <\/div>\n            <\/div>\n          <\/div>\n        <\/div>\n      <\/div>\n    <\/div>\n  <\/div>\n<\/div>","protected":false},"excerpt":{"rendered":"<p>Gelej Gelej is een rustig dorp met ongeveer 700 inwoners. Op loopafstand van de camping is het dorpsplein met een supermarktje, caf\u00e9tje, gemeentehuis en postkantoor. Hier vind je de gereformeerde kerk en een speelplaats voor de kinderen. Net buiten het dorp bevindt zich een Kaas- en zuivelhandel met lokaal gemaakte producten.&nbsp; Authentieke wijnkelders Net buiten [&hellip;]<\/p>\n","protected":false},"author":1,"featured_media":0,"parent":126,"menu_order":1,"comment_status":"closed","ping_status":"closed","template":"page-templates\/full-width-page.php","meta":{"footnotes":""},"class_list":["post-200","page","type-page","status-publish","hentry"],"yoast_head":"<!-- This site is optimized with the Yoast SEO plugin v27.5 - https:\/\/yoast.com\/product\/yoast-seo-wordpress\/ -->\n<title>Gelej<\/title>\n<meta name=\"description\" content=\"Gelej is het dorp waarin onze camping staat. Het is een klein, rustig en gemoedelijk dorp. Er is een supermarkt, bar, postkantoor en school.\" \/>\n<meta name=\"robots\" content=\"index, follow, max-snippet:-1, max-image-preview:large, max-video-preview:-1\" \/>\n<link rel=\"canonical\" href=\"https:\/\/kugundua.eu\/de_de\/staedte-ungarn\/gelej\/\" \/>\n<meta property=\"og:locale\" content=\"de_DE\" \/>\n<meta property=\"og:type\" content=\"article\" \/>\n<meta property=\"og:title\" content=\"Gelej\" \/>\n<meta property=\"og:description\" content=\"Gelej is het dorp waarin onze camping staat. Het is een klein, rustig en gemoedelijk dorp. Er is een supermarkt, bar, postkantoor en school.\" \/>\n<meta property=\"og:url\" content=\"https:\/\/kugundua.eu\/de_de\/staedte-ungarn\/gelej\/\" \/>\n<meta property=\"og:site_name\" content=\"Camping Kugundua\" \/>\n<meta property=\"article:publisher\" content=\"https:\/\/www.facebook.com\/Kugundua\/\" \/>\n<meta property=\"article:modified_time\" content=\"2026-03-28T14:08:44+00:00\" \/>\n<meta name=\"twitter:card\" content=\"summary_large_image\" \/>\n<meta name=\"twitter:label1\" content=\"Gesch\u00e4tzte Lesezeit\" \/>\n\t<meta name=\"twitter:data1\" content=\"2\u00a0Minuten\" \/>\n<script type=\"application\/ld+json\" class=\"yoast-schema-graph\">{\"@context\":\"https:\\\/\\\/schema.org\",\"@graph\":[{\"@type\":\"WebPage\",\"@id\":\"https:\\\/\\\/kugundua.eu\\\/steden\\\/gelej\\\/\",\"url\":\"https:\\\/\\\/kugundua.eu\\\/steden\\\/gelej\\\/\",\"name\":\"Gelej\",\"isPartOf\":{\"@id\":\"https:\\\/\\\/kugundua.eu\\\/#website\"},\"datePublished\":\"2022-05-20T09:33:46+00:00\",\"dateModified\":\"2026-03-28T14:08:44+00:00\",\"description\":\"Gelej is het dorp waarin onze camping staat. Het is een klein, rustig en gemoedelijk dorp. Er is een supermarkt, bar, postkantoor en school.\",\"breadcrumb\":{\"@id\":\"https:\\\/\\\/kugundua.eu\\\/steden\\\/gelej\\\/#breadcrumb\"},\"inLanguage\":\"de\",\"potentialAction\":[{\"@type\":\"ReadAction\",\"target\":[\"https:\\\/\\\/kugundua.eu\\\/steden\\\/gelej\\\/\"]}]},{\"@type\":\"BreadcrumbList\",\"@id\":\"https:\\\/\\\/kugundua.eu\\\/steden\\\/gelej\\\/#breadcrumb\",\"itemListElement\":[{\"@type\":\"ListItem\",\"position\":1,\"name\":\"Home\",\"item\":\"https:\\\/\\\/kugundua.eu\\\/\"},{\"@type\":\"ListItem\",\"position\":2,\"name\":\"Steden\",\"item\":\"https:\\\/\\\/kugundua.eu\\\/steden\\\/\"},{\"@type\":\"ListItem\",\"position\":3,\"name\":\"Gelej\"}]},{\"@type\":\"WebSite\",\"@id\":\"https:\\\/\\\/kugundua.eu\\\/#website\",\"url\":\"https:\\\/\\\/kugundua.eu\\\/\",\"name\":\"Camping Kugundua\",\"description\":\"Be Active &amp; Chill Out\",\"publisher\":{\"@id\":\"https:\\\/\\\/kugundua.eu\\\/#organization\"},\"potentialAction\":[{\"@type\":\"SearchAction\",\"target\":{\"@type\":\"EntryPoint\",\"urlTemplate\":\"https:\\\/\\\/kugundua.eu\\\/?s={search_term_string}\"},\"query-input\":{\"@type\":\"PropertyValueSpecification\",\"valueRequired\":true,\"valueName\":\"search_term_string\"}}],\"inLanguage\":\"de\"},{\"@type\":\"Organization\",\"@id\":\"https:\\\/\\\/kugundua.eu\\\/#organization\",\"name\":\"Kugundua\",\"url\":\"https:\\\/\\\/kugundua.eu\\\/\",\"logo\":{\"@type\":\"ImageObject\",\"inLanguage\":\"de\",\"@id\":\"https:\\\/\\\/kugundua.eu\\\/#\\\/schema\\\/logo\\\/image\\\/\",\"url\":\"https:\\\/\\\/kugundua.eu\\\/wp-content\\\/uploads\\\/2022\\\/12\\\/cropped-cropped-Kugundua-Logo-Outline-Transparant151-1.png\",\"contentUrl\":\"https:\\\/\\\/kugundua.eu\\\/wp-content\\\/uploads\\\/2022\\\/12\\\/cropped-cropped-Kugundua-Logo-Outline-Transparant151-1.png\",\"width\":185,\"height\":151,\"caption\":\"Kugundua\"},\"image\":{\"@id\":\"https:\\\/\\\/kugundua.eu\\\/#\\\/schema\\\/logo\\\/image\\\/\"},\"sameAs\":[\"https:\\\/\\\/www.facebook.com\\\/Kugundua\\\/\",\"https:\\\/\\\/www.instagram.com\\\/kugundua.hu\\\/\",\"https:\\\/\\\/www.youtube.com\\\/channel\\\/UCIVA4wWJvf5lmgWvJfxKIJQ\"]}]}<\/script>\n<!-- \/ Yoast SEO plugin. -->","yoast_head_json":{"title":"Gelej","description":"Gelej ist das Dorf, in dem sich unser Campingplatz befindet. Es ist ein kleines, ruhiges und freundliches Dorf. Es gibt einen Supermarkt, eine Bar, ein Postamt und eine Schule.","robots":{"index":"index","follow":"follow","max-snippet":"max-snippet:-1","max-image-preview":"max-image-preview:large","max-video-preview":"max-video-preview:-1"},"canonical":"https:\/\/kugundua.eu\/de_de\/staedte-ungarn\/gelej\/","og_locale":"de_DE","og_type":"article","og_title":"Gelej","og_description":"Gelej is het dorp waarin onze camping staat. Het is een klein, rustig en gemoedelijk dorp. Er is een supermarkt, bar, postkantoor en school.","og_url":"https:\/\/kugundua.eu\/de_de\/staedte-ungarn\/gelej\/","og_site_name":"Camping Kugundua","article_publisher":"https:\/\/www.facebook.com\/Kugundua\/","article_modified_time":"2026-03-28T14:08:44+00:00","twitter_card":"summary_large_image","twitter_misc":{"Gesch\u00e4tzte Lesezeit":"2\u00a0Minuten"},"schema":{"@context":"https:\/\/schema.org","@graph":[{"@type":"WebPage","@id":"https:\/\/kugundua.eu\/steden\/gelej\/","url":"https:\/\/kugundua.eu\/steden\/gelej\/","name":"Gelej","isPartOf":{"@id":"https:\/\/kugundua.eu\/#website"},"datePublished":"2022-05-20T09:33:46+00:00","dateModified":"2026-03-28T14:08:44+00:00","description":"Gelej ist das Dorf, in dem sich unser Campingplatz befindet. Es ist ein kleines, ruhiges und freundliches Dorf. Es gibt einen Supermarkt, eine Bar, ein Postamt und eine Schule.","breadcrumb":{"@id":"https:\/\/kugundua.eu\/steden\/gelej\/#breadcrumb"},"inLanguage":"de","potentialAction":[{"@type":"ReadAction","target":["https:\/\/kugundua.eu\/steden\/gelej\/"]}]},{"@type":"BreadcrumbList","@id":"https:\/\/kugundua.eu\/steden\/gelej\/#breadcrumb","itemListElement":[{"@type":"ListItem","position":1,"name":"Home","item":"https:\/\/kugundua.eu\/"},{"@type":"ListItem","position":2,"name":"Steden","item":"https:\/\/kugundua.eu\/steden\/"},{"@type":"ListItem","position":3,"name":"Gelej"}]},{"@type":"WebSite","@id":"https:\/\/kugundua.eu\/#website","url":"https:\/\/kugundua.eu\/","name":"Camping Kugundua","description":"Aktiv sein und entspannen","publisher":{"@id":"https:\/\/kugundua.eu\/#organization"},"potentialAction":[{"@type":"SearchAction","target":{"@type":"EntryPoint","urlTemplate":"https:\/\/kugundua.eu\/?s={search_term_string}"},"query-input":{"@type":"PropertyValueSpecification","valueRequired":true,"valueName":"search_term_string"}}],"inLanguage":"de"},{"@type":"Organization","@id":"https:\/\/kugundua.eu\/#organization","name":"Kugundua","url":"https:\/\/kugundua.eu\/","logo":{"@type":"ImageObject","inLanguage":"de","@id":"https:\/\/kugundua.eu\/#\/schema\/logo\/image\/","url":"https:\/\/kugundua.eu\/wp-content\/uploads\/2022\/12\/cropped-cropped-Kugundua-Logo-Outline-Transparant151-1.png","contentUrl":"https:\/\/kugundua.eu\/wp-content\/uploads\/2022\/12\/cropped-cropped-Kugundua-Logo-Outline-Transparant151-1.png","width":185,"height":151,"caption":"Kugundua"},"image":{"@id":"https:\/\/kugundua.eu\/#\/schema\/logo\/image\/"},"sameAs":["https:\/\/www.facebook.com\/Kugundua\/","https:\/\/www.instagram.com\/kugundua.hu\/","https:\/\/www.youtube.com\/channel\/UCIVA4wWJvf5lmgWvJfxKIJQ"]}]}},"_links":{"self":[{"href":"https:\/\/kugundua.eu\/de_de\/wp-json\/wp\/v2\/pages\/200","targetHints":{"allow":["GET"]}}],"collection":[{"href":"https:\/\/kugundua.eu\/de_de\/wp-json\/wp\/v2\/pages"}],"about":[{"href":"https:\/\/kugundua.eu\/de_de\/wp-json\/wp\/v2\/types\/page"}],"author":[{"embeddable":true,"href":"https:\/\/kugundua.eu\/de_de\/wp-json\/wp\/v2\/users\/1"}],"replies":[{"embeddable":true,"href":"https:\/\/kugundua.eu\/de_de\/wp-json\/wp\/v2\/comments?post=200"}],"version-history":[{"count":6,"href":"https:\/\/kugundua.eu\/de_de\/wp-json\/wp\/v2\/pages\/200\/revisions"}],"predecessor-version":[{"id":26342,"href":"https:\/\/kugundua.eu\/de_de\/wp-json\/wp\/v2\/pages\/200\/revisions\/26342"}],"up":[{"embeddable":true,"href":"https:\/\/kugundua.eu\/de_de\/wp-json\/wp\/v2\/pages\/126"}],"wp:attachment":[{"href":"https:\/\/kugundua.eu\/de_de\/wp-json\/wp\/v2\/media?parent=200"}],"curies":[{"name":"wp","href":"https:\/\/api.w.org\/{rel}","templated":true}]}}