{"id":130,"date":"2022-05-19T06:49:13","date_gmt":"2022-05-19T06:49:13","guid":{"rendered":"http:\/\/kugundua.eu\/?page_id=130"},"modified":"2026-03-28T13:44:40","modified_gmt":"2026-03-28T13:44:40","slug":"tisza-meer","status":"publish","type":"page","link":"https:\/\/kugundua.eu\/de_de\/natur-ungarn\/theiss-see-ungarn\/","title":{"rendered":"Thei\u00df-See"},"content":{"rendered":"<div data-colibri-id=\"130-c1\" class=\"style-931 style-local-130-c1 position-relative\">\n  <!---->\n  <div data-colibri-component=\"section\" data-colibri-id=\"130-c2\" id=\"about\" class=\"h-section h-section-global-spacing d-flex align-items-lg-center align-items-md-center align-items-center style-932 style-local-130-c2 position-relative\">\n    <!---->\n    <!---->\n    <div class=\"h-section-grid-container h-section-boxed-container\">\n      <div data-colibri-id=\"130-c7\" class=\"h-row-container gutters-row-lg-2 gutters-row-md-2 gutters-row-2 gutters-row-v-lg-2 gutters-row-v-md-2 gutters-row-v-2 style-937 style-local-130-c7 position-relative\">\n        <!---->\n        <div class=\"h-row justify-content-lg-center justify-content-md-center justify-content-center align-items-lg-stretch align-items-md-stretch align-items-stretch gutters-col-lg-2 gutters-col-md-2 gutters-col-2 gutters-col-v-lg-2 gutters-col-v-md-2 gutters-col-v-2\">\n          <!---->\n          <div class=\"h-column h-column-container d-flex h-col-lg-auto h-col-md-auto h-col-auto style-938-outer style-local-130-c8-outer\">\n            <div data-colibri-id=\"130-c8\" class=\"d-flex h-flex-basis h-column__inner h-px-lg-2 h-px-md-2 h-px-2 v-inner-lg-2 v-inner-md-2 v-inner-2 style-938 style-local-130-c8 position-relative\">\n              <!---->\n              <!---->\n              <div class=\"w-100 h-y-container h-column__content h-column__v-align flex-basis-100 align-self-lg-start align-self-md-start align-self-start\">\n                <!---->\n                <div data-colibri-id=\"130-c9\" class=\"h-global-transition-all h-heading style-940 style-local-130-c9 position-relative h-element\">\n                  <!---->\n                  <div class=\"h-heading__outer style-940 style-local-130-c9\">\n                    <!---->\n                    <!---->\n                    <h2 class=\"\">Thei\u00df-See<\/h2>\n                  <\/div>\n                <\/div>\n                <div data-colibri-id=\"130-c10\" class=\"h-lead h-text h-text-component style-941 style-local-130-c10 position-relative h-element\">\n                  <!---->\n                  <!---->\n                  <div class=\"\">\n                    <p>Nach dem Balaton ist der Thei\u00df-See der gr\u00f6\u00dfte See Ungarns. Mit einer Fl\u00e4che von 127 km\u00b2 ist der Thei\u00df-See ein Naturwunder. Er liegt in der Gro\u00dfen Ungarischen Tiefebene, in der N\u00e4he des Nationalparks Hortob\u00e1gy. Tausende von V\u00f6geln sind in diesem weitl\u00e4ufigen, sumpfigen Gebiet zu finden. Auch die Anzahl der St\u00f6rche ist beeindruckend \u2013 in jedem ungarischen Dorf gibt es zahlreiche Nistm\u00f6glichkeiten auf Strommasten und Laternenpf\u00e4hlen.&nbsp;\n                      <br>\n                      <br>Der wundersch\u00f6ne Thei\u00df-See hat unterschiedliche Tiefen. Das flache, schnell erw\u00e4rmende Wasser ist ideal zum Schwimmen, w\u00e4hrend das tiefere Wasser perfekt f\u00fcr Wassersport geeignet ist. Der Thei\u00df-See ist auf jeden Fall einen Besuch wert f\u00fcr alle, die das Leben im Freien und die Natur lieben. Ob Angeln, Bootfahren, Wandern, Radfahren, Sonnenbaden oder Schwimmen \u2013 hier ist alles m\u00f6glich. F\u00fcr Kinder gibt es sogar eine echte Pirateninsel, auf der sie spannende Abenteuer erleben k\u00f6nnen.\n                      <br>\n                      <br>Der Thei\u00df-See ist etwa 30 Minuten mit dem Auto von unserem Campingplatz entfernt. Dies h\u00e4ngt jedoch davon ab, was du rund um den Thei\u00df-See besuchen m\u00f6chtest.\n                      <br>\n                      <br>\n                    <\/p>\n                  <\/div>\n                <\/div>\n              <\/div>\n            <\/div>\n          <\/div>\n        <\/div>\n      <\/div>\n      <div data-colibri-id=\"130-c3\" class=\"h-row-container gutters-row-lg-0 gutters-row-md-0 gutters-row-0 gutters-row-v-lg-0 gutters-row-v-md-0 gutters-row-v-0 style-933 style-local-130-c3 h-overflow-hidden position-relative\">\n        <!---->\n        <div class=\"h-row justify-content-lg-center justify-content-md-center justify-content-center align-items-lg-end align-items-md-end align-items-end gutters-col-lg-0 gutters-col-md-0 gutters-col-0 gutters-col-v-lg-0 gutters-col-v-md-0 gutters-col-v-0\">\n          <!---->\n          <div class=\"h-column h-column-container d-flex h-col-lg-auto h-col-md-auto h-col-auto align-self-lg-end align-self-md-end align-self-end style-934-outer style-local-130-c4-outer\">\n            <div data-colibri-id=\"130-c4\" class=\"d-flex h-flex-basis h-column__inner h-ui-empty-state-container h-px-lg-0 h-px-md-0 h-px-0 v-inner-lg-0 v-inner-md-0 v-inner-0 style-934 style-local-130-c4 position-relative\">\n              <!---->\n              <!---->\n              <div class=\"w-100 h-y-container h-column__content h-column__v-align flex-basis-100\">\n                <!---->\n              <\/div>\n            <\/div>\n          <\/div>\n          <div class=\"h-column h-column-container d-flex h-col-lg-auto h-col-md-auto h-col-auto align-self-lg-end align-self-md-end align-self-end style-935-outer style-local-130-c5-outer\">\n            <div data-colibri-id=\"130-c5\" class=\"d-flex h-flex-basis h-column__inner h-ui-empty-state-container h-px-lg-0 h-px-md-0 h-px-0 v-inner-lg-0 v-inner-md-0 v-inner-0 style-935 style-local-130-c5 position-relative\">\n              <!---->\n              <!---->\n              <div class=\"w-100 h-y-container h-column__content h-column__v-align flex-basis-100\">\n                <!---->\n              <\/div>\n            <\/div>\n          <\/div>\n          <div class=\"h-column h-column-container d-flex h-col-lg-auto h-col-md-auto h-col-auto align-self-lg-end align-self-md-end align-self-end style-936-outer style-local-130-c6-outer\">\n            <div data-colibri-id=\"130-c6\" class=\"d-flex h-flex-basis h-column__inner h-ui-empty-state-container h-px-lg-0 h-px-md-0 h-px-0 v-inner-lg-0 v-inner-md-0 v-inner-0 style-936 style-local-130-c6 position-relative\">\n              <!---->\n              <!---->\n              <div class=\"w-100 h-y-container h-column__content h-column__v-align flex-basis-100\">\n                <!---->\n              <\/div>\n            <\/div>\n          <\/div>\n        <\/div>\n      <\/div>\n    <\/div>\n  <\/div>\n  <div data-colibri-component=\"section\" data-colibri-id=\"130-c11\" id=\"about-2\" class=\"h-section h-section-global-spacing d-flex align-items-lg-center align-items-md-center align-items-center style-944 style-local-130-c11 position-relative\">\n    <!---->\n    <!---->\n    <div class=\"h-section-grid-container h-section-boxed-container\">\n      <div data-colibri-id=\"130-c16\" class=\"h-row-container gutters-row-lg-2 gutters-row-md-2 gutters-row-2 gutters-row-v-lg-2 gutters-row-v-md-2 gutters-row-v-2 style-949 style-local-130-c16 position-relative\">\n        <!---->\n        <div class=\"h-row justify-content-lg-center justify-content-md-center justify-content-center align-items-lg-stretch align-items-md-stretch align-items-stretch gutters-col-lg-2 gutters-col-md-2 gutters-col-2 gutters-col-v-lg-2 gutters-col-v-md-2 gutters-col-v-2\">\n          <!---->\n          <div class=\"h-column h-column-container d-flex h-col-lg-auto h-col-md-auto h-col-auto style-950-outer style-local-130-c17-outer\">\n            <div data-colibri-id=\"130-c17\" class=\"d-flex h-flex-basis h-column__inner h-px-lg-2 h-px-md-2 h-px-2 v-inner-lg-2 v-inner-md-2 v-inner-2 style-950 style-local-130-c17 position-relative\">\n              <!---->\n              <!---->\n              <div class=\"w-100 h-y-container h-column__content h-column__v-align flex-basis-100 align-self-lg-start align-self-md-start align-self-start\">\n                <!---->\n                <div data-colibri-id=\"130-c18\" class=\"h-global-transition-all h-heading style-940 style-local-130-c18 position-relative h-element\">\n                  <!---->\n                  <div class=\"h-heading__outer style-940 style-local-130-c18\">\n                    <!---->\n                    <!---->\n                    <h2 class=\"\">Tisza-tavi \u00d6kocentrum<\/h2>\n                  <\/div>\n                <\/div>\n                <div data-colibri-id=\"130-c19\" class=\"h-lead h-text h-text-component style-941 style-local-130-c19 position-relative h-element\">\n                  <!---->\n                  <!---->\n                  <div class=\"\">\n                    <p>Dieses Komplex am Thei\u00df-See wurde gegr\u00fcndet, um die erstaunliche Natur und Tierwelt des Thei\u00df-Tals und des Thei\u00df-Sees zu sammeln und zu pr\u00e4sentieren. Es wurde am 27. April 2012 f\u00fcr die \u00d6ffentlichkeit er\u00f6ffnet. Das Hauptgeb\u00e4ude des \u00d6kozentrums am Thei\u00df-See, entworfen von dem mit dem Ybl-Preis ausgezeichneten Architekten L\u00e1szl\u00f3 Kertai, symbolisiert einen riesigen landenden Vogel. Dieses inspirierende architektonische Wunder bietet ein ganzt\u00e4giges Programm mit dauerhaften und tempor\u00e4ren Ausstellungen, einem Konferenz- und Veranstaltungssaal, einem 3D-Kino, der Ausstellung \u201eEine Nacht im Wald\u201c mit Reptilien und Amphibien in Terrarien, dem Kinderspielraum \u201eVerzauberte Wasserwelt\u201c und einem Aussichtsturm. Der Panoramablick von der Terrasse ist einfach atemberaubend \u2013 in die eine Richtung zum Thei\u00df-See und in die andere zu den M\u00e1tra- und B\u00fckk-Gebirgen.\n                      <br>\n                      <br>Es gibt auch eine gef\u00fchrte Tour \u00fcber den Thei\u00df-See (derzeit nur auf Ungarisch verf\u00fcgbar) sowie einen gro\u00dfen Spielplatz und einen Streichelzoo im Au\u00dfenbereich.\n                      <br>\n                      <br>Am Eingang kannst du ein Audioguide-Ger\u00e4t (kostenlos) anfordern, um Informationen auf Englisch, Deutsch, Polnisch oder Ungarisch zu erhalten.\n                      <br>\n                      <br>Das Tisza-See \u00d6kozentrum befindet sich in Poroszl\u00f3 und ist etwa 30 Minuten mit dem Auto von unserem Campingplatz entfernt.<\/p>\n                  <\/div>\n                <\/div>\n                <div data-colibri-id=\"130-c20\" class=\"h-x-container style-954 style-local-130-c20 position-relative h-element\">\n                  <!---->\n                  <div class=\"h-x-container-inner style-dynamic-130-c20-group style-954-spacing style-local-130-c20-spacing\"><span class=\"h-button__outer style-650-outer style-local-130-c21-outer d-inline-flex h-element\"><a h-use-smooth-scroll=\"true\" href=\"https:\/\/www.tiszataviokocentrum.hu\/?lang=2\"  data-colibri-id=\"130-c21\" class=\"d-flex w-100 align-items-center h-button justify-content-lg-center justify-content-md-center justify-content-center style-650 style-local-130-c21 position-relative\"><!----><!----> <span>Webseite<\/span><\/a>\n                    <\/span>\n                  <\/div>\n                <\/div>\n              <\/div>\n            <\/div>\n          <\/div>\n        <\/div>\n      <\/div>\n      <div data-colibri-id=\"130-c12\" class=\"h-row-container gutters-row-lg-0 gutters-row-md-0 gutters-row-0 gutters-row-v-lg-0 gutters-row-v-md-0 gutters-row-v-0 style-945 style-local-130-c12 h-overflow-hidden position-relative\">\n        <!---->\n        <div class=\"h-row justify-content-lg-center justify-content-md-center justify-content-center align-items-lg-end align-items-md-end align-items-end gutters-col-lg-0 gutters-col-md-0 gutters-col-0 gutters-col-v-lg-0 gutters-col-v-md-0 gutters-col-v-0\">\n          <!---->\n          <div class=\"h-column h-column-container d-flex h-col-lg-auto h-col-md-auto h-col-auto align-self-lg-end align-self-md-end align-self-end style-946-outer style-local-130-c13-outer\">\n            <div data-colibri-id=\"130-c13\" class=\"d-flex h-flex-basis h-column__inner h-ui-empty-state-container h-px-lg-0 h-px-md-0 h-px-0 v-inner-lg-0 v-inner-md-0 v-inner-0 style-946 style-local-130-c13 position-relative\">\n              <!---->\n              <!---->\n              <div class=\"w-100 h-y-container h-column__content h-column__v-align flex-basis-100\">\n                <!---->\n              <\/div>\n            <\/div>\n          <\/div>\n          <div class=\"h-column h-column-container d-flex h-col-lg-auto h-col-md-auto h-col-auto align-self-lg-end align-self-md-end align-self-end style-947-outer style-local-130-c14-outer\">\n            <div data-colibri-id=\"130-c14\" class=\"d-flex h-flex-basis h-column__inner h-ui-empty-state-container h-px-lg-0 h-px-md-0 h-px-0 v-inner-lg-0 v-inner-md-0 v-inner-0 style-947 style-local-130-c14 position-relative\">\n              <!---->\n              <!---->\n              <div class=\"w-100 h-y-container h-column__content h-column__v-align flex-basis-100\">\n                <!---->\n              <\/div>\n            <\/div>\n          <\/div>\n          <div class=\"h-column h-column-container d-flex h-col-lg-auto h-col-md-auto h-col-auto align-self-lg-end align-self-md-end align-self-end style-948-outer style-local-130-c15-outer\">\n            <div data-colibri-id=\"130-c15\" class=\"d-flex h-flex-basis h-column__inner h-ui-empty-state-container h-px-lg-0 h-px-md-0 h-px-0 v-inner-lg-0 v-inner-md-0 v-inner-0 style-948 style-local-130-c15 position-relative\">\n              <!---->\n              <!---->\n              <div class=\"w-100 h-y-container h-column__content h-column__v-align flex-basis-100\">\n                <!---->\n              <\/div>\n            <\/div>\n          <\/div>\n        <\/div>\n      <\/div>\n    <\/div>\n  <\/div>\n<\/div>","protected":false},"excerpt":{"rendered":"<p>Tiszameer Na het Balatonmeer is het Tiszameer het grootste meer van Hongarije. Het Tiszameer is met zijn oppervlakte van 127 km2 een wonder van de natuur. Het ligt in de grote Hongaarse laagvlakte en vlakbij het National park Hortob\u00e1gy. Duizenden vogels kun je hier vinden in het grote moerasachtige gebied. Ook de hoeveelheid ooievaars, waarvoor [&hellip;]<\/p>\n","protected":false},"author":1,"featured_media":0,"parent":108,"menu_order":2,"comment_status":"closed","ping_status":"closed","template":"page-templates\/full-width-page.php","meta":{"footnotes":""},"class_list":["post-130","page","type-page","status-publish","hentry"],"yoast_head":"<!-- This site is optimized with the Yoast SEO plugin v27.5 - https:\/\/yoast.com\/product\/yoast-seo-wordpress\/ -->\n<title>Tiszameer (Tisza-to)<\/title>\n<meta name=\"description\" content=\"Na het Balatonmeer is het Tiszameer het grootste meer van Hongarije. Het is met zijn oppervlakte van 127 km2 een wonder van de natuur.\" \/>\n<meta name=\"robots\" content=\"index, follow, max-snippet:-1, max-image-preview:large, max-video-preview:-1\" \/>\n<link rel=\"canonical\" href=\"https:\/\/kugundua.eu\/de_de\/natur-ungarn\/theiss-see-ungarn\/\" \/>\n<meta property=\"og:locale\" content=\"de_DE\" \/>\n<meta property=\"og:type\" content=\"article\" \/>\n<meta property=\"og:title\" content=\"Tiszameer (Tisza-to)\" \/>\n<meta property=\"og:description\" content=\"Na het Balatonmeer is het Tiszameer het grootste meer van Hongarije. Het is met zijn oppervlakte van 127 km2 een wonder van de natuur.\" \/>\n<meta property=\"og:url\" content=\"https:\/\/kugundua.eu\/de_de\/natur-ungarn\/theiss-see-ungarn\/\" \/>\n<meta property=\"og:site_name\" content=\"Camping Kugundua\" \/>\n<meta property=\"article:publisher\" content=\"https:\/\/www.facebook.com\/Kugundua\/\" \/>\n<meta property=\"article:modified_time\" content=\"2026-03-28T13:44:40+00:00\" \/>\n<meta name=\"twitter:card\" content=\"summary_large_image\" \/>\n<meta name=\"twitter:label1\" content=\"Gesch\u00e4tzte Lesezeit\" \/>\n\t<meta name=\"twitter:data1\" content=\"2\u00a0Minuten\" \/>\n<script type=\"application\/ld+json\" class=\"yoast-schema-graph\">{\"@context\":\"https:\\\/\\\/schema.org\",\"@graph\":[{\"@type\":\"WebPage\",\"@id\":\"https:\\\/\\\/kugundua.eu\\\/natuur\\\/tisza-meer\\\/\",\"url\":\"https:\\\/\\\/kugundua.eu\\\/natuur\\\/tisza-meer\\\/\",\"name\":\"Tiszameer (Tisza-to)\",\"isPartOf\":{\"@id\":\"https:\\\/\\\/kugundua.eu\\\/#website\"},\"datePublished\":\"2022-05-19T06:49:13+00:00\",\"dateModified\":\"2026-03-28T13:44:40+00:00\",\"description\":\"Na het Balatonmeer is het Tiszameer het grootste meer van Hongarije. Het is met zijn oppervlakte van 127 km2 een wonder van de natuur.\",\"breadcrumb\":{\"@id\":\"https:\\\/\\\/kugundua.eu\\\/natuur\\\/tisza-meer\\\/#breadcrumb\"},\"inLanguage\":\"de\",\"potentialAction\":[{\"@type\":\"ReadAction\",\"target\":[\"https:\\\/\\\/kugundua.eu\\\/natuur\\\/tisza-meer\\\/\"]}]},{\"@type\":\"BreadcrumbList\",\"@id\":\"https:\\\/\\\/kugundua.eu\\\/natuur\\\/tisza-meer\\\/#breadcrumb\",\"itemListElement\":[{\"@type\":\"ListItem\",\"position\":1,\"name\":\"Home\",\"item\":\"https:\\\/\\\/kugundua.eu\\\/\"},{\"@type\":\"ListItem\",\"position\":2,\"name\":\"Natuur\",\"item\":\"https:\\\/\\\/kugundua.eu\\\/natuur\\\/\"},{\"@type\":\"ListItem\",\"position\":3,\"name\":\"Tiszameer\"}]},{\"@type\":\"WebSite\",\"@id\":\"https:\\\/\\\/kugundua.eu\\\/#website\",\"url\":\"https:\\\/\\\/kugundua.eu\\\/\",\"name\":\"Camping Kugundua\",\"description\":\"Be Active &amp; Chill Out\",\"publisher\":{\"@id\":\"https:\\\/\\\/kugundua.eu\\\/#organization\"},\"potentialAction\":[{\"@type\":\"SearchAction\",\"target\":{\"@type\":\"EntryPoint\",\"urlTemplate\":\"https:\\\/\\\/kugundua.eu\\\/?s={search_term_string}\"},\"query-input\":{\"@type\":\"PropertyValueSpecification\",\"valueRequired\":true,\"valueName\":\"search_term_string\"}}],\"inLanguage\":\"de\"},{\"@type\":\"Organization\",\"@id\":\"https:\\\/\\\/kugundua.eu\\\/#organization\",\"name\":\"Kugundua\",\"url\":\"https:\\\/\\\/kugundua.eu\\\/\",\"logo\":{\"@type\":\"ImageObject\",\"inLanguage\":\"de\",\"@id\":\"https:\\\/\\\/kugundua.eu\\\/#\\\/schema\\\/logo\\\/image\\\/\",\"url\":\"https:\\\/\\\/kugundua.eu\\\/wp-content\\\/uploads\\\/2022\\\/12\\\/cropped-cropped-Kugundua-Logo-Outline-Transparant151-1.png\",\"contentUrl\":\"https:\\\/\\\/kugundua.eu\\\/wp-content\\\/uploads\\\/2022\\\/12\\\/cropped-cropped-Kugundua-Logo-Outline-Transparant151-1.png\",\"width\":185,\"height\":151,\"caption\":\"Kugundua\"},\"image\":{\"@id\":\"https:\\\/\\\/kugundua.eu\\\/#\\\/schema\\\/logo\\\/image\\\/\"},\"sameAs\":[\"https:\\\/\\\/www.facebook.com\\\/Kugundua\\\/\",\"https:\\\/\\\/www.instagram.com\\\/kugundua.hu\\\/\",\"https:\\\/\\\/www.youtube.com\\\/channel\\\/UCIVA4wWJvf5lmgWvJfxKIJQ\"]}]}<\/script>\n<!-- \/ Yoast SEO plugin. -->","yoast_head_json":{"title":"Thei\u00df-See (Tisza-to)","description":"Nach dem Plattensee ist der Thei\u00df-See der gr\u00f6\u00dfte See Ungarns. Mit einer Fl\u00e4che von 127 km2 ist er ein Wunder der Natur.","robots":{"index":"index","follow":"follow","max-snippet":"max-snippet:-1","max-image-preview":"max-image-preview:large","max-video-preview":"max-video-preview:-1"},"canonical":"https:\/\/kugundua.eu\/de_de\/natur-ungarn\/theiss-see-ungarn\/","og_locale":"de_DE","og_type":"article","og_title":"Tiszameer (Tisza-to)","og_description":"Na het Balatonmeer is het Tiszameer het grootste meer van Hongarije. Het is met zijn oppervlakte van 127 km2 een wonder van de natuur.","og_url":"https:\/\/kugundua.eu\/de_de\/natur-ungarn\/theiss-see-ungarn\/","og_site_name":"Camping Kugundua","article_publisher":"https:\/\/www.facebook.com\/Kugundua\/","article_modified_time":"2026-03-28T13:44:40+00:00","twitter_card":"summary_large_image","twitter_misc":{"Gesch\u00e4tzte Lesezeit":"2\u00a0Minuten"},"schema":{"@context":"https:\/\/schema.org","@graph":[{"@type":"WebPage","@id":"https:\/\/kugundua.eu\/natuur\/tisza-meer\/","url":"https:\/\/kugundua.eu\/natuur\/tisza-meer\/","name":"Thei\u00df-See (Tisza-to)","isPartOf":{"@id":"https:\/\/kugundua.eu\/#website"},"datePublished":"2022-05-19T06:49:13+00:00","dateModified":"2026-03-28T13:44:40+00:00","description":"Nach dem Plattensee ist der Thei\u00df-See der gr\u00f6\u00dfte See Ungarns. Mit einer Fl\u00e4che von 127 km2 ist er ein Wunder der Natur.","breadcrumb":{"@id":"https:\/\/kugundua.eu\/natuur\/tisza-meer\/#breadcrumb"},"inLanguage":"de","potentialAction":[{"@type":"ReadAction","target":["https:\/\/kugundua.eu\/natuur\/tisza-meer\/"]}]},{"@type":"BreadcrumbList","@id":"https:\/\/kugundua.eu\/natuur\/tisza-meer\/#breadcrumb","itemListElement":[{"@type":"ListItem","position":1,"name":"Home","item":"https:\/\/kugundua.eu\/"},{"@type":"ListItem","position":2,"name":"Natuur","item":"https:\/\/kugundua.eu\/natuur\/"},{"@type":"ListItem","position":3,"name":"Tiszameer"}]},{"@type":"WebSite","@id":"https:\/\/kugundua.eu\/#website","url":"https:\/\/kugundua.eu\/","name":"Camping Kugundua","description":"Aktiv sein und entspannen","publisher":{"@id":"https:\/\/kugundua.eu\/#organization"},"potentialAction":[{"@type":"SearchAction","target":{"@type":"EntryPoint","urlTemplate":"https:\/\/kugundua.eu\/?s={search_term_string}"},"query-input":{"@type":"PropertyValueSpecification","valueRequired":true,"valueName":"search_term_string"}}],"inLanguage":"de"},{"@type":"Organization","@id":"https:\/\/kugundua.eu\/#organization","name":"Kugundua","url":"https:\/\/kugundua.eu\/","logo":{"@type":"ImageObject","inLanguage":"de","@id":"https:\/\/kugundua.eu\/#\/schema\/logo\/image\/","url":"https:\/\/kugundua.eu\/wp-content\/uploads\/2022\/12\/cropped-cropped-Kugundua-Logo-Outline-Transparant151-1.png","contentUrl":"https:\/\/kugundua.eu\/wp-content\/uploads\/2022\/12\/cropped-cropped-Kugundua-Logo-Outline-Transparant151-1.png","width":185,"height":151,"caption":"Kugundua"},"image":{"@id":"https:\/\/kugundua.eu\/#\/schema\/logo\/image\/"},"sameAs":["https:\/\/www.facebook.com\/Kugundua\/","https:\/\/www.instagram.com\/kugundua.hu\/","https:\/\/www.youtube.com\/channel\/UCIVA4wWJvf5lmgWvJfxKIJQ"]}]}},"_links":{"self":[{"href":"https:\/\/kugundua.eu\/de_de\/wp-json\/wp\/v2\/pages\/130","targetHints":{"allow":["GET"]}}],"collection":[{"href":"https:\/\/kugundua.eu\/de_de\/wp-json\/wp\/v2\/pages"}],"about":[{"href":"https:\/\/kugundua.eu\/de_de\/wp-json\/wp\/v2\/types\/page"}],"author":[{"embeddable":true,"href":"https:\/\/kugundua.eu\/de_de\/wp-json\/wp\/v2\/users\/1"}],"replies":[{"embeddable":true,"href":"https:\/\/kugundua.eu\/de_de\/wp-json\/wp\/v2\/comments?post=130"}],"version-history":[{"count":9,"href":"https:\/\/kugundua.eu\/de_de\/wp-json\/wp\/v2\/pages\/130\/revisions"}],"predecessor-version":[{"id":26291,"href":"https:\/\/kugundua.eu\/de_de\/wp-json\/wp\/v2\/pages\/130\/revisions\/26291"}],"up":[{"embeddable":true,"href":"https:\/\/kugundua.eu\/de_de\/wp-json\/wp\/v2\/pages\/108"}],"wp:attachment":[{"href":"https:\/\/kugundua.eu\/de_de\/wp-json\/wp\/v2\/media?parent=130"}],"curies":[{"name":"wp","href":"https:\/\/api.w.org\/{rel}","templated":true}]}}